{"id":157,"date":"2020-09-03T18:41:24","date_gmt":"2020-09-03T16:41:24","guid":{"rendered":"http:\/\/pedagogie.ac-lille.fr\/lv-voiepro\/\/?page_id=157"},"modified":"2021-02-17T13:38:02","modified_gmt":"2021-02-17T12:38:02","slug":"projet-academique","status":"publish","type":"page","link":"http:\/\/pedagogie.ac-lille.fr\/lv-voiepro\/contexte\/projet-academique\/","title":{"rendered":"Projet acad\u00e9mique"},"content":{"rendered":"\n<p>Le projet acad\u00e9mique 2018-2021 d\u00e9cline les priorit\u00e9s nationales dans le contexte lillois, au regard des r\u00e9alit\u00e9s de notre territoire, de nos partenaires et de notre public. Il concerne tous les personnels.<\/p>\n\n\n\n<p>Il ne s&rsquo;agit pas d&rsquo;une injonction suppl\u00e9mentaire, mais d&rsquo;un document utile aux enseignants pour comprendre les \u00e9volutions en cours et inscrire leurs choix dans un effort collectif synonyme de progr\u00e8s pour l&rsquo;\u00e9cole.<\/p>\n\n\n\n<p>L&rsquo;apprentissage des langues vivantes en lyc\u00e9e professionnel contribue naturellement aux deux premiers objectifs : d\u00e9jouer les d\u00e9terminismes pour permettre \u00e0 tout \u00e9l\u00e8ve de r\u00e9ussir,  permettre \u00e0 chacun de r\u00e9aliser un parcours ambitieux et ins\u00e9rant.<\/p>\n\n\n\n<p>De nombreuses actions relatives au troisi\u00e8me objectif, qui consiste \u00e0 rendre le service public acad\u00e9mique plus efficace au service de tous, sont directement en prise avec la vie des \u00e9tablissements et de leurs personnels.<\/p>\n\n\n\n<p>Le <a href=\"http:\/\/cache.media.education.gouv.fr\/file\/academie\/07\/7\/Projet_academique_989077.pdf\">texte du projet<\/a> pr\u00e9sente de fa\u00e7on claire et synth\u00e9tique le sens de chaque axe, les enjeux pour l&rsquo;acad\u00e9mie, les objectifs cl\u00e9s et, de mani\u00e8re tr\u00e8s concr\u00e8te, les leviers \u00e0 investir en priorit\u00e9. <\/p>\n\n\n\n<p class=\"has-text-color has-background has-very-dark-gray-color has-very-light-gray-background-color\">La contribution des professeurs de lettres-langue vivante au projet acad\u00e9mique fait partie des points abord\u00e9s au cours des visites d&rsquo;accompagnement et d&rsquo;\u00e9valuation.<\/p>\n","protected":false},"excerpt":{"rendered":"<p>Le projet acad\u00e9mique 2018-2021 d\u00e9cline les priorit\u00e9s nationales dans le contexte lillois, au regard des r\u00e9alit\u00e9s de notre territoire, de nos partenaires et de notre public. Il concerne tous les personnels. Il ne s&rsquo;agit pas d&rsquo;une injonction suppl\u00e9mentaire, mais d&rsquo;un document utile aux enseignants pour comprendre les \u00e9volutions en cours et inscrire leurs choix dans [&hellip;]<\/p>\n","protected":false},"author":16,"featured_media":0,"parent":154,"menu_order":0,"comment_status":"closed","ping_status":"closed","template":"","meta":{"ngg_post_thumbnail":0,"footnotes":""},"class_list":["post-157","page","type-page","status-publish","czr-hentry"],"publishpress_future_action":{"enabled":false,"date":"2026-04-23 03:47:40","action":"change-status","newStatus":"draft","terms":[],"taxonomy":"","extraData":[]},"publishpress_future_workflow_manual_trigger":{"enabledWorkflows":[]},"_links":{"self":[{"href":"http:\/\/pedagogie.ac-lille.fr\/lv-voiepro\/wp-json\/wp\/v2\/pages\/157","targetHints":{"allow":["GET"]}}],"collection":[{"href":"http:\/\/pedagogie.ac-lille.fr\/lv-voiepro\/wp-json\/wp\/v2\/pages"}],"about":[{"href":"http:\/\/pedagogie.ac-lille.fr\/lv-voiepro\/wp-json\/wp\/v2\/types\/page"}],"author":[{"embeddable":true,"href":"http:\/\/pedagogie.ac-lille.fr\/lv-voiepro\/wp-json\/wp\/v2\/users\/16"}],"replies":[{"embeddable":true,"href":"http:\/\/pedagogie.ac-lille.fr\/lv-voiepro\/wp-json\/wp\/v2\/comments?post=157"}],"version-history":[{"count":4,"href":"http:\/\/pedagogie.ac-lille.fr\/lv-voiepro\/wp-json\/wp\/v2\/pages\/157\/revisions"}],"predecessor-version":[{"id":161,"href":"http:\/\/pedagogie.ac-lille.fr\/lv-voiepro\/wp-json\/wp\/v2\/pages\/157\/revisions\/161"}],"up":[{"embeddable":true,"href":"http:\/\/pedagogie.ac-lille.fr\/lv-voiepro\/wp-json\/wp\/v2\/pages\/154"}],"wp:attachment":[{"href":"http:\/\/pedagogie.ac-lille.fr\/lv-voiepro\/wp-json\/wp\/v2\/media?parent=157"}],"curies":[{"name":"wp","href":"https:\/\/api.w.org\/{rel}","templated":true}]}}