{"id":470,"date":"2022-03-01T15:48:04","date_gmt":"2022-03-01T14:48:04","guid":{"rendered":"https:\/\/pedagogie.ac-lille.fr\/3eme-prepa-metiers\/?page_id=470"},"modified":"2024-05-20T18:04:19","modified_gmt":"2024-05-20T16:04:19","slug":"la-certification-pix","status":"publish","type":"page","link":"https:\/\/pedagogie.ac-lille.fr\/3eme-prepa-metiers\/la-certification-pix\/","title":{"rendered":"La certification PIX"},"content":{"rendered":"\n<h2 class=\"wp-block-heading\">Une certification obligatoire et reconnue <\/h2>\n\n\n\n<p>Depuis la rentr\u00e9e 2021-2022, l<strong>&lsquo;\u00e9valuation des comp\u00e9tences num\u00e9riques<\/strong> est <strong>obligatoire<\/strong> pour tous les \u00e9l\u00e8ves de 3<sup>\u00e8me <\/sup>. Cette certification et l&rsquo;entrainement se font par l&rsquo;interm\u00e9diaire de la<a href=\"https:\/\/view.genial.ly\/5f3e7a5ba8ffb90d11ac034f\"> plateforme PIX<\/a>.<\/p>\n\n\n\n<p>La certification PIX est reconnue officiellement par l&rsquo;\u00c9tat, les \u00e9tablissement scolaires et le monde professionnel. Le niveau atteint par comp\u00e9tences pourra \u00eatre indiqu\u00e9 sur un CV.<\/p>\n\n\n<div class=\"wp-block-image\">\n<figure class=\"alignright size-full is-resized\"><img loading=\"lazy\" decoding=\"async\" width=\"925\" height=\"737\" src=\"https:\/\/pedagogie.ac-lille.fr\/3eme-prepa-metiers\/wp-content\/uploads\/sites\/47\/2024\/05\/Capture-decran-2024-05-20-161726.png\" alt=\"\" class=\"wp-image-803\" style=\"width:299px;height:auto\" srcset=\"https:\/\/pedagogie.ac-lille.fr\/3eme-prepa-metiers\/wp-content\/uploads\/sites\/47\/2024\/05\/Capture-decran-2024-05-20-161726.png 925w, https:\/\/pedagogie.ac-lille.fr\/3eme-prepa-metiers\/wp-content\/uploads\/sites\/47\/2024\/05\/Capture-decran-2024-05-20-161726-300x239.png 300w, https:\/\/pedagogie.ac-lille.fr\/3eme-prepa-metiers\/wp-content\/uploads\/sites\/47\/2024\/05\/Capture-decran-2024-05-20-161726-768x612.png 768w\" sizes=\"auto, (max-width: 925px) 100vw, 925px\" \/><\/figure>\n<\/div>\n\n\n<h2 class=\"wp-block-heading\">Les comp\u00e9tences \u00e9valu\u00e9es<\/h2>\n\n\n\n<p>PIX \u00e9value 16 comp\u00e9tences num\u00e9riques, r\u00e9parties en 5 domaines :<\/p>\n\n\n\n<ul class=\"wp-block-list\">\n<li>Informations et donn\u00e9es<\/li>\n\n\n\n<li>Communication et collaboration<\/li>\n\n\n\n<li>Cr\u00e9ation de contenu<\/li>\n\n\n\n<li>Protection et s\u00e9curit\u00e9<\/li>\n\n\n\n<li>Environnement num\u00e9rique<\/li>\n<\/ul>\n\n\n\n<div class=\"wp-block-group\"><div class=\"wp-block-group__inner-container is-layout-constrained wp-block-group-is-layout-constrained\">\n<p>Chaque comp\u00e9tence est \u00e9valu\u00e9e sur 8 niveaux (le niveau 8 n&rsquo;est pas encore accessible). Les niveaux Pix donnent une vision de la ma\u00eetrise d&rsquo;une comp\u00e9tence num\u00e9rique :<\/p>\n\n\n\n<ul class=\"wp-block-list\">\n<li>niveaux 1 et 2 : \u00ab\u00a0novice\u00a0\u00bb<\/li>\n\n\n\n<li>niveaux 3 et 4 : \u00ab\u00a0ind\u00e9pendant\u00a0\u00bb<\/li>\n\n\n\n<li>niveaux 5 et 6 : \u00ab\u00a0avanc\u00e9\u00a0\u00bb<\/li>\n\n\n\n<li>niveaux 7 et 8 : \u00ab\u00a0expert\u00a0\u00bb<\/li>\n<\/ul>\n\n\n\n<h2 class=\"wp-block-heading\">Une certification \u00e0 pr\u00e9parer<\/h2>\n\n\n\n<p>Tout au long de l&rsquo;ann\u00e9e, l&rsquo;\u00e9l\u00e8ve doit <strong>s&rsquo;entra\u00eener <\/strong>et d\u00e9velopper ses comp\u00e9tences num\u00e9riques \u00e0 son rythme sur la plateforme PIX. Ainsi, il compl\u00e8te son profil et obtient une estimation de son niveau sur chaque comp\u00e9tence travaill\u00e9e. <\/p>\n\n\n\n<p>Pour l&rsquo;ann\u00e9e scolaire 2023-2024, l&rsquo;\u00e9l\u00e8ve doit avoir atteint au moins le niveau 1 sur 5 comp\u00e9tences pour passer la certification.<\/p>\n\n\n<div class=\"wp-block-image\">\n<figure class=\"alignright size-full is-resized\"><img loading=\"lazy\" decoding=\"async\" width=\"245\" height=\"300\" src=\"https:\/\/pedagogie.ac-lille.fr\/3eme-prepa-metiers\/wp-content\/uploads\/sites\/47\/2024\/05\/certif-illustration-63dfe-1.png\" alt=\"\" class=\"wp-image-805\" style=\"width:139px;height:auto\" \/><\/figure>\n<\/div>\n\n\n<h2 class=\"wp-block-heading\">Passer la certification Pix<\/h2>\n\n\n\n<p>Le jour de la certification, l&rsquo;\u00e9l\u00e8ve dispose de 15 minutes pour s&rsquo;installer, puis de 1h45 pour r\u00e9pondre aux&nbsp;questions.<\/p>\n\n\n\n<p>Pour l&rsquo;ann\u00e9e scolaire 2023-2024, le test ayant pour objectif de v\u00e9rifier  le niveau atteint via le profil, l&rsquo;\u00e9l\u00e8ve doit r\u00e9pondre \u00e0 trois questions pour chaque comp\u00e9tence o\u00f9 il a atteint le niveau 1. Les questions qui sont pos\u00e9es sont des variantes de d\u00e9fis r\u00e9ussis lors du positionnement, il n\u2019y a donc ni pi\u00e8ge ni mauvaise surprise.<\/p>\n\n\n\n<p>A compter de l&rsquo;ann\u00e9e scolaire 2024-2025, l&rsquo;\u00e9l\u00e8ve sera \u00e9valu\u00e9 sur les 16 comp\u00e9tences. L&rsquo;algorithme s&rsquo;adaptera au niveau du candidat, qui r\u00e9pondra \u00e0 32 questions.<\/p>\n\n\n\n<p><\/p>\n<\/div><\/div>\n","protected":false},"excerpt":{"rendered":"<p>Une certification obligatoire et reconnue Depuis la rentr\u00e9e 2021-2022, l&lsquo;\u00e9valuation des comp\u00e9tences num\u00e9riques est obligatoire pour tous les \u00e9l\u00e8ves de 3\u00e8me . Cette certification et l&rsquo;entrainement se font par l&rsquo;interm\u00e9diaire de la plateforme PIX. La certification PIX est reconnue officiellement par l&rsquo;\u00c9tat, les \u00e9tablissement scolaires et le monde professionnel. Le niveau atteint par comp\u00e9tences pourra [&hellip;]<\/p>\n","protected":false},"author":25,"featured_media":484,"parent":0,"menu_order":0,"comment_status":"closed","ping_status":"closed","template":"","meta":{"ngg_post_thumbnail":0,"footnotes":""},"class_list":["post-470","page","type-page","status-publish","has-post-thumbnail","czr-hentry"],"publishpress_future_action":{"enabled":false,"date":"2026-04-11 09:54:30","action":"change-status","newStatus":"draft","terms":[],"taxonomy":"","extraData":[]},"publishpress_future_workflow_manual_trigger":{"enabledWorkflows":[]},"_links":{"self":[{"href":"https:\/\/pedagogie.ac-lille.fr\/3eme-prepa-metiers\/wp-json\/wp\/v2\/pages\/470","targetHints":{"allow":["GET"]}}],"collection":[{"href":"https:\/\/pedagogie.ac-lille.fr\/3eme-prepa-metiers\/wp-json\/wp\/v2\/pages"}],"about":[{"href":"https:\/\/pedagogie.ac-lille.fr\/3eme-prepa-metiers\/wp-json\/wp\/v2\/types\/page"}],"author":[{"embeddable":true,"href":"https:\/\/pedagogie.ac-lille.fr\/3eme-prepa-metiers\/wp-json\/wp\/v2\/users\/25"}],"replies":[{"embeddable":true,"href":"https:\/\/pedagogie.ac-lille.fr\/3eme-prepa-metiers\/wp-json\/wp\/v2\/comments?post=470"}],"version-history":[{"count":11,"href":"https:\/\/pedagogie.ac-lille.fr\/3eme-prepa-metiers\/wp-json\/wp\/v2\/pages\/470\/revisions"}],"predecessor-version":[{"id":818,"href":"https:\/\/pedagogie.ac-lille.fr\/3eme-prepa-metiers\/wp-json\/wp\/v2\/pages\/470\/revisions\/818"}],"wp:featuredmedia":[{"embeddable":true,"href":"https:\/\/pedagogie.ac-lille.fr\/3eme-prepa-metiers\/wp-json\/wp\/v2\/media\/484"}],"wp:attachment":[{"href":"https:\/\/pedagogie.ac-lille.fr\/3eme-prepa-metiers\/wp-json\/wp\/v2\/media?parent=470"}],"curies":[{"name":"wp","href":"https:\/\/api.w.org\/{rel}","templated":true}]}}