{"id":644,"date":"2024-05-12T09:49:35","date_gmt":"2024-05-12T07:49:35","guid":{"rendered":"https:\/\/pedagogie.ac-lille.fr\/3eme-prepa-metiers\/?page_id=644"},"modified":"2024-06-10T12:02:04","modified_gmt":"2024-06-10T10:02:04","slug":"reflexion-sur-une-evaluation","status":"publish","type":"page","link":"https:\/\/pedagogie.ac-lille.fr\/3eme-prepa-metiers\/reflexion-sur-une-evaluation\/","title":{"rendered":"R\u00e9flexion sur une \u00e9valuation"},"content":{"rendered":"\n<p>Pour faire suite \u00e0 la s\u00e9quence commune , une r\u00e9flexion sur une \u00e9valuation reprenant le th\u00e8me du CO<sub>2<\/sub> a \u00e9t\u00e9 men\u00e9e par 3 enseignants des disciplines concern\u00e9es du bloc \u00ab\u00a0sciences\u00a0\u00bb.<\/p>\n\n\n\n<p>L&rsquo;\u00e9valuation propos\u00e9e ressemble \u00e0 une \u00e9preuve du DNB \u00e0 la diff\u00e9rence de celle-ci  que les <strong><mark style=\"background-color:#ffffff\" class=\"has-inline-color has-vivid-red-color\">3 disciplines y figurent<\/mark><\/strong> et que les questions ne sont pas abord\u00e9es discipline par discipline  mais plut\u00f4t dans <mark style=\"background-color:#ffffff\" class=\"has-inline-color has-vivid-red-color\"><strong>un ordre qui donne du sens \u00e0 la r\u00e9flexion de l&rsquo;\u00e9l\u00e8ve<\/strong><\/mark>.<\/p>\n\n\n\n<p>Comme pour la <strong><mark style=\"background-color:#ffffff\" class=\"has-inline-color has-vivid-green-cyan-color\"><a href=\"https:\/\/pedagogie.ac-lille.fr\/3eme-prepa-metiers\/presentation-dune-sequence-commune\/\" data-type=\"page\" data-id=\"641\">s\u00e9quence commune<\/a> <\/mark><\/strong>propos\u00e9e <strong><mark style=\"background-color:#ffffff\" class=\"has-inline-color has-vivid-red-color\">une situation d\u00e9clenchante<\/mark><\/strong> est propos\u00e9e \u00e0 l&rsquo;\u00e9l\u00e8ve.<\/p>\n\n\n\n<p><\/p>\n\n\n\n<p><\/p>\n\n\n<div class=\"wp-block-image\">\n<figure class=\"aligncenter size-full is-resized\"><a href=\"https:\/\/pedagogie.ac-lille.fr\/3eme-prepa-metiers\/wp-content\/uploads\/sites\/47\/2024\/05\/Evaluation-Bloc-Sciences-J2-v5.pdf\"><img loading=\"lazy\" decoding=\"async\" width=\"398\" height=\"850\" src=\"https:\/\/pedagogie.ac-lille.fr\/3eme-prepa-metiers\/wp-content\/uploads\/sites\/47\/2024\/05\/Evaluation-image.jpg\" alt=\"\" class=\"wp-image-787\" style=\"width:107px;height:auto\" srcset=\"https:\/\/pedagogie.ac-lille.fr\/3eme-prepa-metiers\/wp-content\/uploads\/sites\/47\/2024\/05\/Evaluation-image.jpg 398w, https:\/\/pedagogie.ac-lille.fr\/3eme-prepa-metiers\/wp-content\/uploads\/sites\/47\/2024\/05\/Evaluation-image-140x300.jpg 140w\" sizes=\"auto, (max-width: 398px) 100vw, 398px\" \/><\/a><figcaption class=\"wp-element-caption\">\u00c9valuation en relation avec la s\u00e9quence commune<\/figcaption><\/figure>\n<\/div>\n\n\n<p><\/p>\n\n\n\n<figure class=\"wp-block-image size-large is-resized\"><img loading=\"lazy\" decoding=\"async\" width=\"1024\" height=\"531\" src=\"https:\/\/pedagogie.ac-lille.fr\/3eme-prepa-metiers\/wp-content\/uploads\/sites\/47\/2024\/06\/Competences-evaluation-1024x531.jpg\" alt=\"\" class=\"wp-image-846\" style=\"width:1111px;height:auto\" srcset=\"https:\/\/pedagogie.ac-lille.fr\/3eme-prepa-metiers\/wp-content\/uploads\/sites\/47\/2024\/06\/Competences-evaluation-1024x531.jpg 1024w, https:\/\/pedagogie.ac-lille.fr\/3eme-prepa-metiers\/wp-content\/uploads\/sites\/47\/2024\/06\/Competences-evaluation-300x156.jpg 300w, https:\/\/pedagogie.ac-lille.fr\/3eme-prepa-metiers\/wp-content\/uploads\/sites\/47\/2024\/06\/Competences-evaluation-768x398.jpg 768w, https:\/\/pedagogie.ac-lille.fr\/3eme-prepa-metiers\/wp-content\/uploads\/sites\/47\/2024\/06\/Competences-evaluation.jpg 1168w\" sizes=\"auto, (max-width: 1024px) 100vw, 1024px\" \/><\/figure>\n","protected":false},"excerpt":{"rendered":"<p>Pour faire suite \u00e0 la s\u00e9quence commune , une r\u00e9flexion sur une \u00e9valuation reprenant le th\u00e8me du CO2 a \u00e9t\u00e9 men\u00e9e par 3 enseignants des disciplines concern\u00e9es du bloc \u00ab\u00a0sciences\u00a0\u00bb. L&rsquo;\u00e9valuation propos\u00e9e ressemble \u00e0 une \u00e9preuve du DNB \u00e0 la diff\u00e9rence de celle-ci que les 3 disciplines y figurent et que les questions ne sont [&hellip;]<\/p>\n","protected":false},"author":25,"featured_media":0,"parent":0,"menu_order":0,"comment_status":"closed","ping_status":"closed","template":"","meta":{"ngg_post_thumbnail":0,"footnotes":""},"class_list":["post-644","page","type-page","status-publish","czr-hentry"],"publishpress_future_action":{"enabled":false,"date":"2026-04-11 11:42:36","action":"change-status","newStatus":"draft","terms":[],"taxonomy":"","extraData":[]},"publishpress_future_workflow_manual_trigger":{"enabledWorkflows":[]},"_links":{"self":[{"href":"https:\/\/pedagogie.ac-lille.fr\/3eme-prepa-metiers\/wp-json\/wp\/v2\/pages\/644","targetHints":{"allow":["GET"]}}],"collection":[{"href":"https:\/\/pedagogie.ac-lille.fr\/3eme-prepa-metiers\/wp-json\/wp\/v2\/pages"}],"about":[{"href":"https:\/\/pedagogie.ac-lille.fr\/3eme-prepa-metiers\/wp-json\/wp\/v2\/types\/page"}],"author":[{"embeddable":true,"href":"https:\/\/pedagogie.ac-lille.fr\/3eme-prepa-metiers\/wp-json\/wp\/v2\/users\/25"}],"replies":[{"embeddable":true,"href":"https:\/\/pedagogie.ac-lille.fr\/3eme-prepa-metiers\/wp-json\/wp\/v2\/comments?post=644"}],"version-history":[{"count":6,"href":"https:\/\/pedagogie.ac-lille.fr\/3eme-prepa-metiers\/wp-json\/wp\/v2\/pages\/644\/revisions"}],"predecessor-version":[{"id":851,"href":"https:\/\/pedagogie.ac-lille.fr\/3eme-prepa-metiers\/wp-json\/wp\/v2\/pages\/644\/revisions\/851"}],"wp:attachment":[{"href":"https:\/\/pedagogie.ac-lille.fr\/3eme-prepa-metiers\/wp-json\/wp\/v2\/media?parent=644"}],"curies":[{"name":"wp","href":"https:\/\/api.w.org\/{rel}","templated":true}]}}