{"id":654,"date":"2024-05-12T11:41:54","date_gmt":"2024-05-12T09:41:54","guid":{"rendered":"https:\/\/pedagogie.ac-lille.fr\/3eme-prepa-metiers\/?page_id=654"},"modified":"2024-05-16T21:19:26","modified_gmt":"2024-05-16T19:19:26","slug":"bloc-sciences","status":"publish","type":"page","link":"https:\/\/pedagogie.ac-lille.fr\/3eme-prepa-metiers\/bloc-sciences\/","title":{"rendered":"Bloc \u00ab\u00a0Sciences\u00a0\u00bb"},"content":{"rendered":"\n<p class=\"has-vivid-red-color has-text-color has-link-color has-large-font-size wp-elements-b6998f2a0a98b01024befc044ce1949f\"><strong>CONTEXTE<\/strong><\/p>\n\n\n\n<p>Le passage de la classe \u00ab\u00a03\u00e8me Pr\u00e9pa-Pro\u00a0\u00bb \u00e0 la \u00ab\u00a03\u00e8me Pr\u00e9pa-M\u00e9tiers\u00a0\u00bb a fait \u00e9voluer les horaires de l&rsquo;enseignement de sciences et technologie: <strong>Passage de 4h30 \u00e0 3h00 <\/strong>pour les 3 disciplines.<br>La sensibilisation des \u00e9l\u00e8ves au <strong>d\u00e9veloppement durable<\/strong> impacte les programmes de ces 3 disciplines.<\/p>\n\n\n\n<p>Afin de valider le socle commun de connaissances, de comp\u00e9tences et de culture , il s&rsquo;av\u00e8re n\u00e9cessaire d&rsquo;aborder <strong>en concertation<\/strong> l&rsquo;enseignement des sciences et de la technologie.<\/p>\n\n\n\n<p><strong><mark class=\"has-inline-color has-vivid-red-color\">La fiche 16 du vademecum de la 3\u00e8me Pr\u00e9pa-M\u00e9tiers<\/mark><\/strong> explique la mani\u00e8re d&rsquo;aborder en concertation l&rsquo;enseignement de sciences et technologie,elle l&rsquo;illustre \u00e0 travers l&rsquo;exemple d&rsquo;une installation de r\u00e9cup\u00e9ration et de distribution d&rsquo;eau de pluie (Sujet 0 DNB s\u00e9rie pro) <\/p>\n\n\n\n<p>Un groupe d&rsquo;enseignants des 3 disciplines s&rsquo;est pench\u00e9 sur les recommandations d&rsquo;un point de vue \u00ab\u00a0d\u00e9veloppement durable\u00a0\u00bb afin de les int\u00e9grer aux programmes disciplinaires.<\/p>\n\n\n\n<p>Vous retrouverez ci-dessous l&rsquo;ensemble des documents officiels concernant l&rsquo;enseignement des sciences et technologie.<\/p>\n\n\n\n<ul class=\"wp-block-list\">\n<li><strong><a href=\"https:\/\/pedagogie.ac-lille.fr\/3eme-prepa-metiers\/wp-content\/uploads\/sites\/47\/2024\/05\/Fiche-16-.pdf\">Fiche 16 du vademecum<\/a><\/strong> de la 3\u00e8me Pr\u00e9pa-M\u00e9tiers<\/li>\n\n\n\n<li><strong><a href=\"https:\/\/pedagogie.ac-lille.fr\/3eme-prepa-metiers\/wp-content\/uploads\/sites\/47\/2024\/05\/3PM_prog_Physique_Chimie_DD.pdf\">Recommandation pour la Physique-Chimie <\/a><\/strong>(D\u00e9veloppement Durable)<\/li>\n\n\n\n<li><a href=\"https:\/\/pedagogie.ac-lille.fr\/3eme-prepa-metiers\/wp-content\/uploads\/sites\/47\/2024\/05\/3_PM_SVT_DD_3.pdf\"><strong>Recommandation pour la SVT<\/strong> <\/a>(D\u00e9veloppement Durable)<\/li>\n\n\n\n<li><strong><a href=\"https:\/\/pedagogie.ac-lille.fr\/3eme-prepa-metiers\/wp-content\/uploads\/sites\/47\/2024\/05\/Technologie_recommandations_DD__1_.pdf\">Recommandation pour la Technologie<\/a><\/strong> (D\u00e9veloppement Durable)<\/li>\n<\/ul>\n","protected":false},"excerpt":{"rendered":"<p>CONTEXTE Le passage de la classe \u00ab\u00a03\u00e8me Pr\u00e9pa-Pro\u00a0\u00bb \u00e0 la \u00ab\u00a03\u00e8me Pr\u00e9pa-M\u00e9tiers\u00a0\u00bb a fait \u00e9voluer les horaires de l&rsquo;enseignement de sciences et technologie: Passage de 4h30 \u00e0 3h00 pour les 3 disciplines.La sensibilisation des \u00e9l\u00e8ves au d\u00e9veloppement durable impacte les programmes de ces 3 disciplines. Afin de valider le socle commun de connaissances, de comp\u00e9tences [&hellip;]<\/p>\n","protected":false},"author":25,"featured_media":0,"parent":0,"menu_order":0,"comment_status":"closed","ping_status":"closed","template":"","meta":{"ngg_post_thumbnail":0,"footnotes":""},"class_list":["post-654","page","type-page","status-publish","czr-hentry"],"publishpress_future_action":{"enabled":false,"date":"2026-04-11 11:42:36","action":"change-status","newStatus":"draft","terms":[],"taxonomy":"","extraData":[]},"publishpress_future_workflow_manual_trigger":{"enabledWorkflows":[]},"_links":{"self":[{"href":"https:\/\/pedagogie.ac-lille.fr\/3eme-prepa-metiers\/wp-json\/wp\/v2\/pages\/654","targetHints":{"allow":["GET"]}}],"collection":[{"href":"https:\/\/pedagogie.ac-lille.fr\/3eme-prepa-metiers\/wp-json\/wp\/v2\/pages"}],"about":[{"href":"https:\/\/pedagogie.ac-lille.fr\/3eme-prepa-metiers\/wp-json\/wp\/v2\/types\/page"}],"author":[{"embeddable":true,"href":"https:\/\/pedagogie.ac-lille.fr\/3eme-prepa-metiers\/wp-json\/wp\/v2\/users\/25"}],"replies":[{"embeddable":true,"href":"https:\/\/pedagogie.ac-lille.fr\/3eme-prepa-metiers\/wp-json\/wp\/v2\/comments?post=654"}],"version-history":[{"count":18,"href":"https:\/\/pedagogie.ac-lille.fr\/3eme-prepa-metiers\/wp-json\/wp\/v2\/pages\/654\/revisions"}],"predecessor-version":[{"id":791,"href":"https:\/\/pedagogie.ac-lille.fr\/3eme-prepa-metiers\/wp-json\/wp\/v2\/pages\/654\/revisions\/791"}],"wp:attachment":[{"href":"https:\/\/pedagogie.ac-lille.fr\/3eme-prepa-metiers\/wp-json\/wp\/v2\/media?parent=654"}],"curies":[{"name":"wp","href":"https:\/\/api.w.org\/{rel}","templated":true}]}}