{"id":831,"date":"2024-06-02T16:05:41","date_gmt":"2024-06-02T14:05:41","guid":{"rendered":"https:\/\/pedagogie.ac-lille.fr\/3eme-prepa-metiers\/?page_id=831"},"modified":"2024-06-02T16:10:40","modified_gmt":"2024-06-02T14:10:40","slug":"vademecum-2","status":"publish","type":"page","link":"https:\/\/pedagogie.ac-lille.fr\/3eme-prepa-metiers\/vademecum-2\/","title":{"rendered":"Vademecum"},"content":{"rendered":"\n<p><\/p>\n\n\n\n<p>Le vademecum\u00a0<em>La classe de troisi\u00e8me \u00ab pr\u00e9pa-m\u00e9tiers \u00bb<\/em>\u00a0accompagne la mise en \u0153uvre de la classe de troisi\u00e8me dite \u00ab pr\u00e9pa-m\u00e9tiers \u00bb. Dix-neuf fiches ressources identifient diff\u00e9rents axes de travail \u00e0 explorer en \u00e9quipe p\u00e9dagogique et portant sur l\u2019\u00e9valuation des \u00e9l\u00e8ves et leur accompagnement, l\u2019organisation de la formation et l\u2019ing\u00e9nierie p\u00e9dagogique \u00e0 d\u00e9ployer.<\/p>\n\n\n\n<p class=\"has-medium-font-size\"><mark style=\"background-color:#ffffff\" class=\"has-inline-color has-vivid-green-cyan-color\"><strong>VADEMECUM : Fiches 1 \u00e0 5<\/strong><\/mark><\/p>\n\n\n\n<ul class=\"wp-block-list\">\n<li><strong><mark style=\"background-color:#ffffff\" class=\"has-inline-color has-vivid-red-color\">Fiche 1 :<\/mark><\/strong> <em>Valider le socle commun de connaissances, de comp\u00e9tences et de culture<\/em><\/li>\n\n\n\n<li><strong><mark style=\"background-color:#ffffff\" class=\"has-inline-color has-vivid-red-color\">Fiche 2 :<\/mark><\/strong> <em>Identifier les caract\u00e9ristiques d&rsquo;une implantation en coll\u00e8ge ou en lyc\u00e9e<\/em><\/li>\n\n\n\n<li><strong><mark style=\"background-color:#ffffff\" class=\"has-inline-color has-vivid-red-color\">Fiche 3 :<\/mark><\/strong> <em>D\u00e9finir le fil rouge, l&rsquo;agenda de l&rsquo;ann\u00e9e, la planification des temps forts et des activit\u00e9s<\/em><\/li>\n\n\n\n<li><strong><mark style=\"background-color:#ffffff\" class=\"has-inline-color has-vivid-red-color\">Fiche 4 :<\/mark><\/strong> <em>Assurer le r\u00f4le de professeur principal, et celui de professeur r\u00e9f\u00e9rent charg\u00e9 de suivre quelques \u00e9l\u00e8ves<\/em><\/li>\n\n\n\n<li><strong><mark style=\"background-color:#ffffff\" class=\"has-inline-color has-vivid-red-color\">Fiche 5 :<\/mark><\/strong> <em>\u00c9valuer des comp\u00e9tences<\/em><\/li>\n<\/ul>\n\n\n\n<div data-wp-interactive=\"core\/file\" class=\"wp-block-file\"><object data-wp-bind--hidden=\"!state.hasPdfPreview\" hidden class=\"wp-block-file__embed\" data=\"https:\/\/pedagogie.ac-lille.fr\/3eme-prepa-metiers\/wp-content\/uploads\/sites\/47\/2024\/06\/vade-mecum_prepa_metiers_fiches_1_a_5.pdf\" type=\"application\/pdf\" style=\"width:100%;height:600px\" aria-label=\"Contenu embarqu\u00e9 vade-mecum_prepa_metiers_fiches_1_a_5.\"><\/object><a id=\"wp-block-file--media-ac486bc2-9796-42a5-922b-ef28fafe1a74\" href=\"https:\/\/pedagogie.ac-lille.fr\/3eme-prepa-metiers\/wp-content\/uploads\/sites\/47\/2024\/06\/vade-mecum_prepa_metiers_fiches_1_a_5.pdf\" target=\"_blank\" rel=\"noreferrer noopener\">vade-mecum_prepa_metiers_fiches_1_a_5<\/a><a href=\"https:\/\/pedagogie.ac-lille.fr\/3eme-prepa-metiers\/wp-content\/uploads\/sites\/47\/2024\/06\/vade-mecum_prepa_metiers_fiches_1_a_5.pdf\" class=\"wp-block-file__button wp-element-button\" download aria-describedby=\"wp-block-file--media-ac486bc2-9796-42a5-922b-ef28fafe1a74\">T\u00e9l\u00e9charger<\/a><\/div>\n\n\n\n<p class=\"has-medium-font-size\"><mark style=\"background-color:#ffffff\" class=\"has-inline-color has-vivid-green-cyan-color\"><strong>VADEMECUM Fiches 6 \u00e0 19<\/strong> :<\/mark> Organiser la formation<\/p>\n\n\n\n<ul class=\"wp-block-list\">\n<li><strong><mark style=\"background-color:#ffffff\" class=\"has-inline-color has-vivid-red-color\">Fiche 6 :<\/mark><\/strong> <em>D\u00e9velopper les usages du num\u00e9riques<\/em><\/li>\n\n\n\n<li><strong><mark style=\"background-color:#ffffff\" class=\"has-inline-color has-vivid-red-color\">Fiche 7 :<\/mark><\/strong> <em>Mettre en oeuvre la consolidation en fran\u00e7ais et en math\u00e9matiques<\/em><\/li>\n\n\n\n<li><strong><mark style=\"background-color:#ffffff\" class=\"has-inline-color has-vivid-red-color\">Fiche 8 :<\/mark><\/strong> <em>Concevoir le projet p\u00e9dagogique de la classe<\/em><\/li>\n\n\n\n<li><strong><mark style=\"background-color:#ffffff\" class=\"has-inline-color has-vivid-red-color\">Fiche 9 :<\/mark><\/strong> <em>Formaliser le projet p\u00e9dagogique de la classe<\/em><\/li>\n\n\n\n<li><strong><mark style=\"background-color:#ffffff\" class=\"has-inline-color has-vivid-red-color\">Fiche 10 :<\/mark><\/strong> <em>Mettre en oeuvre une p\u00e9dagogie de projet<\/em><\/li>\n\n\n\n<li><strong><mark style=\"background-color:#ffffff\" class=\"has-inline-color has-vivid-red-color\">Fiche 11 :<\/mark><\/strong> <em>Personnaliser les parcours, mettre en oeuvre la diff\u00e9renciation p\u00e9dagogique<\/em><\/li>\n\n\n\n<li><strong><mark style=\"background-color:#ffffff\" class=\"has-inline-color has-vivid-red-color\">Fiche 12 :<\/mark><\/strong> <em>Envisager l&rsquo;apport des prix, concours ou challenges<\/em><\/li>\n\n\n\n<li><strong><mark style=\"background-color:#ffffff\" class=\"has-inline-color has-vivid-red-color\">Fiche 13 :<\/mark><\/strong> <em>Accompagner le projet d&rsquo;orientation de chaque \u00e9l\u00e8ve<\/em><\/li>\n\n\n\n<li><strong><mark style=\"background-color:#ffffff\" class=\"has-inline-color has-vivid-red-color\">Fiche 14 :<\/mark><\/strong> <em>Mettre en oeuvre la d\u00e9couverte des m\u00e9tiers et des formations professionnelles<\/em><\/li>\n\n\n\n<li><strong><mark style=\"background-color:#ffffff\" class=\"has-inline-color has-vivid-red-color\">Fiche 15 :<\/mark><\/strong> <em>Impliquer tous les enseignements \u00e0 la d\u00e9couverte des m\u00e9tiers et des formations professionnelles<\/em><\/li>\n\n\n\n<li><strong><mark style=\"background-color:#ffffff\" class=\"has-inline-color has-vivid-red-color\">Fiche 16 :<\/mark><\/strong> <em>Aborder en concertation l&rsquo;enseignement des sciences et de la technologie<\/em><\/li>\n\n\n\n<li><strong><mark style=\"background-color:#ffffff\" class=\"has-inline-color has-vivid-red-color\">Fiche 17 :<\/mark><\/strong> <em>Mettre en oeuvre la d\u00e9couverte professionnelle des m\u00e9tiers en entreprise<\/em><\/li>\n\n\n\n<li><strong><mark style=\"background-color:#ffffff\" class=\"has-inline-color has-vivid-red-color\">Fiche 18 :<\/mark><\/strong> <em>D\u00e9couvrir l&rsquo;apprentissage<\/em><\/li>\n\n\n\n<li><strong><mark style=\"background-color:#ffffff\" class=\"has-inline-color has-vivid-red-color\">Fiche 19 :<\/mark><\/strong> <em>Instaurer le portfolio num\u00e9rique \u00ab\u00a0Folios\u00a0\u00bb pour chaque \u00e9l\u00e8ve<\/em><\/li>\n<\/ul>\n\n\n\n<div data-wp-interactive=\"core\/file\" class=\"wp-block-file aligncenter\"><object data-wp-bind--hidden=\"!state.hasPdfPreview\" hidden class=\"wp-block-file__embed\" data=\"https:\/\/pedagogie.ac-lille.fr\/3eme-prepa-metiers\/wp-content\/uploads\/sites\/47\/2024\/06\/vade-mecum_prepa_metiers_fiches_6_a_19.pdf\" type=\"application\/pdf\" style=\"width:100%;height:600px\" aria-label=\"Contenu embarqu\u00e9 vade-mecum_prepa_metiers_fiches_6_a_19.\"><\/object><a id=\"wp-block-file--media-5b2a8159-cb06-48fc-bfac-eed48ce14ddc\" href=\"https:\/\/pedagogie.ac-lille.fr\/3eme-prepa-metiers\/wp-content\/uploads\/sites\/47\/2024\/06\/vade-mecum_prepa_metiers_fiches_6_a_19.pdf\">vade-mecum_prepa_metiers_fiches_6_a_19<\/a><a href=\"https:\/\/pedagogie.ac-lille.fr\/3eme-prepa-metiers\/wp-content\/uploads\/sites\/47\/2024\/06\/vade-mecum_prepa_metiers_fiches_6_a_19.pdf\" class=\"wp-block-file__button wp-element-button\" download aria-describedby=\"wp-block-file--media-5b2a8159-cb06-48fc-bfac-eed48ce14ddc\">T\u00e9l\u00e9charger<\/a><\/div>\n","protected":false},"excerpt":{"rendered":"<p>Le vademecum\u00a0La classe de troisi\u00e8me \u00ab pr\u00e9pa-m\u00e9tiers \u00bb\u00a0accompagne la mise en \u0153uvre de la classe de troisi\u00e8me dite \u00ab pr\u00e9pa-m\u00e9tiers \u00bb. Dix-neuf fiches ressources identifient diff\u00e9rents axes de travail \u00e0 explorer en \u00e9quipe p\u00e9dagogique et portant sur l\u2019\u00e9valuation des \u00e9l\u00e8ves et leur accompagnement, l\u2019organisation de la formation et l\u2019ing\u00e9nierie p\u00e9dagogique \u00e0 d\u00e9ployer. VADEMECUM : Fiches [&hellip;]<\/p>\n","protected":false},"author":25,"featured_media":0,"parent":0,"menu_order":0,"comment_status":"closed","ping_status":"closed","template":"","meta":{"ngg_post_thumbnail":0,"footnotes":""},"class_list":["post-831","page","type-page","status-publish","czr-hentry"],"publishpress_future_action":{"enabled":false,"date":"2026-04-11 11:42:36","action":"change-status","newStatus":"draft","terms":[],"taxonomy":"","extraData":[]},"publishpress_future_workflow_manual_trigger":{"enabledWorkflows":[]},"_links":{"self":[{"href":"https:\/\/pedagogie.ac-lille.fr\/3eme-prepa-metiers\/wp-json\/wp\/v2\/pages\/831","targetHints":{"allow":["GET"]}}],"collection":[{"href":"https:\/\/pedagogie.ac-lille.fr\/3eme-prepa-metiers\/wp-json\/wp\/v2\/pages"}],"about":[{"href":"https:\/\/pedagogie.ac-lille.fr\/3eme-prepa-metiers\/wp-json\/wp\/v2\/types\/page"}],"author":[{"embeddable":true,"href":"https:\/\/pedagogie.ac-lille.fr\/3eme-prepa-metiers\/wp-json\/wp\/v2\/users\/25"}],"replies":[{"embeddable":true,"href":"https:\/\/pedagogie.ac-lille.fr\/3eme-prepa-metiers\/wp-json\/wp\/v2\/comments?post=831"}],"version-history":[{"count":5,"href":"https:\/\/pedagogie.ac-lille.fr\/3eme-prepa-metiers\/wp-json\/wp\/v2\/pages\/831\/revisions"}],"predecessor-version":[{"id":852,"href":"https:\/\/pedagogie.ac-lille.fr\/3eme-prepa-metiers\/wp-json\/wp\/v2\/pages\/831\/revisions\/852"}],"wp:attachment":[{"href":"https:\/\/pedagogie.ac-lille.fr\/3eme-prepa-metiers\/wp-json\/wp\/v2\/media?parent=831"}],"curies":[{"name":"wp","href":"https:\/\/api.w.org\/{rel}","templated":true}]}}