{"id":357,"date":"2023-01-11T11:04:26","date_gmt":"2023-01-11T10:04:26","guid":{"rendered":"https:\/\/pedagogie.ac-lille.fr\/anglais\/?page_id=357"},"modified":"2026-04-10T22:34:14","modified_gmt":"2026-04-10T20:34:14","slug":"page-daccueil","status":"publish","type":"page","link":"https:\/\/pedagogie.ac-lille.fr\/anglais\/","title":{"rendered":"WELCOME"},"content":{"rendered":"<div class=\"wp-block-image\">\n<figure class=\"aligncenter size-large is-resized\"><a href=\"https:\/\/view.genially.com\/68c1a86d6d04f944245df139\"><img loading=\"lazy\" decoding=\"async\" width=\"1024\" height=\"598\" src=\"https:\/\/pedagogie.ac-lille.fr\/anglais\/wp-content\/uploads\/sites\/25\/2025\/10\/image-1024x598.png\" alt=\"\" class=\"wp-image-2950\" style=\"width:530px;height:auto\" srcset=\"https:\/\/pedagogie.ac-lille.fr\/anglais\/wp-content\/uploads\/sites\/25\/2025\/10\/image-1024x598.png 1024w, https:\/\/pedagogie.ac-lille.fr\/anglais\/wp-content\/uploads\/sites\/25\/2025\/10\/image-300x175.png 300w, https:\/\/pedagogie.ac-lille.fr\/anglais\/wp-content\/uploads\/sites\/25\/2025\/10\/image-768x449.png 768w, https:\/\/pedagogie.ac-lille.fr\/anglais\/wp-content\/uploads\/sites\/25\/2025\/10\/image.png 1183w\" sizes=\"auto, (max-width: 1024px) 100vw, 1024px\" \/><\/a><\/figure>\n<\/div>\n\n\n<p>Bienvenue sur le site anglais de l\u2019acad\u00e9mie de Lille. Il compl\u00e8te <a href=\"https:\/\/pedagogie.ac-lille.fr\/langues-vivantes\/\">le portail des langues vivantes <\/a>qui a \u00e9t\u00e9 con\u00e7u pour mettre \u00e0 votre disposition des informations, des textes officiels, et vous accompagner avec des ressources et diverses pistes d\u2019actions et de r\u00e9flexions. Ce site met donc en avant plus sp\u00e9cifiquement les informations et ressources li\u00e9es \u00e0 l\u2019enseignement et \u00e0 l\u2019apprentissage de l\u2019anglais. Il a pour but de vous informer, professeurs d\u2019anglais d\u00e9butants et confirm\u00e9s, des textes officiels r\u00e9cents, mais aussi de vous proposer des ressources vari\u00e9es et exploitables en cours. Vous pouvez \u00e0 pr\u00e9sent vous abonner au site en cliquant sur le symbole RSS en haut \u00e0 droite de la page (version ordinateur) pour recevoir les nouveaut\u00e9s dans votre bo\u00eete mail chaque semaine.<\/p>\n\n\n\n<p class=\"has-text-align-center\">Bonne d\u00e9couverte !<\/p>\n\n\n\n<p class=\"has-text-align-center\"><\/p>\n\n\n\n<p class=\"has-text-align-center\"><a href=\"https:\/\/pedagogie.ac-lille.fr\/langues-vivantes\/linspection-pedagogique-regionale-de-langues-vivantes-dans-lacademie-de-lille\/\">L\u2019\u00e9quipe des IA-IPR de langues vivantes, sp\u00e9cialit\u00e9 anglais, de l\u2019acad\u00e9mie de Lille<\/a><\/p>\n\n\n\n<h3 class=\"wp-block-heading has-text-align-left\"><mark class=\"has-inline-color has-vivid-cyan-blue-color\"><\/mark>\u21e2 What&rsquo;s new?<\/h3>\n\n\n\n<p>\ud83c\udd95<a href=\"https:\/\/pedagogie.ac-lille.fr\/anglais\/%f0%9f%8f%abliaison-pedagogique-college-lycee-dans-le-cadre-des-nouveaux-programmes\/\">Article sur la liaison p\u00e9dagogique Coll\u00e8ge \u2013 Lyc\u00e9e dans le cadre des nouveaux programmes<\/a><\/p>\n\n\n\n<p>\ud83c\udd95Soir\u00e9e cin\u00e9 \u00e0 Lille pendant les vacances : <a href=\"https:\/\/bonchicmauvaisgenre.substack.com\/p\/bon-chic-mauvais-genre-139-special?utm_source=post-email-title&amp;publication_id=3332510&amp;post_id=193488047&amp;utm_campaign=email-post-title&amp;isFreemail=true&amp;r=70pb0f&amp;triedRedirect=true&amp;utm_medium=email\">BON CHIC MAUVAIS GENRE #139 : \u00ab\u00a0sp\u00e9cial UK\u00a0\u00bb<\/a><\/p>\n\n\n\n<p>\ud83c\udd95<a href=\"https:\/\/saesfrance.org\/annales-capes-externe-2026\/\">Les sujets des \u00e9preuves \u00e9crites du CAPES L3 et M2 sont disponibles ici<\/a><\/p>\n\n\n\n<p>\ud83c\udd95\ud83c\udfbcDeux artistes de la sc\u00e8ne musicale celtique, la chanteuse ga\u00e9lique manxoise Ruth Keggin et la harpiste \u00e9cossaise Rachel Hair, pr\u00e9sentent la musique et les chansons de LOSSAN, leur tout premier album. <a href=\"https:\/\/www.chateau-hardelot.fr\/ruth-keggin-rachel-hair\">A regarder et \u00e0 \u00e9couter au Chateau d&rsquo;Hardelot le 17 avril 2026<\/a>.<\/p>\n\n\n\n<p>\ud83c\udd95<a href=\"https:\/\/nzliberationmuseum.com\/\">New Zealand Liberation Museum, Le Quesnoy, un mus\u00e9e en Sambre-Avesnois qui vous ouvre ses portes.<\/a><\/p>\n\n\n\n<p>\ud83c\udd95\ud83d\udce7<a href=\"https:\/\/pedagogie.ac-lille.fr\/anglais\/%e2%9c%89%ef%b8%8f-info-lettre-n2-ac-lille\/\">L\u2019info-lettre n\u00b03 sur l&rsquo;actualit\u00e9 de l\u2019anglais dans l\u2019acad\u00e9mie de Lille est disponible<\/a> !<\/p>\n\n\n\n<p>\ud83c\udd95\ud83e\udd88<a href=\"https:\/\/www.youtube.com\/watch?v=yBuTSxlVnrU\">I am Martin Parr<\/a>, <a href=\"https:\/\/www.france.tv\/documentaires\/documentaires-art-et-culture\/6899224-i-am-matin-parr-le-photographe-so-british.html#about-section\">film documentaire r\u00e9alis\u00e9 par Lee Shulman en 2024, visible sur France TV<\/a><\/p>\n\n\n\n<p>\ud83c\udd95Q&amp;A-<a href=\"https:\/\/pedagogie.ac-lille.fr\/anglais\/%e2%9d%93foire-aux-questions-sur-les-nouveaux-programmes\/\">Vous trouverez dans cette FAQ<\/a> les questions souvent pos\u00e9es par les enseignants au sujet des nouveaux programmes<\/p>\n\n\n\n<p>\ud83c\udd95Pour sa 11e \u00e9dition, la <a href=\"https:\/\/www.education.gouv.fr\/semaine-des-langues-vivantes-11996\">Semaine des langues vivantes se d\u00e9roulera du 23 au 28 mars 2026<\/a> : \u00ab\u00a0Les langues pour comprendre le monde\u00a0\u00bb. Merci de nous communiquer vos projets en \u00e9tablissement en amont et ou en aval de cet \u00e9v\u00e8nement.<\/p>\n\n\n\n<p>\ud83c\udd95<a href=\"https:\/\/pedagogie.ac-lille.fr\/anglais\/category\/ressources-academiques-nouveaux-programmes\/\">Les ressources acad\u00e9miques nouveaux programmes d\u2019anglais <\/a>sont disponibles<\/p>\n\n\n\n<p><\/p>\n\n\n\n<p><\/p>\n\n\n\n<p class=\"has-text-align-left\"><\/p>\n\n\n\n<p class=\"has-text-align-left\"><\/p>\n\n\n\n<div class=\"wp-block-columns is-layout-flex wp-container-core-columns-is-layout-28f84493 wp-block-columns-is-layout-flex\">\n<div class=\"wp-block-column is-layout-flow wp-block-column-is-layout-flow\">\n<h3 class=\"wp-block-heading\">\u21e2 Actualit\u00e9s coll\u00e8ge<\/h3>\n\n\n\n<p>\ud83c\udfeb<a href=\"https:\/\/pedagogie.ac-lille.fr\/anglais\/%e2%9a%a0%ef%b8%8fnouveaux-programmes-danglais\/\">Tout sur les nouveaux programmes d\u2019anglais pour le coll\u00e8ge <\/a><\/p>\n\n\n\n<p><\/p>\n\n\n\n<p>Un nouveau format d\u2019\u00e9mission, intitul\u00e9 <a href=\"https:\/\/pedagogie.ac-lille.fr\/anglais\/ressources-daccompagnement-pour-les-langues-vivantes-etrangeres-et-regionales-aux-cycles-3-et-4\/\">\u00ab&nbsp;<strong>Regards sur<\/strong>&nbsp;\u00bb, est propos\u00e9 pour pr\u00e9senter les nouveaux programmes<\/a> pour le coll\u00e8ge.<\/p>\n\n\n\n<p>Nouveaux programmes : l\u2019\u00e9quipe des IA-IPR d\u2019anglais a organis\u00e9 un webinaire \u00e0 destination des enseignants de coll\u00e8ge le mardi 24 juin 2025. <a href=\"https:\/\/pedagogie.ac-lille.fr\/anglais\/%f0%9f%86%95webinaire-nouveaux-programmes-college\/\">Vous retrouverez le diaporama utilis\u00e9 ici.<\/a><\/p>\n\n\n\n<p><\/p>\n\n\n\n<p><\/p>\n\n\n\n<h3 class=\"wp-block-heading\">\u21e2 Actualit\u00e9s lyc\u00e9e<\/h3>\n\n\n\n<p>\ud83c\udfeb<a href=\"http:\/\/\ud83c\udd95\ud83c\udfebTout sur les nouveaux programmes d\u2019anglais pour le coll\u00e8ge\">Tout sur les nouveaux programmes d\u2019anglais pour le lyc\u00e9e<\/a><\/p>\n\n\n\n<p>Un nouveau format d\u2019\u00e9mission, intitul\u00e9<a href=\"https:\/\/pedagogie.ac-lille.fr\/anglais\/%f0%9f%93%baressources-daccompagnement-pour-les-langues-vivantes-etrangeres-et-regionales-au-lycee\/\"> \u00ab&nbsp;<strong>Regards sur<\/strong>&nbsp;\u00bb, est propos\u00e9 pour pr\u00e9senter les nouveaux programmes <\/a>pour le lyc\u00e9e.<\/p>\n\n\n\n<p><a href=\"https:\/\/pedagogie.ac-lille.fr\/anglais\/%f0%9f%86%95programme-limitatif-pour-lenseignement-de-specialite-de-llcer-en-classe-premiere-pour-les-annees-scolaires-2025-2026-et-2026-2027\/\">Programme limitatif pour l\u2019enseignement de sp\u00e9cialit\u00e9 de LLCER en classe premi\u00e8re<\/a> pour les ann\u00e9es scolaires 2025-2026 et 2026-2027<\/p>\n\n\n\n<p><\/p>\n\n\n\n<p><\/p>\n\n\n\n<p><\/p>\n\n\n\n<p><\/p>\n\n\n\n<p><\/p>\n<\/div>\n<\/div>\n\n\n\n<p><\/p>\n\n\n\n<div class=\"wp-block-columns is-layout-flex wp-container-core-columns-is-layout-28f84493 wp-block-columns-is-layout-flex\">\n<div class=\"wp-block-column is-layout-flow wp-block-column-is-layout-flow\">\n<figure class=\"wp-block-image size-full\"><a href=\"https:\/\/pedagogie.ac-lille.fr\/anglais\/category\/programmes-et-ressources-officielles-anglais\/\"><img loading=\"lazy\" decoding=\"async\" width=\"505\" height=\"261\" src=\"https:\/\/pedagogie.ac-lille.fr\/anglais\/wp-content\/uploads\/sites\/25\/2023\/02\/ressources-officelles.png\" alt=\"\" class=\"wp-image-426\" srcset=\"https:\/\/pedagogie.ac-lille.fr\/anglais\/wp-content\/uploads\/sites\/25\/2023\/02\/ressources-officelles.png 505w, https:\/\/pedagogie.ac-lille.fr\/anglais\/wp-content\/uploads\/sites\/25\/2023\/02\/ressources-officelles-300x155.png 300w\" sizes=\"auto, (max-width: 505px) 100vw, 505px\" \/><\/a><\/figure>\n<\/div>\n\n\n\n<div class=\"wp-block-column is-layout-flow wp-block-column-is-layout-flow\">\n<figure class=\"wp-block-image size-full\"><a href=\"https:\/\/pedagogie.ac-lille.fr\/anglais\/category\/examens-certifications-concours\/\"><img loading=\"lazy\" decoding=\"async\" width=\"507\" height=\"262\" src=\"https:\/\/pedagogie.ac-lille.fr\/anglais\/wp-content\/uploads\/sites\/25\/2023\/02\/examens-certif-concours.png\" alt=\"\" class=\"wp-image-429\" srcset=\"https:\/\/pedagogie.ac-lille.fr\/anglais\/wp-content\/uploads\/sites\/25\/2023\/02\/examens-certif-concours.png 507w, https:\/\/pedagogie.ac-lille.fr\/anglais\/wp-content\/uploads\/sites\/25\/2023\/02\/examens-certif-concours-300x155.png 300w\" sizes=\"auto, (max-width: 507px) 100vw, 507px\" \/><\/a><\/figure>\n<\/div>\n\n\n\n<div class=\"wp-block-column is-layout-flow wp-block-column-is-layout-flow\">\n<figure class=\"wp-block-image size-full\"><a href=\"https:\/\/pedagogie.ac-lille.fr\/anglais\/category\/ressources-academiques\/\"><img loading=\"lazy\" decoding=\"async\" width=\"504\" height=\"263\" src=\"https:\/\/pedagogie.ac-lille.fr\/anglais\/wp-content\/uploads\/sites\/25\/2023\/02\/ressources-academiques.png\" alt=\"\" class=\"wp-image-432\" srcset=\"https:\/\/pedagogie.ac-lille.fr\/anglais\/wp-content\/uploads\/sites\/25\/2023\/02\/ressources-academiques.png 504w, https:\/\/pedagogie.ac-lille.fr\/anglais\/wp-content\/uploads\/sites\/25\/2023\/02\/ressources-academiques-300x157.png 300w\" sizes=\"auto, (max-width: 504px) 100vw, 504px\" \/><\/a><\/figure>\n<\/div>\n\n\n\n<div class=\"wp-block-column is-layout-flow wp-block-column-is-layout-flow\">\n<figure class=\"wp-block-image size-full\"><a href=\"https:\/\/pedagogie.ac-lille.fr\/anglais\/category\/autres-ressources\/\"><img loading=\"lazy\" decoding=\"async\" width=\"501\" height=\"264\" src=\"https:\/\/pedagogie.ac-lille.fr\/anglais\/wp-content\/uploads\/sites\/25\/2023\/02\/autres-ressources.png\" alt=\"\" class=\"wp-image-433\" srcset=\"https:\/\/pedagogie.ac-lille.fr\/anglais\/wp-content\/uploads\/sites\/25\/2023\/02\/autres-ressources.png 501w, https:\/\/pedagogie.ac-lille.fr\/anglais\/wp-content\/uploads\/sites\/25\/2023\/02\/autres-ressources-300x158.png 300w\" sizes=\"auto, (max-width: 501px) 100vw, 501px\" \/><\/a><\/figure>\n<\/div>\n\n\n\n<div class=\"wp-block-column is-layout-flow wp-block-column-is-layout-flow\">\n<figure class=\"wp-block-image size-full\"><a href=\"https:\/\/pedagogie.ac-lille.fr\/anglais\/category\/actualites-culturelles\/\"><img loading=\"lazy\" decoding=\"async\" width=\"534\" height=\"287\" src=\"http:\/\/pedagogie.ac-lille.fr\/anglais\/wp-content\/uploads\/sites\/25\/2023\/03\/culture-corner.png\" alt=\"\" class=\"wp-image-836\" srcset=\"https:\/\/pedagogie.ac-lille.fr\/anglais\/wp-content\/uploads\/sites\/25\/2023\/03\/culture-corner.png 534w, https:\/\/pedagogie.ac-lille.fr\/anglais\/wp-content\/uploads\/sites\/25\/2023\/03\/culture-corner-300x161.png 300w\" sizes=\"auto, (max-width: 534px) 100vw, 534px\" \/><\/a><\/figure>\n<\/div>\n\n\n\n<div class=\"wp-block-column is-layout-flow wp-block-column-is-layout-flow\">\n<figure class=\"wp-block-image size-full\"><a href=\"https:\/\/pedagogie.ac-lille.fr\/anglais\/category\/archives\/\"><img loading=\"lazy\" decoding=\"async\" width=\"507\" height=\"260\" src=\"https:\/\/pedagogie.ac-lille.fr\/anglais\/wp-content\/uploads\/sites\/25\/2023\/08\/Archives.png\" alt=\"\" class=\"wp-image-1287\" srcset=\"https:\/\/pedagogie.ac-lille.fr\/anglais\/wp-content\/uploads\/sites\/25\/2023\/08\/Archives.png 507w, https:\/\/pedagogie.ac-lille.fr\/anglais\/wp-content\/uploads\/sites\/25\/2023\/08\/Archives-300x154.png 300w\" sizes=\"auto, (max-width: 507px) 100vw, 507px\" \/><\/a><\/figure>\n<\/div>\n<\/div>\n","protected":false},"excerpt":{"rendered":"<p>Bienvenue sur le site anglais de l\u2019acad\u00e9mie de Lille. Il compl\u00e8te le portail des langues vivantes qui a \u00e9t\u00e9 con\u00e7u pour mettre \u00e0 votre disposition des informations, des textes officiels, et vous accompagner avec des ressources et diverses pistes d\u2019actions et de r\u00e9flexions. Ce site met donc en avant plus sp\u00e9cifiquement les informations et ressources [&hellip;]<\/p>\n","protected":false},"author":129,"featured_media":0,"parent":0,"menu_order":0,"comment_status":"closed","ping_status":"closed","template":"","meta":{"ngg_post_thumbnail":0,"footnotes":""},"class_list":["post-357","page","type-page","status-publish","czr-hentry"],"publishpress_future_action":{"enabled":false,"date":"2026-04-28 20:08:33","action":"change-status","newStatus":"draft","terms":[],"taxonomy":"","extraData":[]},"publishpress_future_workflow_manual_trigger":{"enabledWorkflows":[]},"_links":{"self":[{"href":"https:\/\/pedagogie.ac-lille.fr\/anglais\/wp-json\/wp\/v2\/pages\/357","targetHints":{"allow":["GET"]}}],"collection":[{"href":"https:\/\/pedagogie.ac-lille.fr\/anglais\/wp-json\/wp\/v2\/pages"}],"about":[{"href":"https:\/\/pedagogie.ac-lille.fr\/anglais\/wp-json\/wp\/v2\/types\/page"}],"author":[{"embeddable":true,"href":"https:\/\/pedagogie.ac-lille.fr\/anglais\/wp-json\/wp\/v2\/users\/129"}],"replies":[{"embeddable":true,"href":"https:\/\/pedagogie.ac-lille.fr\/anglais\/wp-json\/wp\/v2\/comments?post=357"}],"version-history":[{"count":623,"href":"https:\/\/pedagogie.ac-lille.fr\/anglais\/wp-json\/wp\/v2\/pages\/357\/revisions"}],"predecessor-version":[{"id":3270,"href":"https:\/\/pedagogie.ac-lille.fr\/anglais\/wp-json\/wp\/v2\/pages\/357\/revisions\/3270"}],"wp:attachment":[{"href":"https:\/\/pedagogie.ac-lille.fr\/anglais\/wp-json\/wp\/v2\/media?parent=357"}],"curies":[{"name":"wp","href":"https:\/\/api.w.org\/{rel}","templated":true}]}}