{"id":1179,"date":"2022-05-04T14:47:26","date_gmt":"2022-05-04T12:47:26","guid":{"rendered":"https:\/\/pedagogie.ac-lille.fr\/arts-plastiques\/?page_id=1179"},"modified":"2026-01-31T18:00:42","modified_gmt":"2026-01-31T17:00:42","slug":"numerique","status":"publish","type":"page","link":"https:\/\/pedagogie.ac-lille.fr\/arts-plastiques\/numerique\/","title":{"rendered":"NUM\u00c9RIQUE"},"content":{"rendered":"\n<hr class=\"wp-block-separator has-text-color has-black-color has-alpha-channel-opacity has-black-background-color has-background is-style-wide\" \/>\n\n\n\n<div class=\"wp-block-cover has-custom-content-position is-position-center-right has-black-color has-text-color has-link-color wp-elements-a32dad15b041d1fb915771c48355d443\" style=\"border-style:none;border-width:0px;border-top-left-radius:0px;border-top-right-radius:0px;border-bottom-left-radius:0px;border-bottom-right-radius:0px;margin-top:0;margin-bottom:0;min-height:280px;aspect-ratio:unset;\"><img loading=\"lazy\" decoding=\"async\" width=\"500\" height=\"250\" class=\"wp-block-cover__image-background wp-image-813 size-full\" alt=\"\" src=\"https:\/\/pedagogie.ac-lille.fr\/arts-plastiques\/wp-content\/uploads\/sites\/46\/2022\/03\/EDU_NUM.png\" data-object-fit=\"cover\" srcset=\"https:\/\/pedagogie.ac-lille.fr\/arts-plastiques\/wp-content\/uploads\/sites\/46\/2022\/03\/EDU_NUM.png 500w, https:\/\/pedagogie.ac-lille.fr\/arts-plastiques\/wp-content\/uploads\/sites\/46\/2022\/03\/EDU_NUM-300x150.png 300w\" sizes=\"auto, (max-width: 500px) 100vw, 500px\" \/><span aria-hidden=\"true\" class=\"wp-block-cover__background has-background-dim-100 has-background-dim wp-block-cover__gradient-background has-background-gradient\" style=\"background:linear-gradient(108deg,rgba(255,255,255,0) 0%,rgb(6,147,227) 37%,rgb(155,81,224) 100%)\"><\/span><div class=\"wp-block-cover__inner-container is-layout-constrained wp-container-core-cover-is-layout-be04af43 wp-block-cover-is-layout-constrained\">\n<div class=\"wp-block-columns is-layout-flex wp-container-core-columns-is-layout-28f84493 wp-block-columns-is-layout-flex\">\n<div class=\"wp-block-column is-vertically-aligned-center is-layout-flow wp-block-column-is-layout-flow\">\n<h1 class=\"wp-block-heading has-text-align-center has-white-color has-text-color has-link-color has-large-font-size wp-elements-7bcc3070120a107d958b043aa0ab1443\" style=\"margin-top:0;margin-right:0;margin-bottom:0;margin-left:0\"><strong>EDU_NUM<\/strong><\/h1>\n<\/div>\n\n\n\n<div class=\"wp-block-column is-layout-flow wp-block-column-is-layout-flow\">\n<p class=\"has-white-color has-text-color has-link-color wp-elements-6f5204fe0e4f0d4abb16d9e0e4d24b3c\"><em><strong>Les lettres \u00c9duNum en arts plastiques r\u00e9sument r\u00e9guli\u00e8rement l&rsquo;activit\u00e9 p\u00e9dagogique du num\u00e9rique. En proposant une pr\u00e9sentation d&rsquo;actions nationales ou acad\u00e9miques, d&rsquo;\u00e9v\u00e9nements en arts plastiques ou de ressources p\u00e9dagogiques, elles permettent aux enseignants de d\u00e9velopper leur pratique et d&rsquo;\u00e9largir l&rsquo;usage du num\u00e9rique en classe.<\/strong><\/em><\/p>\n<\/div>\n<\/div>\n<\/div><\/div>\n\n\n\n<p><\/p>\n\n\n\n<div class=\"wp-block-group\"><div class=\"wp-block-group__inner-container is-layout-constrained wp-block-group-is-layout-constrained\">\n<div class=\"wp-block-group\"><div class=\"wp-block-group__inner-container is-layout-constrained wp-block-group-is-layout-constrained\">\n<details class=\"wp-block-details has-black-color has-text-color has-link-color wp-elements-1c1ea7bc01de69e3fc43f4da6b6bcf7e is-layout-flow wp-block-details-is-layout-flow\"><summary>ACC\u00c8DEZ AUX LETTRES&#8230;<\/summary>\n<div class=\"wp-block-file\"><a id=\"wp-block-file--media-e5ee9d10-7f2c-46fe-bdef-8033733c8096\" href=\"https:\/\/pedagogie.ac-lille.fr\/arts-plastiques\/wp-content\/uploads\/sites\/46\/2025\/06\/edunum_thematique_18.pdf\" target=\"_blank\" rel=\"noreferrer noopener\">&#8211; Lettre EDU_NUM N\u00b018<\/a><\/div>\n\n\n\n<div class=\"wp-block-file\"><a id=\"wp-block-file--media-972eadf0-3644-41b4-8da8-09b9acdf3445\" href=\"http:\/\/pedagogie.ac-lille.fr\/arts-plastiques\/wp-content\/uploads\/sites\/46\/2025\/01\/lettre_edunum_thematique21-janvier2024-1.pdf\" target=\"_blank\" rel=\"noreferrer noopener\">&#8211; Lettre EDU_NUM N\u00b021<\/a><\/div>\n\n\n\n<div class=\"wp-block-file\"><a id=\"wp-block-file--media-87f3f5c3-7d3a-43de-b543-8be715736943\" href=\"http:\/\/pedagogie.ac-lille.fr\/arts-plastiques\/wp-content\/uploads\/sites\/46\/2025\/01\/lettre_edunum_thematique-25_janvier2025.pdf\" target=\"_blank\" rel=\"noreferrer noopener\">&#8211; Lettre EDU_NUM N\u00b025<\/a><\/div>\n\n\n\n<div class=\"wp-block-file\"><a id=\"wp-block-file--media-1fe41eec-542c-47e5-8502-1f46d4f5eb87\" href=\"http:\/\/pedagogie.ac-lille.fr\/arts-plastiques\/wp-content\/uploads\/sites\/46\/2025\/01\/lettre_edunum_thematique-26_0.pdf\" target=\"_blank\" rel=\"noreferrer noopener\">&#8211; Lettre EDU_NUM N\u00b026<\/a><\/div>\n\n\n\n<div class=\"wp-block-file\"><a id=\"wp-block-file--media-9231fecd-50ab-437a-90ab-52413d38e175\" href=\"https:\/\/pedagogie.ac-lille.fr\/arts-plastiques\/wp-content\/uploads\/sites\/46\/2025\/06\/lettre-edunum_27_ap_0.pdf\" target=\"_blank\" rel=\"noreferrer noopener\">&#8211; Lettre EDU_NUM N\u00b027<\/a><\/div>\n\n\n\n<div class=\"wp-block-file\"><a id=\"wp-block-file--media-7ecc3020-9537-4722-bd30-ee14cdd20b19\" href=\"https:\/\/pedagogie.ac-lille.fr\/arts-plastiques\/wp-content\/uploads\/sites\/46\/2025\/06\/lettre-edunum-ap28-mai2024.pdf\" target=\"_blank\" rel=\"noreferrer noopener\">&#8211; Lettre EDU_NUM N\u00b028<\/a><\/div>\n\n\n\n<div class=\"wp-block-file\"><a id=\"wp-block-file--media-e0d97bca-4a8c-405e-b26b-8c0b62e00808\" href=\"https:\/\/pedagogie.ac-lille.fr\/arts-plastiques\/wp-content\/uploads\/sites\/46\/2025\/06\/lettre-edunum-ap29-mai2025.pdf\" target=\"_blank\" rel=\"noreferrer noopener\">&#8211; Lettre EDU_NUM N\u00b029<\/a><\/div>\n<\/details>\n<\/div><\/div>\n<\/div><\/div>\n\n\n\n<hr class=\"wp-block-separator has-text-color has-black-color has-alpha-channel-opacity has-black-background-color has-background is-style-wide\" \/>\n\n\n\n<div class=\"wp-block-cover\" style=\"min-height:280px;aspect-ratio:unset;\"><img loading=\"lazy\" decoding=\"async\" width=\"2263\" height=\"866\" class=\"wp-block-cover__image-background wp-image-2337 size-full\" alt=\"\" src=\"https:\/\/pedagogie.ac-lille.fr\/arts-plastiques\/wp-content\/uploads\/sites\/46\/2022\/11\/logo-traam.jpeg\" style=\"object-position:50% 40%\" data-object-fit=\"cover\" data-object-position=\"50% 40%\" srcset=\"https:\/\/pedagogie.ac-lille.fr\/arts-plastiques\/wp-content\/uploads\/sites\/46\/2022\/11\/logo-traam.jpeg 2263w, https:\/\/pedagogie.ac-lille.fr\/arts-plastiques\/wp-content\/uploads\/sites\/46\/2022\/11\/logo-traam-300x115.jpeg 300w, https:\/\/pedagogie.ac-lille.fr\/arts-plastiques\/wp-content\/uploads\/sites\/46\/2022\/11\/logo-traam-1024x392.jpeg 1024w, https:\/\/pedagogie.ac-lille.fr\/arts-plastiques\/wp-content\/uploads\/sites\/46\/2022\/11\/logo-traam-768x294.jpeg 768w, https:\/\/pedagogie.ac-lille.fr\/arts-plastiques\/wp-content\/uploads\/sites\/46\/2022\/11\/logo-traam-1536x588.jpeg 1536w, https:\/\/pedagogie.ac-lille.fr\/arts-plastiques\/wp-content\/uploads\/sites\/46\/2022\/11\/logo-traam-2048x784.jpeg 2048w\" sizes=\"auto, (max-width: 2263px) 100vw, 2263px\" \/><span aria-hidden=\"true\" class=\"wp-block-cover__background has-background-dim wp-block-cover__gradient-background has-background-gradient has-vivid-cyan-blue-to-vivid-purple-gradient-background\"><\/span><div class=\"wp-block-cover__inner-container is-layout-constrained wp-block-cover-is-layout-constrained\">\n<p class=\"has-text-align-center has-large-font-size\"><\/p>\n<\/div><\/div>\n\n\n\n<p>DEVELOPPER DES GALERIES VIRTUELLES \u00c0 DIMENSION P\u00c9DAGOGIQUE<\/p>\n\n\n\n<p>Dans la veine des galeries virtuelles d\u00e9velopp\u00e9es par de grandes institutions culturelles afin de rendre accessible en ligne leurs collections, nombre d\u2019enseignants cr\u00e9ent et engagent leurs \u00e9l\u00e8ves dans la production de galeries virtuelles \u00e0 dimension p\u00e9dagogique donnant la possibilit\u00e9 de diffuser le travail de cr\u00e9ation op\u00e9r\u00e9 en classe hors la classe. Ces galeries sont \u00e9galement l\u2019occasion de partager des r\u00e9f\u00e9rences artistiques et culturelles afin d\u2019\u00e9toffer la culture artistique de leurs \u00e9l\u00e8ves.<\/p>\n\n\n\n<p><a href=\"https:\/\/eduscol.education.fr\/3161\/developper-des-galeries-virtuelles-dimension-pedagogique\">https:\/\/eduscol.education.fr\/3161\/developper-des-galeries-virtuelles-dimension-pedagogique<\/a><\/p>\n\n\n\n<hr class=\"wp-block-separator has-text-color has-black-color has-alpha-channel-opacity has-black-background-color has-background is-style-wide\" \/>\n\n\n\n<div class=\"wp-block-cover\" style=\"min-height:280px;aspect-ratio:unset;\"><img loading=\"lazy\" decoding=\"async\" width=\"500\" height=\"500\" class=\"wp-block-cover__image-background wp-image-1208 size-full\" alt=\"\" src=\"http:\/\/pedagogie.ac-lille.fr\/arts-plastiques\/wp-content\/uploads\/sites\/46\/2022\/05\/NUMERIQUE.png\" style=\"object-position:50% 33%\" data-object-fit=\"cover\" data-object-position=\"50% 33%\" srcset=\"https:\/\/pedagogie.ac-lille.fr\/arts-plastiques\/wp-content\/uploads\/sites\/46\/2022\/05\/NUMERIQUE.png 500w, https:\/\/pedagogie.ac-lille.fr\/arts-plastiques\/wp-content\/uploads\/sites\/46\/2022\/05\/NUMERIQUE-300x300.png 300w, https:\/\/pedagogie.ac-lille.fr\/arts-plastiques\/wp-content\/uploads\/sites\/46\/2022\/05\/NUMERIQUE-150x150.png 150w\" sizes=\"auto, (max-width: 500px) 100vw, 500px\" \/><span aria-hidden=\"true\" class=\"wp-block-cover__background has-background-dim wp-block-cover__gradient-background has-background-gradient\" style=\"background:linear-gradient(108deg,rgba(255,255,255,0.02) 7%,rgb(6,147,227) 53%,rgb(155,81,224) 100%)\"><\/span><div class=\"wp-block-cover__inner-container is-layout-constrained wp-block-cover-is-layout-constrained\">\n<h1 class=\"wp-block-heading has-text-align-center\" style=\"font-size:28px\"><strong>ARTICLES ASSOCI\u00c9S<\/strong><\/h1>\n<\/div><\/div>\n\n\n<ul class=\"wp-block-latest-posts__list wp-block-latest-posts\"><li><div class=\"wp-block-latest-posts__featured-image alignleft\"><a href=\"https:\/\/pedagogie.ac-lille.fr\/arts-plastiques\/intelligence-artificielle\/\" aria-label=\"INTELLIGENCE ARTIFICIELLE\"><img loading=\"lazy\" decoding=\"async\" width=\"300\" height=\"212\" src=\"https:\/\/pedagogie.ac-lille.fr\/arts-plastiques\/wp-content\/uploads\/sites\/46\/2025\/01\/MEA-300x212.jpg\" class=\"attachment-medium size-medium wp-post-image\" alt=\"\" style=\"max-width:150px;max-height:150px;\" srcset=\"https:\/\/pedagogie.ac-lille.fr\/arts-plastiques\/wp-content\/uploads\/sites\/46\/2025\/01\/MEA-300x212.jpg 300w, https:\/\/pedagogie.ac-lille.fr\/arts-plastiques\/wp-content\/uploads\/sites\/46\/2025\/01\/MEA-1024x724.jpg 1024w, https:\/\/pedagogie.ac-lille.fr\/arts-plastiques\/wp-content\/uploads\/sites\/46\/2025\/01\/MEA-768x543.jpg 768w, https:\/\/pedagogie.ac-lille.fr\/arts-plastiques\/wp-content\/uploads\/sites\/46\/2025\/01\/MEA-1536x1086.jpg 1536w, https:\/\/pedagogie.ac-lille.fr\/arts-plastiques\/wp-content\/uploads\/sites\/46\/2025\/01\/MEA.jpg 2000w\" sizes=\"auto, (max-width: 300px) 100vw, 300px\" \/><\/a><\/div><a class=\"wp-block-latest-posts__post-title\" href=\"https:\/\/pedagogie.ac-lille.fr\/arts-plastiques\/intelligence-artificielle\/\">INTELLIGENCE ARTIFICIELLE<\/a><div class=\"wp-block-latest-posts__post-excerpt\">L&rsquo;IA g\u00e9n\u00e9rative progresse \u00e0 une vitesse fulgurante. Elle produit en quelques secondes du texte, des images et du contenu audio. Des prouesses qui, bien utilis\u00e9es, peuvent en faire une alli\u00e9e dans de nombreux domaines de la vie des ados, mais\u2026 <a class=\"wp-block-latest-posts__read-more\" href=\"https:\/\/pedagogie.ac-lille.fr\/arts-plastiques\/intelligence-artificielle\/\" rel=\"noopener noreferrer\">Lire la suite<span class=\"screen-reader-text\">\u00a0: INTELLIGENCE ARTIFICIELLE<\/span><\/a><\/div><\/li>\n<li><div class=\"wp-block-latest-posts__featured-image alignleft\"><a href=\"https:\/\/pedagogie.ac-lille.fr\/arts-plastiques\/their-eyes-un-documentaire-realise-par-nicolas-gourault\/\" aria-label=\"THEIR EYES, un documentaire r\u00e9alis\u00e9 par Nicolas Gourault\"><img loading=\"lazy\" decoding=\"async\" width=\"300\" height=\"169\" src=\"https:\/\/pedagogie.ac-lille.fr\/arts-plastiques\/wp-content\/uploads\/sites\/46\/2025\/11\/71A992BC93714FF286DEE6ACAB590B2E-300x169.jpg\" class=\"attachment-medium size-medium wp-post-image\" alt=\"\" style=\"max-width:150px;max-height:150px;\" srcset=\"https:\/\/pedagogie.ac-lille.fr\/arts-plastiques\/wp-content\/uploads\/sites\/46\/2025\/11\/71A992BC93714FF286DEE6ACAB590B2E-300x169.jpg 300w, https:\/\/pedagogie.ac-lille.fr\/arts-plastiques\/wp-content\/uploads\/sites\/46\/2025\/11\/71A992BC93714FF286DEE6ACAB590B2E-768x432.jpg 768w, https:\/\/pedagogie.ac-lille.fr\/arts-plastiques\/wp-content\/uploads\/sites\/46\/2025\/11\/71A992BC93714FF286DEE6ACAB590B2E-528x297.jpg 528w, https:\/\/pedagogie.ac-lille.fr\/arts-plastiques\/wp-content\/uploads\/sites\/46\/2025\/11\/71A992BC93714FF286DEE6ACAB590B2E.jpg 800w\" sizes=\"auto, (max-width: 300px) 100vw, 300px\" \/><\/a><\/div><a class=\"wp-block-latest-posts__post-title\" href=\"https:\/\/pedagogie.ac-lille.fr\/arts-plastiques\/their-eyes-un-documentaire-realise-par-nicolas-gourault\/\">THEIR EYES, un documentaire r\u00e9alis\u00e9 par Nicolas Gourault<\/a><div class=\"wp-block-latest-posts__post-excerpt\">VOIR LA FICHE DU FILM VOIR BANDE-ANNONCE<\/div><\/li>\n<li><div class=\"wp-block-latest-posts__featured-image alignleft\"><a href=\"https:\/\/pedagogie.ac-lille.fr\/arts-plastiques\/referentiel-wi-fi\/\" aria-label=\"R\u00c9F\u00c9RENTIEL WI-FI\"><img loading=\"lazy\" decoding=\"async\" width=\"300\" height=\"150\" src=\"https:\/\/pedagogie.ac-lille.fr\/arts-plastiques\/wp-content\/uploads\/sites\/46\/2022\/03\/EDUSCOL-300x150.png\" class=\"attachment-medium size-medium wp-post-image\" alt=\"\" style=\"max-width:150px;max-height:150px;\" srcset=\"https:\/\/pedagogie.ac-lille.fr\/arts-plastiques\/wp-content\/uploads\/sites\/46\/2022\/03\/EDUSCOL-300x150.png 300w, https:\/\/pedagogie.ac-lille.fr\/arts-plastiques\/wp-content\/uploads\/sites\/46\/2022\/03\/EDUSCOL.png 500w\" sizes=\"auto, (max-width: 300px) 100vw, 300px\" \/><\/a><\/div><a class=\"wp-block-latest-posts__post-title\" href=\"https:\/\/pedagogie.ac-lille.fr\/arts-plastiques\/referentiel-wi-fi\/\">R\u00c9F\u00c9RENTIEL WI-FI<\/a><div class=\"wp-block-latest-posts__post-excerpt\">Le r\u00e9f\u00e9rentiel Wi-Fi apporte aux diff\u00e9rents acteurs du num\u00e9rique \u00e9ducatif\u00a0 les \u00e9l\u00e9ments \u00e0 prendre en compte lors de la mise en place du Wi-Fi en \u00e9tablissement et \u00e9cole, afin de les aider \u00e0 obtenir une infrastructure fiable et adapt\u00e9e aux\u2026 <a class=\"wp-block-latest-posts__read-more\" href=\"https:\/\/pedagogie.ac-lille.fr\/arts-plastiques\/referentiel-wi-fi\/\" rel=\"noopener noreferrer\">Lire la suite<span class=\"screen-reader-text\">\u00a0: R\u00c9F\u00c9RENTIEL WI-FI<\/span><\/a><\/div><\/li>\n<li><div class=\"wp-block-latest-posts__featured-image alignleft\"><a href=\"https:\/\/pedagogie.ac-lille.fr\/arts-plastiques\/enjeux-educatifs-de-limage-numerique-en-arts-plastiques\/\" aria-label=\"ENJEUX EDUCATIFS DE L&rsquo;IMAGE NUM\u00c9RIQUE EN ARTS PLASTIQUES\"><img loading=\"lazy\" decoding=\"async\" width=\"137\" height=\"200\" src=\"https:\/\/pedagogie.ac-lille.fr\/arts-plastiques\/wp-content\/uploads\/sites\/46\/2023\/02\/image_preview.gif\" class=\"attachment-medium size-medium wp-post-image\" alt=\"\" style=\"max-width:150px;max-height:150px;\" \/><\/a><\/div><a class=\"wp-block-latest-posts__post-title\" href=\"https:\/\/pedagogie.ac-lille.fr\/arts-plastiques\/enjeux-educatifs-de-limage-numerique-en-arts-plastiques\/\">ENJEUX EDUCATIFS DE L&rsquo;IMAGE NUM\u00c9RIQUE EN ARTS PLASTIQUES<\/a><div class=\"wp-block-latest-posts__post-excerpt\">COLL\u00c8GE ET LYC\u00c9E Cette ressource permet de situer des enjeux \u00e9ducatifs de l&rsquo;image num\u00e9rique en arts plastiques. Quand de nouvelles pratiques artistiques apparaissent \u00e0 l\u2019aune des innovations technologiques, il convient d\u2019\u00e9duquer les \u00e9l\u00e8ves \u00e0 l\u2019usage de ces langages dont les\u2026 <a class=\"wp-block-latest-posts__read-more\" href=\"https:\/\/pedagogie.ac-lille.fr\/arts-plastiques\/enjeux-educatifs-de-limage-numerique-en-arts-plastiques\/\" rel=\"noopener noreferrer\">Lire la suite<span class=\"screen-reader-text\">\u00a0: ENJEUX EDUCATIFS DE L&rsquo;IMAGE NUM\u00c9RIQUE EN ARTS PLASTIQUES<\/span><\/a><\/div><\/li>\n<li><div class=\"wp-block-latest-posts__featured-image alignleft\"><a href=\"https:\/\/pedagogie.ac-lille.fr\/arts-plastiques\/protection-des-donnees-personnelles-et-assistance\/\" aria-label=\"PROTECTION DES DONN\u00c9ES PERSONNELLES ET ASSISTANCE\"><img loading=\"lazy\" decoding=\"async\" width=\"300\" height=\"142\" src=\"https:\/\/pedagogie.ac-lille.fr\/arts-plastiques\/wp-content\/uploads\/sites\/46\/2024\/01\/Logo-reseau-Canope-300x142.jpg\" class=\"attachment-medium size-medium wp-post-image\" alt=\"\" style=\"max-width:150px;max-height:150px;\" srcset=\"https:\/\/pedagogie.ac-lille.fr\/arts-plastiques\/wp-content\/uploads\/sites\/46\/2024\/01\/Logo-reseau-Canope-300x142.jpg 300w, https:\/\/pedagogie.ac-lille.fr\/arts-plastiques\/wp-content\/uploads\/sites\/46\/2024\/01\/Logo-reseau-Canope-768x364.jpg 768w, https:\/\/pedagogie.ac-lille.fr\/arts-plastiques\/wp-content\/uploads\/sites\/46\/2024\/01\/Logo-reseau-Canope.jpg 950w\" sizes=\"auto, (max-width: 300px) 100vw, 300px\" \/><\/a><\/div><a class=\"wp-block-latest-posts__post-title\" href=\"https:\/\/pedagogie.ac-lille.fr\/arts-plastiques\/protection-des-donnees-personnelles-et-assistance\/\">PROTECTION DES DONN\u00c9ES PERSONNELLES ET ASSISTANCE<\/a><div class=\"wp-block-latest-posts__post-excerpt\">De nombreux usages p\u00e9dagogiques s&rsquo;appuient aujourd&rsquo;hui sur l&rsquo;utilisation de donn\u00e9es personnelles des \u00e9l\u00e8ves, c&rsquo;est-\u00e0-dire sur des informations qui permettent de les identifier (nom, pr\u00e9nom, coordonn\u00e9es, donn\u00e9es biom\u00e9triques, etc.). Le R\u00e8glement g\u00e9n\u00e9ral sur la protection des donn\u00e9es (RGPD) renforce les droits\u2026 <a class=\"wp-block-latest-posts__read-more\" href=\"https:\/\/pedagogie.ac-lille.fr\/arts-plastiques\/protection-des-donnees-personnelles-et-assistance\/\" rel=\"noopener noreferrer\">Lire la suite<span class=\"screen-reader-text\">\u00a0: PROTECTION DES DONN\u00c9ES PERSONNELLES ET ASSISTANCE<\/span><\/a><\/div><\/li>\n<li><div class=\"wp-block-latest-posts__featured-image alignleft\"><a href=\"https:\/\/pedagogie.ac-lille.fr\/arts-plastiques\/les-usages-du-numerique-en-arts-plastiques\/\" aria-label=\"Les usages du num\u00e9rique en arts plastiques\"><img loading=\"lazy\" decoding=\"async\" width=\"300\" height=\"150\" src=\"https:\/\/pedagogie.ac-lille.fr\/arts-plastiques\/wp-content\/uploads\/sites\/46\/2022\/03\/EDUSCOL-300x150.png\" class=\"attachment-medium size-medium wp-post-image\" alt=\"\" style=\"max-width:150px;max-height:150px;\" srcset=\"https:\/\/pedagogie.ac-lille.fr\/arts-plastiques\/wp-content\/uploads\/sites\/46\/2022\/03\/EDUSCOL-300x150.png 300w, https:\/\/pedagogie.ac-lille.fr\/arts-plastiques\/wp-content\/uploads\/sites\/46\/2022\/03\/EDUSCOL.png 500w\" sizes=\"auto, (max-width: 300px) 100vw, 300px\" \/><\/a><\/div><a class=\"wp-block-latest-posts__post-title\" href=\"https:\/\/pedagogie.ac-lille.fr\/arts-plastiques\/les-usages-du-numerique-en-arts-plastiques\/\">Les usages du num\u00e9rique en arts plastiques<\/a><div class=\"wp-block-latest-posts__post-excerpt\">COLL\u00c8GE \/ CYCLE 4<\/div><\/li>\n<li><div class=\"wp-block-latest-posts__featured-image alignleft\"><a href=\"https:\/\/pedagogie.ac-lille.fr\/arts-plastiques\/quelques-reperes-pour-situer-et-actualiser-la-question-du-numerique-dans-lenseignement-des-arts-plastiques\/\" aria-label=\"Quelques rep\u00e8res pour situer et actualiser la question du num\u00e9rique dans l\u2019enseignement des arts plastiques\"><img loading=\"lazy\" decoding=\"async\" width=\"300\" height=\"150\" src=\"https:\/\/pedagogie.ac-lille.fr\/arts-plastiques\/wp-content\/uploads\/sites\/46\/2022\/03\/EDUSCOL-300x150.png\" class=\"attachment-medium size-medium wp-post-image\" alt=\"\" style=\"max-width:150px;max-height:150px;\" srcset=\"https:\/\/pedagogie.ac-lille.fr\/arts-plastiques\/wp-content\/uploads\/sites\/46\/2022\/03\/EDUSCOL-300x150.png 300w, https:\/\/pedagogie.ac-lille.fr\/arts-plastiques\/wp-content\/uploads\/sites\/46\/2022\/03\/EDUSCOL.png 500w\" sizes=\"auto, (max-width: 300px) 100vw, 300px\" \/><\/a><\/div><a class=\"wp-block-latest-posts__post-title\" href=\"https:\/\/pedagogie.ac-lille.fr\/arts-plastiques\/quelques-reperes-pour-situer-et-actualiser-la-question-du-numerique-dans-lenseignement-des-arts-plastiques\/\">Quelques rep\u00e8res pour situer et actualiser la question du num\u00e9rique dans l\u2019enseignement des arts plastiques<\/a><div class=\"wp-block-latest-posts__post-excerpt\">COLL\u00c8GE \/ CYCLE 4<\/div><\/li>\n<li><div class=\"wp-block-latest-posts__featured-image alignleft\"><a href=\"https:\/\/pedagogie.ac-lille.fr\/arts-plastiques\/pret-de-materiels-numeriques\/\" aria-label=\"PR\u00caT DE MATERIELS NUM\u00c9RIQUES \/\"><img loading=\"lazy\" decoding=\"async\" width=\"300\" height=\"150\" src=\"https:\/\/pedagogie.ac-lille.fr\/arts-plastiques\/wp-content\/uploads\/sites\/46\/2022\/04\/ACAD_LILLE-300x150.png\" class=\"attachment-medium size-medium wp-post-image\" alt=\"\" style=\"max-width:150px;max-height:150px;\" srcset=\"https:\/\/pedagogie.ac-lille.fr\/arts-plastiques\/wp-content\/uploads\/sites\/46\/2022\/04\/ACAD_LILLE-300x150.png 300w, https:\/\/pedagogie.ac-lille.fr\/arts-plastiques\/wp-content\/uploads\/sites\/46\/2022\/04\/ACAD_LILLE.png 500w\" sizes=\"auto, (max-width: 300px) 100vw, 300px\" \/><\/a><\/div><a class=\"wp-block-latest-posts__post-title\" href=\"https:\/\/pedagogie.ac-lille.fr\/arts-plastiques\/pret-de-materiels-numeriques\/\">PR\u00caT DE MATERIELS NUM\u00c9RIQUES \/<\/a><div class=\"wp-block-latest-posts__post-excerpt\">D\u00c9L\u00c9GATION ACAD\u00c9MIQUE AU NUM\u00c9RIQUE \u00c9DUCATIF (DANE)<\/div><\/li>\n<\/ul>","protected":false},"excerpt":{"rendered":"<p>DEVELOPPER DES GALERIES VIRTUELLES \u00c0 DIMENSION P\u00c9DAGOGIQUE Dans la veine des galeries virtuelles d\u00e9velopp\u00e9es par de grandes institutions culturelles afin de rendre accessible en ligne leurs collections, nombre d\u2019enseignants cr\u00e9ent et engagent leurs \u00e9l\u00e8ves dans la production de galeries virtuelles \u00e0 dimension p\u00e9dagogique donnant la possibilit\u00e9 de diffuser le travail de cr\u00e9ation op\u00e9r\u00e9 en classe [&hellip;]<\/p>\n","protected":false},"author":86,"featured_media":0,"parent":0,"menu_order":4,"comment_status":"closed","ping_status":"closed","template":"","meta":{"ngg_post_thumbnail":0,"footnotes":""},"class_list":["post-1179","page","type-page","status-publish","czr-hentry"],"publishpress_future_action":{"enabled":false,"date":"2026-04-12 21:43:38","action":"change-status","newStatus":"draft","terms":[],"taxonomy":"","extraData":[]},"publishpress_future_workflow_manual_trigger":{"enabledWorkflows":[]},"_links":{"self":[{"href":"https:\/\/pedagogie.ac-lille.fr\/arts-plastiques\/wp-json\/wp\/v2\/pages\/1179","targetHints":{"allow":["GET"]}}],"collection":[{"href":"https:\/\/pedagogie.ac-lille.fr\/arts-plastiques\/wp-json\/wp\/v2\/pages"}],"about":[{"href":"https:\/\/pedagogie.ac-lille.fr\/arts-plastiques\/wp-json\/wp\/v2\/types\/page"}],"author":[{"embeddable":true,"href":"https:\/\/pedagogie.ac-lille.fr\/arts-plastiques\/wp-json\/wp\/v2\/users\/86"}],"replies":[{"embeddable":true,"href":"https:\/\/pedagogie.ac-lille.fr\/arts-plastiques\/wp-json\/wp\/v2\/comments?post=1179"}],"version-history":[{"count":90,"href":"https:\/\/pedagogie.ac-lille.fr\/arts-plastiques\/wp-json\/wp\/v2\/pages\/1179\/revisions"}],"predecessor-version":[{"id":4678,"href":"https:\/\/pedagogie.ac-lille.fr\/arts-plastiques\/wp-json\/wp\/v2\/pages\/1179\/revisions\/4678"}],"wp:attachment":[{"href":"https:\/\/pedagogie.ac-lille.fr\/arts-plastiques\/wp-json\/wp\/v2\/media?parent=1179"}],"curies":[{"name":"wp","href":"https:\/\/api.w.org\/{rel}","templated":true}]}}