{"id":448,"date":"2022-03-12T19:21:37","date_gmt":"2022-03-12T18:21:37","guid":{"rendered":"https:\/\/pedagogie.ac-lille.fr\/arts-plastiques\/?page_id=448"},"modified":"2022-04-26T15:38:48","modified_gmt":"2022-04-26T13:38:48","slug":"differenciation-pedagogique","status":"publish","type":"page","link":"https:\/\/pedagogie.ac-lille.fr\/arts-plastiques\/differenciation-pedagogique\/","title":{"rendered":"DIFF\u00c9RENCIATION P\u00c9DAGOGIQUE"},"content":{"rendered":"\n<hr class=\"wp-block-separator has-text-color has-background has-black-background-color has-black-color is-style-wide\" \/>\n\n\n<ul class=\"wp-block-latest-posts__list is-grid columns-3 has-dates wp-block-latest-posts\"><li><div class=\"wp-block-latest-posts__featured-image\"><a href=\"https:\/\/pedagogie.ac-lille.fr\/arts-plastiques\/ebep-et-arts-plastiques\/\" aria-label=\"EBEP ET ARTS PLASTIQUES\"><img loading=\"lazy\" decoding=\"async\" width=\"236\" height=\"236\" src=\"https:\/\/pedagogie.ac-lille.fr\/arts-plastiques\/wp-content\/uploads\/sites\/46\/2024\/12\/p_colorie-m.png\" class=\"attachment-large size-large wp-post-image\" alt=\"\" style=\"\" srcset=\"https:\/\/pedagogie.ac-lille.fr\/arts-plastiques\/wp-content\/uploads\/sites\/46\/2024\/12\/p_colorie-m.png 236w, https:\/\/pedagogie.ac-lille.fr\/arts-plastiques\/wp-content\/uploads\/sites\/46\/2024\/12\/p_colorie-m-150x150.png 150w\" sizes=\"auto, (max-width: 236px) 100vw, 236px\" \/><\/a><\/div><a class=\"wp-block-latest-posts__post-title\" href=\"https:\/\/pedagogie.ac-lille.fr\/arts-plastiques\/ebep-et-arts-plastiques\/\">EBEP ET ARTS PLASTIQUES<\/a><time datetime=\"2024-12-21T07:31:33+01:00\" class=\"wp-block-latest-posts__post-date\">21 d\u00e9cembre 2024<\/time><div class=\"wp-block-latest-posts__post-excerpt\">PAR FANNY ROUGERIE &amp; ALEXANDRA LABARRE Pictos Consignes 1 Pictos\u2026 <a class=\"wp-block-latest-posts__read-more\" href=\"https:\/\/pedagogie.ac-lille.fr\/arts-plastiques\/ebep-et-arts-plastiques\/\" rel=\"noopener noreferrer\">Lire la suite<span class=\"screen-reader-text\">\u00a0: EBEP ET ARTS PLASTIQUES<\/span><\/a><\/div><\/li>\n<li><div class=\"wp-block-latest-posts__featured-image\"><a href=\"https:\/\/pedagogie.ac-lille.fr\/arts-plastiques\/pourquoi-et-comment-adapter-les-documents-pour-des-eleves-a-besoins-educatifs-particuliers-ebep\/\" aria-label=\"POURQUOI ET COMMENT ADAPTER\"><img loading=\"lazy\" decoding=\"async\" width=\"500\" height=\"250\" src=\"https:\/\/pedagogie.ac-lille.fr\/arts-plastiques\/wp-content\/uploads\/sites\/46\/2022\/04\/ACAD_LILLE.png\" class=\"attachment-large size-large wp-post-image\" alt=\"\" style=\"\" srcset=\"https:\/\/pedagogie.ac-lille.fr\/arts-plastiques\/wp-content\/uploads\/sites\/46\/2022\/04\/ACAD_LILLE.png 500w, https:\/\/pedagogie.ac-lille.fr\/arts-plastiques\/wp-content\/uploads\/sites\/46\/2022\/04\/ACAD_LILLE-300x150.png 300w\" sizes=\"auto, (max-width: 500px) 100vw, 500px\" \/><\/a><\/div><a class=\"wp-block-latest-posts__post-title\" href=\"https:\/\/pedagogie.ac-lille.fr\/arts-plastiques\/pourquoi-et-comment-adapter-les-documents-pour-des-eleves-a-besoins-educatifs-particuliers-ebep\/\">POURQUOI ET COMMENT ADAPTER<\/a><time datetime=\"2022-04-26T15:36:10+02:00\" class=\"wp-block-latest-posts__post-date\">26 avril 2022<\/time><div class=\"wp-block-latest-posts__post-excerpt\">Pourquoi et comment adapter les documents pour des \u00e9l\u00e8ves \u00e0\u2026 <a class=\"wp-block-latest-posts__read-more\" href=\"https:\/\/pedagogie.ac-lille.fr\/arts-plastiques\/pourquoi-et-comment-adapter-les-documents-pour-des-eleves-a-besoins-educatifs-particuliers-ebep\/\" rel=\"noopener noreferrer\">Lire la suite<span class=\"screen-reader-text\">\u00a0: POURQUOI ET COMMENT ADAPTER<\/span><\/a><\/div><\/li>\n<\/ul>","protected":false},"excerpt":{"rendered":"","protected":false},"author":86,"featured_media":0,"parent":0,"menu_order":3,"comment_status":"closed","ping_status":"closed","template":"","meta":{"ngg_post_thumbnail":0,"footnotes":""},"class_list":["post-448","page","type-page","status-publish","czr-hentry"],"publishpress_future_action":{"enabled":false,"date":"2026-04-12 21:35:40","action":"change-status","newStatus":"draft","terms":[],"taxonomy":"","extraData":[]},"publishpress_future_workflow_manual_trigger":{"enabledWorkflows":[]},"_links":{"self":[{"href":"https:\/\/pedagogie.ac-lille.fr\/arts-plastiques\/wp-json\/wp\/v2\/pages\/448","targetHints":{"allow":["GET"]}}],"collection":[{"href":"https:\/\/pedagogie.ac-lille.fr\/arts-plastiques\/wp-json\/wp\/v2\/pages"}],"about":[{"href":"https:\/\/pedagogie.ac-lille.fr\/arts-plastiques\/wp-json\/wp\/v2\/types\/page"}],"author":[{"embeddable":true,"href":"https:\/\/pedagogie.ac-lille.fr\/arts-plastiques\/wp-json\/wp\/v2\/users\/86"}],"replies":[{"embeddable":true,"href":"https:\/\/pedagogie.ac-lille.fr\/arts-plastiques\/wp-json\/wp\/v2\/comments?post=448"}],"version-history":[{"count":4,"href":"https:\/\/pedagogie.ac-lille.fr\/arts-plastiques\/wp-json\/wp\/v2\/pages\/448\/revisions"}],"predecessor-version":[{"id":1026,"href":"https:\/\/pedagogie.ac-lille.fr\/arts-plastiques\/wp-json\/wp\/v2\/pages\/448\/revisions\/1026"}],"wp:attachment":[{"href":"https:\/\/pedagogie.ac-lille.fr\/arts-plastiques\/wp-json\/wp\/v2\/media?parent=448"}],"curies":[{"name":"wp","href":"https:\/\/api.w.org\/{rel}","templated":true}]}}