{"id":537,"date":"2022-03-13T14:25:43","date_gmt":"2022-03-13T13:25:43","guid":{"rendered":"https:\/\/pedagogie.ac-lille.fr\/arts-plastiques\/?page_id=537"},"modified":"2022-10-14T13:54:19","modified_gmt":"2022-10-14T11:54:19","slug":"eao","status":"publish","type":"page","link":"https:\/\/pedagogie.ac-lille.fr\/arts-plastiques\/rencontrer-exposer\/eao\/","title":{"rendered":"EAO : \u00c9L\u00c8VES \u00c0 L&rsquo;OEUVRE"},"content":{"rendered":"\n<hr class=\"wp-block-separator has-text-color has-black-color has-alpha-channel-opacity has-black-background-color has-background is-style-wide\" \/>\n\n\n\n<div class=\"wp-block-media-text is-stacked-on-mobile\"><figure class=\"wp-block-media-text__media\"><img loading=\"lazy\" decoding=\"async\" width=\"1024\" height=\"683\" src=\"https:\/\/pedagogie.ac-lille.fr\/arts-plastiques\/wp-content\/uploads\/sites\/46\/2022\/10\/DSC_0059-2048x1365-1-1024x683.jpg\" alt=\"\" class=\"wp-image-2106 size-full\" srcset=\"https:\/\/pedagogie.ac-lille.fr\/arts-plastiques\/wp-content\/uploads\/sites\/46\/2022\/10\/DSC_0059-2048x1365-1-1024x683.jpg 1024w, https:\/\/pedagogie.ac-lille.fr\/arts-plastiques\/wp-content\/uploads\/sites\/46\/2022\/10\/DSC_0059-2048x1365-1-300x200.jpg 300w, https:\/\/pedagogie.ac-lille.fr\/arts-plastiques\/wp-content\/uploads\/sites\/46\/2022\/10\/DSC_0059-2048x1365-1-768x512.jpg 768w, https:\/\/pedagogie.ac-lille.fr\/arts-plastiques\/wp-content\/uploads\/sites\/46\/2022\/10\/DSC_0059-2048x1365-1-1536x1024.jpg 1536w, https:\/\/pedagogie.ac-lille.fr\/arts-plastiques\/wp-content\/uploads\/sites\/46\/2022\/10\/DSC_0059-2048x1365-1.jpg 2048w\" sizes=\"auto, (max-width: 1024px) 100vw, 1024px\" \/><\/figure><div class=\"wp-block-media-text__content\">\n<ul class=\"wp-block-list\"><li><a href=\"https:\/\/pedagogie.ac-lille.fr\/arts-plastiques\/eao-le-dispositif\/\" data-type=\"post\" data-id=\"2107\">LE DISPOSITIF<\/a><\/li><li><a href=\"https:\/\/pedagogie.ac-lille.fr\/arts-plastiques\/eao-les-enseignants-missionnes\/\" data-type=\"post\" data-id=\"2114\">LES ENSEIGNANTS MISSIONN\u00c9S<\/a><\/li><li><a href=\"https:\/\/pedagogie.ac-lille.fr\/arts-plastiques\/eao-les-archives\/\" data-type=\"post\" data-id=\"2124\">LES ARCHIVES<\/a><\/li><\/ul>\n<\/div><\/div>\n","protected":false},"excerpt":{"rendered":"<p>LE DISPOSITIF LES ENSEIGNANTS MISSIONN\u00c9S LES ARCHIVES<\/p>\n","protected":false},"author":86,"featured_media":0,"parent":531,"menu_order":3,"comment_status":"closed","ping_status":"closed","template":"","meta":{"ngg_post_thumbnail":0,"footnotes":""},"class_list":["post-537","page","type-page","status-publish","czr-hentry"],"publishpress_future_action":{"enabled":false,"date":"2026-04-12 20:02:20","action":"change-status","newStatus":"draft","terms":[],"taxonomy":"","extraData":[]},"publishpress_future_workflow_manual_trigger":{"enabledWorkflows":[]},"_links":{"self":[{"href":"https:\/\/pedagogie.ac-lille.fr\/arts-plastiques\/wp-json\/wp\/v2\/pages\/537","targetHints":{"allow":["GET"]}}],"collection":[{"href":"https:\/\/pedagogie.ac-lille.fr\/arts-plastiques\/wp-json\/wp\/v2\/pages"}],"about":[{"href":"https:\/\/pedagogie.ac-lille.fr\/arts-plastiques\/wp-json\/wp\/v2\/types\/page"}],"author":[{"embeddable":true,"href":"https:\/\/pedagogie.ac-lille.fr\/arts-plastiques\/wp-json\/wp\/v2\/users\/86"}],"replies":[{"embeddable":true,"href":"https:\/\/pedagogie.ac-lille.fr\/arts-plastiques\/wp-json\/wp\/v2\/comments?post=537"}],"version-history":[{"count":11,"href":"https:\/\/pedagogie.ac-lille.fr\/arts-plastiques\/wp-json\/wp\/v2\/pages\/537\/revisions"}],"predecessor-version":[{"id":2130,"href":"https:\/\/pedagogie.ac-lille.fr\/arts-plastiques\/wp-json\/wp\/v2\/pages\/537\/revisions\/2130"}],"up":[{"embeddable":true,"href":"https:\/\/pedagogie.ac-lille.fr\/arts-plastiques\/wp-json\/wp\/v2\/pages\/531"}],"wp:attachment":[{"href":"https:\/\/pedagogie.ac-lille.fr\/arts-plastiques\/wp-json\/wp\/v2\/media?parent=537"}],"curies":[{"name":"wp","href":"https:\/\/api.w.org\/{rel}","templated":true}]}}