{"id":510,"date":"2022-11-09T15:36:56","date_gmt":"2022-11-09T14:36:56","guid":{"rendered":"https:\/\/pedagogie.ac-lille.fr\/blaiserobotics\/?page_id=510"},"modified":"2025-11-28T16:07:02","modified_gmt":"2025-11-28T15:07:02","slug":"partenaires","status":"publish","type":"page","link":"https:\/\/pedagogie.ac-lille.fr\/blaiserobotics\/partenaires\/","title":{"rendered":"Partenaires"},"content":{"rendered":"\n<div class=\"wp-block-media-text alignwide is-stacked-on-mobile\" style=\"grid-template-columns:20% auto\"><figure class=\"wp-block-media-text__media\"><img loading=\"lazy\" decoding=\"async\" width=\"224\" height=\"224\" src=\"https:\/\/pedagogie.ac-lille.fr\/blaiserobotics\/wp-content\/uploads\/sites\/49\/2022\/11\/blaise.png\" alt=\"\" class=\"wp-image-650 size-full\" srcset=\"https:\/\/pedagogie.ac-lille.fr\/blaiserobotics\/wp-content\/uploads\/sites\/49\/2022\/11\/blaise.png 224w, https:\/\/pedagogie.ac-lille.fr\/blaiserobotics\/wp-content\/uploads\/sites\/49\/2022\/11\/blaise-150x150.png 150w\" sizes=\"auto, (max-width: 224px) 100vw, 224px\" \/><\/figure><div class=\"wp-block-media-text__content\">\n<p><strong>Lyc\u00e9e g\u00e9n\u00e9ral et technologique Blaise Pascal<\/strong><br>1 rue Blaise Pascal<br>62219 LONGUENESSE<br><a href=\"https:\/\/www.bpascal.fr\" target=\"_blank\" rel=\"noreferrer noopener\">https:\/\/www.bpascal.fr<\/a><\/p>\n<\/div><\/div>\n\n\n\n<div class=\"wp-block-media-text alignwide is-stacked-on-mobile\" style=\"grid-template-columns:20% auto\"><figure class=\"wp-block-media-text__media\"><img loading=\"lazy\" decoding=\"async\" width=\"374\" height=\"224\" src=\"https:\/\/pedagogie.ac-lille.fr\/blaiserobotics\/wp-content\/uploads\/sites\/49\/2022\/11\/idee.png\" alt=\"\" class=\"wp-image-649 size-full\" srcset=\"https:\/\/pedagogie.ac-lille.fr\/blaiserobotics\/wp-content\/uploads\/sites\/49\/2022\/11\/idee.png 374w, https:\/\/pedagogie.ac-lille.fr\/blaiserobotics\/wp-content\/uploads\/sites\/49\/2022\/11\/idee-300x180.png 300w\" sizes=\"auto, (max-width: 374px) 100vw, 374px\" \/><\/figure><div class=\"wp-block-media-text__content\">\n<p><strong>Innovons et D\u00e9veloppons l\u2019Esprit d\u2019Entreprendre<\/strong><\/p>\n\n\n\n<p><a href=\"https:\/\/idee.region-academique-hauts-de-france.fr\" target=\"_blank\" rel=\"noreferrer noopener\">https:\/\/idee.region-academique-hauts-de-france.fr<\/a><\/p>\n<\/div><\/div>\n\n\n\n<div class=\"wp-block-media-text alignwide is-stacked-on-mobile\" style=\"grid-template-columns:20% auto\"><figure class=\"wp-block-media-text__media\"><img loading=\"lazy\" decoding=\"async\" width=\"308\" height=\"224\" src=\"https:\/\/pedagogie.ac-lille.fr\/blaiserobotics\/wp-content\/uploads\/sites\/49\/2022\/11\/Cartec.png\" alt=\"\" class=\"wp-image-652 size-full\" srcset=\"https:\/\/pedagogie.ac-lille.fr\/blaiserobotics\/wp-content\/uploads\/sites\/49\/2022\/11\/Cartec.png 308w, https:\/\/pedagogie.ac-lille.fr\/blaiserobotics\/wp-content\/uploads\/sites\/49\/2022\/11\/Cartec-300x218.png 300w\" sizes=\"auto, (max-width: 308px) 100vw, 308px\" \/><\/figure><div class=\"wp-block-media-text__content\">\n<p><strong>C<\/strong>entre <strong>A<\/strong>cad\u00e9mique de <strong>R<\/strong>essources pour la <strong>TEC<\/strong>hnologie<br>Coll\u00e8ge Jean Jaur\u00e8s<br>Rue Jean Jaur\u00e8s<br>62120 AIRE SUR LA LYS<br><a href=\"https:\/\/college-jean-jaures-aire-sur-la-lys.62.ac-lille.fr\" target=\"_blank\" rel=\"noreferrer noopener\">https:\/\/college-jean-jaures-aire-sur-la-lys.62.ac-lille.fr<\/a><\/p>\n<\/div><\/div>\n\n\n\n<div class=\"wp-block-media-text alignwide is-stacked-on-mobile\" style=\"grid-template-columns:20% auto\"><figure class=\"wp-block-media-text__media\"><img loading=\"lazy\" decoding=\"async\" width=\"1024\" height=\"184\" src=\"https:\/\/pedagogie.ac-lille.fr\/blaiserobotics\/wp-content\/uploads\/sites\/49\/2024\/01\/CASIO_blue-1024x184.png\" alt=\"\" class=\"wp-image-871 size-full\" srcset=\"https:\/\/pedagogie.ac-lille.fr\/blaiserobotics\/wp-content\/uploads\/sites\/49\/2024\/01\/CASIO_blue-1024x184.png 1024w, https:\/\/pedagogie.ac-lille.fr\/blaiserobotics\/wp-content\/uploads\/sites\/49\/2024\/01\/CASIO_blue-300x54.png 300w, https:\/\/pedagogie.ac-lille.fr\/blaiserobotics\/wp-content\/uploads\/sites\/49\/2024\/01\/CASIO_blue-768x138.png 768w, https:\/\/pedagogie.ac-lille.fr\/blaiserobotics\/wp-content\/uploads\/sites\/49\/2024\/01\/CASIO_blue-1536x276.png 1536w, https:\/\/pedagogie.ac-lille.fr\/blaiserobotics\/wp-content\/uploads\/sites\/49\/2024\/01\/CASIO_blue.png 1772w\" sizes=\"auto, (max-width: 1024px) 100vw, 1024px\" \/><\/figure><div class=\"wp-block-media-text__content\">\n<p><strong>CASIO Education France<\/strong><\/p>\n\n\n\n<p><a href=\"https:\/\/www.casio-education.fr\" target=\"_blank\" rel=\"noreferrer noopener\">https:\/\/www.casio-education.fr<\/a><\/p>\n<\/div><\/div>\n\n\n\n<div class=\"wp-block-media-text alignwide is-stacked-on-mobile\" style=\"grid-template-columns:20% auto\"><figure class=\"wp-block-media-text__media\"><img loading=\"lazy\" decoding=\"async\" width=\"1024\" height=\"273\" src=\"https:\/\/pedagogie.ac-lille.fr\/blaiserobotics\/wp-content\/uploads\/sites\/49\/2025\/11\/logo_horizontal_noir_fond_transparent-1024x273.png\" alt=\"\" class=\"wp-image-952 size-full\" srcset=\"https:\/\/pedagogie.ac-lille.fr\/blaiserobotics\/wp-content\/uploads\/sites\/49\/2025\/11\/logo_horizontal_noir_fond_transparent-1024x273.png 1024w, https:\/\/pedagogie.ac-lille.fr\/blaiserobotics\/wp-content\/uploads\/sites\/49\/2025\/11\/logo_horizontal_noir_fond_transparent-300x80.png 300w, https:\/\/pedagogie.ac-lille.fr\/blaiserobotics\/wp-content\/uploads\/sites\/49\/2025\/11\/logo_horizontal_noir_fond_transparent-768x205.png 768w, https:\/\/pedagogie.ac-lille.fr\/blaiserobotics\/wp-content\/uploads\/sites\/49\/2025\/11\/logo_horizontal_noir_fond_transparent-1536x409.png 1536w, https:\/\/pedagogie.ac-lille.fr\/blaiserobotics\/wp-content\/uploads\/sites\/49\/2025\/11\/logo_horizontal_noir_fond_transparent-2048x546.png 2048w\" sizes=\"auto, (max-width: 1024px) 100vw, 1024px\" \/><\/figure><div class=\"wp-block-media-text__content\">\n<p><strong>Prodilog<\/strong><\/p>\n\n\n\n<p><a href=\"https:\/\/www.prodilog.fr\/\" target=\"_blank\" rel=\"noreferrer noopener\">https:\/\/www.prodilog.fr\/<\/a><\/p>\n<\/div><\/div>\n\n\n\n<p><\/p>\n","protected":false},"excerpt":{"rendered":"<p>Lyc\u00e9e g\u00e9n\u00e9ral et technologique Blaise Pascal1 rue Blaise Pascal62219 LONGUENESSEhttps:\/\/www.bpascal.fr Innovons et D\u00e9veloppons l\u2019Esprit d\u2019Entreprendre https:\/\/idee.region-academique-hauts-de-france.fr Centre Acad\u00e9mique de Ressources pour la TEChnologieColl\u00e8ge Jean Jaur\u00e8sRue Jean Jaur\u00e8s62120 AIRE SUR LA LYShttps:\/\/college-jean-jaures-aire-sur-la-lys.62.ac-lille.fr CASIO Education France https:\/\/www.casio-education.fr Prodilog https:\/\/www.prodilog.fr\/<\/p>\n","protected":false},"author":94,"featured_media":0,"parent":0,"menu_order":0,"comment_status":"closed","ping_status":"closed","template":"","meta":{"ngg_post_thumbnail":0,"footnotes":""},"class_list":["post-510","page","type-page","status-publish","czr-hentry"],"publishpress_future_action":{"enabled":false,"date":"2026-04-11 03:16:19","action":"change-status","newStatus":"draft","terms":[],"taxonomy":"","extraData":[]},"publishpress_future_workflow_manual_trigger":{"enabledWorkflows":[]},"_links":{"self":[{"href":"https:\/\/pedagogie.ac-lille.fr\/blaiserobotics\/wp-json\/wp\/v2\/pages\/510","targetHints":{"allow":["GET"]}}],"collection":[{"href":"https:\/\/pedagogie.ac-lille.fr\/blaiserobotics\/wp-json\/wp\/v2\/pages"}],"about":[{"href":"https:\/\/pedagogie.ac-lille.fr\/blaiserobotics\/wp-json\/wp\/v2\/types\/page"}],"author":[{"embeddable":true,"href":"https:\/\/pedagogie.ac-lille.fr\/blaiserobotics\/wp-json\/wp\/v2\/users\/94"}],"replies":[{"embeddable":true,"href":"https:\/\/pedagogie.ac-lille.fr\/blaiserobotics\/wp-json\/wp\/v2\/comments?post=510"}],"version-history":[{"count":8,"href":"https:\/\/pedagogie.ac-lille.fr\/blaiserobotics\/wp-json\/wp\/v2\/pages\/510\/revisions"}],"predecessor-version":[{"id":954,"href":"https:\/\/pedagogie.ac-lille.fr\/blaiserobotics\/wp-json\/wp\/v2\/pages\/510\/revisions\/954"}],"wp:attachment":[{"href":"https:\/\/pedagogie.ac-lille.fr\/blaiserobotics\/wp-json\/wp\/v2\/media?parent=510"}],"curies":[{"name":"wp","href":"https:\/\/api.w.org\/{rel}","templated":true}]}}