{"id":518,"date":"2022-11-09T15:42:54","date_gmt":"2022-11-09T14:42:54","guid":{"rendered":"https:\/\/pedagogie.ac-lille.fr\/blaiserobotics\/?page_id=518"},"modified":"2022-12-06T20:55:45","modified_gmt":"2022-12-06T19:55:45","slug":"modeles-3d","status":"publish","type":"page","link":"https:\/\/pedagogie.ac-lille.fr\/blaiserobotics\/ressources\/modeles-3d\/","title":{"rendered":"Mod\u00e8les 3D"},"content":{"rendered":"\n<div class=\"wp-block-columns is-layout-flex wp-container-core-columns-is-layout-28f84493 wp-block-columns-is-layout-flex\">\n<div class=\"wp-block-column is-vertically-aligned-bottom is-layout-flow wp-block-column-is-layout-flow\"><\/div>\n<\/div>\n\n\n\n<div class=\"wp-block-file\"><a id=\"wp-block-file--media-fdb95c90-8598-4de0-89b5-6726842a57d8\" href=\"https:\/\/pedagogie.ac-lille.fr\/blaiserobotics\/wp-content\/uploads\/sites\/49\/2022\/11\/bibliotheque_sw.zip\">bibliotheque_SOLIDWORKS<\/a><a href=\"https:\/\/pedagogie.ac-lille.fr\/blaiserobotics\/wp-content\/uploads\/sites\/49\/2022\/11\/bibliotheque_sw.zip\" class=\"wp-block-file__button wp-element-button\" download aria-describedby=\"wp-block-file--media-fdb95c90-8598-4de0-89b5-6726842a57d8\">T\u00e9l\u00e9charger<\/a><\/div>\n\n\n\n<div class=\"wp-block-file\"><a id=\"wp-block-file--media-c9e840b0-98e2-450e-b743-2695da3b5c48\" href=\"https:\/\/pedagogie.ac-lille.fr\/blaiserobotics\/wp-content\/uploads\/sites\/49\/2022\/11\/mBot_STEP2.zip\">mBot_STEP   <\/a><a href=\"https:\/\/pedagogie.ac-lille.fr\/blaiserobotics\/wp-content\/uploads\/sites\/49\/2022\/11\/mBot_STEP2.zip\" class=\"wp-block-file__button wp-element-button\" download aria-describedby=\"wp-block-file--media-c9e840b0-98e2-450e-b743-2695da3b5c48\">T\u00e9l\u00e9charger               Le fichier step est un fichier CAD standard. Le fichier peut \u00eatre ouvert dans n\u2019importe quel logiciel de CAD.<\/a><\/div>\n\n\n\n<p><a href=\"https:\/\/drive.google.com\/file\/d\/19H7YqilhCqwBklfd8b0x1aoJuj3VBhk4\/view?usp=sharing\" data-type=\"URL\" data-id=\"https:\/\/drive.google.com\/file\/d\/19H7YqilhCqwBklfd8b0x1aoJuj3VBhk4\/view?usp=sharing\">mbot sketchup 2017<\/a><\/p>\n\n\n\n<p><a href=\"https:\/\/drive.google.com\/file\/d\/1alCbpEu7AbPR0yJynXHImnwaZI0Q74bF\/view?usp=sharing\" data-type=\"URL\" data-id=\"https:\/\/drive.google.com\/file\/d\/1alCbpEu7AbPR0yJynXHImnwaZI0Q74bF\/view?usp=sharing\">mbot \u00e0 importer en COLLADA (*.dae),pour version ant\u00e9rieur<\/a><\/p>\n\n\n","protected":false},"excerpt":{"rendered":"<p>mbot sketchup 2017 mbot \u00e0 importer en COLLADA (*.dae),pour version ant\u00e9rieur<\/p>\n","protected":false},"author":94,"featured_media":0,"parent":504,"menu_order":0,"comment_status":"closed","ping_status":"closed","template":"","meta":{"ngg_post_thumbnail":0,"footnotes":""},"class_list":["post-518","page","type-page","status-publish","czr-hentry"],"publishpress_future_action":{"enabled":false,"date":"2026-04-11 04:50:35","action":"change-status","newStatus":"draft","terms":[],"taxonomy":"","extraData":[]},"publishpress_future_workflow_manual_trigger":{"enabledWorkflows":[]},"_links":{"self":[{"href":"https:\/\/pedagogie.ac-lille.fr\/blaiserobotics\/wp-json\/wp\/v2\/pages\/518","targetHints":{"allow":["GET"]}}],"collection":[{"href":"https:\/\/pedagogie.ac-lille.fr\/blaiserobotics\/wp-json\/wp\/v2\/pages"}],"about":[{"href":"https:\/\/pedagogie.ac-lille.fr\/blaiserobotics\/wp-json\/wp\/v2\/types\/page"}],"author":[{"embeddable":true,"href":"https:\/\/pedagogie.ac-lille.fr\/blaiserobotics\/wp-json\/wp\/v2\/users\/94"}],"replies":[{"embeddable":true,"href":"https:\/\/pedagogie.ac-lille.fr\/blaiserobotics\/wp-json\/wp\/v2\/comments?post=518"}],"version-history":[{"count":6,"href":"https:\/\/pedagogie.ac-lille.fr\/blaiserobotics\/wp-json\/wp\/v2\/pages\/518\/revisions"}],"predecessor-version":[{"id":751,"href":"https:\/\/pedagogie.ac-lille.fr\/blaiserobotics\/wp-json\/wp\/v2\/pages\/518\/revisions\/751"}],"up":[{"embeddable":true,"href":"https:\/\/pedagogie.ac-lille.fr\/blaiserobotics\/wp-json\/wp\/v2\/pages\/504"}],"wp:attachment":[{"href":"https:\/\/pedagogie.ac-lille.fr\/blaiserobotics\/wp-json\/wp\/v2\/media?parent=518"}],"curies":[{"name":"wp","href":"https:\/\/api.w.org\/{rel}","templated":true}]}}