{"id":58,"date":"2021-01-06T05:12:01","date_gmt":"2021-01-06T04:12:01","guid":{"rendered":"https:\/\/pedagogie.ac-lille.fr\/blaiserobotics\/?page_id=58"},"modified":"2025-12-05T17:36:16","modified_gmt":"2025-12-05T16:36:16","slug":"https-pedagogie-ac-lille-fr-blaiserobotics-formation_novembre_2021","status":"publish","type":"page","link":"https:\/\/pedagogie.ac-lille.fr\/blaiserobotics\/","title":{"rendered":"Accueil"},"content":{"rendered":"\n<h1 class=\"wp-block-heading has-text-align-center has-white-color has-vivid-red-background-color has-text-color has-background\" style=\"font-size:30px;font-style:normal;font-weight:800;text-transform:uppercase\"><strong>Concours : 9 avril 2026 !<\/strong><\/h1>\n\n\n\n<div class=\"wp-block-buttons is-layout-flex wp-block-buttons-is-layout-flex\"><\/div>\n\n\n<div class=\"wp-block-image\">\n<figure class=\"aligncenter size-large\"><img loading=\"lazy\" decoding=\"async\" width=\"1024\" height=\"724\" src=\"https:\/\/pedagogie.ac-lille.fr\/blaiserobotics\/wp-content\/uploads\/sites\/49\/2025\/12\/AfficheBR2026v2-1024x724.png\" alt=\"\" class=\"wp-image-958\" srcset=\"https:\/\/pedagogie.ac-lille.fr\/blaiserobotics\/wp-content\/uploads\/sites\/49\/2025\/12\/AfficheBR2026v2-1024x724.png 1024w, https:\/\/pedagogie.ac-lille.fr\/blaiserobotics\/wp-content\/uploads\/sites\/49\/2025\/12\/AfficheBR2026v2-300x212.png 300w, https:\/\/pedagogie.ac-lille.fr\/blaiserobotics\/wp-content\/uploads\/sites\/49\/2025\/12\/AfficheBR2026v2-768x543.png 768w, https:\/\/pedagogie.ac-lille.fr\/blaiserobotics\/wp-content\/uploads\/sites\/49\/2025\/12\/AfficheBR2026v2-1536x1086.png 1536w, https:\/\/pedagogie.ac-lille.fr\/blaiserobotics\/wp-content\/uploads\/sites\/49\/2025\/12\/AfficheBR2026v2.png 1683w\" sizes=\"auto, (max-width: 1024px) 100vw, 1024px\" \/><\/figure>\n<\/div>\n\n\n<p class=\"has-medium-font-size\">Le concours Blaise Robotic\u2019s est le fruit d&rsquo;une collaboration entre les enseignants de Technologie du district audomarois et les professeurs du lyc\u00e9e Blaise Pascal de Longuenesse. Cet \u00e9v\u00e9nement vise \u00e0 cr\u00e9er une passerelle entre les cours de technologie en classe de 3\u00e8me et les enseignements avanc\u00e9s en STI2D, SI, BTS et au sein du club robotique du lyc\u00e9e.<\/p>\n\n\n\n<p class=\"has-medium-font-size\">Ce concours s&rsquo;appuie sur les th\u00e8mes du programme de technologie du cycle 4 du coll\u00e8ge et est sp\u00e9cifiquement d\u00e9di\u00e9 aux classes de 3\u00e8me. En favorisant une approche par projet, il encourage les d\u00e9marches d&rsquo;investigation et de r\u00e9solution de probl\u00e8mes techniques, offrant ainsi un terrain propice \u00e0 un travail interdisciplinaire.<\/p>\n\n\n\n<p class=\"has-medium-font-size\">Il a pour objectif de d\u00e9velopper des comp\u00e9tences cl\u00e9s du socle commun de connaissances, de comp\u00e9tences et de culture, tout en s&rsquo;int\u00e9grant parfaitement dans le Parcours Avenir des \u00e9l\u00e8ves.<\/p>\n\n\n\n<p class=\"has-medium-font-size\">Un aspect essentiel de ce concours est son engagement en faveur de l&rsquo;\u00e9galit\u00e9 entre les filles et les gar\u00e7ons. Il vise \u00e0 offrir un environnement o\u00f9 chacun, ind\u00e9pendamment du genre, peut s&rsquo;investir et exceller. Cette d\u00e9marche \u00e9ducative vise \u00e0 promouvoir l&rsquo;\u00e9galit\u00e9 des chances et \u00e0 encourager la participation des filles dans le domaine de la technologie et de l&rsquo;ing\u00e9nierie, traditionnellement moins repr\u00e9sent\u00e9es.<\/p>\n\n\n\n<div class=\"wp-block-columns is-layout-flex wp-container-core-columns-is-layout-28f84493 wp-block-columns-is-layout-flex\">\n<div class=\"wp-block-column is-vertically-aligned-center is-layout-flow wp-block-column-is-layout-flow\">\nngg_shortcode_0_placeholder\n<\/div>\n\n\n\n<div class=\"wp-block-column is-vertically-aligned-center is-layout-flow wp-block-column-is-layout-flow\">\n<figure class=\"wp-block-video\"><video height=\"1080\" style=\"aspect-ratio: 1920 \/ 1080;\" width=\"1920\" autoplay controls loop muted src=\"https:\/\/pedagogie.ac-lille.fr\/blaiserobotics\/wp-content\/uploads\/sites\/49\/2022\/11\/IMG_3150.mov\"><\/video><\/figure>\n<\/div>\n<\/div>\n","protected":false},"excerpt":{"rendered":"<p>Concours : 9 avril 2026 ! Le concours Blaise Robotic\u2019s est le fruit d&rsquo;une collaboration entre les enseignants de Technologie du district audomarois et les professeurs du lyc\u00e9e Blaise Pascal de Longuenesse. Cet \u00e9v\u00e9nement vise \u00e0 cr\u00e9er une passerelle entre les cours de technologie en classe de 3\u00e8me et les enseignements avanc\u00e9s en STI2D, SI, [&hellip;]<\/p>\n","protected":false},"author":93,"featured_media":0,"parent":0,"menu_order":0,"comment_status":"closed","ping_status":"closed","template":"","meta":{"ngg_post_thumbnail":0,"footnotes":""},"class_list":["post-58","page","type-page","status-publish","czr-hentry"],"publishpress_future_action":{"enabled":false,"date":"2026-04-11 01:42:18","action":"change-status","newStatus":"draft","terms":[],"taxonomy":"","extraData":[]},"publishpress_future_workflow_manual_trigger":{"enabledWorkflows":[]},"_links":{"self":[{"href":"https:\/\/pedagogie.ac-lille.fr\/blaiserobotics\/wp-json\/wp\/v2\/pages\/58","targetHints":{"allow":["GET"]}}],"collection":[{"href":"https:\/\/pedagogie.ac-lille.fr\/blaiserobotics\/wp-json\/wp\/v2\/pages"}],"about":[{"href":"https:\/\/pedagogie.ac-lille.fr\/blaiserobotics\/wp-json\/wp\/v2\/types\/page"}],"author":[{"embeddable":true,"href":"https:\/\/pedagogie.ac-lille.fr\/blaiserobotics\/wp-json\/wp\/v2\/users\/93"}],"replies":[{"embeddable":true,"href":"https:\/\/pedagogie.ac-lille.fr\/blaiserobotics\/wp-json\/wp\/v2\/comments?post=58"}],"version-history":[{"count":52,"href":"https:\/\/pedagogie.ac-lille.fr\/blaiserobotics\/wp-json\/wp\/v2\/pages\/58\/revisions"}],"predecessor-version":[{"id":959,"href":"https:\/\/pedagogie.ac-lille.fr\/blaiserobotics\/wp-json\/wp\/v2\/pages\/58\/revisions\/959"}],"wp:attachment":[{"href":"https:\/\/pedagogie.ac-lille.fr\/blaiserobotics\/wp-json\/wp\/v2\/media?parent=58"}],"curies":[{"name":"wp","href":"https:\/\/api.w.org\/{rel}","templated":true}]}}