{"id":474,"date":"2025-11-09T10:40:59","date_gmt":"2025-11-09T09:40:59","guid":{"rendered":"https:\/\/pedagogie.ac-lille.fr\/cav\/?page_id=474"},"modified":"2026-03-23T14:06:18","modified_gmt":"2026-03-23T13:06:18","slug":"bienvenue","status":"publish","type":"page","link":"https:\/\/pedagogie.ac-lille.fr\/cav\/","title":{"rendered":"Bienvenue !"},"content":{"rendered":"\n<figure class=\"wp-block-image size-large is-resized\"><img loading=\"lazy\" decoding=\"async\" width=\"1024\" height=\"683\" src=\"https:\/\/pedagogie.ac-lille.fr\/cav\/wp-content\/uploads\/sites\/65\/2025\/11\/20655-1024x683.jpg\" alt=\"\" class=\"wp-image-505\" style=\"width:418px;height:auto\" srcset=\"https:\/\/pedagogie.ac-lille.fr\/cav\/wp-content\/uploads\/sites\/65\/2025\/11\/20655-1024x683.jpg 1024w, https:\/\/pedagogie.ac-lille.fr\/cav\/wp-content\/uploads\/sites\/65\/2025\/11\/20655-300x200.jpg 300w, https:\/\/pedagogie.ac-lille.fr\/cav\/wp-content\/uploads\/sites\/65\/2025\/11\/20655-768x512.jpg 768w, https:\/\/pedagogie.ac-lille.fr\/cav\/wp-content\/uploads\/sites\/65\/2025\/11\/20655-1536x1024.jpg 1536w, https:\/\/pedagogie.ac-lille.fr\/cav\/wp-content\/uploads\/sites\/65\/2025\/11\/20655-2048x1365.jpg 2048w\" sizes=\"auto, (max-width: 1024px) 100vw, 1024px\" \/><\/figure>\n\n\n\n<p>\ud83c\udfac <strong>Bienvenue sur le tout jeune site de l\u2019Acad\u00e9mie de Lille d\u00e9di\u00e9 \u00e0 l\u2019enseignement du cin\u00e9ma et de l\u2019audiovisuel.<\/strong> Mis en ligne d\u00e9but novembre, ce site a \u00e9t\u00e9 con\u00e7u pour vous offrir un acc\u00e8s facilit\u00e9 aux actualit\u00e9s cin\u00e9matographiques locales et institutionnelles, aux textes officiels, ainsi qu\u2019aux ressources p\u00e9dagogiques destin\u00e9es \u00e0 accompagner les enseignants. Les textes et ressources sont \u00e9galement consultables sur <a href=\"https:\/\/eduscol.education.fr\/1679\/programmes-et-ressources-en-cinema-audiovisuel-voie-gt\">Eduscol.<\/a><\/p>\n\n\n\n<p>\ud83d\udcf0La feuille num\u00e9rique Fen\u00eatre sur Cours sera \u00e9galement mise en ligne sur le site, vous permettant ainsi de suivre l&rsquo;actualit\u00e9 du CAV dans notre acad\u00e9mie tout au long de l&rsquo;ann\u00e9e. <\/p>\n\n\n\n<p>\ud83c\udf9e\ufe0fVous y d\u00e9couvrirez aussi une s\u00e9lection de projets r\u00e9alis\u00e9s en classe par les \u00e9quipes p\u00e9dagogiques et leurs \u00e9l\u00e8ves. Centr\u00e9 sur les contenus d\u2019enseignement et sur la pratique, ce site est en r\u00e9seau avec la <a href=\"https:\/\/draeac.site.ac-lille.fr\/cinema-audiovisuel\/\">page Cin\u00e9ma de la DRAEAC<\/a>, qui valorise les dispositifs EAC et les structures au niveau r\u00e9gional.<\/p>\n\n\n\n<p>\ud83d\udce9 Pour rester inform\u00e9 des nouveaut\u00e9s, vous pouvez vous abonner au site en cliquant sur le symbole RSS situ\u00e9 en haut \u00e0 droite de la page (version ordinateur). Vous recevrez ainsi chaque semaine les derni\u00e8res actualit\u00e9s directement dans votre bo\u00eete mail.<\/p>\n\n\n\n<p>Bonne d\u00e9couverte&nbsp;!<\/p>\n\n\n\n<p>Alexandre BOUCHEZ, IA-IPR LV anglais, charg\u00e9 des enseignements de Cin\u00e9ma Audiovisuel dans l&rsquo;academie de Lille.<\/p>\n\n\n\n<p class=\"has-text-align-center\"><strong>ACTUALITES<\/strong><\/p>\n\n\n\n<p>\ud83c\udd95<a href=\"https:\/\/pedagogie.ac-lille.fr\/cav\/%f0%9f%8f%86le-cesar-des-lyceens-2026-a-ete-remis-par-un-eleve-de-lacademie\/\">Le C\u00e9sar des Lyc\u00e9ens 2026 a \u00e9t\u00e9 remis par un \u00e9l\u00e8ve de l\u2019acad\u00e9mie<\/a><\/p>\n\n\n\n<p>\ud83c\udd95<a href=\"https:\/\/pedagogie.ac-lille.fr\/cav\/%f0%9f%86%95fenetre-sur-cours-mars-2026\/\">Fen\u00eatre sur Cours num\u00e9ro mars 2026<\/a> !<\/p>\n\n\n\n<p>\ud83c\udd95<strong><em>Entr\u2019acte <\/em>(1924) et <em>Paris qui dort<\/em> (1925) de Ren\u00e9 Clair<\/strong>, <a href=\"https:\/\/pedagogie.ac-lille.fr\/cav\/entracte-1924-et-paris-qui-dort-1925-de-rene-clair\/\">programme limitatif en classe terminale pour l\u2019ann\u00e9e scolaire 2026-2027<\/a><\/p>\n\n\n\n<p>\ud83c\udd95<a href=\"https:\/\/www.education.gouv.fr\/dossier-de-presse-ma-classe-au-cinema-2025-451877\">Retrouvez le dossier de presse du dispositif \u00ab\u00a0Ma classe au cin\u00e9ma\u00a0\u00bb du 25 novembre 2025.<\/a><a href=\"https:\/\/www.education.gouv.fr\/offrir-chaque-eleve-une-education-au-cinema-et-l-image-de-qualite-refonder-l-education-au-cinema-et-451879\">Offrir \u00e0 chaque \u00e9l\u00e8ve une \u00e9ducation au cin\u00e9ma et \u00e0 l\u2019image de qualit\u00e9 : refonder l\u2019\u00e9ducation au cin\u00e9ma et \u00e0 l\u2019image et donner un nouvel \u00e9lan \u00e0 ma classe au cin\u00e9ma&#8230;<\/a><\/p>\n\n\n\n<p>\ud83c\udd95Premi\u00e8re publication de la chronique <a href=\"https:\/\/lestempsquirestent.org\/fr\/chroniques\/sismogrammes\"><em>Sismogrammes<\/em><\/a>, <a href=\"https:\/\/lestempsquirestent.org\/fr\/numeros\/numero-7\/em-sirat-em-br-se-remettre-en-mouvement-br-2-2\">cette analyse \u00e9crite \u00e0 quatre mains et livr\u00e9e en deux temps revient sur le film <em>Sir\u0101t<\/em>, sorti cet automne<\/a><br><\/p>\n\n\n\n<p>\ud83c\udd95\ud83d\udc08\u200d\u2b1bRessources pour les \u0153uvres au programme de l\u2019enseignement de sp\u00e9cialit\u00e9 de la classe terminale : focus sur <a href=\"https:\/\/pedagogie.ac-lille.fr\/cav\/ressources-pour-les-oeuvres-au-programme-de-lenseignement-de-specialite-de-la-classe-terminale\/\">La F\u00e9line<\/a><\/p>\n\n\n\n<p><a href=\"https:\/\/open.substack.com\/pub\/bonchicmauvaisgenre\/p\/bon-chic-mauvais-genre-136-special?utm_campaign=post&amp;utm_medium=web\">BON CHIC MAUVAIS GENRE #136 <\/a>: sp\u00e9cial \u00ab\u00a0La Guerre, C&rsquo;est l&rsquo;Enfer !\u00a0\u00bb<\/p>\n\n\n\n<p><\/p>\n\n\n\n<p><\/p>\n\n\n\n<p>\ud83c\udd95<a href=\"https:\/\/www1.ac-lille.fr\/media\/30465\/download\">Rapport de certification 2025<\/a><\/p>\n\n\n\n<p><\/p>\n","protected":false},"excerpt":{"rendered":"<p>\ud83c\udfac Bienvenue sur le tout jeune site de l\u2019Acad\u00e9mie de Lille d\u00e9di\u00e9 \u00e0 l\u2019enseignement du cin\u00e9ma et de l\u2019audiovisuel. Mis en ligne d\u00e9but novembre, ce site a \u00e9t\u00e9 con\u00e7u pour vous offrir un acc\u00e8s facilit\u00e9 aux actualit\u00e9s cin\u00e9matographiques locales et institutionnelles, aux textes officiels, ainsi qu\u2019aux ressources p\u00e9dagogiques destin\u00e9es \u00e0 accompagner les enseignants. Les textes [&hellip;]<\/p>\n","protected":false},"author":129,"featured_media":0,"parent":0,"menu_order":0,"comment_status":"closed","ping_status":"closed","template":"","meta":{"footnotes":""},"class_list":["post-474","page","type-page","status-publish","czr-hentry"],"publishpress_future_action":{"enabled":false,"date":"2026-04-16 06:57:13","action":"change-status","newStatus":"draft","terms":[],"taxonomy":"","extraData":[]},"publishpress_future_workflow_manual_trigger":{"enabledWorkflows":[]},"_links":{"self":[{"href":"https:\/\/pedagogie.ac-lille.fr\/cav\/wp-json\/wp\/v2\/pages\/474","targetHints":{"allow":["GET"]}}],"collection":[{"href":"https:\/\/pedagogie.ac-lille.fr\/cav\/wp-json\/wp\/v2\/pages"}],"about":[{"href":"https:\/\/pedagogie.ac-lille.fr\/cav\/wp-json\/wp\/v2\/types\/page"}],"author":[{"embeddable":true,"href":"https:\/\/pedagogie.ac-lille.fr\/cav\/wp-json\/wp\/v2\/users\/129"}],"replies":[{"embeddable":true,"href":"https:\/\/pedagogie.ac-lille.fr\/cav\/wp-json\/wp\/v2\/comments?post=474"}],"version-history":[{"count":33,"href":"https:\/\/pedagogie.ac-lille.fr\/cav\/wp-json\/wp\/v2\/pages\/474\/revisions"}],"predecessor-version":[{"id":723,"href":"https:\/\/pedagogie.ac-lille.fr\/cav\/wp-json\/wp\/v2\/pages\/474\/revisions\/723"}],"wp:attachment":[{"href":"https:\/\/pedagogie.ac-lille.fr\/cav\/wp-json\/wp\/v2\/media?parent=474"}],"curies":[{"name":"wp","href":"https:\/\/api.w.org\/{rel}","templated":true}]}}