{"id":1028,"date":"2022-12-08T14:18:50","date_gmt":"2022-12-08T13:18:50","guid":{"rendered":"https:\/\/pedagogie.ac-lille.fr\/chaudronnerie-lp\/?page_id=1028"},"modified":"2022-12-08T14:54:24","modified_gmt":"2022-12-08T13:54:24","slug":"les-audits-machines","status":"publish","type":"page","link":"https:\/\/pedagogie.ac-lille.fr\/chaudronnerie-lp\/les-audits-machines\/","title":{"rendered":"Les Audits machines"},"content":{"rendered":"<div class=\"wp-block-image\">\n<figure class=\"aligncenter size-full is-resized\"><img loading=\"lazy\" decoding=\"async\" src=\"http:\/\/pedagogie.ac-lille.fr\/chaudronnerie-lp\/wp-content\/uploads\/sites\/20\/2022\/12\/securie.jpg\" alt=\"\" class=\"wp-image-1037\" width=\"255\" height=\"268\" srcset=\"https:\/\/pedagogie.ac-lille.fr\/chaudronnerie-lp\/wp-content\/uploads\/sites\/20\/2022\/12\/securie.jpg 340w, https:\/\/pedagogie.ac-lille.fr\/chaudronnerie-lp\/wp-content\/uploads\/sites\/20\/2022\/12\/securie-286x300.jpg 286w\" sizes=\"auto, (max-width: 255px) 100vw, 255px\" \/><\/figure>\n<\/div>\n\n\n<p class=\"has-text-align-center has-vivid-red-color has-text-color has-large-font-size\" style=\"font-style:normal;font-weight:700\">Attention! ce sont des fiches permettant aux \u00e9l\u00e8ves de v\u00e9rifier leur environnement de travail, lieu, machines et op\u00e9rateurs.<\/p>\n\n\n\n<div class=\"wp-block-columns is-layout-flex wp-container-core-columns-is-layout-28f84493 wp-block-columns-is-layout-flex\">\n<div class=\"wp-block-column is-layout-flow wp-block-column-is-layout-flow\">\n<p class=\"has-text-align-center has-large-font-size\">Audit<\/p>\n\n\n\n<p class=\"has-text-align-center has-large-font-size\">Atelier<\/p>\n\n\n\n<div class=\"wp-block-buttons is-layout-flex wp-block-buttons-is-layout-flex\">\n<div class=\"wp-block-button aligncenter is-style-fill\"><a class=\"wp-block-button__link has-vivid-green-cyan-background-color has-background wp-element-button\" href=\"https:\/\/chaudronnerie-lp-medias.discipline.ac-lille.fr\/Technologie\/S%C3%A9curit%C3%A9\/Audit%20s%C3%A9curit%C3%A9%20Atelier.pdf\" target=\"_blank\" rel=\"noreferrer noopener\">T\u00e9l\u00e9chargement<\/a><\/div>\n<\/div>\n<\/div>\n\n\n\n<div class=\"wp-block-column is-layout-flow wp-block-column-is-layout-flow\">\n<p class=\"has-text-align-center has-large-font-size\">Audit<\/p>\n\n\n\n<p class=\"has-text-align-center has-large-font-size\">Cisaille guillotine<\/p>\n\n\n\n<div class=\"wp-block-buttons is-layout-flex wp-block-buttons-is-layout-flex\">\n<div class=\"wp-block-button aligncenter is-style-fill\"><a class=\"wp-block-button__link has-vivid-green-cyan-background-color has-background wp-element-button\" href=\"https:\/\/chaudronnerie-lp-medias.discipline.ac-lille.fr\/Technologie\/S%C3%A9curit%C3%A9\/Audit%20s%C3%A9curit%C3%A9%20Cisailles%20Guillotine.pdf\" target=\"_blank\" rel=\"noreferrer noopener\">T\u00e9l\u00e9chargement<\/a><\/div>\n<\/div>\n<\/div>\n\n\n\n<div class=\"wp-block-column is-layout-flow wp-block-column-is-layout-flow\">\n<p class=\"has-text-align-center has-large-font-size\">Audit<\/p>\n\n\n\n<p class=\"has-text-align-center has-large-font-size\">Plasma CN<\/p>\n\n\n\n<div class=\"wp-block-buttons is-layout-flex wp-block-buttons-is-layout-flex\">\n<div class=\"wp-block-button aligncenter is-style-fill\"><a class=\"wp-block-button__link has-vivid-green-cyan-background-color has-background wp-element-button\" href=\"https:\/\/chaudronnerie-lp-medias.discipline.ac-lille.fr\/Technologie\/S%C3%A9curit%C3%A9\/Audit%20s%C3%A9curit%C3%A9%20Plasma%20CN.pdf\" target=\"_blank\" rel=\"noreferrer noopener\">T\u00e9l\u00e9chargement<\/a><\/div>\n<\/div>\n<\/div>\n<\/div>\n\n\n\n<div class=\"wp-block-columns is-layout-flex wp-container-core-columns-is-layout-28f84493 wp-block-columns-is-layout-flex\">\n<div class=\"wp-block-column is-layout-flow wp-block-column-is-layout-flow\">\n<p class=\"has-text-align-center has-large-font-size\">Audit<\/p>\n\n\n\n<p class=\"has-text-align-center has-large-font-size\">Op\u00e9rateur<\/p>\n\n\n\n<div class=\"wp-block-buttons is-layout-flex wp-block-buttons-is-layout-flex\">\n<div class=\"wp-block-button aligncenter\"><a class=\"wp-block-button__link has-vivid-green-cyan-background-color has-background wp-element-button\" href=\"https:\/\/chaudronnerie-lp-medias.discipline.ac-lille.fr\/Technologie\/S%C3%A9curit%C3%A9\/Audit%20s%C3%A9curit%C3%A9%20Op%C3%A9rateur.pdf\" target=\"_blank\" rel=\"noreferrer noopener\">T\u00e9l\u00e9chargement<\/a><\/div>\n<\/div>\n<\/div>\n\n\n\n<div class=\"wp-block-column is-layout-flow wp-block-column-is-layout-flow\">\n<p class=\"has-text-align-center has-large-font-size\">Audit<\/p>\n\n\n\n<p class=\"has-text-align-center has-large-font-size\">Per\u00e7euse<\/p>\n\n\n\n<div class=\"wp-block-buttons is-layout-flex wp-block-buttons-is-layout-flex\">\n<div class=\"wp-block-button aligncenter\"><a class=\"wp-block-button__link has-vivid-green-cyan-background-color has-background wp-element-button\" href=\"https:\/\/chaudronnerie-lp-medias.discipline.ac-lille.fr\/Technologie\/S%C3%A9curit%C3%A9\/Audit%20s%C3%A9curit%C3%A9%20Per%C3%A7euses%20%C3%A0%20colonne.pdf\" target=\"_blank\" rel=\"noreferrer noopener\">T\u00e9l\u00e9chargement<\/a><\/div>\n<\/div>\n<\/div>\n\n\n\n<div class=\"wp-block-column is-layout-flow wp-block-column-is-layout-flow\">\n<p class=\"has-text-align-center has-large-font-size\">Audit <\/p>\n\n\n\n<p class=\"has-text-align-center has-large-font-size\">Cintreuse par enroulement<\/p>\n\n\n\n<div class=\"wp-block-buttons is-layout-flex wp-block-buttons-is-layout-flex\">\n<div class=\"wp-block-button aligncenter\"><a class=\"wp-block-button__link has-vivid-green-cyan-background-color has-background wp-element-button\" href=\"https:\/\/chaudronnerie-lp-medias.discipline.ac-lille.fr\/Technologie\/S%C3%A9curit%C3%A9\/Audit%20s%C3%A9curit%C3%A9%20Enrouleuse%20%C3%A0%20tube.pdf\" target=\"_blank\" rel=\"noreferrer noopener\">T\u00e9l\u00e9chargement<\/a><\/div>\n<\/div>\n<\/div>\n<\/div>\n\n\n\n<div class=\"wp-block-columns is-layout-flex wp-container-core-columns-is-layout-28f84493 wp-block-columns-is-layout-flex\">\n<div class=\"wp-block-column is-layout-flow wp-block-column-is-layout-flow\">\n<p class=\"has-text-align-center has-large-font-size\">Audit<\/p>\n\n\n\n<p class=\"has-text-align-center has-large-font-size\">Rouleuse<\/p>\n\n\n\n<div class=\"wp-block-buttons is-layout-flex wp-block-buttons-is-layout-flex\">\n<div class=\"wp-block-button aligncenter\"><a class=\"wp-block-button__link has-vivid-green-cyan-background-color has-background wp-element-button\" href=\"https:\/\/chaudronnerie-lp-m\u00e9dias.discipline.ac-lille.fr\/Technologie\/S%C3%A9curit%C3%A9\/Audit%20s%C3%A9curit%C3%A9%20rouleuses.pdf\" target=\"_blank\" rel=\"noreferrer noopener\">T\u00e9l\u00e9chargement<\/a><\/div>\n<\/div>\n<\/div>\n\n\n\n<div class=\"wp-block-column is-layout-flow wp-block-column-is-layout-flow\">\n<p class=\"has-text-align-center has-large-font-size\">Audit<\/p>\n\n\n\n<p class=\"has-text-align-center has-large-font-size\">Presse plieuse<\/p>\n\n\n\n<div class=\"wp-block-buttons is-layout-flex wp-block-buttons-is-layout-flex\">\n<div class=\"wp-block-button aligncenter\"><a class=\"wp-block-button__link has-vivid-green-cyan-background-color has-background wp-element-button\" href=\"https:\/\/chaudronnerie-lp-medias.discipline.ac-lille.fr\/Technologie\/S%C3%A9curit%C3%A9\/Audit%20s%C3%A9curit%C3%A9%20Presses%20Plieuse.pdf\" target=\"_blank\" rel=\"noreferrer noopener\">T\u00e9l\u00e9chargement<\/a><\/div>\n<\/div>\n<\/div>\n\n\n\n<div class=\"wp-block-column is-layout-flow wp-block-column-is-layout-flow\">\n<p class=\"has-text-align-center has-large-font-size\">Audit<\/p>\n\n\n\n<p class=\"has-text-align-center has-large-font-size\">Poste soudage<\/p>\n\n\n\n<div class=\"wp-block-buttons is-layout-flex wp-block-buttons-is-layout-flex\">\n<div class=\"wp-block-button aligncenter\"><a class=\"wp-block-button__link has-vivid-green-cyan-background-color has-background wp-element-button\" href=\"https:\/\/chaudronnerie-lp-medias.discipline.ac-lille.fr\/Technologie\/S%C3%A9curit%C3%A9\/Audit%20s%C3%A9curit%C3%A9%20Postes%20%C3%A0%20souder.pdf\" target=\"_blank\" rel=\"noreferrer noopener\">T\u00e9l\u00e9chargement<\/a><\/div>\n<\/div>\n<\/div>\n<\/div>\n","protected":false},"excerpt":{"rendered":"<p>Attention! ce sont des fiches permettant aux \u00e9l\u00e8ves de v\u00e9rifier leur environnement de travail, lieu, machines et op\u00e9rateurs. Audit Atelier Audit Cisaille guillotine Audit Plasma CN Audit Op\u00e9rateur Audit Per\u00e7euse [&hellip;]<\/p>\n","protected":false},"author":39,"featured_media":0,"parent":0,"menu_order":0,"comment_status":"closed","ping_status":"closed","template":"","meta":{"ngg_post_thumbnail":0,"footnotes":""},"class_list":["post-1028","page","type-page","status-publish","czr-hentry"],"publishpress_future_action":{"enabled":false,"date":"2026-04-17 00:25:18","action":"change-status","newStatus":"draft","terms":[],"taxonomy":"","extraData":[]},"publishpress_future_workflow_manual_trigger":{"enabledWorkflows":[]},"_links":{"self":[{"href":"https:\/\/pedagogie.ac-lille.fr\/chaudronnerie-lp\/wp-json\/wp\/v2\/pages\/1028","targetHints":{"allow":["GET"]}}],"collection":[{"href":"https:\/\/pedagogie.ac-lille.fr\/chaudronnerie-lp\/wp-json\/wp\/v2\/pages"}],"about":[{"href":"https:\/\/pedagogie.ac-lille.fr\/chaudronnerie-lp\/wp-json\/wp\/v2\/types\/page"}],"author":[{"embeddable":true,"href":"https:\/\/pedagogie.ac-lille.fr\/chaudronnerie-lp\/wp-json\/wp\/v2\/users\/39"}],"replies":[{"embeddable":true,"href":"https:\/\/pedagogie.ac-lille.fr\/chaudronnerie-lp\/wp-json\/wp\/v2\/comments?post=1028"}],"version-history":[{"count":5,"href":"https:\/\/pedagogie.ac-lille.fr\/chaudronnerie-lp\/wp-json\/wp\/v2\/pages\/1028\/revisions"}],"predecessor-version":[{"id":1047,"href":"https:\/\/pedagogie.ac-lille.fr\/chaudronnerie-lp\/wp-json\/wp\/v2\/pages\/1028\/revisions\/1047"}],"wp:attachment":[{"href":"https:\/\/pedagogie.ac-lille.fr\/chaudronnerie-lp\/wp-json\/wp\/v2\/media?parent=1028"}],"curies":[{"name":"wp","href":"https:\/\/api.w.org\/{rel}","templated":true}]}}