{"id":1103,"date":"2022-12-31T11:55:01","date_gmt":"2022-12-31T10:55:01","guid":{"rendered":"https:\/\/pedagogie.ac-lille.fr\/chaudronnerie-lp\/?page_id=1103"},"modified":"2022-12-31T11:55:01","modified_gmt":"2022-12-31T10:55:01","slug":"mbend","status":"publish","type":"page","link":"https:\/\/pedagogie.ac-lille.fr\/chaudronnerie-lp\/mbend\/","title":{"rendered":"MBend"},"content":{"rendered":"<div class=\"wp-block-image\">\n<figure class=\"aligncenter size-full\"><img loading=\"lazy\" decoding=\"async\" width=\"234\" height=\"216\" src=\"https:\/\/pedagogie.ac-lille.fr\/chaudronnerie-lp\/wp-content\/uploads\/sites\/20\/2022\/12\/telecharger.jpg\" alt=\"\" class=\"wp-image-1104\" \/><\/figure>\n<\/div>\n\n\n<div class=\"wp-block-columns is-layout-flex wp-container-core-columns-is-layout-28f84493 wp-block-columns-is-layout-flex\">\n<div class=\"wp-block-column is-layout-flow wp-block-column-is-layout-flow\">\n<p class=\"has-text-align-center has-large-font-size\">Cr\u00e9ation d&rsquo;un profil<\/p>\n\n\n\n<figure class=\"wp-block-video\"><video controls src=\"https:\/\/chaudronnerie-lp-medias.discipline.ac-lille.fr\/Logiciel%20metier\/Mbend\/Denain\/1.creation%20profil.mp4\"><\/video><\/figure>\n<\/div>\n\n\n\n<div class=\"wp-block-column is-layout-flow wp-block-column-is-layout-flow\">\n<p class=\"has-text-align-center has-large-font-size\">Choix outils<\/p>\n\n\n\n<figure class=\"wp-block-video\"><video controls src=\"https:\/\/chaudronnerie-lp-medias.discipline.ac-lille.fr\/Logiciel%20metier\/Mbend\/Denain\/2.choix%20outil.mp4\"><\/video><\/figure>\n<\/div>\n<\/div>\n\n\n\n<div class=\"wp-block-columns is-layout-flex wp-container-core-columns-is-layout-28f84493 wp-block-columns-is-layout-flex\">\n<div class=\"wp-block-column is-layout-flow wp-block-column-is-layout-flow\">\n<p class=\"has-text-align-center has-large-font-size\">S\u00e9quencement<\/p>\n\n\n\n<figure class=\"wp-block-video\"><video controls src=\"https:\/\/chaudronnerie-lp-medias.discipline.ac-lille.fr\/Logiciel%20metier\/Mbend\/Denain\/3.sequencement.mp4\"><\/video><\/figure>\n<\/div>\n\n\n\n<div class=\"wp-block-column is-layout-flow wp-block-column-is-layout-flow\">\n<p class=\"has-text-align-center has-large-font-size\">Programme pi\u00e8ce<\/p>\n\n\n\n<figure class=\"wp-block-video\"><video controls src=\"https:\/\/chaudronnerie-lp-medias.discipline.ac-lille.fr\/Logiciel%20metier\/Mbend\/Denain\/4.programme%20piece.mp4\"><\/video><\/figure>\n<\/div>\n<\/div>\n\n\n\n<p class=\"has-text-align-center has-large-font-size\">Plan exercice pliage<\/p>\n\n\n\n<div class=\"wp-block-buttons is-layout-flex wp-block-buttons-is-layout-flex\">\n<div class=\"wp-block-button aligncenter\"><a class=\"wp-block-button__link has-vivid-cyan-blue-background-color has-background wp-element-button\" href=\"https:\/\/chaudronnerie-lp-medias.discipline.ac-lille.fr\/Logiciel%20metier\/Mbend\/Denain\/mbend%20profil%20ordre%20pliage.pdf\" target=\"_blank\" rel=\"noreferrer noopener\">t\u00e9l\u00e9charger<\/a><\/div>\n<\/div>\n\n\n\n<div class=\"wp-block-columns is-layout-flex wp-container-core-columns-is-layout-28f84493 wp-block-columns-is-layout-flex\">\n<div class=\"wp-block-column is-layout-flow wp-block-column-is-layout-flow\">\n<p class=\"has-text-align-center has-large-font-size\">Pliage 1<\/p>\n\n\n\n<figure class=\"wp-block-video\"><video controls src=\"https:\/\/chaudronnerie-lp-medias.discipline.ac-lille.fr\/Logiciel%20metier\/Mbend\/Denain\/mbend%20PLIAGE1.mp4\"><\/video><\/figure>\n<\/div>\n\n\n\n<div class=\"wp-block-column is-layout-flow wp-block-column-is-layout-flow\">\n<p class=\"has-text-align-center has-large-font-size\">Pliage 2<\/p>\n\n\n\n<figure class=\"wp-block-video\"><video controls src=\"https:\/\/chaudronnerie-lp-medias.discipline.ac-lille.fr\/Logiciel%20metier\/Mbend\/Denain\/mbend%20PLIAGE2.mp4\"><\/video><\/figure>\n<\/div>\n<\/div>\n","protected":false},"excerpt":{"rendered":"<p>Cr\u00e9ation d&rsquo;un profil Choix outils S\u00e9quencement Programme pi\u00e8ce Plan exercice pliage Pliage 1 Pliage 2<\/p>\n","protected":false},"author":39,"featured_media":0,"parent":0,"menu_order":0,"comment_status":"closed","ping_status":"closed","template":"","meta":{"ngg_post_thumbnail":0,"footnotes":""},"class_list":["post-1103","page","type-page","status-publish","czr-hentry"],"publishpress_future_action":{"enabled":false,"date":"2026-04-16 20:57:50","action":"change-status","newStatus":"draft","terms":[],"taxonomy":"","extraData":[]},"publishpress_future_workflow_manual_trigger":{"enabledWorkflows":[]},"_links":{"self":[{"href":"https:\/\/pedagogie.ac-lille.fr\/chaudronnerie-lp\/wp-json\/wp\/v2\/pages\/1103","targetHints":{"allow":["GET"]}}],"collection":[{"href":"https:\/\/pedagogie.ac-lille.fr\/chaudronnerie-lp\/wp-json\/wp\/v2\/pages"}],"about":[{"href":"https:\/\/pedagogie.ac-lille.fr\/chaudronnerie-lp\/wp-json\/wp\/v2\/types\/page"}],"author":[{"embeddable":true,"href":"https:\/\/pedagogie.ac-lille.fr\/chaudronnerie-lp\/wp-json\/wp\/v2\/users\/39"}],"replies":[{"embeddable":true,"href":"https:\/\/pedagogie.ac-lille.fr\/chaudronnerie-lp\/wp-json\/wp\/v2\/comments?post=1103"}],"version-history":[{"count":1,"href":"https:\/\/pedagogie.ac-lille.fr\/chaudronnerie-lp\/wp-json\/wp\/v2\/pages\/1103\/revisions"}],"predecessor-version":[{"id":1105,"href":"https:\/\/pedagogie.ac-lille.fr\/chaudronnerie-lp\/wp-json\/wp\/v2\/pages\/1103\/revisions\/1105"}],"wp:attachment":[{"href":"https:\/\/pedagogie.ac-lille.fr\/chaudronnerie-lp\/wp-json\/wp\/v2\/media?parent=1103"}],"curies":[{"name":"wp","href":"https:\/\/api.w.org\/{rel}","templated":true}]}}