{"id":184,"date":"2021-04-06T14:20:38","date_gmt":"2021-04-06T12:20:38","guid":{"rendered":"https:\/\/pedagogie.ac-lille.fr\/chaudronnerie-lp\/?page_id=184"},"modified":"2022-07-13T16:25:40","modified_gmt":"2022-07-13T14:25:40","slug":"referentiels","status":"publish","type":"page","link":"https:\/\/pedagogie.ac-lille.fr\/chaudronnerie-lp\/referentiels\/","title":{"rendered":"R\u00e9f\u00e9rentiels"},"content":{"rendered":"<p>Retrouver sur cette page vos r\u00e9f\u00e9rentiels CAP, BAC PRO et MC<\/p>\r\n<p><a href=\"http:\/\/pedagogie.ac-lille.fr\/chaudronnerie-lp\/wp-content\/uploads\/sites\/20\/2021\/04\/CAP_Realisations_industrielles_en_chaudronnerie_ou_soudage_-_Referentiel.pdf\" target=\"_blank\" rel=\"noopener\">CAP_Realisations_industrielles_en_chaudronnerie_ou_soudage_-_Referentiel<\/a><\/p>\r\n<p><a href=\"http:\/\/pedagogie.ac-lille.fr\/chaudronnerie-lp\/wp-content\/uploads\/sites\/20\/2021\/02\/Bac_Pro_Technicien_en_chaudronnerie_industrielle_-_Referentiels_du_diplome_0.pdf\" target=\"_blank\" rel=\"noopener\">Bac_Pro_Technicien_en_chaudronnerie_industrielle_-_Referentiels_du_diplome<\/a><\/p>\r\n\r\n<p><a href=\"http:\/\/chaudronnerie-lp-medias.discipline.ac-lille.fr\/R%C3%A9f%C3%A9rentiels\/Arr%C3%AAt%C3%A9%20%2B%20R%C3%A9f%C3%A9rentiel%20MC%204%20Technicien%20en%20Soudage%20au%2011%2010%2018.pdf\" target=\"_blank\" rel=\"noopener\">Mention Compl\u00e9mentaire Technicien en Soudage<\/a><\/p>\r\n<p><a href=\"http:\/\/chaudronnerie-lp-medias.discipline.ac-lille.fr\/R%C3%A9f%C3%A9rentiels\/R%C3%A9f%C3%A9rentiel%20BTS%20CRCI%20au%2011%2010%2018.pdf\" target=\"_blank\" rel=\"noopener\">BTS Conception et R\u00e9alisation en Chaudronnerie Industrielle<\/a><\/p>\r\n","protected":false},"excerpt":{"rendered":"<p>Retrouver sur cette page vos r\u00e9f\u00e9rentiels CAP, BAC PRO et MC CAP_Realisations_industrielles_en_chaudronnerie_ou_soudage_-_Referentiel Bac_Pro_Technicien_en_chaudronnerie_industrielle_-_Referentiels_du_diplome Mention Compl\u00e9mentaire Technicien en Soudage BTS Conception et R\u00e9alisation en Chaudronnerie Industrielle<\/p>\n","protected":false},"author":39,"featured_media":0,"parent":0,"menu_order":0,"comment_status":"closed","ping_status":"closed","template":"","meta":{"ngg_post_thumbnail":0,"footnotes":""},"class_list":["post-184","page","type-page","status-publish","czr-hentry"],"publishpress_future_action":{"enabled":false,"date":"2026-04-16 20:57:54","action":"change-status","newStatus":"draft","terms":[],"taxonomy":"","extraData":[]},"publishpress_future_workflow_manual_trigger":{"enabledWorkflows":[]},"_links":{"self":[{"href":"https:\/\/pedagogie.ac-lille.fr\/chaudronnerie-lp\/wp-json\/wp\/v2\/pages\/184","targetHints":{"allow":["GET"]}}],"collection":[{"href":"https:\/\/pedagogie.ac-lille.fr\/chaudronnerie-lp\/wp-json\/wp\/v2\/pages"}],"about":[{"href":"https:\/\/pedagogie.ac-lille.fr\/chaudronnerie-lp\/wp-json\/wp\/v2\/types\/page"}],"author":[{"embeddable":true,"href":"https:\/\/pedagogie.ac-lille.fr\/chaudronnerie-lp\/wp-json\/wp\/v2\/users\/39"}],"replies":[{"embeddable":true,"href":"https:\/\/pedagogie.ac-lille.fr\/chaudronnerie-lp\/wp-json\/wp\/v2\/comments?post=184"}],"version-history":[{"count":9,"href":"https:\/\/pedagogie.ac-lille.fr\/chaudronnerie-lp\/wp-json\/wp\/v2\/pages\/184\/revisions"}],"predecessor-version":[{"id":614,"href":"https:\/\/pedagogie.ac-lille.fr\/chaudronnerie-lp\/wp-json\/wp\/v2\/pages\/184\/revisions\/614"}],"wp:attachment":[{"href":"https:\/\/pedagogie.ac-lille.fr\/chaudronnerie-lp\/wp-json\/wp\/v2\/media?parent=184"}],"curies":[{"name":"wp","href":"https:\/\/api.w.org\/{rel}","templated":true}]}}