{"id":234,"date":"2021-05-17T23:33:29","date_gmt":"2021-05-17T21:33:29","guid":{"rendered":"https:\/\/pedagogie.ac-lille.fr\/chaudronnerie-lp\/?page_id=234"},"modified":"2023-03-05T13:41:35","modified_gmt":"2023-03-05T12:41:35","slug":"les-nouvelles-machines","status":"publish","type":"page","link":"https:\/\/pedagogie.ac-lille.fr\/chaudronnerie-lp\/les-nouvelles-machines\/","title":{"rendered":"Les nouvelles machines"},"content":{"rendered":"\n<p>Notre parc machine s&rsquo;est bien \u00e9toff\u00e9 depuis quelques ann\u00e9es, retrouvez les diff\u00e9rents documents partag\u00e9 par nos coll\u00e8gues.<\/p>\n\n\n\n<p><\/p>\n\n\n\n<p class=\"has-text-align-center has-large-font-size\"><a href=\"https:\/\/pedagogie.ac-lille.fr\/chaudronnerie-lp\/la-presse-plieuse-durma\/\">Le banc Plasma<\/a><\/p>\n\n\n\n<p class=\"has-text-align-center has-small-font-size\"><\/p>\n\n\n\n<p class=\"has-text-align-center has-large-font-size\"><a href=\"https:\/\/pedagogie.ac-lille.fr\/chaudronnerie-lp\/cisaille-guillotine-durma\/\">La cisaille guillotine Durma<\/a><\/p>\n\n\n\n<p><\/p>\n\n\n\n<p class=\"has-text-align-center has-large-font-size\"><a href=\"https:\/\/pedagogie.ac-lille.fr\/chaudronnerie-lp\/poinconneuse-amada-ae255\/\">La poin\u00e7onneuse Amada<\/a><\/p>\n\n\n\n<p class=\"has-text-align-center has-medium-font-size\"><\/p>\n\n\n\n<p class=\"has-text-align-center has-large-font-size\"><a href=\"https:\/\/pedagogie.ac-lille.fr\/chaudronnerie-lp\/lencocheuse-a-angle-variable\/\">L&rsquo;encocheuse \u00e0 angle variable<\/a><\/p>\n\n\n\n<p><\/p>\n\n\n\n<p class=\"has-text-align-center has-large-font-size\"><a href=\"https:\/\/pedagogie.ac-lille.fr\/chaudronnerie-lp\/la-presse-plieuse-durma-2\/\">La presse-plieuse Durma<\/a><\/p>\n\n\n\n<p class=\"has-text-align-center has-small-font-size\"><\/p>\n\n\n\n<p class=\"has-text-align-center has-large-font-size\"><a href=\"https:\/\/pedagogie.ac-lille.fr\/chaudronnerie-lp\/la-table-de-montage\/\">La table de montage Siegmund<\/a><\/p>\n\n\n\n<p> <\/p>\n\n\n\n<p class=\"has-text-align-center has-large-font-size\"><a href=\"https:\/\/pedagogie.ac-lille.fr\/chaudronnerie-lp\/poste-de-soudage\/\">Les postes de soudage<\/a><\/p>\n","protected":false},"excerpt":{"rendered":"<p>Notre parc machine s&rsquo;est bien \u00e9toff\u00e9 depuis quelques ann\u00e9es, retrouvez les diff\u00e9rents documents partag\u00e9 par nos coll\u00e8gues. Le banc Plasma La cisaille guillotine Durma La poin\u00e7onneuse Amada L&rsquo;encocheuse \u00e0 angle [&hellip;]<\/p>\n","protected":false},"author":39,"featured_media":0,"parent":0,"menu_order":0,"comment_status":"closed","ping_status":"closed","template":"","meta":{"ngg_post_thumbnail":0,"footnotes":""},"class_list":["post-234","page","type-page","status-publish","czr-hentry"],"publishpress_future_action":{"enabled":false,"date":"2026-04-16 19:21:41","action":"change-status","newStatus":"draft","terms":[],"taxonomy":"","extraData":[]},"publishpress_future_workflow_manual_trigger":{"enabledWorkflows":[]},"_links":{"self":[{"href":"https:\/\/pedagogie.ac-lille.fr\/chaudronnerie-lp\/wp-json\/wp\/v2\/pages\/234","targetHints":{"allow":["GET"]}}],"collection":[{"href":"https:\/\/pedagogie.ac-lille.fr\/chaudronnerie-lp\/wp-json\/wp\/v2\/pages"}],"about":[{"href":"https:\/\/pedagogie.ac-lille.fr\/chaudronnerie-lp\/wp-json\/wp\/v2\/types\/page"}],"author":[{"embeddable":true,"href":"https:\/\/pedagogie.ac-lille.fr\/chaudronnerie-lp\/wp-json\/wp\/v2\/users\/39"}],"replies":[{"embeddable":true,"href":"https:\/\/pedagogie.ac-lille.fr\/chaudronnerie-lp\/wp-json\/wp\/v2\/comments?post=234"}],"version-history":[{"count":6,"href":"https:\/\/pedagogie.ac-lille.fr\/chaudronnerie-lp\/wp-json\/wp\/v2\/pages\/234\/revisions"}],"predecessor-version":[{"id":1148,"href":"https:\/\/pedagogie.ac-lille.fr\/chaudronnerie-lp\/wp-json\/wp\/v2\/pages\/234\/revisions\/1148"}],"wp:attachment":[{"href":"https:\/\/pedagogie.ac-lille.fr\/chaudronnerie-lp\/wp-json\/wp\/v2\/media?parent=234"}],"curies":[{"name":"wp","href":"https:\/\/api.w.org\/{rel}","templated":true}]}}