{"id":58,"date":"2021-01-06T05:12:01","date_gmt":"2021-01-06T04:12:01","guid":{"rendered":"http:\/\/pedagogie.ac-lille.fr\/chaudronnerie-lp\/?page_id=58"},"modified":"2022-01-31T11:20:20","modified_gmt":"2022-01-31T10:20:20","slug":"page1-2","status":"publish","type":"page","link":"https:\/\/pedagogie.ac-lille.fr\/chaudronnerie-lp\/page1-2\/","title":{"rendered":"Technologie"},"content":{"rendered":"<p style=\"text-align: center\">Retrouvez les diff\u00e9rentes ressources technologiques mises \u00e0 disposition par les enseignants de notre acad\u00e9mie.<\/p>\n<p>&nbsp;<\/p>\n<p style=\"text-align: center\">Ces ressources sont r\u00e9pertori\u00e9es sous les items suivants :<\/p>\n<h3 style=\"text-align: center\"><a href=\"https:\/\/pedagogie.ac-lille.fr\/chaudronnerie-lp\/page1-2\/page1-2-2\/\">Les Proc\u00e9d\u00e9s<\/a><\/h3>\n<p style=\"text-align: center\"><em>Usinage par coupe, par abrasion, par enl\u00e8vement de copeaux; Usinage par d\u00e9formation plastique; &#8230;<\/em><\/p>\n<h3 style=\"text-align: center\"><a href=\"https:\/\/pedagogie.ac-lille.fr\/chaudronnerie-lp\/la-gestion-de-production\/\">La Gestion de Production<\/a><\/h3>\n<p style=\"text-align: center\"><em>D\u00e9bit \u00e9conomique, gestion des stocks, calcul de temps de fabrication, &#8230;<\/em><\/p>\n<h3 style=\"text-align: center\"><a href=\"https:\/\/pedagogie.ac-lille.fr\/chaudronnerie-lp\/page1-2\/page1-1\/\">Les Activit\u00e9s d&rsquo;Apprentissages Finales<\/a><\/h3>\n<p style=\"text-align: center\"><em>Pr\u00e9paration, R\u00e9habilitation, Gestion<\/em><\/p>\n<h3 style=\"text-align: center\"><a href=\"https:\/\/pedagogie.ac-lille.fr\/chaudronnerie-lp\/page2-2\/\">Les logiciels m\u00e9tier<\/a><\/h3>\n<p style=\"text-align: center\"><em>TopSolid, SolidWorks, Lin\u00e9a5, &#8230;<\/em><\/p>\n<p>&nbsp;<\/p>\n","protected":false},"excerpt":{"rendered":"<p>Retrouvez les diff\u00e9rentes ressources technologiques mises \u00e0 disposition par les enseignants de notre acad\u00e9mie. &nbsp; Ces ressources sont r\u00e9pertori\u00e9es sous les items suivants : Les Proc\u00e9d\u00e9s Usinage par coupe, par [&hellip;]<\/p>\n","protected":false},"author":4,"featured_media":456,"parent":0,"menu_order":0,"comment_status":"closed","ping_status":"closed","template":"","meta":{"ngg_post_thumbnail":0,"footnotes":""},"class_list":["post-58","page","type-page","status-publish","has-post-thumbnail","czr-hentry"],"publishpress_future_action":{"enabled":false,"date":"2026-04-16 21:06:36","action":"change-status","newStatus":"draft","terms":[],"taxonomy":"","extraData":[]},"publishpress_future_workflow_manual_trigger":{"enabledWorkflows":[]},"_links":{"self":[{"href":"https:\/\/pedagogie.ac-lille.fr\/chaudronnerie-lp\/wp-json\/wp\/v2\/pages\/58","targetHints":{"allow":["GET"]}}],"collection":[{"href":"https:\/\/pedagogie.ac-lille.fr\/chaudronnerie-lp\/wp-json\/wp\/v2\/pages"}],"about":[{"href":"https:\/\/pedagogie.ac-lille.fr\/chaudronnerie-lp\/wp-json\/wp\/v2\/types\/page"}],"author":[{"embeddable":true,"href":"https:\/\/pedagogie.ac-lille.fr\/chaudronnerie-lp\/wp-json\/wp\/v2\/users\/4"}],"replies":[{"embeddable":true,"href":"https:\/\/pedagogie.ac-lille.fr\/chaudronnerie-lp\/wp-json\/wp\/v2\/comments?post=58"}],"version-history":[{"count":9,"href":"https:\/\/pedagogie.ac-lille.fr\/chaudronnerie-lp\/wp-json\/wp\/v2\/pages\/58\/revisions"}],"predecessor-version":[{"id":459,"href":"https:\/\/pedagogie.ac-lille.fr\/chaudronnerie-lp\/wp-json\/wp\/v2\/pages\/58\/revisions\/459"}],"wp:featuredmedia":[{"embeddable":true,"href":"https:\/\/pedagogie.ac-lille.fr\/chaudronnerie-lp\/wp-json\/wp\/v2\/media\/456"}],"wp:attachment":[{"href":"https:\/\/pedagogie.ac-lille.fr\/chaudronnerie-lp\/wp-json\/wp\/v2\/media?parent=58"}],"curies":[{"name":"wp","href":"https:\/\/api.w.org\/{rel}","templated":true}]}}