{"id":64,"date":"2021-01-06T05:13:08","date_gmt":"2021-01-06T04:13:08","guid":{"rendered":"http:\/\/pedagogie.ac-lille.fr\/chaudronnerie-lp\/?page_id=64"},"modified":"2021-11-08T11:57:10","modified_gmt":"2021-11-08T10:57:10","slug":"page1-2-2","status":"publish","type":"page","link":"https:\/\/pedagogie.ac-lille.fr\/chaudronnerie-lp\/page1-2\/page1-2-2\/","title":{"rendered":"Les proc\u00e9d\u00e9s de d\u00e9coupe"},"content":{"rendered":"","protected":false},"excerpt":{"rendered":"","protected":false},"author":4,"featured_media":0,"parent":58,"menu_order":0,"comment_status":"closed","ping_status":"closed","template":"","meta":{"ngg_post_thumbnail":0,"footnotes":""},"class_list":["post-64","page","type-page","status-publish","czr-hentry"],"publishpress_future_action":{"enabled":false,"date":"2026-04-17 00:25:20","action":"change-status","newStatus":"draft","terms":[],"taxonomy":"","extraData":[]},"publishpress_future_workflow_manual_trigger":{"enabledWorkflows":[]},"_links":{"self":[{"href":"https:\/\/pedagogie.ac-lille.fr\/chaudronnerie-lp\/wp-json\/wp\/v2\/pages\/64","targetHints":{"allow":["GET"]}}],"collection":[{"href":"https:\/\/pedagogie.ac-lille.fr\/chaudronnerie-lp\/wp-json\/wp\/v2\/pages"}],"about":[{"href":"https:\/\/pedagogie.ac-lille.fr\/chaudronnerie-lp\/wp-json\/wp\/v2\/types\/page"}],"author":[{"embeddable":true,"href":"https:\/\/pedagogie.ac-lille.fr\/chaudronnerie-lp\/wp-json\/wp\/v2\/users\/4"}],"replies":[{"embeddable":true,"href":"https:\/\/pedagogie.ac-lille.fr\/chaudronnerie-lp\/wp-json\/wp\/v2\/comments?post=64"}],"version-history":[{"count":3,"href":"https:\/\/pedagogie.ac-lille.fr\/chaudronnerie-lp\/wp-json\/wp\/v2\/pages\/64\/revisions"}],"predecessor-version":[{"id":374,"href":"https:\/\/pedagogie.ac-lille.fr\/chaudronnerie-lp\/wp-json\/wp\/v2\/pages\/64\/revisions\/374"}],"up":[{"embeddable":true,"href":"https:\/\/pedagogie.ac-lille.fr\/chaudronnerie-lp\/wp-json\/wp\/v2\/pages\/58"}],"wp:attachment":[{"href":"https:\/\/pedagogie.ac-lille.fr\/chaudronnerie-lp\/wp-json\/wp\/v2\/media?parent=64"}],"curies":[{"name":"wp","href":"https:\/\/api.w.org\/{rel}","templated":true}]}}