{"id":847,"date":"2022-11-17T15:47:56","date_gmt":"2022-11-17T14:47:56","guid":{"rendered":"https:\/\/pedagogie.ac-lille.fr\/chaudronnerie-lp\/?page_id=847"},"modified":"2022-11-17T15:50:25","modified_gmt":"2022-11-17T14:50:25","slug":"les-enseignements-dans-la-filiere-chaudronnerie-avec-le-numerique-associe","status":"publish","type":"page","link":"https:\/\/pedagogie.ac-lille.fr\/chaudronnerie-lp\/les-enseignements-dans-la-filiere-chaudronnerie-avec-le-numerique-associe\/","title":{"rendered":"Les enseignements dans la fili\u00e8re chaudronnerie avec le num\u00e9rique associ\u00e9"},"content":{"rendered":"","protected":false},"excerpt":{"rendered":"","protected":false},"author":41,"featured_media":0,"parent":0,"menu_order":0,"comment_status":"closed","ping_status":"closed","template":"","meta":{"ngg_post_thumbnail":0,"footnotes":""},"class_list":["post-847","page","type-page","status-publish","czr-hentry"],"publishpress_future_action":{"enabled":false,"date":"2026-04-16 19:21:42","action":"change-status","newStatus":"draft","terms":[],"taxonomy":"","extraData":[]},"publishpress_future_workflow_manual_trigger":{"enabledWorkflows":[]},"_links":{"self":[{"href":"https:\/\/pedagogie.ac-lille.fr\/chaudronnerie-lp\/wp-json\/wp\/v2\/pages\/847","targetHints":{"allow":["GET"]}}],"collection":[{"href":"https:\/\/pedagogie.ac-lille.fr\/chaudronnerie-lp\/wp-json\/wp\/v2\/pages"}],"about":[{"href":"https:\/\/pedagogie.ac-lille.fr\/chaudronnerie-lp\/wp-json\/wp\/v2\/types\/page"}],"author":[{"embeddable":true,"href":"https:\/\/pedagogie.ac-lille.fr\/chaudronnerie-lp\/wp-json\/wp\/v2\/users\/41"}],"replies":[{"embeddable":true,"href":"https:\/\/pedagogie.ac-lille.fr\/chaudronnerie-lp\/wp-json\/wp\/v2\/comments?post=847"}],"version-history":[{"count":1,"href":"https:\/\/pedagogie.ac-lille.fr\/chaudronnerie-lp\/wp-json\/wp\/v2\/pages\/847\/revisions"}],"predecessor-version":[{"id":848,"href":"https:\/\/pedagogie.ac-lille.fr\/chaudronnerie-lp\/wp-json\/wp\/v2\/pages\/847\/revisions\/848"}],"wp:attachment":[{"href":"https:\/\/pedagogie.ac-lille.fr\/chaudronnerie-lp\/wp-json\/wp\/v2\/media?parent=847"}],"curies":[{"name":"wp","href":"https:\/\/api.w.org\/{rel}","templated":true}]}}