{"id":856,"date":"2022-11-17T16:14:04","date_gmt":"2022-11-17T15:14:04","guid":{"rendered":"https:\/\/pedagogie.ac-lille.fr\/chaudronnerie-lp\/?page_id=856"},"modified":"2023-02-06T11:01:20","modified_gmt":"2023-02-06T10:01:20","slug":"plan-topsolid","status":"publish","type":"page","link":"https:\/\/pedagogie.ac-lille.fr\/chaudronnerie-lp\/plan-topsolid\/","title":{"rendered":"Proc\u00e9dure TopSolid"},"content":{"rendered":"<div class=\"wp-block-image\">\n<figure class=\"aligncenter size-full\"><img loading=\"lazy\" decoding=\"async\" width=\"452\" height=\"133\" src=\"https:\/\/pedagogie.ac-lille.fr\/chaudronnerie-lp\/wp-content\/uploads\/sites\/20\/2022\/12\/logo-topsolid-768x394-1.jpg\" alt=\"\" class=\"wp-image-1079\" srcset=\"https:\/\/pedagogie.ac-lille.fr\/chaudronnerie-lp\/wp-content\/uploads\/sites\/20\/2022\/12\/logo-topsolid-768x394-1.jpg 452w, https:\/\/pedagogie.ac-lille.fr\/chaudronnerie-lp\/wp-content\/uploads\/sites\/20\/2022\/12\/logo-topsolid-768x394-1-300x88.jpg 300w\" sizes=\"auto, (max-width: 452px) 100vw, 452px\" \/><\/figure>\n<\/div>\n\n\n<p class=\"has-text-align-center has-large-font-size\">Truc et astuce<\/p>\n\n\n\n<p>Merci aux coll\u00e8gues du lyc\u00e9e des Ceux Caps de Marquise<\/p>\n\n\n\n<div class=\"wp-block-columns is-layout-flex wp-container-core-columns-is-layout-28f84493 wp-block-columns-is-layout-flex\">\n<div class=\"wp-block-column is-layout-flow wp-block-column-is-layout-flow\">\n<p class=\"has-text-align-center has-medium-font-size\" style=\"font-style:normal;font-weight:700\">Cr\u00e9ation programme ISO sans coudre<\/p>\n\n\n\n<div class=\"wp-block-buttons is-layout-flex wp-block-buttons-is-layout-flex\">\n<div class=\"wp-block-button aligncenter\"><a class=\"wp-block-button__link wp-element-button\" href=\"\" target=\"_blank\" rel=\"noreferrer noopener\">T\u00e9l\u00e9charger<\/a><\/div>\n<\/div>\n<\/div>\n\n\n\n<div class=\"wp-block-column is-layout-flow wp-block-column-is-layout-flow\">\n<p class=\"has-text-align-center has-medium-font-size\" style=\"font-style:normal;font-weight:700\">Programme DXF vers Poin\u00e7onneuse<\/p>\n\n\n\n<div class=\"wp-block-buttons is-layout-flex wp-block-buttons-is-layout-flex\">\n<div class=\"wp-block-button aligncenter\"><a class=\"wp-block-button__link wp-element-button\" href=\"https:\/\/chaudronnerie-lp-medias.discipline.ac-lille.fr\/Logiciel%20metier\/Topsolid\/Marquise\/Cr%C3%A9ation%20d%E2%80%99un%20programme%20dans%20TOP%20SOLID%20%C3%A0%20partir%20d%27une%20piece%20en%20DXF%20pour%20Poin%C3%A7onneuse.pptx\" target=\"_blank\" rel=\"noreferrer noopener\">T\u00e9l\u00e9charger<\/a><\/div>\n<\/div>\n<\/div>\n\n\n\n<div class=\"wp-block-column is-layout-flow wp-block-column-is-layout-flow\">\n<p class=\"has-text-align-center has-medium-font-size\" style=\"font-style:normal;font-weight:700\">Programme demi Transformation<\/p>\n\n\n\n<div class=\"wp-block-buttons is-layout-flex wp-block-buttons-is-layout-flex\">\n<div class=\"wp-block-button aligncenter\"><a class=\"wp-block-button__link wp-element-button\" href=\"\" target=\"_blank\" rel=\"noreferrer noopener\">T\u00e9l\u00e9charger<\/a><\/div>\n<\/div>\n<\/div>\n<\/div>\n\n\n\n<p class=\"has-text-align-center has-large-font-size\"><strong>Le cylindre coup\u00e9 par un plan<\/strong><\/p>\n\n\n\n<div class=\"wp-block-columns is-layout-flex wp-container-core-columns-is-layout-28f84493 wp-block-columns-is-layout-flex\">\n<div class=\"wp-block-column is-vertically-aligned-center is-layout-flow wp-block-column-is-layout-flow\">\n<p class=\"has-text-align-center\">Proc\u00e9dure <\/p>\n\n\n\n<div class=\"wp-block-buttons is-content-justification-center is-layout-flex wp-container-core-buttons-is-layout-a89b3969 wp-block-buttons-is-layout-flex\">\n<div class=\"wp-block-button aligncenter has-custom-font-size has-medium-font-size\"><a class=\"wp-block-button__link has-vivid-cyan-blue-background-color has-background wp-element-button\" href=\"https:\/\/chaudronnerie-lp-medias.discipline.ac-lille.fr\/Logiciel%20metier\/Topsolid\/Cylindre%20plan\/Proc%C3%A9dure%20d%C3%A9pliage%20cylindre%20plan%20module%20chaudronnerie.docx\" target=\"_blank\" rel=\"noreferrer noopener\">Word<\/a><\/div>\n<\/div>\n<\/div>\n\n\n\n<div class=\"wp-block-column is-vertically-aligned-center is-layout-flow wp-block-column-is-layout-flow\">\n<p class=\"has-text-align-center\">Document<\/p>\n\n\n\n<div class=\"wp-block-buttons is-layout-flex wp-block-buttons-is-layout-flex\">\n<div class=\"wp-block-button aligncenter\"><a class=\"wp-block-button__link has-vivid-red-background-color has-background wp-element-button\" href=\"https:\/\/chaudronnerie-lp-medias.discipline.ac-lille.fr\/Logiciel%20metier\/Topsolid\/Cylindre%20plan\/BOITE%20D%27ECHAPPEMENT%20Gaine.pdf\" target=\"_blank\" rel=\"noreferrer noopener\">PDF<\/a><\/div>\n<\/div>\n<\/div>\n\n\n\n<div class=\"wp-block-column is-vertically-aligned-center is-layout-flow wp-block-column-is-layout-flow\">\n<p class=\"has-text-align-center\">Vid\u00e9o d&rsquo;aide<\/p>\n\n\n\n<figure class=\"wp-block-video\"><video controls src=\"https:\/\/chaudronnerie-lp-medias.discipline.ac-lille.fr\/Logiciel%20metier\/Topsolid\/Cylindre%20plan\/Module%20chaudronnerie%20CYLINDRE%20PLAN.mp4\"><\/video><\/figure>\n<\/div>\n<\/div>\n\n\n\n<p class=\"has-text-align-center has-large-font-size\"><strong>Le coude cylindrique<\/strong><\/p>\n\n\n\n<div class=\"wp-block-columns is-layout-flex wp-container-core-columns-is-layout-28f84493 wp-block-columns-is-layout-flex\">\n<div class=\"wp-block-column is-vertically-aligned-center is-layout-flow wp-block-column-is-layout-flow\">\n<p class=\"has-text-align-center\">Proc\u00e9dure <\/p>\n\n\n\n<div class=\"wp-block-buttons is-content-justification-center is-layout-flex wp-container-core-buttons-is-layout-a89b3969 wp-block-buttons-is-layout-flex\">\n<div class=\"wp-block-button aligncenter has-custom-font-size has-medium-font-size\"><a class=\"wp-block-button__link has-vivid-cyan-blue-background-color has-background wp-element-button\" href=\"https:\/\/chaudronnerie-lp-medias.discipline.ac-lille.fr\/Logiciel%20metier\/Topsolid\/Coude\/Proc%C3%A9dure%20d%C3%A9pliage%20coude%20cylindrique%20module%20chaudronnerie.docx\" target=\"_blank\" rel=\"noreferrer noopener\">Word<\/a><\/div>\n<\/div>\n<\/div>\n\n\n\n<div class=\"wp-block-column is-vertically-aligned-center is-layout-flow wp-block-column-is-layout-flow\">\n<p class=\"has-text-align-center\">Document<\/p>\n\n\n\n<div class=\"wp-block-buttons is-layout-flex wp-block-buttons-is-layout-flex\">\n<div class=\"wp-block-button aligncenter\"><a class=\"wp-block-button__link has-vivid-red-background-color has-background wp-element-button\" href=\"https:\/\/chaudronnerie-lp-medias.discipline.ac-lille.fr\/Logiciel%20metier\/Topsolid\/Coude\/Coude%20Raccord%20Filtre.pdf\" target=\"_blank\" rel=\"noreferrer noopener\">PDF<\/a><\/div>\n<\/div>\n<\/div>\n\n\n\n<div class=\"wp-block-column is-vertically-aligned-center is-layout-flow wp-block-column-is-layout-flow\">\n<p class=\"has-text-align-center\">Vid\u00e9o d&rsquo;aide<\/p>\n\n\n\n<figure class=\"wp-block-video\"><video controls src=\"https:\/\/chaudronnerie-lp-medias.discipline.ac-lille.fr\/Logiciel%20metier\/Topsolid\/Coude\/Module%20chaudronnerie%20COUDE.mp4\"><\/video><\/figure>\n<\/div>\n<\/div>\n\n\n\n<p class=\"has-text-align-center has-large-font-size\"><strong>La hotte<\/strong><\/p>\n\n\n\n<div class=\"wp-block-columns is-layout-flex wp-container-core-columns-is-layout-28f84493 wp-block-columns-is-layout-flex\">\n<div class=\"wp-block-column is-vertically-aligned-center is-layout-flow wp-block-column-is-layout-flow\">\n<p class=\"has-text-align-center\">Proc\u00e9dures<\/p>\n\n\n\n<div class=\"wp-block-buttons is-layout-flex wp-block-buttons-is-layout-flex\">\n<div class=\"wp-block-button aligncenter has-custom-font-size has-medium-font-size\"><a class=\"wp-block-button__link has-vivid-cyan-blue-background-color has-background wp-element-button\" href=\"https:\/\/chaudronnerie-lp-medias.discipline.ac-lille.fr\/Logiciel%20metier\/Topsolid\/Hotte\/Relev%C3%A9%20de%20cote%20module%20chaudronnerie%20HOTTE.docx\" target=\"_blank\" rel=\"noreferrer noopener\">Word<\/a><\/div>\n<\/div>\n\n\n\n<div class=\"wp-block-buttons is-content-justification-center is-layout-flex wp-container-core-buttons-is-layout-a89b3969 wp-block-buttons-is-layout-flex\">\n<div class=\"wp-block-button aligncenter has-custom-font-size has-medium-font-size\"><a class=\"wp-block-button__link has-vivid-cyan-blue-background-color has-background wp-element-button\" href=\"https:\/\/chaudronnerie-lp-medias.discipline.ac-lille.fr\/Logiciel%20metier\/Topsolid\/Hotte\/Proc%C3%A9dure%20d%C3%A9pliage%20hotte%20module%20chaudronnerie.docx\" target=\"_blank\" rel=\"noreferrer noopener\">Word<\/a><\/div>\n<\/div>\n<\/div>\n\n\n\n<div class=\"wp-block-column is-vertically-aligned-center is-layout-flow wp-block-column-is-layout-flow\">\n<p class=\"has-text-align-center\">Document<\/p>\n\n\n\n<div class=\"wp-block-buttons is-layout-flex wp-block-buttons-is-layout-flex\">\n<div class=\"wp-block-button aligncenter\"><a class=\"wp-block-button__link has-vivid-red-background-color has-background wp-element-button\" href=\"https:\/\/chaudronnerie-lp-medias.discipline.ac-lille.fr\/Logiciel%20metier\/Topsolid\/Hotte\/HOTTE%20decal%C3%A9%20ensemble.pdf\" target=\"_blank\" rel=\"noreferrer noopener\">PDF<\/a><\/div>\n<\/div>\n<\/div>\n\n\n\n<div class=\"wp-block-column is-vertically-aligned-center is-layout-flow wp-block-column-is-layout-flow\">\n<p class=\"has-text-align-center\">Vid\u00e9o d&rsquo;aide<\/p>\n\n\n\n<figure class=\"wp-block-video\"><video controls src=\"https:\/\/chaudronnerie-lp-medias.discipline.ac-lille.fr\/Logiciel%20metier\/Topsolid\/Hotte\/Module%20chaudronnerie%20HOTTE.mp4\"><\/video><\/figure>\n<\/div>\n<\/div>\n\n\n\n<p class=\"has-text-align-center has-large-font-size\"><strong>Le c\u00f4ne de r\u00e9volution<\/strong><\/p>\n\n\n\n<div class=\"wp-block-columns is-layout-flex wp-container-core-columns-is-layout-28f84493 wp-block-columns-is-layout-flex\">\n<div class=\"wp-block-column is-vertically-aligned-center is-layout-flow wp-block-column-is-layout-flow\">\n<p class=\"has-text-align-center\">Proc\u00e9dure <\/p>\n\n\n\n<div class=\"wp-block-buttons is-content-justification-center is-layout-flex wp-container-core-buttons-is-layout-a89b3969 wp-block-buttons-is-layout-flex\">\n<div class=\"wp-block-button aligncenter has-custom-font-size has-medium-font-size\"><a class=\"wp-block-button__link has-vivid-cyan-blue-background-color has-background wp-element-button\" href=\"https:\/\/chaudronnerie-lp-medias.discipline.ac-lille.fr\/Logiciel%20metier\/Topsolid\/Tronc%20de%20cone\/Proc%C3%A9dure%20d%C3%A9pliage%20tronc%20de%20cone%20module%20chaudronnerie.docx\" target=\"_blank\" rel=\"noreferrer noopener\">Word<\/a><\/div>\n<\/div>\n<\/div>\n\n\n\n<div class=\"wp-block-column is-vertically-aligned-center is-layout-flow wp-block-column-is-layout-flow\">\n<p class=\"has-text-align-center\">Document<\/p>\n\n\n\n<div class=\"wp-block-buttons is-layout-flex wp-block-buttons-is-layout-flex\">\n<div class=\"wp-block-button aligncenter\"><a class=\"wp-block-button__link has-vivid-red-background-color has-background wp-element-button\" href=\"https:\/\/chaudronnerie-lp-medias.discipline.ac-lille.fr\/Logiciel%20metier\/Topsolid\/Cylindre%20plan\/BOITE%20D%27ECHAPPEMENT%20Gaine.pdf\" target=\"_blank\" rel=\"noreferrer noopener\">PDF<\/a><\/div>\n<\/div>\n<\/div>\n\n\n\n<div class=\"wp-block-column is-vertically-aligned-center is-layout-flow wp-block-column-is-layout-flow\">\n<p class=\"has-text-align-center\">Vid\u00e9o d&rsquo;aide<\/p>\n\n\n\n<figure class=\"wp-block-video\"><video controls src=\"https:\/\/chaudronnerie-lp-medias.discipline.ac-lille.fr\/Logiciel%20metier\/Topsolid\/Tronc%20de%20cone\/Module%20chaudronnerie%20TRONC%20DE%20CONE.mp4\"><\/video><\/figure>\n<\/div>\n<\/div>\n\n\n\n<p class=\"has-text-align-center has-large-font-size\">Intersection cylindre-cylindre<\/p>\n\n\n\n<div class=\"wp-block-columns is-layout-flex wp-container-core-columns-is-layout-28f84493 wp-block-columns-is-layout-flex\">\n<div class=\"wp-block-column is-vertically-aligned-center is-layout-flow wp-block-column-is-layout-flow\">\n<p class=\"has-text-align-center\">Proc\u00e9dure <\/p>\n\n\n\n<div class=\"wp-block-buttons is-content-justification-center is-layout-flex wp-container-core-buttons-is-layout-a89b3969 wp-block-buttons-is-layout-flex\">\n<div class=\"wp-block-button aligncenter has-custom-font-size has-medium-font-size\"><a class=\"wp-block-button__link has-vivid-cyan-blue-background-color has-background wp-element-button\" href=\"https:\/\/chaudronnerie-lp-medias.discipline.ac-lille.fr\/Logiciel%20metier\/Topsolid\/Intersection%20cyl-cyl\/Proc%C3%A9dure%20d%C3%A9pliage%20intersection%20cyl%20cyl%20module%20chaudronnerie.docx\" target=\"_blank\" rel=\"noreferrer noopener\">Word<\/a><\/div>\n<\/div>\n<\/div>\n\n\n\n<div class=\"wp-block-column is-vertically-aligned-center is-layout-flow wp-block-column-is-layout-flow\">\n<p class=\"has-text-align-center\">Document<\/p>\n\n\n\n<div class=\"wp-block-buttons is-layout-flex wp-block-buttons-is-layout-flex\">\n<div class=\"wp-block-button aligncenter\"><a class=\"wp-block-button__link has-vivid-red-background-color has-background wp-element-button\" href=\"https:\/\/chaudronnerie-lp-medias.discipline.ac-lille.fr\/Logiciel%20metier\/Topsolid\/Intersection%20cyl-cyl\/FILTRE%20A%20CHARBON.pdf\" target=\"_blank\" rel=\"noreferrer noopener\">PDF<\/a><\/div>\n<\/div>\n<\/div>\n\n\n\n<div class=\"wp-block-column is-vertically-aligned-center is-layout-flow wp-block-column-is-layout-flow\">\n<p class=\"has-text-align-center\">Vid\u00e9o d&rsquo;aide<\/p>\n\n\n\n<figure class=\"wp-block-video\"><video controls src=\"https:\/\/chaudronnerie-lp-medias.discipline.ac-lille.fr\/Logiciel%20metier\/Topsolid\/Intersection%20cyl-cyl\/Module%20chaudronnerie%20INTERSECTION%20CYLINDRES.mp4\"><\/video><\/figure>\n<\/div>\n<\/div>\n\n\n\n<p class=\"has-text-align-center has-large-font-size\"><strong>La surface compos\u00e9e<\/strong><\/p>\n\n\n\n<div class=\"wp-block-columns is-layout-flex wp-container-core-columns-is-layout-28f84493 wp-block-columns-is-layout-flex\">\n<div class=\"wp-block-column is-vertically-aligned-center is-layout-flow wp-block-column-is-layout-flow\">\n<p class=\"has-text-align-center\">Proc\u00e9dure <\/p>\n\n\n\n<div class=\"wp-block-buttons is-content-justification-center is-layout-flex wp-container-core-buttons-is-layout-a89b3969 wp-block-buttons-is-layout-flex\">\n<div class=\"wp-block-button aligncenter has-custom-font-size has-medium-font-size\"><a class=\"wp-block-button__link has-vivid-cyan-blue-background-color has-background wp-element-button\" href=\"https:\/\/chaudronnerie-lp-medias.discipline.ac-lille.fr\/Logiciel%20metier\/Topsolid\/Surface%20compos%C3%A9e\/Relev%C3%A9%20de%20cote%20module%20chaudronnerie%20SURFACE%20COMPOSEE.docxx\" target=\"_blank\" rel=\"noreferrer noopener\">Word<\/a><\/div>\n\n\n\n<div class=\"wp-block-button has-custom-font-size has-medium-font-size\"><a class=\"wp-block-button__link has-vivid-cyan-blue-background-color has-background wp-element-button\" href=\"https:\/\/chaudronnerie-lp-medias.discipline.ac-lille.fr\/Logiciel%20metier\/Topsolid\/Surface%20compos%C3%A9e\/Proc%C3%A9dure%20d%C3%A9pliage%20surface%20compos%C3%A9e%20module%20chaudronnerie.docx\" target=\"_blank\" rel=\"noreferrer noopener\">Word<\/a><\/div>\n<\/div>\n<\/div>\n\n\n\n<div class=\"wp-block-column is-vertically-aligned-center is-layout-flow wp-block-column-is-layout-flow\">\n<p class=\"has-text-align-center\">Document<\/p>\n\n\n\n<div class=\"wp-block-buttons is-layout-flex wp-block-buttons-is-layout-flex\">\n<div class=\"wp-block-button aligncenter\"><a class=\"wp-block-button__link has-vivid-red-background-color has-background wp-element-button\" href=\"https:\/\/chaudronnerie-lp-medias.discipline.ac-lille.fr\/Logiciel%20metier\/Topsolid\/Surface%20compos%C3%A9e\/Hotte%20d%27aspiration.pdf\" target=\"_blank\" rel=\"noreferrer noopener\">PDF<\/a><\/div>\n<\/div>\n<\/div>\n\n\n\n<div class=\"wp-block-column is-vertically-aligned-center is-layout-flow wp-block-column-is-layout-flow\">\n<p class=\"has-text-align-center\">Vid\u00e9o d&rsquo;aide<\/p>\n\n\n\n<figure class=\"wp-block-video\"><video controls src=\"https:\/\/chaudronnerie-lp-medias.discipline.ac-lille.fr\/Logiciel%20metier\/Topsolid\/Surface%20compos%C3%A9e\/Module%20chaudronnerie%20SURFACE%20COMPOSEE.mp4\"><\/video><\/figure>\n<\/div>\n<\/div>\n","protected":false},"excerpt":{"rendered":"<p>Truc et astuce Merci aux coll\u00e8gues du lyc\u00e9e des Ceux Caps de Marquise Cr\u00e9ation programme ISO sans coudre Programme DXF vers Poin\u00e7onneuse Programme demi Transformation Le cylindre coup\u00e9 par un [&hellip;]<\/p>\n","protected":false},"author":39,"featured_media":0,"parent":0,"menu_order":0,"comment_status":"closed","ping_status":"closed","template":"","meta":{"ngg_post_thumbnail":0,"footnotes":""},"class_list":["post-856","page","type-page","status-publish","czr-hentry"],"publishpress_future_action":{"enabled":false,"date":"2026-04-16 21:06:37","action":"change-status","newStatus":"draft","terms":[],"taxonomy":"","extraData":[]},"publishpress_future_workflow_manual_trigger":{"enabledWorkflows":[]},"_links":{"self":[{"href":"https:\/\/pedagogie.ac-lille.fr\/chaudronnerie-lp\/wp-json\/wp\/v2\/pages\/856","targetHints":{"allow":["GET"]}}],"collection":[{"href":"https:\/\/pedagogie.ac-lille.fr\/chaudronnerie-lp\/wp-json\/wp\/v2\/pages"}],"about":[{"href":"https:\/\/pedagogie.ac-lille.fr\/chaudronnerie-lp\/wp-json\/wp\/v2\/types\/page"}],"author":[{"embeddable":true,"href":"https:\/\/pedagogie.ac-lille.fr\/chaudronnerie-lp\/wp-json\/wp\/v2\/users\/39"}],"replies":[{"embeddable":true,"href":"https:\/\/pedagogie.ac-lille.fr\/chaudronnerie-lp\/wp-json\/wp\/v2\/comments?post=856"}],"version-history":[{"count":16,"href":"https:\/\/pedagogie.ac-lille.fr\/chaudronnerie-lp\/wp-json\/wp\/v2\/pages\/856\/revisions"}],"predecessor-version":[{"id":1135,"href":"https:\/\/pedagogie.ac-lille.fr\/chaudronnerie-lp\/wp-json\/wp\/v2\/pages\/856\/revisions\/1135"}],"wp:attachment":[{"href":"https:\/\/pedagogie.ac-lille.fr\/chaudronnerie-lp\/wp-json\/wp\/v2\/media?parent=856"}],"curies":[{"name":"wp","href":"https:\/\/api.w.org\/{rel}","templated":true}]}}