{"id":1251,"date":"2021-04-20T20:37:45","date_gmt":"2021-04-20T18:37:45","guid":{"rendered":"https:\/\/pedagogie.ac-lille.fr\/chinois\/?page_id=1251"},"modified":"2024-01-14T19:17:28","modified_gmt":"2024-01-14T18:17:28","slug":"ou-apprendre-le-chinois","status":"publish","type":"page","link":"https:\/\/pedagogie.ac-lille.fr\/chinois\/apprendre-le-chinois\/ou-apprendre-le-chinois\/","title":{"rendered":"O\u00f9 apprendre le chinois ?"},"content":{"rendered":"<p>Cette carte rassemble les \u00e9tablissements o\u00f9 une offre d\u2019apprentissage du chinois existe.<\/p>\n<p>Les couleurs correspondent aux classes d\u2019\u00e2ge des \u00e9l\u00e8ves et \u00e9tudiants :<\/p>\n<ul>\n<li>en rose les \u00e9coles \u00e9l\u00e9mentaires,<\/li>\n<li>en bleu les coll\u00e8ges,<\/li>\n<li>en violet les lyc\u00e9e,<\/li>\n<li>en vert les formations post-bac.<\/li>\n<\/ul>\n<style>\n       .errordiv { padding:10px; margin:10px; border: 1px solid #555555;color: #000000;background-color: #f8f8f8; width:500px; }#advanced_iframe {visibility:visible;opacity:1;vertical-align:top;}.ai-info-bottom-iframe { position: fixed; z-index: 10000; bottom:0; left: 0; margin: 0px; text-align: center; width: 100%; background-color: #ff9999; padding-left: 5px;padding-bottom: 5px; border-top: 1px solid #aaa } a.ai-bold {font-weight: bold;}#ai-layer-div-advanced_iframe p {height:100%;margin:0;padding:0}<\/style><script type=\"text\/javascript\">var ai_iframe_width_advanced_iframe = 0;var ai_iframe_height_advanced_iframe = 0;function aiReceiveMessageadvanced_iframe(event) {  aiProcessMessage(event,\"advanced_iframe\", \"true\",\"\",\"false\",\"false\");}if (window.addEventListener) {  window.addEventListener(\"message\", aiReceiveMessageadvanced_iframe);} else if (el.attachEvent)  {  el.attachEvent(\"message\", aiReceiveMessageadvanced_iframe);}var aiOnloadScrollTop=\"true\";var aiShowDebug=false;\n\t\tif (typeof aiReadyCallbacks === 'undefined') {\n\t\t\tvar aiReadyCallbacks = [];\n\t\t} else if (!(aiReadyCallbacks instanceof Array)) {\n\t\t\tvar aiReadyCallbacks = [];\n\t\t}    function aiShowIframeId(id_iframe) { jQuery(\"#\"+id_iframe).css(\"visibility\", \"visible\");    }    function aiResizeIframeHeight(height) { aiResizeIframeHeight(height,advanced_iframe); }    function aiResizeIframeHeightId(height,width,id) {aiResizeIframeHeightById(id,height);}<\/script><iframe id=\"advanced_iframe\"  name=\"advanced_iframe\"  src=\"https:\/\/umap.openstreetmap.fr\/fr\/map\/le-chinois-en-france_597141\"  width=\"100%\"  height=\"600\"  frameborder=\"0\"  border=\"0\"  allowtransparency=\"true\"  loading=\"lazy\"  style=\";border-width: 0px;;border: none;;width:100%;;height:600px;\" ><\/iframe><script type=\"text\/javascript\">var ifrm_advanced_iframe = document.getElementById(\"advanced_iframe\");var hiddenTabsDoneadvanced_iframe = false;\nfunction resizeCallbackadvanced_iframe() {}<\/script><script type=\"text\/javascript\"><\/script><p style=\"display:block !important; visibility:visible !important;margin: -18px 14px 0 0;padding-left: 3px;padding-top:3px;background: white; overflow: hidden; position: relative; line-height:15px;width: fit-content;\"><small style=\"display:block !important;visibility:visible !important\">powered by Advanced iFrame<\/small><\/p>\n<p>Tutoriels :<\/p>\n<p><a href=\"https:\/\/pedagogie.ac-lille.fr\/chinois\/wp-content\/uploads\/sites\/39\/2022\/11\/TUTORIEL-Re\u0301aliser-une-recherche-par-type-de-formation.pdf\" target=\"_blank\" rel=\"noopener\">Re\u0301aliser une recherche par type de formation (pdf)<\/a><\/p>\n<p><a href=\"https:\/\/pedagogie.ac-lille.fr\/chinois\/wp-content\/uploads\/sites\/39\/2022\/11\/TUTORIEL-Re\u0301aliser-une-recherche-par-zone-ge\u0301ographique.pdf\" target=\"_blank\" rel=\"noopener\">Re\u0301aliser une recherche par zone ge\u0301ographique (pdf)<\/a><\/p>\n\n\n<div class=\"wp-block-query is-layout-flow wp-block-query-is-layout-flow\"><ul class=\"wp-block-post-template is-layout-flow wp-block-post-template-is-layout-flow\"><li class=\"wp-block-post post-5843 post type-post status-publish format-standard has-post-thumbnail category-actualites category-apprendre-le-chinois category-la-vie-dans-les-etablissements category-ou-apprendre-le-chinois czr-hentry\">\n<figure style=\"aspect-ratio:auto;width:150px;height:75px;\" class=\"alignleft wp-block-post-featured-image\"><img loading=\"lazy\" decoding=\"async\" width=\"1500\" height=\"322\" src=\"https:\/\/pedagogie.ac-lille.fr\/chinois\/wp-content\/uploads\/sites\/39\/2024\/01\/Banniere-AC-MARSEILLE-Cite-scolaire-Jacques-Chirac.jpg\" class=\"attachment-post-thumbnail size-post-thumbnail no-lazy wp-post-image\" alt=\"\" style=\"width:100%;height:100%;object-fit:cover;\" srcset=\"https:\/\/pedagogie.ac-lille.fr\/chinois\/wp-content\/uploads\/sites\/39\/2024\/01\/Banniere-AC-MARSEILLE-Cite-scolaire-Jacques-Chirac.jpg 1500w, https:\/\/pedagogie.ac-lille.fr\/chinois\/wp-content\/uploads\/sites\/39\/2024\/01\/Banniere-AC-MARSEILLE-Cite-scolaire-Jacques-Chirac-300x64.jpg 300w, https:\/\/pedagogie.ac-lille.fr\/chinois\/wp-content\/uploads\/sites\/39\/2024\/01\/Banniere-AC-MARSEILLE-Cite-scolaire-Jacques-Chirac-1024x220.jpg 1024w, https:\/\/pedagogie.ac-lille.fr\/chinois\/wp-content\/uploads\/sites\/39\/2024\/01\/Banniere-AC-MARSEILLE-Cite-scolaire-Jacques-Chirac-768x165.jpg 768w\" sizes=\"auto, (max-width: 1500px) 100vw, 1500px\" \/><\/figure>\n\n<h2 class=\"wp-block-post-title has-medium-font-size\"><a href=\"https:\/\/pedagogie.ac-lille.fr\/chinois\/cite-scolaire-internationale-jacques-chirac-europe-mediterranee-orient\/\" target=\"_self\" >Cit\u00e9 scolaire internationale Jacques Chirac Europe &#8211; M\u00e9diterran\u00e9e &#8211; Orient<\/a><\/h2>\n<\/li><\/ul>\n\n\n\n<\/div>\n","protected":false},"excerpt":{"rendered":"<p>Cette carte rassemble les \u00e9tablissements o\u00f9 une offre d\u2019apprentissage du chinois existe. Les couleurs correspondent aux classes d\u2019\u00e2ge des \u00e9l\u00e8ves et \u00e9tudiants : en rose les \u00e9coles \u00e9l\u00e9mentaires, en bleu les coll\u00e8ges, en violet les lyc\u00e9e, en vert les formations post-bac. Tutoriels : Re\u0301aliser une recherche par type de formation (pdf) Re\u0301aliser une recherche par [&hellip;]<\/p>\n","protected":false},"author":44,"featured_media":0,"parent":456,"menu_order":0,"comment_status":"closed","ping_status":"closed","template":"","meta":{"footnotes":""},"class_list":["post-1251","page","type-page","status-publish","czr-hentry"],"publishpress_future_action":{"enabled":false,"date":"2026-04-11 18:33:05","action":"change-status","newStatus":"draft","terms":[],"taxonomy":"","extraData":[]},"publishpress_future_workflow_manual_trigger":{"enabledWorkflows":[]},"_links":{"self":[{"href":"https:\/\/pedagogie.ac-lille.fr\/chinois\/wp-json\/wp\/v2\/pages\/1251","targetHints":{"allow":["GET"]}}],"collection":[{"href":"https:\/\/pedagogie.ac-lille.fr\/chinois\/wp-json\/wp\/v2\/pages"}],"about":[{"href":"https:\/\/pedagogie.ac-lille.fr\/chinois\/wp-json\/wp\/v2\/types\/page"}],"author":[{"embeddable":true,"href":"https:\/\/pedagogie.ac-lille.fr\/chinois\/wp-json\/wp\/v2\/users\/44"}],"replies":[{"embeddable":true,"href":"https:\/\/pedagogie.ac-lille.fr\/chinois\/wp-json\/wp\/v2\/comments?post=1251"}],"version-history":[{"count":11,"href":"https:\/\/pedagogie.ac-lille.fr\/chinois\/wp-json\/wp\/v2\/pages\/1251\/revisions"}],"predecessor-version":[{"id":5856,"href":"https:\/\/pedagogie.ac-lille.fr\/chinois\/wp-json\/wp\/v2\/pages\/1251\/revisions\/5856"}],"up":[{"embeddable":true,"href":"https:\/\/pedagogie.ac-lille.fr\/chinois\/wp-json\/wp\/v2\/pages\/456"}],"wp:attachment":[{"href":"https:\/\/pedagogie.ac-lille.fr\/chinois\/wp-json\/wp\/v2\/media?parent=1251"}],"curies":[{"name":"wp","href":"https:\/\/api.w.org\/{rel}","templated":true}]}}