{"id":1385,"date":"2021-04-23T10:22:04","date_gmt":"2021-04-23T08:22:04","guid":{"rendered":"https:\/\/pedagogie.ac-lille.fr\/chinois\/?page_id=1385"},"modified":"2026-01-09T10:59:09","modified_gmt":"2026-01-09T09:59:09","slug":"republique-populaire-de-chine","status":"publish","type":"page","link":"https:\/\/pedagogie.ac-lille.fr\/chinois\/tests-certifications\/republique-populaire-de-chine\/","title":{"rendered":"Chine continentale"},"content":{"rendered":"<div class=\"wp-block-image\">\n<figure class=\"alignleft size-full is-resized\"><img loading=\"lazy\" decoding=\"async\" width=\"640\" height=\"416\" src=\"http:\/\/pedagogie.ac-lille.fr\/chinois\/wp-content\/uploads\/sites\/39\/2021\/04\/logo-HSK-640px.jpg\" alt=\"\" class=\"wp-image-1392\" style=\"width:351px;height:auto\" srcset=\"https:\/\/pedagogie.ac-lille.fr\/chinois\/wp-content\/uploads\/sites\/39\/2021\/04\/logo-HSK-640px.jpg 640w, https:\/\/pedagogie.ac-lille.fr\/chinois\/wp-content\/uploads\/sites\/39\/2021\/04\/logo-HSK-640px-300x195.jpg 300w\" sizes=\"auto, (max-width: 640px) 100vw, 640px\" \/><\/figure>\n<\/div>\n\n\n<p><\/p>\n\n\n\n<div class=\"wp-block-buttons alignwide is-content-justification-left is-layout-flex wp-container-core-buttons-is-layout-fc4fd283 wp-block-buttons-is-layout-flex\">\n<div class=\"wp-block-button is-style-outline is-style-outline--1\"><a class=\"wp-block-button__link has-black-color has-pale-pink-background-color has-text-color has-background has-link-color has-text-align-center wp-element-button\" href=\"https:\/\/www.chinesetest.cn\/index.do\" target=\"_blank\" rel=\"noreferrer noopener\">Pr\u00e9sentation g\u00e9n\u00e9rale sur le site chinesetest.cn<\/a><\/div>\n\n\n\n<div class=\"wp-block-button is-style-outline is-style-outline--2\"><a class=\"wp-block-button__link has-black-color has-light-green-cyan-background-color has-text-color has-background has-link-color wp-element-button\" href=\"http:\/\/pedagogie.ac-lille.fr\/chinois\/wp-content\/uploads\/sites\/39\/2026\/01\/2026-HSK2026-Bretagne.pdf\" target=\"_blank\" rel=\"noreferrer noopener\">Modalit\u00e9s d&rsquo;inscription au HSK2026 Bretagne (Rennes, Lorient, Brest)<\/a><\/div>\n\n\n\n<div class=\"wp-block-button is-style-outline is-style-outline--3\"><a class=\"wp-block-button__link has-black-color has-light-green-cyan-background-color has-text-color has-background has-link-color wp-element-button\" href=\"https:\/\/pedagogie.ac-lille.fr\/chinois\/wp-content\/uploads\/sites\/39\/2023\/03\/2023-05-AC-AMIENS-HSK-Compiegne.pdf\" target=\"_blank\" rel=\"noreferrer noopener\">Modalit\u00e9s d&rsquo;inscription au HSK de Compi\u00e8gne<\/a><\/div>\n\n\n\n<div class=\"wp-block-button is-style-outline is-style-outline--4\"><a class=\"wp-block-button__link has-black-color has-light-green-cyan-background-color has-text-color has-background has-link-color wp-element-button\" href=\"http:\/\/pedagogie.ac-lille.fr\/chinois\/wp-content\/uploads\/sites\/39\/2025\/12\/2026-04-11-HSK2026-Douai_compressed.pdf\" target=\"_blank\" rel=\"noreferrer noopener\">Modalit\u00e9s d&rsquo;inscription au HSK 2026 de Douai<\/a><\/div>\n<\/div>\n\n\n\n<p><\/p>\n","protected":false},"excerpt":{"rendered":"","protected":false},"author":44,"featured_media":0,"parent":452,"menu_order":0,"comment_status":"closed","ping_status":"closed","template":"","meta":{"footnotes":""},"class_list":["post-1385","page","type-page","status-publish","czr-hentry"],"publishpress_future_action":{"enabled":false,"date":"2026-04-11 16:04:07","action":"change-status","newStatus":"draft","terms":[],"taxonomy":"","extraData":[]},"publishpress_future_workflow_manual_trigger":{"enabledWorkflows":[]},"_links":{"self":[{"href":"https:\/\/pedagogie.ac-lille.fr\/chinois\/wp-json\/wp\/v2\/pages\/1385","targetHints":{"allow":["GET"]}}],"collection":[{"href":"https:\/\/pedagogie.ac-lille.fr\/chinois\/wp-json\/wp\/v2\/pages"}],"about":[{"href":"https:\/\/pedagogie.ac-lille.fr\/chinois\/wp-json\/wp\/v2\/types\/page"}],"author":[{"embeddable":true,"href":"https:\/\/pedagogie.ac-lille.fr\/chinois\/wp-json\/wp\/v2\/users\/44"}],"replies":[{"embeddable":true,"href":"https:\/\/pedagogie.ac-lille.fr\/chinois\/wp-json\/wp\/v2\/comments?post=1385"}],"version-history":[{"count":70,"href":"https:\/\/pedagogie.ac-lille.fr\/chinois\/wp-json\/wp\/v2\/pages\/1385\/revisions"}],"predecessor-version":[{"id":6821,"href":"https:\/\/pedagogie.ac-lille.fr\/chinois\/wp-json\/wp\/v2\/pages\/1385\/revisions\/6821"}],"up":[{"embeddable":true,"href":"https:\/\/pedagogie.ac-lille.fr\/chinois\/wp-json\/wp\/v2\/pages\/452"}],"wp:attachment":[{"href":"https:\/\/pedagogie.ac-lille.fr\/chinois\/wp-json\/wp\/v2\/media?parent=1385"}],"curies":[{"name":"wp","href":"https:\/\/api.w.org\/{rel}","templated":true}]}}