{"id":1917,"date":"2021-06-18T16:21:02","date_gmt":"2021-06-18T14:21:02","guid":{"rendered":"https:\/\/pedagogie.ac-lille.fr\/chinois\/?page_id=1917"},"modified":"2022-03-21T10:20:04","modified_gmt":"2022-03-21T09:20:04","slug":"diplome-de-competence-en-langues","status":"publish","type":"page","link":"https:\/\/pedagogie.ac-lille.fr\/chinois\/tests-certifications\/diplome-de-competence-en-langues\/","title":{"rendered":"Dipl\u00f4me de Comp\u00e9tence en Langues"},"content":{"rendered":"\n<div class=\"wp-block-image\"><figure class=\"alignleft size-full\"><img loading=\"lazy\" decoding=\"async\" width=\"500\" height=\"125\" src=\"https:\/\/pedagogie.ac-lille.fr\/chinois\/wp-content\/uploads\/sites\/39\/2021\/06\/logo-DCL.jpg\" alt=\"\" class=\"wp-image-2140\" srcset=\"https:\/\/pedagogie.ac-lille.fr\/chinois\/wp-content\/uploads\/sites\/39\/2021\/06\/logo-DCL.jpg 500w, https:\/\/pedagogie.ac-lille.fr\/chinois\/wp-content\/uploads\/sites\/39\/2021\/06\/logo-DCL-300x75.jpg 300w\" sizes=\"auto, (max-width: 500px) 100vw, 500px\" \/><\/figure><\/div>\n\n\n<p>\u00ab Le dipl\u00f4me de comp\u00e9tence en langue (DCL) est un dipl\u00f4me national professionnel cr\u00e9\u00e9 sp\u00e9cialement pour les adultes. Il r\u00e9pond aux besoins du monde \u00e9conomique. Son originalit\u00e9 : \u00e9valuer les comp\u00e9tences langagi\u00e8res dans une situation proche de la r\u00e9alit\u00e9 de travail. En fonction de leur performance, les candidats obtiennent le dipl\u00f4me avec la mention d&rsquo;un des niveaux du Cadre europ\u00e9en commun de r\u00e9f\u00e9rence pour les langues (CECRL). \u00bb<\/p>\n\n\n<div class=\"wp-block-buttons is-layout-flex wp-block-buttons-is-layout-flex\">\n<div class=\"wp-block-button\"><a class=\"wp-block-button__link has-vivid-purple-background-color has-background\" href=\"https:\/\/www.education.gouv.fr\/le-diplome-de-competence-en-langue-dcl-2978\" target=\"_blank\" rel=\"noreferrer noopener\">&gt; Lire les information sur le site du Minist\u00e8re de l&rsquo;Education nationale (pr\u00e9sentation, calendrier, inscription)<\/a><\/div>\n<\/div>\n\n\n\n<figure class=\"wp-block-table is-style-stripes\"><table><thead><tr><th class=\"has-text-align-left\" data-align=\"left\">Annales DCL<\/th><\/tr><\/thead><tbody><tr><td class=\"has-text-align-left\" data-align=\"left\"><strong>Session 2018<\/strong><br><a href=\"https:\/\/pedagogie.ac-lille.fr\/chinois\/wp-content\/uploads\/sites\/39\/2021\/11\/DCL-2018-Dossier-de-travail-candidat.pdf\" target=\"_blank\" rel=\"noreferrer noopener\">Dossier de travail candidat<\/a><br><a href=\"https:\/\/pedagogie.ac-lille.fr\/chinois\/wp-content\/uploads\/sites\/39\/2021\/11\/DCL-2018-Situation-et-document-ecrits.pdf\" target=\"_blank\" rel=\"noreferrer noopener\">Situation et document \u00e9crit<\/a><br><a href=\"https:\/\/pedagogie.ac-lille.fr\/chinois\/dcl-cn-0618-10-audio\/\" target=\"_blank\" rel=\"noreferrer noopener\">Compr\u00e9hension orale (enregistrement audio)<\/a><\/td><\/tr><tr><td class=\"has-text-align-left\" data-align=\"left\"><strong>Session 2017<\/strong><br><a href=\"https:\/\/pedagogie.ac-lille.fr\/chinois\/wp-content\/uploads\/sites\/39\/2021\/11\/DCL-CN-1217-09-Dossier-candidat.pdf\" target=\"_blank\" rel=\"noreferrer noopener\">Dossier de travail candidat<\/a><br><a href=\"https:\/\/pedagogie.ac-lille.fr\/chinois\/wp-content\/uploads\/sites\/39\/2021\/11\/DCL-CN-1217-09-Situation-et-documents-ecrits.pdf\" target=\"_blank\" rel=\"noreferrer noopener\">Situation et document \u00e9crit<\/a><\/td><\/tr><tr><td class=\"has-text-align-left\" data-align=\"left\"><\/td><\/tr><\/tbody><\/table><\/figure>\n","protected":false},"excerpt":{"rendered":"<p>\u00ab Le dipl\u00f4me de comp\u00e9tence en langue (DCL) est un dipl\u00f4me national professionnel cr\u00e9\u00e9 sp\u00e9cialement pour les adultes. Il r\u00e9pond aux besoins du monde \u00e9conomique. Son originalit\u00e9 : \u00e9valuer les comp\u00e9tences langagi\u00e8res dans une situation proche de la r\u00e9alit\u00e9 de travail. En fonction de leur performance, les candidats obtiennent le dipl\u00f4me avec la mention d&rsquo;un [&hellip;]<\/p>\n","protected":false},"author":44,"featured_media":0,"parent":452,"menu_order":0,"comment_status":"closed","ping_status":"closed","template":"","meta":{"footnotes":""},"class_list":["post-1917","page","type-page","status-publish","czr-hentry"],"publishpress_future_action":{"enabled":false,"date":"2026-04-11 16:05:20","action":"change-status","newStatus":"draft","terms":[],"taxonomy":"","extraData":[]},"publishpress_future_workflow_manual_trigger":{"enabledWorkflows":[]},"_links":{"self":[{"href":"https:\/\/pedagogie.ac-lille.fr\/chinois\/wp-json\/wp\/v2\/pages\/1917","targetHints":{"allow":["GET"]}}],"collection":[{"href":"https:\/\/pedagogie.ac-lille.fr\/chinois\/wp-json\/wp\/v2\/pages"}],"about":[{"href":"https:\/\/pedagogie.ac-lille.fr\/chinois\/wp-json\/wp\/v2\/types\/page"}],"author":[{"embeddable":true,"href":"https:\/\/pedagogie.ac-lille.fr\/chinois\/wp-json\/wp\/v2\/users\/44"}],"replies":[{"embeddable":true,"href":"https:\/\/pedagogie.ac-lille.fr\/chinois\/wp-json\/wp\/v2\/comments?post=1917"}],"version-history":[{"count":20,"href":"https:\/\/pedagogie.ac-lille.fr\/chinois\/wp-json\/wp\/v2\/pages\/1917\/revisions"}],"predecessor-version":[{"id":3779,"href":"https:\/\/pedagogie.ac-lille.fr\/chinois\/wp-json\/wp\/v2\/pages\/1917\/revisions\/3779"}],"up":[{"embeddable":true,"href":"https:\/\/pedagogie.ac-lille.fr\/chinois\/wp-json\/wp\/v2\/pages\/452"}],"wp:attachment":[{"href":"https:\/\/pedagogie.ac-lille.fr\/chinois\/wp-json\/wp\/v2\/media?parent=1917"}],"curies":[{"name":"wp","href":"https:\/\/api.w.org\/{rel}","templated":true}]}}