{"id":192,"date":"2021-03-16T10:10:40","date_gmt":"2021-03-16T09:10:40","guid":{"rendered":"https:\/\/pedagogie.ac-lille.fr\/chinois\/?page_id=192"},"modified":"2025-09-11T12:40:36","modified_gmt":"2025-09-11T10:40:36","slug":"seconde","status":"publish","type":"page","link":"https:\/\/pedagogie.ac-lille.fr\/chinois\/textes-de-reference\/lycee\/seconde\/","title":{"rendered":"Classe de seconde"},"content":{"rendered":"<div class=\"wp-block-image is-resized\">\n<figure class=\"alignleft size-large\"><img loading=\"lazy\" decoding=\"async\" width=\"452\" height=\"172\" src=\"http:\/\/pedagogie.ac-lille.fr\/chinois\/wp-content\/uploads\/sites\/39\/2021\/06\/image-lycee-2E.jpg\" alt=\"\" class=\"wp-image-1800\" style=\"width:502px;height:auto\" srcset=\"https:\/\/pedagogie.ac-lille.fr\/chinois\/wp-content\/uploads\/sites\/39\/2021\/06\/image-lycee-2E.jpg 452w, https:\/\/pedagogie.ac-lille.fr\/chinois\/wp-content\/uploads\/sites\/39\/2021\/06\/image-lycee-2E-300x114.jpg 300w\" sizes=\"auto, (max-width: 452px) 100vw, 452px\" \/><figcaption class=\"wp-element-caption\"><a href=\"https:\/\/www.education.gouv.fr\/sites\/default\/files\/ensel621_annexe8.pdf\" target=\"_blank\" rel=\"noreferrer noopener\">&gt; Programme de chinois pour les classes de lyc\u00e9e g\u00e9n\u00e9ral et technologique<\/a><\/figcaption><\/figure>\n<\/div>\n\n<div class=\"wp-block-image\">\n<figure class=\"alignleft size-large\"><a href=\"https:\/\/pedagogie.ac-lille.fr\/chinois\/wp-content\/uploads\/sites\/39\/2021\/06\/Logo-Eduscol.jpg\"><img loading=\"lazy\" decoding=\"async\" width=\"499\" height=\"122\" src=\"http:\/\/pedagogie.ac-lille.fr\/chinois\/wp-content\/uploads\/sites\/39\/2021\/06\/Logo-Eduscol.jpg\" alt=\"\" class=\"wp-image-1765\" srcset=\"https:\/\/pedagogie.ac-lille.fr\/chinois\/wp-content\/uploads\/sites\/39\/2021\/06\/Logo-Eduscol.jpg 499w, https:\/\/pedagogie.ac-lille.fr\/chinois\/wp-content\/uploads\/sites\/39\/2021\/06\/Logo-Eduscol-300x73.jpg 300w\" sizes=\"auto, (max-width: 499px) 100vw, 499px\" \/><\/a><figcaption class=\"wp-element-caption\"><a href=\"https:\/\/eduscol.education.fr\/1726\/programmes-et-ressources-en-langues-vivantes-voie-gt\" target=\"_blank\" rel=\"noreferrer noopener\">&gt; Programmes et ressources en langues vivantes &#8211; voie GT<\/a><br><br><a href=\"https:\/\/eduscol.education.fr\/document\/65252\/download\" target=\"_blank\" rel=\"noreferrer noopener\">&gt; Exemples pour la mise en \u0153uvre des programmes<\/a><\/figcaption><\/figure>\n<\/div>\n\n\n<p><\/p>\n","protected":false},"excerpt":{"rendered":"","protected":false},"author":44,"featured_media":0,"parent":2618,"menu_order":0,"comment_status":"closed","ping_status":"closed","template":"","meta":{"footnotes":""},"class_list":["post-192","page","type-page","status-publish","czr-hentry"],"publishpress_future_action":{"enabled":false,"date":"2026-04-11 15:52:34","action":"change-status","newStatus":"draft","terms":[],"taxonomy":"","extraData":[]},"publishpress_future_workflow_manual_trigger":{"enabledWorkflows":[]},"_links":{"self":[{"href":"https:\/\/pedagogie.ac-lille.fr\/chinois\/wp-json\/wp\/v2\/pages\/192","targetHints":{"allow":["GET"]}}],"collection":[{"href":"https:\/\/pedagogie.ac-lille.fr\/chinois\/wp-json\/wp\/v2\/pages"}],"about":[{"href":"https:\/\/pedagogie.ac-lille.fr\/chinois\/wp-json\/wp\/v2\/types\/page"}],"author":[{"embeddable":true,"href":"https:\/\/pedagogie.ac-lille.fr\/chinois\/wp-json\/wp\/v2\/users\/44"}],"replies":[{"embeddable":true,"href":"https:\/\/pedagogie.ac-lille.fr\/chinois\/wp-json\/wp\/v2\/comments?post=192"}],"version-history":[{"count":18,"href":"https:\/\/pedagogie.ac-lille.fr\/chinois\/wp-json\/wp\/v2\/pages\/192\/revisions"}],"predecessor-version":[{"id":6687,"href":"https:\/\/pedagogie.ac-lille.fr\/chinois\/wp-json\/wp\/v2\/pages\/192\/revisions\/6687"}],"up":[{"embeddable":true,"href":"https:\/\/pedagogie.ac-lille.fr\/chinois\/wp-json\/wp\/v2\/pages\/2618"}],"wp:attachment":[{"href":"https:\/\/pedagogie.ac-lille.fr\/chinois\/wp-json\/wp\/v2\/media?parent=192"}],"curies":[{"name":"wp","href":"https:\/\/api.w.org\/{rel}","templated":true}]}}