{"id":194,"date":"2021-03-16T10:11:46","date_gmt":"2021-03-16T09:11:46","guid":{"rendered":"https:\/\/pedagogie.ac-lille.fr\/chinois\/?page_id=194"},"modified":"2025-09-11T12:42:07","modified_gmt":"2025-09-11T10:42:07","slug":"cycle-terminal","status":"publish","type":"page","link":"https:\/\/pedagogie.ac-lille.fr\/chinois\/textes-de-reference\/lycee\/cycle-terminal\/","title":{"rendered":"Cycle terminal"},"content":{"rendered":"<div class=\"wp-block-image\">\n<figure class=\"alignleft size-large is-resized\"><img loading=\"lazy\" decoding=\"async\" width=\"452\" height=\"172\" src=\"http:\/\/pedagogie.ac-lille.fr\/chinois\/wp-content\/uploads\/sites\/39\/2021\/06\/image-lycee-TERM.jpg\" alt=\"\" class=\"wp-image-1801\" style=\"width:452px;height:172px\" srcset=\"https:\/\/pedagogie.ac-lille.fr\/chinois\/wp-content\/uploads\/sites\/39\/2021\/06\/image-lycee-TERM.jpg 452w, https:\/\/pedagogie.ac-lille.fr\/chinois\/wp-content\/uploads\/sites\/39\/2021\/06\/image-lycee-TERM-300x114.jpg 300w\" sizes=\"auto, (max-width: 452px) 100vw, 452px\" \/><figcaption class=\"wp-element-caption\"><a href=\"http:\/\/cache.media.education.gouv.fr\/file\/SP1-MEN-22-1-2019\/70\/3\/spe585_annexe2CORR_1063703.pdf\" target=\"_blank\" rel=\"noreferrer noopener\">&gt; Programme de langues vivantes de premi\u00e8re et terminale g\u00e9n\u00e9rales et technologiques, enseignements commun et optionnel<\/a> <br><a href=\"https:\/\/www.education.gouv.fr\/bo\/23\/Hebdo11\/MENE2228103N.htm\" target=\"_blank\" rel=\"noreferrer noopener\">&gt; Modalit\u00e9s de d\u00e9livrance de l&rsquo;attestation de langues vivantes<\/a><\/figcaption><\/figure>\n<\/div>\n\n<div class=\"wp-block-image\">\n<figure class=\"alignleft size-large is-resized\"><img loading=\"lazy\" decoding=\"async\" width=\"499\" height=\"122\" src=\"http:\/\/pedagogie.ac-lille.fr\/chinois\/wp-content\/uploads\/sites\/39\/2021\/06\/Logo-Eduscol.jpg\" alt=\"\" class=\"wp-image-1765\" style=\"width:499px;height:122px\" srcset=\"https:\/\/pedagogie.ac-lille.fr\/chinois\/wp-content\/uploads\/sites\/39\/2021\/06\/Logo-Eduscol.jpg 499w, https:\/\/pedagogie.ac-lille.fr\/chinois\/wp-content\/uploads\/sites\/39\/2021\/06\/Logo-Eduscol-300x73.jpg 300w\" sizes=\"auto, (max-width: 499px) 100vw, 499px\" \/><figcaption class=\"wp-element-caption\"><a href=\"https:\/\/eduscol.education.fr\/1726\/programmes-et-ressources-en-langues-vivantes-voie-gt\" target=\"_blank\" rel=\"noreferrer noopener\">&gt; Programmes et ressources en langues vivantes &#8211; voie GT<\/a><br><br><a href=\"https:\/\/eduscol.education.fr\/cid141765\/sujets-zero-1e-bac-2021.html?fbclid=IwAR3NHegKkT1AyVXiMjZqGZtAwsJP6XLy_rBvEe3NuujnZJNkQoqgfns9Ge8#lien0\" target=\"_blank\" rel=\"noreferrer noopener\">&gt; Sujets z\u00e9ro en classe de premi\u00e8re pour le baccalaur\u00e9at 2021<\/a><br><a href=\"http:\/\/chinois.discipline.ac-lille.fr\/Partage\/sources-officielles\/cycle-terminal\/lgt-exemples-de-sujets-detudes\" target=\"_blank\" rel=\"noreferrer noopener\">&gt; Lyc\u00e9e g\u00e9n\u00e9ral et technologique : exemples de sujets d&rsquo;\u00e9tudes<\/a>\u00a0(novembre 2012)<br><a href=\"http:\/\/chinois.discipline.ac-lille.fr\/Partage\/sources-officielles\/cycle-terminal\/lele-exemples-de-sujets-detude\" target=\"_blank\" rel=\"noreferrer noopener\">&gt; Litt\u00e9rature \u00e9trang\u00e8re en langue \u00e9trang\u00e8re\u00a0(LELE)<\/a> <br><a href=\"https:\/\/eduscol.education.fr\/document\/5470\/download\" target=\"_blank\" rel=\"noreferrer noopener\">&gt; Guide de l&rsquo;\u00e9valuation des apprentissages et des acquis des \u00e9l\u00e8ves au lyc\u00e9e g\u00e9n\u00e9ral et technologique-d\u00e9cembre 2022<\/a><\/figcaption><\/figure>\n<\/div>\n\n\n<p><\/p>\n\n\n\n<p><\/p>\n\n\n\n<p><\/p>\n\n\n\n<p><\/p>\n\n\n\n<p><\/p>\n\n\n\n<p><\/p>\n","protected":false},"excerpt":{"rendered":"","protected":false},"author":44,"featured_media":0,"parent":2618,"menu_order":0,"comment_status":"closed","ping_status":"closed","template":"","meta":{"footnotes":""},"class_list":["post-194","page","type-page","status-publish","czr-hentry"],"publishpress_future_action":{"enabled":false,"date":"2026-04-11 16:04:06","action":"change-status","newStatus":"draft","terms":[],"taxonomy":"","extraData":[]},"publishpress_future_workflow_manual_trigger":{"enabledWorkflows":[]},"_links":{"self":[{"href":"https:\/\/pedagogie.ac-lille.fr\/chinois\/wp-json\/wp\/v2\/pages\/194","targetHints":{"allow":["GET"]}}],"collection":[{"href":"https:\/\/pedagogie.ac-lille.fr\/chinois\/wp-json\/wp\/v2\/pages"}],"about":[{"href":"https:\/\/pedagogie.ac-lille.fr\/chinois\/wp-json\/wp\/v2\/types\/page"}],"author":[{"embeddable":true,"href":"https:\/\/pedagogie.ac-lille.fr\/chinois\/wp-json\/wp\/v2\/users\/44"}],"replies":[{"embeddable":true,"href":"https:\/\/pedagogie.ac-lille.fr\/chinois\/wp-json\/wp\/v2\/comments?post=194"}],"version-history":[{"count":31,"href":"https:\/\/pedagogie.ac-lille.fr\/chinois\/wp-json\/wp\/v2\/pages\/194\/revisions"}],"predecessor-version":[{"id":6689,"href":"https:\/\/pedagogie.ac-lille.fr\/chinois\/wp-json\/wp\/v2\/pages\/194\/revisions\/6689"}],"up":[{"embeddable":true,"href":"https:\/\/pedagogie.ac-lille.fr\/chinois\/wp-json\/wp\/v2\/pages\/2618"}],"wp:attachment":[{"href":"https:\/\/pedagogie.ac-lille.fr\/chinois\/wp-json\/wp\/v2\/media?parent=194"}],"curies":[{"name":"wp","href":"https:\/\/api.w.org\/{rel}","templated":true}]}}