{"id":2416,"date":"2021-11-22T15:35:01","date_gmt":"2021-11-22T14:35:01","guid":{"rendered":"https:\/\/pedagogie.ac-lille.fr\/chinois\/?page_id=2416"},"modified":"2025-05-16T14:34:31","modified_gmt":"2025-05-16T12:34:31","slug":"annales-du-bts","status":"publish","type":"page","link":"https:\/\/pedagogie.ac-lille.fr\/chinois\/concours\/annales\/annales-du-bts\/","title":{"rendered":"Annales du BTS"},"content":{"rendered":"\n<figure class=\"wp-block-table is-style-stripes\"><table><tbody><tr><td class=\"has-text-align-left\" data-align=\"left\"><strong>Session 202<\/strong>3<br><a href=\"http:\/\/pedagogie.ac-lille.fr\/chinois\/wp-content\/uploads\/sites\/39\/2025\/05\/BTS_23LVECHI23LVEACHI.pdf\" target=\"_blank\" rel=\"noreferrer noopener\">BTS tertiaires niveau A<br><\/a><a href=\"http:\/\/pedagogie.ac-lille.fr\/chinois\/wp-content\/uploads\/sites\/39\/2025\/05\/BTS_23LVEBCHI.pdf\" target=\"_blank\" rel=\"noreferrer noopener\">BTS tertiaires niveau B<\/a><br><a href=\"http:\/\/pedagogie.ac-lille.fr\/chinois\/wp-content\/uploads\/sites\/39\/2025\/05\/BTS_23CILVEBCHI.pdf\" target=\"_blank\" rel=\"noreferrer noopener\">BTS Commerce international niveau B<\/a><\/td><\/tr><tr><td class=\"has-text-align-left\" data-align=\"left\"><strong>Session 202<\/strong>2<br><a rel=\"noreferrer noopener\" href=\"https:\/\/pedagogie.ac-lille.fr\/chinois\/wp-content\/uploads\/sites\/39\/2023\/09\/BTS_22CILVEA-CHINOIS.pdf\" target=\"_blank\">BTS Commerce international \u00e0 r\u00e9f\u00e9rentiel commun europ\u00e9en niveau A<\/a><br><a href=\"https:\/\/pedagogie.ac-lille.fr\/chinois\/wp-content\/uploads\/sites\/39\/2023\/09\/BTS_22CILVEB-CHINOIS.pdf\" target=\"_blank\" rel=\"noreferrer noopener\">BTS Commerce international \u00e0 r\u00e9f\u00e9rentiel commun europ\u00e9en niveau B<\/a><br><a rel=\"noreferrer noopener\" href=\"https:\/\/pedagogie.ac-lille.fr\/chinois\/wp-content\/uploads\/sites\/39\/2023\/09\/BTS_22LVEA-CHINOIS.pdf\" data-type=\"link\" data-id=\"https:\/\/pedagogie.ac-lille.fr\/chinois\/wp-content\/uploads\/sites\/39\/2023\/09\/BTS_22LVEA-CHINOIS.pdf\" target=\"_blank\">BTS tertiaires niveau A<\/a><br><a rel=\"noreferrer noopener\" href=\"https:\/\/pedagogie.ac-lille.fr\/chinois\/wp-content\/uploads\/sites\/39\/2023\/09\/BTS_22LVEB-CHINOIS.pdf\" data-type=\"link\" data-id=\"https:\/\/pedagogie.ac-lille.fr\/chinois\/wp-content\/uploads\/sites\/39\/2023\/09\/BTS_22LVEB-CHINOIS.pdf\" target=\"_blank\">BTS tertiaires niveau B<\/a><\/td><\/tr><tr><td class=\"has-text-align-left\" data-align=\"left\"><strong>Session 202<\/strong>1<br><a rel=\"noreferrer noopener\" href=\"https:\/\/pedagogie.ac-lille.fr\/chinois\/wp-content\/uploads\/sites\/39\/2022\/02\/BTS_CHI_2021_LVE1.pdf\" target=\"_blank\">BREVET DE TECHNICIEN SUP\u00c9RIEUR, groupe 1 chinois<\/a><br><a rel=\"noreferrer noopener\" href=\"https:\/\/pedagogie.ac-lille.fr\/chinois\/wp-content\/uploads\/sites\/39\/2022\/02\/BTS_GPMEU21_CHI.pdf\" target=\"_blank\">BTS Gestion de la PME<\/a><br><a rel=\"noreferrer noopener\" href=\"https:\/\/pedagogie.ac-lille.fr\/chinois\/wp-content\/uploads\/sites\/39\/2021\/11\/BTS_CHI_2021_CILVEA.pdf\" target=\"_blank\">BTS Commerce international niveau A<\/a><br><a rel=\"noreferrer noopener\" href=\"https:\/\/pedagogie.ac-lille.fr\/chinois\/wp-content\/uploads\/sites\/39\/2021\/11\/BTS_CHI_2021_CILVEB.pdf\" target=\"_blank\">BTS Commerce international niveau B<\/a><br><a rel=\"noreferrer noopener\" href=\"https:\/\/pedagogie.ac-lille.fr\/chinois\/wp-content\/uploads\/sites\/39\/2021\/11\/BTS_CHI_2021_MHRLVB-principal.pdf\" target=\"_blank\">BTS Management en h\u00f4tellerie et restauration, niveau B<\/a><\/td><\/tr><tr><td class=\"has-text-align-left\" data-align=\"left\"> <strong>Session 2020<\/strong><br> <a rel=\"noreferrer noopener\" href=\"https:\/\/pedagogie.ac-lille.fr\/chinois\/wp-content\/uploads\/sites\/39\/2021\/11\/BTS-CHI-ALLVEB-principal.pdf\" target=\"_blank\">BTS Assistant manager : expression et culture en langue vivante \u00e9trang\u00e8re <\/a> <\/td><\/tr><tr><td class=\"has-text-align-left\" data-align=\"left\"><\/td><\/tr><\/tbody><\/table><\/figure>\n\n\n\n<p><\/p>\n","protected":false},"excerpt":{"rendered":"<p>Session 2023BTS tertiaires niveau ABTS tertiaires niveau BBTS Commerce international niveau B Session 2022BTS Commerce international \u00e0 r\u00e9f\u00e9rentiel commun europ\u00e9en niveau ABTS Commerce international \u00e0 r\u00e9f\u00e9rentiel commun europ\u00e9en niveau BBTS tertiaires niveau ABTS tertiaires niveau B Session 2021BREVET DE TECHNICIEN SUP\u00c9RIEUR, groupe 1 chinoisBTS Gestion de la PMEBTS Commerce international niveau ABTS Commerce international niveau [&hellip;]<\/p>\n","protected":false},"author":44,"featured_media":0,"parent":2497,"menu_order":0,"comment_status":"closed","ping_status":"closed","template":"","meta":{"footnotes":""},"class_list":["post-2416","page","type-page","status-publish","czr-hentry"],"publishpress_future_action":{"enabled":false,"date":"2026-04-11 16:05:20","action":"change-status","newStatus":"draft","terms":[],"taxonomy":"","extraData":[]},"publishpress_future_workflow_manual_trigger":{"enabledWorkflows":[]},"_links":{"self":[{"href":"https:\/\/pedagogie.ac-lille.fr\/chinois\/wp-json\/wp\/v2\/pages\/2416","targetHints":{"allow":["GET"]}}],"collection":[{"href":"https:\/\/pedagogie.ac-lille.fr\/chinois\/wp-json\/wp\/v2\/pages"}],"about":[{"href":"https:\/\/pedagogie.ac-lille.fr\/chinois\/wp-json\/wp\/v2\/types\/page"}],"author":[{"embeddable":true,"href":"https:\/\/pedagogie.ac-lille.fr\/chinois\/wp-json\/wp\/v2\/users\/44"}],"replies":[{"embeddable":true,"href":"https:\/\/pedagogie.ac-lille.fr\/chinois\/wp-json\/wp\/v2\/comments?post=2416"}],"version-history":[{"count":21,"href":"https:\/\/pedagogie.ac-lille.fr\/chinois\/wp-json\/wp\/v2\/pages\/2416\/revisions"}],"predecessor-version":[{"id":6615,"href":"https:\/\/pedagogie.ac-lille.fr\/chinois\/wp-json\/wp\/v2\/pages\/2416\/revisions\/6615"}],"up":[{"embeddable":true,"href":"https:\/\/pedagogie.ac-lille.fr\/chinois\/wp-json\/wp\/v2\/pages\/2497"}],"wp:attachment":[{"href":"https:\/\/pedagogie.ac-lille.fr\/chinois\/wp-json\/wp\/v2\/media?parent=2416"}],"curies":[{"name":"wp","href":"https:\/\/api.w.org\/{rel}","templated":true}]}}