{"id":2452,"date":"2021-11-25T10:21:19","date_gmt":"2021-11-25T09:21:19","guid":{"rendered":"https:\/\/pedagogie.ac-lille.fr\/chinois\/?page_id=2452"},"modified":"2023-12-21T15:34:15","modified_gmt":"2023-12-21T14:34:15","slug":"concours-general-des-lyceens-cgl","status":"publish","type":"page","link":"https:\/\/pedagogie.ac-lille.fr\/chinois\/concours\/annales\/concours-general-des-lyceens-cgl\/","title":{"rendered":"Annales du concours g\u00e9n\u00e9ral des lyc\u00e9ens (CGL)"},"content":{"rendered":"\n<figure class=\"wp-block-table is-style-stripes\"><table><tbody><tr><td class=\"has-text-align-left\" data-align=\"left\"><strong>Pr\u00e9sentation du concours g\u00e9n\u00e9ral<\/strong><br><a rel=\"noreferrer noopener\" href=\"https:\/\/www.education.gouv.fr\/concours-general-des-lycees-et-des-metiers-2021-324095\" target=\"_blank\">&gt; lire sur le site du minist\u00e8re de l&rsquo;Education nationale<\/a><\/td><\/tr><tr><td class=\"has-text-align-left\" data-align=\"left\"><strong>Session 2023<\/strong><br><a href=\"https:\/\/eduscol.education.fr\/document\/52107\/download\" data-type=\"link\" data-id=\"https:\/\/eduscol.education.fr\/document\/52107\/download\">Sujet : Version et composition en <\/a><a href=\"https:\/\/eduscol.education.fr\/document\/52107\/download\" data-type=\"link\" data-id=\"https:\/\/eduscol.education.fr\/document\/52107\/download\" target=\"_blank\" rel=\"noreferrer noopener\">langue <\/a><a href=\"https:\/\/eduscol.education.fr\/document\/52107\/download\" data-type=\"link\" data-id=\"https:\/\/eduscol.education.fr\/document\/52107\/download\">chinoise<\/a><br><a href=\"https:\/\/eduscol.education.fr\/document\/53208\/download\" target=\"_blank\" rel=\"noreferrer noopener\">Rapport de jury<\/a><\/td><\/tr><tr><td class=\"has-text-align-left\" data-align=\"left\"><strong>Session 2022<\/strong><br><a href=\"https:\/\/eduscol.education.fr\/document\/43372\/download\" target=\"_blank\" rel=\"noreferrer noopener\">Sujet : Version et composition en langue chinoise<\/a><br><a href=\"https:\/\/eduscol.education.fr\/document\/43309\/download\" target=\"_blank\" rel=\"noreferrer noopener\">Rapport de jury<\/a><\/td><\/tr><tr><td class=\"has-text-align-left\" data-align=\"left\"><strong>Session 2021<\/strong><br><a href=\"https:\/\/pedagogie.ac-lille.fr\/chinois\/wp-content\/uploads\/sites\/39\/2021\/11\/2021-Concours-General-CH-sujets.pdf\" target=\"_blank\" rel=\"noreferrer noopener\">Sujet : Version et composition en langue chinoise<\/a><br><a rel=\"noreferrer noopener\" href=\"https:\/\/pedagogie.ac-lille.fr\/chinois\/wp-content\/uploads\/sites\/39\/2021\/11\/rapport-de-jury-cgl-2021-chinois.pdf\" target=\"_blank\">Rapport de jury<\/a><\/td><\/tr><tr><td class=\"has-text-align-left\" data-align=\"left\"><strong>Session 2019<\/strong><br><a href=\"https:\/\/eduscol.education.fr\/document\/8192\/download\" target=\"_blank\" rel=\"noreferrer noopener\">Sujet : Composition en langue chinoise (site Eduscol)<\/a><\/td><\/tr><tr><td class=\"has-text-align-left\" data-align=\"left\"><strong>Session 2018<\/strong><br><a rel=\"noreferrer noopener\" href=\"https:\/\/eduscol.education.fr\/document\/8369\/download\" target=\"_blank\">Sujet : Composition en langue chinoise (site Eduscol)<\/a><\/td><\/tr><tr><td class=\"has-text-align-left\" data-align=\"left\"><strong>Session 2017<\/strong><br><a rel=\"noreferrer noopener\" href=\"https:\/\/eduscol.education.fr\/document\/8642\/download\" target=\"_blank\">Sujet : Composition en langue chinoise (site Eduscol)<\/a><\/td><\/tr><tr><td class=\"has-text-align-left\" data-align=\"left\"><strong>Session 2016<\/strong><br><a rel=\"noreferrer noopener\" href=\"https:\/\/eduscol.education.fr\/document\/8804\/download\" target=\"_blank\">Sujet : Composition en langue chinoise (site Eduscol)<\/a> <br><a rel=\"noreferrer noopener\" href=\"https:\/\/eduscol.education.fr\/document\/8801\/download\" target=\"_blank\">Rapport de jury (site Eduscol)<\/a><\/td><\/tr><tr><td class=\"has-text-align-left\" data-align=\"left\"><strong>Session 2015<\/strong><br><a rel=\"noreferrer noopener\" href=\"https:\/\/eduscol.education.fr\/document\/8954\/download\" target=\"_blank\">Sujet : Composition en langue chinoise (site Eduscol)<\/a><\/td><\/tr><tr><td class=\"has-text-align-left\" data-align=\"left\"> <strong>Session 2009<\/strong><br><a rel=\"noreferrer noopener\" href=\"https:\/\/cache.media.eduscol.education.fr\/file\/Concours_general\/90\/1\/CGL_Sujet2009_Chinois_T_ES-L-S_137901.pdf\" target=\"_blank\">Sujet : Composition en langue chinoise (site Eduscol)<\/a><br><a rel=\"noreferrer noopener\" href=\"https:\/\/cache.media.eduscol.education.fr\/file\/Concours_general\/88\/0\/CGL_Rapport2009_Chinois_T_ES-L-S_137880.pdf\" target=\"_blank\">Rapport de jury (site Eduscol)<\/a><\/td><\/tr><\/tbody><\/table><\/figure>\n\n\n\n<p><\/p>\n","protected":false},"excerpt":{"rendered":"<p>Pr\u00e9sentation du concours g\u00e9n\u00e9ral&gt; lire sur le site du minist\u00e8re de l&rsquo;Education nationale Session 2023Sujet : Version et composition en langue chinoiseRapport de jury Session 2022Sujet : Version et composition en langue chinoiseRapport de jury Session 2021Sujet : Version et composition en langue chinoiseRapport de jury Session 2019Sujet : Composition en langue chinoise (site Eduscol) [&hellip;]<\/p>\n","protected":false},"author":44,"featured_media":0,"parent":2497,"menu_order":0,"comment_status":"closed","ping_status":"closed","template":"","meta":{"footnotes":""},"class_list":["post-2452","page","type-page","status-publish","czr-hentry"],"publishpress_future_action":{"enabled":false,"date":"2026-04-11 16:03:39","action":"change-status","newStatus":"draft","terms":[],"taxonomy":"","extraData":[]},"publishpress_future_workflow_manual_trigger":{"enabledWorkflows":[]},"_links":{"self":[{"href":"https:\/\/pedagogie.ac-lille.fr\/chinois\/wp-json\/wp\/v2\/pages\/2452","targetHints":{"allow":["GET"]}}],"collection":[{"href":"https:\/\/pedagogie.ac-lille.fr\/chinois\/wp-json\/wp\/v2\/pages"}],"about":[{"href":"https:\/\/pedagogie.ac-lille.fr\/chinois\/wp-json\/wp\/v2\/types\/page"}],"author":[{"embeddable":true,"href":"https:\/\/pedagogie.ac-lille.fr\/chinois\/wp-json\/wp\/v2\/users\/44"}],"replies":[{"embeddable":true,"href":"https:\/\/pedagogie.ac-lille.fr\/chinois\/wp-json\/wp\/v2\/comments?post=2452"}],"version-history":[{"count":12,"href":"https:\/\/pedagogie.ac-lille.fr\/chinois\/wp-json\/wp\/v2\/pages\/2452\/revisions"}],"predecessor-version":[{"id":5766,"href":"https:\/\/pedagogie.ac-lille.fr\/chinois\/wp-json\/wp\/v2\/pages\/2452\/revisions\/5766"}],"up":[{"embeddable":true,"href":"https:\/\/pedagogie.ac-lille.fr\/chinois\/wp-json\/wp\/v2\/pages\/2497"}],"wp:attachment":[{"href":"https:\/\/pedagogie.ac-lille.fr\/chinois\/wp-json\/wp\/v2\/media?parent=2452"}],"curies":[{"name":"wp","href":"https:\/\/api.w.org\/{rel}","templated":true}]}}