{"id":2509,"date":"2021-12-02T10:14:03","date_gmt":"2021-12-02T09:14:03","guid":{"rendered":"https:\/\/pedagogie.ac-lille.fr\/chinois\/?page_id=2509"},"modified":"2022-07-14T14:23:09","modified_gmt":"2022-07-14T12:23:09","slug":"le-concours-general-des-lyceens-cgl","status":"publish","type":"page","link":"https:\/\/pedagogie.ac-lille.fr\/chinois\/concours\/le-concours-general-des-lyceens-cgl\/","title":{"rendered":"Le concours g\u00e9n\u00e9ral des lyc\u00e9ens (CGL)"},"content":{"rendered":"\n<figure class=\"wp-block-image alignwide size-large\"><img loading=\"lazy\" decoding=\"async\" width=\"1024\" height=\"219\" src=\"https:\/\/pedagogie.ac-lille.fr\/chinois\/wp-content\/uploads\/sites\/39\/2021\/04\/banniere-eduscol-1680x360-242-concours-general-jpg-20791-1024x219.jpg\" alt=\"\" class=\"wp-image-1030\" srcset=\"https:\/\/pedagogie.ac-lille.fr\/chinois\/wp-content\/uploads\/sites\/39\/2021\/04\/banniere-eduscol-1680x360-242-concours-general-jpg-20791-1024x219.jpg 1024w, https:\/\/pedagogie.ac-lille.fr\/chinois\/wp-content\/uploads\/sites\/39\/2021\/04\/banniere-eduscol-1680x360-242-concours-general-jpg-20791-300x64.jpg 300w, https:\/\/pedagogie.ac-lille.fr\/chinois\/wp-content\/uploads\/sites\/39\/2021\/04\/banniere-eduscol-1680x360-242-concours-general-jpg-20791-768x165.jpg 768w, https:\/\/pedagogie.ac-lille.fr\/chinois\/wp-content\/uploads\/sites\/39\/2021\/04\/banniere-eduscol-1680x360-242-concours-general-jpg-20791-1536x329.jpg 1536w, https:\/\/pedagogie.ac-lille.fr\/chinois\/wp-content\/uploads\/sites\/39\/2021\/04\/banniere-eduscol-1680x360-242-concours-general-jpg-20791.jpg 1680w\" sizes=\"auto, (max-width: 1024px) 100vw, 1024px\" \/><figcaption>Photos \u00a9 www.devenirenseignant.gouv.fr \u2013 MENJS \u2013 droits r\u00e9serv\u00e9s<\/figcaption><\/figure>\n\n\n\n<div class=\"wp-block-buttons is-layout-flex wp-block-buttons-is-layout-flex\">\n<div class=\"wp-block-button\"><a class=\"wp-block-button__link has-luminous-vivid-amber-to-luminous-vivid-orange-gradient-background has-background\" href=\"https:\/\/www.education.gouv.fr\/concours-general-des-lycees-et-des-metiers-2021-324095\" target=\"_blank\" rel=\"noreferrer noopener\">Le CGL : education.gouv.fr<\/a><\/div>\n\n\n\n<div class=\"wp-block-button is-style-outline is-style-outline--1\"><a class=\"wp-block-button__link\" href=\"https:\/\/pedagogie.ac-lille.fr\/chinois\/concours\/annales\/concours-general-des-lyceens-cgl\/\">Annales du CGL<\/a><\/div>\n\n\n\n<div class=\"wp-block-button is-style-outline is-style-outline--2\"><a class=\"wp-block-button__link has-white-background-color has-background\" href=\"https:\/\/eduscol.education.fr\/1448\/palmares-du-concours-general-des-lycees-et-des-metiers\" target=\"_blank\" rel=\"noreferrer noopener\">Palmar\u00e8s : Eduscol.education.fr<\/a><\/div>\n<\/div>\n","protected":false},"excerpt":{"rendered":"","protected":false},"author":44,"featured_media":0,"parent":203,"menu_order":0,"comment_status":"closed","ping_status":"closed","template":"","meta":{"footnotes":""},"class_list":["post-2509","page","type-page","status-publish","czr-hentry"],"publishpress_future_action":{"enabled":false,"date":"2026-04-11 16:05:27","action":"change-status","newStatus":"draft","terms":[],"taxonomy":"","extraData":[]},"publishpress_future_workflow_manual_trigger":{"enabledWorkflows":[]},"_links":{"self":[{"href":"https:\/\/pedagogie.ac-lille.fr\/chinois\/wp-json\/wp\/v2\/pages\/2509","targetHints":{"allow":["GET"]}}],"collection":[{"href":"https:\/\/pedagogie.ac-lille.fr\/chinois\/wp-json\/wp\/v2\/pages"}],"about":[{"href":"https:\/\/pedagogie.ac-lille.fr\/chinois\/wp-json\/wp\/v2\/types\/page"}],"author":[{"embeddable":true,"href":"https:\/\/pedagogie.ac-lille.fr\/chinois\/wp-json\/wp\/v2\/users\/44"}],"replies":[{"embeddable":true,"href":"https:\/\/pedagogie.ac-lille.fr\/chinois\/wp-json\/wp\/v2\/comments?post=2509"}],"version-history":[{"count":23,"href":"https:\/\/pedagogie.ac-lille.fr\/chinois\/wp-json\/wp\/v2\/pages\/2509\/revisions"}],"predecessor-version":[{"id":4972,"href":"https:\/\/pedagogie.ac-lille.fr\/chinois\/wp-json\/wp\/v2\/pages\/2509\/revisions\/4972"}],"up":[{"embeddable":true,"href":"https:\/\/pedagogie.ac-lille.fr\/chinois\/wp-json\/wp\/v2\/pages\/203"}],"wp:attachment":[{"href":"https:\/\/pedagogie.ac-lille.fr\/chinois\/wp-json\/wp\/v2\/media?parent=2509"}],"curies":[{"name":"wp","href":"https:\/\/api.w.org\/{rel}","templated":true}]}}