{"id":2614,"date":"2021-12-09T10:16:29","date_gmt":"2021-12-09T09:16:29","guid":{"rendered":"https:\/\/pedagogie.ac-lille.fr\/chinois\/?page_id=2614"},"modified":"2022-01-06T11:34:14","modified_gmt":"2022-01-06T10:34:14","slug":"cecrl-et-plan-langues","status":"publish","type":"page","link":"https:\/\/pedagogie.ac-lille.fr\/chinois\/textes-de-reference\/cecrl-et-plan-langues\/","title":{"rendered":"CECRL et Plan Langues"},"content":{"rendered":"\n<div class=\"wp-block-image\"><figure class=\"alignleft size-full is-resized\"><img loading=\"lazy\" decoding=\"async\" src=\"https:\/\/pedagogie.ac-lille.fr\/chinois\/wp-content\/uploads\/sites\/39\/2022\/01\/logo-Conseil_de_l_Europe_680x385.jpg\" alt=\"\" class=\"wp-image-2681\" width=\"376\" height=\"213\" srcset=\"https:\/\/pedagogie.ac-lille.fr\/chinois\/wp-content\/uploads\/sites\/39\/2022\/01\/logo-Conseil_de_l_Europe_680x385.jpg 680w, https:\/\/pedagogie.ac-lille.fr\/chinois\/wp-content\/uploads\/sites\/39\/2022\/01\/logo-Conseil_de_l_Europe_680x385-300x170.jpg 300w, https:\/\/pedagogie.ac-lille.fr\/chinois\/wp-content\/uploads\/sites\/39\/2022\/01\/logo-Conseil_de_l_Europe_680x385-528x297.jpg 528w\" sizes=\"auto, (max-width: 376px) 100vw, 376px\" \/><\/figure><\/div>\n\n\n<p><strong>Cadre europ\u00e9en commun de r\u00e9f\u00e9rence pour les langues (CECRL)<\/strong><\/p>\n<p>Le Cadre europ\u00e9en commun de r\u00e9f\u00e9rence pour les langues : apprendre, enseigner, \u00e9valuer (CECR) a \u00e9t\u00e9 con\u00e7u dans l\u2019objectif de fournir une base transparente, coh\u00e9rente et aussi exhaustive que possible pour l\u2019\u00e9laboration de programmes de langues, de lignes directrices pour les curriculums, de mat\u00e9riels d\u2019enseignement et d\u2019apprentissage, ainsi que pour l\u2019\u00e9valuation des comp\u00e9tences en langues \u00e9trang\u00e8res.<\/p>\n\n\n<div class=\"wp-block-buttons is-layout-flex wp-block-buttons-is-layout-flex\"><\/div>\n\n\n\n<div class=\"wp-block-buttons is-layout-flex wp-block-buttons-is-layout-flex\">\n<div class=\"wp-block-button is-style-fill\"><a class=\"wp-block-button__link has-vivid-cyan-blue-background-color has-background\" href=\"https:\/\/www.coe.int\/fr\/web\/common-european-framework-reference-languages\" target=\"_blank\" rel=\"noreferrer noopener\">Cadre Europ\u00e9en Commun de R\u00e9f\u00e9rence pour les Langues (Conseil de l&rsquo;Europe)<\/a><\/div>\n\n\n\n<div class=\"wp-block-button\"><a class=\"wp-block-button__link has-vivid-cyan-blue-background-color has-background\" href=\"https:\/\/eduscol.education.fr\/1971\/cadre-europeen-commun-de-reference-pour-les-langues-cecrl\" target=\"_blank\" rel=\"noreferrer noopener\">Informations sur le site d&rsquo;EDUSCOL<\/a><\/div>\n\n\n\n<div class=\"wp-block-button\"><a class=\"wp-block-button__link has-vivid-cyan-blue-background-color has-background\" href=\"https:\/\/www.ac-paris.fr\/portail\/upload\/docs\/application\/pdf\/2018-04\/cecr-volume_complementaire_avec_de_nouveaux_descripteurs-fr.docx1.pdf\" target=\"_blank\" rel=\"noreferrer noopener\">Volume compl\u00e9mentaire, sur le site de l&rsquo;acad\u00e9mie de Paris (pdf)<\/a><\/div>\n\n\n\n<div class=\"wp-block-button\"><a class=\"wp-block-button__link has-vivid-cyan-blue-background-color has-background\" href=\"https:\/\/www.coe.int\/fr\/web\/language-policy\/home\" target=\"_blank\" rel=\"noreferrer noopener\">Portail des Politiques linguistiques sur le site du Conseil de l&rsquo;Europe<\/a><\/div>\n\n\n\n<div class=\"wp-block-button\"><a class=\"wp-block-button__link has-vivid-cyan-blue-background-color has-background\" href=\"https:\/\/eduscol.education.fr\/document\/5470\/download\" target=\"_blank\" rel=\"noreferrer noopener\">Guide de l\u2019\u00e9valuation, sur le site Eduscol (pdf)<\/a><\/div>\n<\/div>\n\n\n\n<div class=\"wp-block-buttons is-layout-flex wp-block-buttons-is-layout-flex\"><\/div>\n\n\n\n<div class=\"wp-block-buttons is-layout-flex wp-block-buttons-is-layout-flex\"><\/div>\n\n\n\n<p><\/p>\n","protected":false},"excerpt":{"rendered":"<p>Cadre europ\u00e9en commun de r\u00e9f\u00e9rence pour les langues (CECRL) Le Cadre europ\u00e9en commun de r\u00e9f\u00e9rence pour les langues : apprendre, enseigner, \u00e9valuer (CECR) a \u00e9t\u00e9 con\u00e7u dans l\u2019objectif de fournir une base transparente, coh\u00e9rente et aussi exhaustive que possible pour l\u2019\u00e9laboration de programmes de langues, de lignes directrices pour les curriculums, de mat\u00e9riels d\u2019enseignement et [&hellip;]<\/p>\n","protected":false},"author":44,"featured_media":0,"parent":58,"menu_order":0,"comment_status":"closed","ping_status":"closed","template":"","meta":{"footnotes":""},"class_list":["post-2614","page","type-page","status-publish","czr-hentry"],"publishpress_future_action":{"enabled":false,"date":"2026-04-11 16:05:27","action":"change-status","newStatus":"draft","terms":[],"taxonomy":"","extraData":[]},"publishpress_future_workflow_manual_trigger":{"enabledWorkflows":[]},"_links":{"self":[{"href":"https:\/\/pedagogie.ac-lille.fr\/chinois\/wp-json\/wp\/v2\/pages\/2614","targetHints":{"allow":["GET"]}}],"collection":[{"href":"https:\/\/pedagogie.ac-lille.fr\/chinois\/wp-json\/wp\/v2\/pages"}],"about":[{"href":"https:\/\/pedagogie.ac-lille.fr\/chinois\/wp-json\/wp\/v2\/types\/page"}],"author":[{"embeddable":true,"href":"https:\/\/pedagogie.ac-lille.fr\/chinois\/wp-json\/wp\/v2\/users\/44"}],"replies":[{"embeddable":true,"href":"https:\/\/pedagogie.ac-lille.fr\/chinois\/wp-json\/wp\/v2\/comments?post=2614"}],"version-history":[{"count":9,"href":"https:\/\/pedagogie.ac-lille.fr\/chinois\/wp-json\/wp\/v2\/pages\/2614\/revisions"}],"predecessor-version":[{"id":2695,"href":"https:\/\/pedagogie.ac-lille.fr\/chinois\/wp-json\/wp\/v2\/pages\/2614\/revisions\/2695"}],"up":[{"embeddable":true,"href":"https:\/\/pedagogie.ac-lille.fr\/chinois\/wp-json\/wp\/v2\/pages\/58"}],"wp:attachment":[{"href":"https:\/\/pedagogie.ac-lille.fr\/chinois\/wp-json\/wp\/v2\/media?parent=2614"}],"curies":[{"name":"wp","href":"https:\/\/api.w.org\/{rel}","templated":true}]}}