{"id":3308,"date":"2022-03-03T09:56:52","date_gmt":"2022-03-03T08:56:52","guid":{"rendered":"https:\/\/pedagogie.ac-lille.fr\/chinois\/?page_id=3308"},"modified":"2023-01-16T10:12:22","modified_gmt":"2023-01-16T09:12:22","slug":"le-baccalaureat-francais-international-bfi-mettre-la-plaquette-bfi-le-programme-connaissance-du-monde","status":"publish","type":"page","link":"https:\/\/pedagogie.ac-lille.fr\/chinois\/textes-de-reference\/section-internationale\/le-baccalaureat-francais-international-bfi-mettre-la-plaquette-bfi-le-programme-connaissance-du-monde\/","title":{"rendered":"Le Baccalaur\u00e9at Fran\u00e7ais International (BFI)"},"content":{"rendered":"\n<div class=\"wp-block-buttons is-layout-flex wp-block-buttons-is-layout-flex\">\n<div class=\"wp-block-button\"><a class=\"wp-block-button__link wp-element-button\" href=\"https:\/\/pedagogie.ac-lille.fr\/chinois\/wp-content\/uploads\/sites\/39\/2022\/03\/PLAQUETTE_BFI.pdf\" target=\"_blank\" rel=\"noreferrer noopener\">Site du Minist\u00e8re de l&rsquo;Education nationale : La plaquette BFI<\/a><\/div>\n<\/div>\n\n\n<div class=\"wp-block-image\">\n<figure class=\"alignleft size-full is-resized\"><img loading=\"lazy\" decoding=\"async\" src=\"https:\/\/pedagogie.ac-lille.fr\/chinois\/wp-content\/uploads\/sites\/39\/2022\/03\/2015_BO_blocmarque_1200x627_FB_459154.jpg\" alt=\"\" class=\"wp-image-3844\" width=\"453\" height=\"237\" srcset=\"https:\/\/pedagogie.ac-lille.fr\/chinois\/wp-content\/uploads\/sites\/39\/2022\/03\/2015_BO_blocmarque_1200x627_FB_459154.jpg 700w, https:\/\/pedagogie.ac-lille.fr\/chinois\/wp-content\/uploads\/sites\/39\/2022\/03\/2015_BO_blocmarque_1200x627_FB_459154-300x157.jpg 300w\" sizes=\"auto, (max-width: 453px) 100vw, 453px\" \/><figcaption class=\"wp-element-caption\">&gt; <a rel=\"noreferrer noopener\" href=\"https:\/\/pedagogie.ac-lille.fr\/chinois\/wp-content\/uploads\/sites\/39\/2022\/03\/programme-connaissance-du-monde-du-BFI.pdf\" target=\"_blank\">Bulletin officiel : Le programme \u00ab\u00a0Connaissance du monde\u00a0\u00bb<\/a><br>&gt; <a rel=\"noreferrer noopener\" href=\"https:\/\/www.education.gouv.fr\/bo\/23\/Hebdo1\/MENE2210762N.htm\" target=\"_blank\">Evaluation sp\u00e9cifiques de contr\u00f4le continu organis\u00e9es pour les candidats pr\u00e9parant l&rsquo;option internationale du baccalaur\u00e9at \u00e0 compter de la session 2024<\/a><\/figcaption><\/figure>\n<\/div>\n\n<div class=\"wp-block-image\">\n<figure class=\"alignleft size-full\"><img loading=\"lazy\" decoding=\"async\" width=\"499\" height=\"122\" src=\"https:\/\/pedagogie.ac-lille.fr\/chinois\/wp-content\/uploads\/sites\/39\/2022\/03\/Logo-Eduscol.jpg\" alt=\"\" class=\"wp-image-3826\" srcset=\"https:\/\/pedagogie.ac-lille.fr\/chinois\/wp-content\/uploads\/sites\/39\/2022\/03\/Logo-Eduscol.jpg 499w, https:\/\/pedagogie.ac-lille.fr\/chinois\/wp-content\/uploads\/sites\/39\/2022\/03\/Logo-Eduscol-300x73.jpg 300w\" sizes=\"auto, (max-width: 499px) 100vw, 499px\" \/><figcaption class=\"wp-element-caption\">&gt; <a href=\"https:\/\/eduscol.education.fr\/3043\/le-baccalaureat-francais-international-bfi\" target=\"_blank\" rel=\"noreferrer noopener\">Le baccalaur\u00e9at Fran\u00e7ais International (BFI), sur Eduscol<\/a><\/figcaption><\/figure>\n<\/div>","protected":false},"excerpt":{"rendered":"","protected":false},"author":44,"featured_media":0,"parent":2620,"menu_order":0,"comment_status":"closed","ping_status":"closed","template":"","meta":{"footnotes":""},"class_list":["post-3308","page","type-page","status-publish","czr-hentry"],"publishpress_future_action":{"enabled":false,"date":"2026-04-11 16:03:49","action":"change-status","newStatus":"draft","terms":[],"taxonomy":"","extraData":[]},"publishpress_future_workflow_manual_trigger":{"enabledWorkflows":[]},"_links":{"self":[{"href":"https:\/\/pedagogie.ac-lille.fr\/chinois\/wp-json\/wp\/v2\/pages\/3308","targetHints":{"allow":["GET"]}}],"collection":[{"href":"https:\/\/pedagogie.ac-lille.fr\/chinois\/wp-json\/wp\/v2\/pages"}],"about":[{"href":"https:\/\/pedagogie.ac-lille.fr\/chinois\/wp-json\/wp\/v2\/types\/page"}],"author":[{"embeddable":true,"href":"https:\/\/pedagogie.ac-lille.fr\/chinois\/wp-json\/wp\/v2\/users\/44"}],"replies":[{"embeddable":true,"href":"https:\/\/pedagogie.ac-lille.fr\/chinois\/wp-json\/wp\/v2\/comments?post=3308"}],"version-history":[{"count":13,"href":"https:\/\/pedagogie.ac-lille.fr\/chinois\/wp-json\/wp\/v2\/pages\/3308\/revisions"}],"predecessor-version":[{"id":5242,"href":"https:\/\/pedagogie.ac-lille.fr\/chinois\/wp-json\/wp\/v2\/pages\/3308\/revisions\/5242"}],"up":[{"embeddable":true,"href":"https:\/\/pedagogie.ac-lille.fr\/chinois\/wp-json\/wp\/v2\/pages\/2620"}],"wp:attachment":[{"href":"https:\/\/pedagogie.ac-lille.fr\/chinois\/wp-json\/wp\/v2\/media?parent=3308"}],"curies":[{"name":"wp","href":"https:\/\/api.w.org\/{rel}","templated":true}]}}