{"id":3746,"date":"2022-03-20T19:28:52","date_gmt":"2022-03-20T18:28:52","guid":{"rendered":"https:\/\/pedagogie.ac-lille.fr\/chinois\/?page_id=3746"},"modified":"2026-01-06T11:50:02","modified_gmt":"2026-01-06T10:50:02","slug":"taiwan","status":"publish","type":"page","link":"https:\/\/pedagogie.ac-lille.fr\/chinois\/tests-certifications\/taiwan\/","title":{"rendered":"Ta\u00efwan"},"content":{"rendered":"\n<p><strong>Test Of Chinese as a Foreign Language (TOCFL)<\/strong><\/p>\n\n\n\n<p>Le TOCFL est un test d&rsquo;\u00e9valuation \u00e9labor\u00e9 \u00e0 Ta\u00efwan qui s&rsquo;adresse aux apprenants de chinois langue \u00e9trang\u00e8re. Il sert \u00e0 d\u00e9terminer leur ma\u00eetrise du Mandarin en compr\u00e9hension orale, en compr\u00e9hension \u00e9crite et, pour les niveaux sup\u00e9rieurs, en vocabulaire et grammaire.<\/p>\n\n\n\n<div class=\"wp-block-buttons is-layout-flex wp-block-buttons-is-layout-flex\">\n<div class=\"wp-block-button\"><a class=\"wp-block-button__link has-pale-pink-background-color has-background wp-element-button\" href=\"https:\/\/tocfl.edu.tw\/index.php\/home\" target=\"_blank\" rel=\"noreferrer noopener\">Page d&rsquo;accueil du TOCFL sur le site tocfl.edu.tw<\/a><\/div>\n\n\n\n<div class=\"wp-block-button\"><a class=\"wp-block-button__link has-pale-pink-background-color has-background wp-element-button\" href=\"https:\/\/tocfl.edu.tw\/tocfl\/index.php\/about\/committee\" target=\"_blank\" rel=\"noreferrer noopener\">Pr\u00e9sentation du TOCFL sur le site tocfl.edu.tw<\/a><\/div>\n\n\n\n<div class=\"wp-block-button is-style-outline is-style-outline--1\"><a class=\"wp-block-button__link has-pale-pink-color has-white-background-color has-text-color has-background has-link-color wp-element-button\" href=\"https:\/\/drive.google.com\/file\/d\/15Sewaad-sNxvkl04vlxL-pEvhKqX5HmS\/view\" target=\"_blank\" rel=\"noreferrer noopener\">Lire la brochure TOCFL 2026<\/a><\/div>\n\n\n\n<div class=\"wp-block-button is-style-outline is-style-outline--2\"><a class=\"wp-block-button__link has-pale-pink-color has-white-background-color has-text-color has-background has-link-color wp-element-button\" href=\"https:\/\/pedagogie.ac-lille.fr\/chinois\/wp-content\/uploads\/sites\/39\/2026\/01\/Affiche-TOCFL-2026_compressed.pdf\" target=\"_blank\" rel=\"noreferrer noopener\">Voir l&rsquo;affiche TOCFL 2026<\/a><\/div>\n<\/div>\n\n\n\n<p><strong>Children&rsquo;s Chinese Competency Certification (CCCC)<\/strong><\/p>\n\n\n\n<p>Le test de comp\u00e9tence en langue chinoise pour enfants est propos\u00e9 pour trois niveaux. Sa pr\u00e9sentation &#8211; imag\u00e9e et a\u00e9r\u00e9e &#8211; et l&rsquo;univers enfantin qui sert de toile de fond aux \u00e9preuves sont adapt\u00e9s \u00e0 un jeune public (de 7 \u00e0 12 ans).<\/p>\n\n\n\n<div class=\"wp-block-buttons is-layout-flex wp-block-buttons-is-layout-flex\">\n<div class=\"wp-block-button\"><a class=\"wp-block-button__link has-pale-pink-background-color has-background wp-element-button\" href=\"https:\/\/tocfl.edu.tw\/tocfl\/index.php\/test\/cccc\/list\/1\" target=\"_blank\" rel=\"noreferrer noopener\">Pr\u00e9sentation du CCCC sur le site tocfl.edu.tw<\/a><\/div>\n\n\n\n<div class=\"wp-block-button is-style-outline is-style-outline--3\"><a class=\"wp-block-button__link has-pale-pink-color has-white-background-color has-text-color has-background has-link-color wp-element-button\" href=\"https:\/\/drive.google.com\/file\/d\/1c9dzHPRt9xvT9x8XIl4AWveXPQ0u5_xW\/view\" target=\"_blank\" rel=\"noreferrer noopener\">Lire la brochure CCCC 2026<\/a><\/div>\n\n\n\n<div class=\"wp-block-button is-style-outline is-style-outline--4\"><a class=\"wp-block-button__link has-pale-pink-color has-white-background-color has-text-color has-background has-link-color wp-element-button\" href=\"https:\/\/pedagogie.ac-lille.fr\/chinois\/wp-content\/uploads\/sites\/39\/2026\/01\/Affiche-CCCC-2026_compressed.pdf\" target=\"_blank\" rel=\"noreferrer noopener\">Voir l&rsquo;affiche CCCC 2026<\/a><\/div>\n\n\n\n<div class=\"wp-block-button is-style-outline is-style-outline--5\"><a class=\"wp-block-button__link has-pale-pink-color has-white-background-color has-text-color has-background has-link-color wp-element-button\" href=\"https:\/\/pedagogie.ac-lille.fr\/chinois\/wp-content\/uploads\/sites\/39\/2026\/01\/Flyer-TOCFL-CCCC-2026_compressed.pdf\" target=\"_blank\" rel=\"noreferrer noopener\">Flyer TOCFL &#8211; CCCC 2026<\/a><\/div>\n<\/div>\n","protected":false},"excerpt":{"rendered":"<p>Test Of Chinese as a Foreign Language (TOCFL) Le TOCFL est un test d&rsquo;\u00e9valuation \u00e9labor\u00e9 \u00e0 Ta\u00efwan qui s&rsquo;adresse aux apprenants de chinois langue \u00e9trang\u00e8re. Il sert \u00e0 d\u00e9terminer leur ma\u00eetrise du Mandarin en compr\u00e9hension orale, en compr\u00e9hension \u00e9crite et, pour les niveaux sup\u00e9rieurs, en vocabulaire et grammaire. Children&rsquo;s Chinese Competency Certification (CCCC) Le test [&hellip;]<\/p>\n","protected":false},"author":44,"featured_media":0,"parent":452,"menu_order":0,"comment_status":"closed","ping_status":"closed","template":"","meta":{"footnotes":""},"class_list":["post-3746","page","type-page","status-publish","czr-hentry"],"publishpress_future_action":{"enabled":false,"date":"2026-04-11 16:04:07","action":"change-status","newStatus":"draft","terms":[],"taxonomy":"","extraData":[]},"publishpress_future_workflow_manual_trigger":{"enabledWorkflows":[]},"_links":{"self":[{"href":"https:\/\/pedagogie.ac-lille.fr\/chinois\/wp-json\/wp\/v2\/pages\/3746","targetHints":{"allow":["GET"]}}],"collection":[{"href":"https:\/\/pedagogie.ac-lille.fr\/chinois\/wp-json\/wp\/v2\/pages"}],"about":[{"href":"https:\/\/pedagogie.ac-lille.fr\/chinois\/wp-json\/wp\/v2\/types\/page"}],"author":[{"embeddable":true,"href":"https:\/\/pedagogie.ac-lille.fr\/chinois\/wp-json\/wp\/v2\/users\/44"}],"replies":[{"embeddable":true,"href":"https:\/\/pedagogie.ac-lille.fr\/chinois\/wp-json\/wp\/v2\/comments?post=3746"}],"version-history":[{"count":27,"href":"https:\/\/pedagogie.ac-lille.fr\/chinois\/wp-json\/wp\/v2\/pages\/3746\/revisions"}],"predecessor-version":[{"id":6815,"href":"https:\/\/pedagogie.ac-lille.fr\/chinois\/wp-json\/wp\/v2\/pages\/3746\/revisions\/6815"}],"up":[{"embeddable":true,"href":"https:\/\/pedagogie.ac-lille.fr\/chinois\/wp-json\/wp\/v2\/pages\/452"}],"wp:attachment":[{"href":"https:\/\/pedagogie.ac-lille.fr\/chinois\/wp-json\/wp\/v2\/media?parent=3746"}],"curies":[{"name":"wp","href":"https:\/\/api.w.org\/{rel}","templated":true}]}}