{"id":379,"date":"2021-04-12T17:18:29","date_gmt":"2021-04-12T15:18:29","guid":{"rendered":"https:\/\/pedagogie.ac-lille.fr\/chinois\/?page_id=379"},"modified":"2025-09-11T12:39:08","modified_gmt":"2025-09-11T10:39:08","slug":"cycle-2","status":"publish","type":"page","link":"https:\/\/pedagogie.ac-lille.fr\/chinois\/textes-de-reference\/ecole-primaire-et-college\/cycle-2\/","title":{"rendered":"Cycle 2"},"content":{"rendered":"\n<p><strong>Apprentissages fondamentaux : CP, CE1 et CE2<\/strong><\/p>\n\n\n<div class=\"wp-block-image is-resized\">\n<figure class=\"alignleft size-large\"><img loading=\"lazy\" decoding=\"async\" width=\"452\" height=\"172\" src=\"http:\/\/pedagogie.ac-lille.fr\/chinois\/wp-content\/uploads\/sites\/39\/2021\/04\/image-cycle-2.jpg\" alt=\"\" class=\"wp-image-1153\" style=\"width:497px;height:auto\" srcset=\"https:\/\/pedagogie.ac-lille.fr\/chinois\/wp-content\/uploads\/sites\/39\/2021\/04\/image-cycle-2.jpg 452w, https:\/\/pedagogie.ac-lille.fr\/chinois\/wp-content\/uploads\/sites\/39\/2021\/04\/image-cycle-2-300x114.jpg 300w\" sizes=\"auto, (max-width: 452px) 100vw, 452px\" \/><figcaption class=\"wp-element-caption\"><a href=\"https:\/\/cache.media.education.gouv.fr\/file\/31\/88\/5\/ensel714_annexe1_1312885.pdf\" target=\"_blank\" rel=\"noreferrer noopener\">&gt; Bulletin officiel (BO) : Programme d\u2019enseignement du cycle des apprentissages fondamentaux (cycle 2)<\/a><\/figcaption><\/figure>\n<\/div>\n\n<div class=\"wp-block-image\">\n<figure class=\"alignleft size-large\"><img loading=\"lazy\" decoding=\"async\" width=\"499\" height=\"122\" src=\"http:\/\/pedagogie.ac-lille.fr\/chinois\/wp-content\/uploads\/sites\/39\/2021\/06\/Logo-Eduscol.jpg\" alt=\"\" class=\"wp-image-1765\" srcset=\"https:\/\/pedagogie.ac-lille.fr\/chinois\/wp-content\/uploads\/sites\/39\/2021\/06\/Logo-Eduscol.jpg 499w, https:\/\/pedagogie.ac-lille.fr\/chinois\/wp-content\/uploads\/sites\/39\/2021\/06\/Logo-Eduscol-300x73.jpg 300w\" sizes=\"auto, (max-width: 499px) 100vw, 499px\" \/><figcaption class=\"wp-element-caption\"><a href=\"https:\/\/eduscol.education.fr\/164\/langues-vivantes-cycles-2-3-et-4\" target=\"_blank\" rel=\"noreferrer noopener\">&gt; Ressources d&rsquo;accompagnement pour les langues vivantes \u00e9trang\u00e8res et r\u00e9gionales aux cycles 2, 3 et 4<\/a><br><a href=\"https:\/\/cache.media.eduscol.education.fr\/file\/Chinois\/45\/7\/RA16_LV_C2_declinaison_linguistique_chinois_681457.pdf\" target=\"_blank\" rel=\"noreferrer noopener\">&gt; Rep\u00e8res de progressivit\u00e9 linguistique chinois cycle 2<\/a><br><a href=\"https:\/\/cache.media.eduscol.education.fr\/file\/Chinois\/57\/6\/RA16_C2_LV_declinaisons_culturelles_chinois_717576.pdf\" target=\"_blank\" rel=\"noreferrer noopener\">&gt; D\u00e9clinaisons culturelles chinois cycle 2<\/a><\/figcaption><\/figure>\n<\/div>","protected":false},"excerpt":{"rendered":"<p>Apprentissages fondamentaux : CP, CE1 et CE2<\/p>\n","protected":false},"author":44,"featured_media":0,"parent":2616,"menu_order":0,"comment_status":"closed","ping_status":"closed","template":"","meta":{"footnotes":""},"class_list":["post-379","page","type-page","status-publish","czr-hentry"],"publishpress_future_action":{"enabled":false,"date":"2026-04-11 16:04:06","action":"change-status","newStatus":"draft","terms":[],"taxonomy":"","extraData":[]},"publishpress_future_workflow_manual_trigger":{"enabledWorkflows":[]},"_links":{"self":[{"href":"https:\/\/pedagogie.ac-lille.fr\/chinois\/wp-json\/wp\/v2\/pages\/379","targetHints":{"allow":["GET"]}}],"collection":[{"href":"https:\/\/pedagogie.ac-lille.fr\/chinois\/wp-json\/wp\/v2\/pages"}],"about":[{"href":"https:\/\/pedagogie.ac-lille.fr\/chinois\/wp-json\/wp\/v2\/types\/page"}],"author":[{"embeddable":true,"href":"https:\/\/pedagogie.ac-lille.fr\/chinois\/wp-json\/wp\/v2\/users\/44"}],"replies":[{"embeddable":true,"href":"https:\/\/pedagogie.ac-lille.fr\/chinois\/wp-json\/wp\/v2\/comments?post=379"}],"version-history":[{"count":40,"href":"https:\/\/pedagogie.ac-lille.fr\/chinois\/wp-json\/wp\/v2\/pages\/379\/revisions"}],"predecessor-version":[{"id":6686,"href":"https:\/\/pedagogie.ac-lille.fr\/chinois\/wp-json\/wp\/v2\/pages\/379\/revisions\/6686"}],"up":[{"embeddable":true,"href":"https:\/\/pedagogie.ac-lille.fr\/chinois\/wp-json\/wp\/v2\/pages\/2616"}],"wp:attachment":[{"href":"https:\/\/pedagogie.ac-lille.fr\/chinois\/wp-json\/wp\/v2\/media?parent=379"}],"curies":[{"name":"wp","href":"https:\/\/api.w.org\/{rel}","templated":true}]}}