{"id":381,"date":"2021-04-12T17:19:08","date_gmt":"2021-04-12T15:19:08","guid":{"rendered":"https:\/\/pedagogie.ac-lille.fr\/chinois\/?page_id=381"},"modified":"2025-09-11T12:37:30","modified_gmt":"2025-09-11T10:37:30","slug":"cycle-3","status":"publish","type":"page","link":"https:\/\/pedagogie.ac-lille.fr\/chinois\/textes-de-reference\/ecole-primaire-et-college\/cycle-3\/","title":{"rendered":"Cycle 3"},"content":{"rendered":"\n<p><strong>Consolidation : CM1, CM2 et 6\u00e8me<\/strong><\/p>\n\n\n<div class=\"wp-block-image is-resized\">\n<figure class=\"alignleft size-large\"><img loading=\"lazy\" decoding=\"async\" width=\"452\" height=\"172\" src=\"http:\/\/pedagogie.ac-lille.fr\/chinois\/wp-content\/uploads\/sites\/39\/2021\/04\/image-cycle-3.jpg\" alt=\"\" class=\"wp-image-1154\" style=\"width:502px;height:auto\" srcset=\"https:\/\/pedagogie.ac-lille.fr\/chinois\/wp-content\/uploads\/sites\/39\/2021\/04\/image-cycle-3.jpg 452w, https:\/\/pedagogie.ac-lille.fr\/chinois\/wp-content\/uploads\/sites\/39\/2021\/04\/image-cycle-3-300x114.jpg 300w\" sizes=\"auto, (max-width: 452px) 100vw, 452px\" \/><figcaption class=\"wp-element-caption\"><a href=\"https:\/\/www.education.gouv.fr\/sites\/default\/files\/ensel621_annexe7_ok.pdf\" target=\"_blank\" rel=\"noreferrer noopener\">Programme de chinois pour les classes de coll\u00e8ge<\/a><\/figcaption><\/figure>\n<\/div>\n\n<div class=\"wp-block-image\">\n<figure class=\"alignleft size-large\"><img loading=\"lazy\" decoding=\"async\" width=\"499\" height=\"122\" src=\"http:\/\/pedagogie.ac-lille.fr\/chinois\/wp-content\/uploads\/sites\/39\/2021\/06\/Logo-Eduscol.jpg\" alt=\"\" class=\"wp-image-1765\" srcset=\"https:\/\/pedagogie.ac-lille.fr\/chinois\/wp-content\/uploads\/sites\/39\/2021\/06\/Logo-Eduscol.jpg 499w, https:\/\/pedagogie.ac-lille.fr\/chinois\/wp-content\/uploads\/sites\/39\/2021\/06\/Logo-Eduscol-300x73.jpg 300w\" sizes=\"auto, (max-width: 499px) 100vw, 499px\" \/><figcaption class=\"wp-element-caption\"><a href=\"https:\/\/eduscol.education.fr\/164\/langues-vivantes-cycles-2-3-et-4\" target=\"_blank\" rel=\"noreferrer noopener\">&gt; Ressources d&rsquo;accompagnement pour les langues vivantes \u00e9trang\u00e8res et r\u00e9gionales aux cycles 2, 3 et 4<\/a><br><br><a href=\"https:\/\/eduscol.education.fr\/document\/65249\/download\" target=\"_blank\" rel=\"noreferrer noopener\">&gt; Exemples pour la mise en \u0153uvre des programmes<\/a><\/figcaption><\/figure>\n<\/div>\n\n\n<p><\/p>\n","protected":false},"excerpt":{"rendered":"<p>Consolidation : CM1, CM2 et 6\u00e8me<\/p>\n","protected":false},"author":44,"featured_media":0,"parent":2616,"menu_order":0,"comment_status":"closed","ping_status":"closed","template":"","meta":{"footnotes":""},"class_list":["post-381","page","type-page","status-publish","czr-hentry"],"publishpress_future_action":{"enabled":false,"date":"2026-04-11 16:03:51","action":"change-status","newStatus":"draft","terms":[],"taxonomy":"","extraData":[]},"publishpress_future_workflow_manual_trigger":{"enabledWorkflows":[]},"_links":{"self":[{"href":"https:\/\/pedagogie.ac-lille.fr\/chinois\/wp-json\/wp\/v2\/pages\/381","targetHints":{"allow":["GET"]}}],"collection":[{"href":"https:\/\/pedagogie.ac-lille.fr\/chinois\/wp-json\/wp\/v2\/pages"}],"about":[{"href":"https:\/\/pedagogie.ac-lille.fr\/chinois\/wp-json\/wp\/v2\/types\/page"}],"author":[{"embeddable":true,"href":"https:\/\/pedagogie.ac-lille.fr\/chinois\/wp-json\/wp\/v2\/users\/44"}],"replies":[{"embeddable":true,"href":"https:\/\/pedagogie.ac-lille.fr\/chinois\/wp-json\/wp\/v2\/comments?post=381"}],"version-history":[{"count":14,"href":"https:\/\/pedagogie.ac-lille.fr\/chinois\/wp-json\/wp\/v2\/pages\/381\/revisions"}],"predecessor-version":[{"id":6683,"href":"https:\/\/pedagogie.ac-lille.fr\/chinois\/wp-json\/wp\/v2\/pages\/381\/revisions\/6683"}],"up":[{"embeddable":true,"href":"https:\/\/pedagogie.ac-lille.fr\/chinois\/wp-json\/wp\/v2\/pages\/2616"}],"wp:attachment":[{"href":"https:\/\/pedagogie.ac-lille.fr\/chinois\/wp-json\/wp\/v2\/media?parent=381"}],"curies":[{"name":"wp","href":"https:\/\/api.w.org\/{rel}","templated":true}]}}