{"id":383,"date":"2021-04-12T17:19:32","date_gmt":"2021-04-12T15:19:32","guid":{"rendered":"https:\/\/pedagogie.ac-lille.fr\/chinois\/?page_id=383"},"modified":"2025-09-11T12:38:45","modified_gmt":"2025-09-11T10:38:45","slug":"cycle-4","status":"publish","type":"page","link":"https:\/\/pedagogie.ac-lille.fr\/chinois\/textes-de-reference\/ecole-primaire-et-college\/cycle-4\/","title":{"rendered":"Cycle 4"},"content":{"rendered":"\n<p><strong>Approfondissements : 5\u00e8me, 4\u00e8me et 3\u00e8me<\/strong><\/p>\n\n\n<div class=\"wp-block-image\">\n<figure class=\"alignleft size-large is-resized\"><img loading=\"lazy\" decoding=\"async\" width=\"452\" height=\"172\" src=\"http:\/\/pedagogie.ac-lille.fr\/chinois\/wp-content\/uploads\/sites\/39\/2021\/04\/image-cycle-4.jpg\" alt=\"\" class=\"wp-image-1155\" style=\"width:352px;height:auto\" srcset=\"https:\/\/pedagogie.ac-lille.fr\/chinois\/wp-content\/uploads\/sites\/39\/2021\/04\/image-cycle-4.jpg 452w, https:\/\/pedagogie.ac-lille.fr\/chinois\/wp-content\/uploads\/sites\/39\/2021\/04\/image-cycle-4-300x114.jpg 300w\" sizes=\"auto, (max-width: 452px) 100vw, 452px\" \/><figcaption class=\"wp-element-caption\"><a href=\"https:\/\/cache.media.education.gouv.fr\/file\/31\/89\/1\/ensel714_annexe3_1312891.pdf\" target=\"_blank\" rel=\"noreferrer noopener\">&gt; Programme d\u2019enseignement du cycle des approfondissements (cycle 4)<\/a><\/figcaption><\/figure>\n<\/div>\n\n<div class=\"wp-block-image\">\n<figure class=\"alignleft size-large\"><img loading=\"lazy\" decoding=\"async\" width=\"499\" height=\"122\" src=\"http:\/\/pedagogie.ac-lille.fr\/chinois\/wp-content\/uploads\/sites\/39\/2021\/06\/Logo-Eduscol.jpg\" alt=\"\" class=\"wp-image-1765\" srcset=\"https:\/\/pedagogie.ac-lille.fr\/chinois\/wp-content\/uploads\/sites\/39\/2021\/06\/Logo-Eduscol.jpg 499w, https:\/\/pedagogie.ac-lille.fr\/chinois\/wp-content\/uploads\/sites\/39\/2021\/06\/Logo-Eduscol-300x73.jpg 300w\" sizes=\"auto, (max-width: 499px) 100vw, 499px\" \/><figcaption class=\"wp-element-caption\"><a href=\"https:\/\/eduscol.education.fr\/164\/langues-vivantes-cycles-2-3-et-4\" target=\"_blank\" rel=\"noreferrer noopener\">&gt; Ressources d&rsquo;accompagnement pour les langues vivantes \u00e9trang\u00e8res et r\u00e9gionales aux cycles 2, 3 et 4<\/a><br><br><a href=\"https:\/\/eduscol.education.fr\/document\/45367\/download\" target=\"_blank\" rel=\"noreferrer noopener\">&gt; Cycle 4 : Rep\u00e8res annuels de progression<\/a><br><a href=\"https:\/\/cache.media.eduscol.education.fr\/file\/Chinois\/02\/7\/RA16_C4_LV_chinois_com_langagiere_717027.pdf\" target=\"_blank\" rel=\"noreferrer noopener\">&gt; Rep\u00e8res de progressivit\u00e9 linguistique chinois cycle 4<\/a><br><a href=\"https:\/\/cache.media.eduscol.education.fr\/file\/Chinois\/89\/0\/RA16_C4_declinaisons_culturelles_chinois_719890.pdf\" target=\"_blank\" rel=\"noreferrer noopener\">&gt; D\u00e9clinaisons culturelles chinois cycle 4<\/a><\/figcaption><\/figure>\n<\/div>","protected":false},"excerpt":{"rendered":"<p>Approfondissements : 5\u00e8me, 4\u00e8me et 3\u00e8me<\/p>\n","protected":false},"author":44,"featured_media":0,"parent":2616,"menu_order":0,"comment_status":"closed","ping_status":"closed","template":"","meta":{"footnotes":""},"class_list":["post-383","page","type-page","status-publish","czr-hentry"],"publishpress_future_action":{"enabled":false,"date":"2026-04-11 16:04:06","action":"change-status","newStatus":"draft","terms":[],"taxonomy":"","extraData":[]},"publishpress_future_workflow_manual_trigger":{"enabledWorkflows":[]},"_links":{"self":[{"href":"https:\/\/pedagogie.ac-lille.fr\/chinois\/wp-json\/wp\/v2\/pages\/383","targetHints":{"allow":["GET"]}}],"collection":[{"href":"https:\/\/pedagogie.ac-lille.fr\/chinois\/wp-json\/wp\/v2\/pages"}],"about":[{"href":"https:\/\/pedagogie.ac-lille.fr\/chinois\/wp-json\/wp\/v2\/types\/page"}],"author":[{"embeddable":true,"href":"https:\/\/pedagogie.ac-lille.fr\/chinois\/wp-json\/wp\/v2\/users\/44"}],"replies":[{"embeddable":true,"href":"https:\/\/pedagogie.ac-lille.fr\/chinois\/wp-json\/wp\/v2\/comments?post=383"}],"version-history":[{"count":11,"href":"https:\/\/pedagogie.ac-lille.fr\/chinois\/wp-json\/wp\/v2\/pages\/383\/revisions"}],"predecessor-version":[{"id":6685,"href":"https:\/\/pedagogie.ac-lille.fr\/chinois\/wp-json\/wp\/v2\/pages\/383\/revisions\/6685"}],"up":[{"embeddable":true,"href":"https:\/\/pedagogie.ac-lille.fr\/chinois\/wp-json\/wp\/v2\/pages\/2616"}],"wp:attachment":[{"href":"https:\/\/pedagogie.ac-lille.fr\/chinois\/wp-json\/wp\/v2\/media?parent=383"}],"curies":[{"name":"wp","href":"https:\/\/api.w.org\/{rel}","templated":true}]}}