{"id":445,"date":"2021-04-13T16:29:35","date_gmt":"2021-04-13T14:29:35","guid":{"rendered":"https:\/\/pedagogie.ac-lille.fr\/chinois\/?page_id=445"},"modified":"2022-06-30T17:10:39","modified_gmt":"2022-06-30T15:10:39","slug":"formation-initiale","status":"publish","type":"page","link":"https:\/\/pedagogie.ac-lille.fr\/chinois\/enseigner-se-former\/formation-initiale\/","title":{"rendered":"Formation initiale"},"content":{"rendered":"\n<div class=\"wp-block-cover is-light\" style=\"min-height:200px;aspect-ratio:unset;\"><span aria-hidden=\"true\" class=\"wp-block-cover__background has-background-dim-0 has-background-dim\"><\/span><img loading=\"lazy\" decoding=\"async\" width=\"1280\" height=\"492\" class=\"wp-block-cover__image-background wp-image-625\" alt=\"\" src=\"http:\/\/pedagogie.ac-lille.fr\/chinois\/wp-content\/uploads\/sites\/39\/2021\/04\/home_devenirenseignant_01102020_1332970@2x.png\" data-object-fit=\"cover\" srcset=\"https:\/\/pedagogie.ac-lille.fr\/chinois\/wp-content\/uploads\/sites\/39\/2021\/04\/home_devenirenseignant_01102020_1332970@2x.png 1280w, https:\/\/pedagogie.ac-lille.fr\/chinois\/wp-content\/uploads\/sites\/39\/2021\/04\/home_devenirenseignant_01102020_1332970@2x-300x115.png 300w, https:\/\/pedagogie.ac-lille.fr\/chinois\/wp-content\/uploads\/sites\/39\/2021\/04\/home_devenirenseignant_01102020_1332970@2x-1024x394.png 1024w, https:\/\/pedagogie.ac-lille.fr\/chinois\/wp-content\/uploads\/sites\/39\/2021\/04\/home_devenirenseignant_01102020_1332970@2x-768x295.png 768w\" sizes=\"auto, (max-width: 1280px) 100vw, 1280px\" \/><div class=\"wp-block-cover__inner-container is-layout-flow wp-block-cover-is-layout-flow\">\n<p class=\"has-text-align-center has-white-color has-text-color has-large-font-size\"><\/p>\n<\/div><\/div>\n\n\n\n<p class=\"has-text-align-right has-small-font-size\">\u00a9 www.devenirenseignant.gouv.fr &#8211; MENJS &#8211; droits r\u00e9serv\u00e9s<\/p>\n\n\n\n<div class=\"wp-block-buttons is-layout-flex wp-block-buttons-is-layout-flex\">\n<div class=\"wp-block-button\"><a class=\"wp-block-button__link has-vivid-green-cyan-background-color has-background\" href=\"https:\/\/www.devenirenseignant.gouv.fr\/?gclsrc=aw.ds\" target=\"_blank\" rel=\"noreferrer noopener\">Consulter le site : Devenirenseignant.gouv<\/a><\/div>\n<\/div>\n\n\n\n<h2 class=\"has-text-align-left has-medium-font-size wp-block-heading\" id=\"les-inspe-parcours-chinois\"><strong>Les Master MEEF :<\/strong><\/h2>\n\n\n\n<p>Il existe en France trois masters MEEF-parcours chinois en INSPE. Ils visent la formation des professeurs de chinois de l\u2019enseignement secondaire et pr\u00e9parent aux \u00e9preuves du CAPES externe de chinois. Plus largement, les \u00e9tudiants y acqui\u00e8rent la m\u00e9thodologie disciplinaire des langues vivantes et du chinois en particulier, coupl\u00e9e \u00e0 une exp\u00e9rience professionnelle. Y sont \u00e9tudi\u00e9s : les programmes d\u2019enseignement, le cadre europ\u00e9en commun de r\u00e9f\u00e9rence pour les langues (r\u00e9ception, production, interaction, m\u00e9diation, tant pour l\u2019oral que l\u2019\u00e9crit), la traduction, la r\u00e9flexion sur la langue, l\u2019analyse et la mise en relation des \u00e9l\u00e9ments d\u2019un dossier, l\u2019exploitation didactique et p\u00e9dagogique de documents authentiques en langue \u00e9trang\u00e8re et son argumentation, et r\u00e9flexion sur la pratique enseignante.<\/p>\n\n\n\n<p><strong>Se former au CAPES et \u00e0 l&rsquo;enseignement :<\/strong><\/p>\n\n\n\n<div class=\"wp-block-buttons is-layout-flex wp-block-buttons-is-layout-flex\">\n<div class=\"wp-block-button is-style-outline is-style-outline--1\"><a class=\"wp-block-button__link\" href=\"http:\/\/www.inspe-bretagne.fr\/\" target=\"_blank\" rel=\"noreferrer noopener\">INSPE Bretagne<\/a><\/div>\n\n\n\n<div class=\"wp-block-button is-style-outline is-style-outline--2\"><a class=\"wp-block-button__link\" href=\"https:\/\/www.inspe-paris.fr\/\" target=\"_blank\" rel=\"noreferrer noopener\">INSPE Paris<\/a><\/div>\n\n\n\n<div class=\"wp-block-button is-style-outline is-style-outline--3\"><a class=\"wp-block-button__link\" href=\"https:\/\/inspe-academiedemontpellier.fr\/\" target=\"_blank\" rel=\"noreferrer noopener\">INSPE Montpellier<\/a><\/div>\n\n\n\n<div class=\"wp-block-button is-style-outline is-style-outline--4\"><a class=\"wp-block-button__link\" href=\"https:\/\/www.univ-lyon2.fr\/master-1-meef-2nd-degr-chinois\" target=\"_blank\" rel=\"noreferrer noopener\">INSPE Lyon<\/a><\/div>\n<\/div>\n\n\n\n<hr class=\"wp-block-separator has-css-opacity\" \/>\n","protected":false},"excerpt":{"rendered":"<p>\u00a9 www.devenirenseignant.gouv.fr &#8211; MENJS &#8211; droits r\u00e9serv\u00e9s Les Master MEEF : Il existe en France trois masters MEEF-parcours chinois en INSPE. Ils visent la formation des professeurs de chinois de l\u2019enseignement secondaire et pr\u00e9parent aux \u00e9preuves du CAPES externe de chinois. Plus largement, les \u00e9tudiants y acqui\u00e8rent la m\u00e9thodologie disciplinaire des langues vivantes et du [&hellip;]<\/p>\n","protected":false},"author":44,"featured_media":0,"parent":60,"menu_order":0,"comment_status":"closed","ping_status":"closed","template":"","meta":{"footnotes":""},"class_list":["post-445","page","type-page","status-publish","czr-hentry"],"publishpress_future_action":{"enabled":false,"date":"2026-04-11 16:03:39","action":"change-status","newStatus":"draft","terms":[],"taxonomy":"","extraData":[]},"publishpress_future_workflow_manual_trigger":{"enabledWorkflows":[]},"_links":{"self":[{"href":"https:\/\/pedagogie.ac-lille.fr\/chinois\/wp-json\/wp\/v2\/pages\/445","targetHints":{"allow":["GET"]}}],"collection":[{"href":"https:\/\/pedagogie.ac-lille.fr\/chinois\/wp-json\/wp\/v2\/pages"}],"about":[{"href":"https:\/\/pedagogie.ac-lille.fr\/chinois\/wp-json\/wp\/v2\/types\/page"}],"author":[{"embeddable":true,"href":"https:\/\/pedagogie.ac-lille.fr\/chinois\/wp-json\/wp\/v2\/users\/44"}],"replies":[{"embeddable":true,"href":"https:\/\/pedagogie.ac-lille.fr\/chinois\/wp-json\/wp\/v2\/comments?post=445"}],"version-history":[{"count":125,"href":"https:\/\/pedagogie.ac-lille.fr\/chinois\/wp-json\/wp\/v2\/pages\/445\/revisions"}],"predecessor-version":[{"id":4898,"href":"https:\/\/pedagogie.ac-lille.fr\/chinois\/wp-json\/wp\/v2\/pages\/445\/revisions\/4898"}],"up":[{"embeddable":true,"href":"https:\/\/pedagogie.ac-lille.fr\/chinois\/wp-json\/wp\/v2\/pages\/60"}],"wp:attachment":[{"href":"https:\/\/pedagogie.ac-lille.fr\/chinois\/wp-json\/wp\/v2\/media?parent=445"}],"curies":[{"name":"wp","href":"https:\/\/api.w.org\/{rel}","templated":true}]}}