{"id":447,"date":"2021-04-13T16:31:50","date_gmt":"2021-04-13T14:31:50","guid":{"rendered":"https:\/\/pedagogie.ac-lille.fr\/chinois\/?page_id=447"},"modified":"2024-09-09T15:17:09","modified_gmt":"2024-09-09T13:17:09","slug":"formation-continue","status":"publish","type":"page","link":"https:\/\/pedagogie.ac-lille.fr\/chinois\/enseigner-se-former\/formation-continue\/","title":{"rendered":"Formation continue"},"content":{"rendered":"\n<div class=\"wp-block-cover is-light\" style=\"min-height:200px;aspect-ratio:unset;\"><span aria-hidden=\"true\" class=\"wp-block-cover__background has-black-background-color has-background-dim-0 has-background-dim\"><\/span><img loading=\"lazy\" decoding=\"async\" width=\"1680\" height=\"360\" class=\"wp-block-cover__image-background wp-image-1016\" alt=\"\" src=\"https:\/\/pedagogie.ac-lille.fr\/chinois\/wp-content\/uploads\/sites\/39\/2021\/04\/banniere-eduscol-1680x36029-plan-national-de-formation-png-725-09-kb-5401.png\" data-object-fit=\"cover\" srcset=\"https:\/\/pedagogie.ac-lille.fr\/chinois\/wp-content\/uploads\/sites\/39\/2021\/04\/banniere-eduscol-1680x36029-plan-national-de-formation-png-725-09-kb-5401.png 1680w, https:\/\/pedagogie.ac-lille.fr\/chinois\/wp-content\/uploads\/sites\/39\/2021\/04\/banniere-eduscol-1680x36029-plan-national-de-formation-png-725-09-kb-5401-300x64.png 300w, https:\/\/pedagogie.ac-lille.fr\/chinois\/wp-content\/uploads\/sites\/39\/2021\/04\/banniere-eduscol-1680x36029-plan-national-de-formation-png-725-09-kb-5401-1024x219.png 1024w, https:\/\/pedagogie.ac-lille.fr\/chinois\/wp-content\/uploads\/sites\/39\/2021\/04\/banniere-eduscol-1680x36029-plan-national-de-formation-png-725-09-kb-5401-768x165.png 768w, https:\/\/pedagogie.ac-lille.fr\/chinois\/wp-content\/uploads\/sites\/39\/2021\/04\/banniere-eduscol-1680x36029-plan-national-de-formation-png-725-09-kb-5401-1536x329.png 1536w\" sizes=\"auto, (max-width: 1680px) 100vw, 1680px\" \/><div class=\"wp-block-cover__inner-container is-layout-flow wp-block-cover-is-layout-flow\">\n<p class=\"has-text-align-center has-white-color has-text-color has-medium-font-size\"><\/p>\n\n\n\n<p class=\"has-text-align-center\"><\/p>\n<\/div><\/div>\n\n\n\n<p><\/p>\n\n\n\n<p class=\"has-text-align-right has-small-font-size\">\u00a9 www.devenirenseignant.gouv.fr \u2013 MENJS \u2013 droits r\u00e9serv\u00e9s<\/p>\n\n\n\n<p><strong>Le PAF (Plan acad\u00e9mique de Formation)<\/strong><\/p>\n\n\n<p>Le plan acad\u00e9mique de formation (PAF) r\u00e9pond de mani\u00e8re concr\u00e8te aux besoins et r\u00e9alit\u00e9s que les personnels rencontrent au quotidien dans l&rsquo;exercice de leur m\u00e9tier. S&rsquo;adapter aux nouvelles exigences de leur profession et actualiser leurs connaissances tout au long de la carri\u00e8re en sont les deux axes principaux. Chaque acad\u00e9mie d\u00e9cline les priorit\u00e9s nationales pour la formation continue de ses enseignants sous la forme d\u2019un PAF annuel dans le cadre de la formation continue des enseignants et offre, outre les rencontres que l\u2019inspection r\u00e9gionale de chinois organise, la possibilit\u00e9 de suivre des stages \u00e0 candidature individuelle, auquel chacun peut postuler.<\/p>\n\n\n<div class=\"wp-block-buttons is-layout-flex wp-block-buttons-is-layout-flex\">\n<div class=\"wp-block-button\"><a class=\"wp-block-button__link has-vivid-green-cyan-background-color has-background wp-element-button\" href=\"https:\/\/eduscol.education.fr\/425\/le-plan-national-de-formation\" target=\"_blank\" rel=\"noreferrer noopener\">Le plan national de formation (EDUSCOL)<\/a><\/div>\n<\/div>\n\n\n\n<p><strong>La plateforme M@gist\u00e8re<\/strong><\/p>\n\n\n<p>La plateforme M@gist\u00e8re propose aux personnels enseignants et d\u2019\u00e9ducation du premier et second degr\u00e9 une offre nationale de parcours de formation \u00e0 distance, accessible d\u2019o\u00f9 ils le souhaitent en suivant un parcours personnalis\u00e9.<\/p>\n\n\n<div class=\"wp-block-buttons is-layout-flex wp-block-buttons-is-layout-flex\">\n<div class=\"wp-block-button\"><a class=\"wp-block-button__link has-vivid-green-cyan-background-color has-background wp-element-button\" href=\"https:\/\/magistere.education.fr\/dgesco\/\" target=\"_blank\" rel=\"noreferrer noopener\">Enseigner les langues vivantes<\/a><\/div>\n<\/div>\n\n\n\n<hr class=\"wp-block-separator has-css-opacity\" \/>\n\n\n\n<div class=\"wp-block-buttons is-layout-flex wp-block-buttons-is-layout-flex\">\n<div class=\"wp-block-button\"><a class=\"wp-block-button__link has-vivid-green-cyan-background-color has-background wp-element-button\" href=\"https:\/\/pedagogie.ac-lille.fr\/chinois\/enseigner-se-former\/formation-continue\/seminaires\/\">Les s\u00e9minaires<\/a><\/div>\n\n\n\n<div class=\"wp-block-button\"><a class=\"wp-block-button__link has-vivid-green-cyan-background-color has-background wp-element-button\" href=\"https:\/\/pedagogie.ac-lille.fr\/chinois\/enseigner-se-former\/formation-continue\/se-former-a-letranger\/\">Se former \u00e0 l&rsquo;\u00e9tranger<\/a><\/div>\n<\/div>\n\n\n\n<p class=\"has-cyan-bluish-gray-color has-text-color has-medium-font-size\"><strong>Les articles r\u00e9cents :<\/strong><\/p>\n","protected":false},"excerpt":{"rendered":"<p>\u00a9 www.devenirenseignant.gouv.fr \u2013 MENJS \u2013 droits r\u00e9serv\u00e9s Le PAF (Plan acad\u00e9mique de Formation) Le plan acad\u00e9mique de formation (PAF) r\u00e9pond de mani\u00e8re concr\u00e8te aux besoins et r\u00e9alit\u00e9s que les personnels rencontrent au quotidien dans l&rsquo;exercice de leur m\u00e9tier. S&rsquo;adapter aux nouvelles exigences de leur profession et actualiser leurs connaissances tout au long de la carri\u00e8re [&hellip;]<\/p>\n","protected":false},"author":44,"featured_media":0,"parent":60,"menu_order":0,"comment_status":"closed","ping_status":"closed","template":"","meta":{"footnotes":""},"class_list":["post-447","page","type-page","status-publish","czr-hentry"],"publishpress_future_action":{"enabled":false,"date":"2026-04-11 16:03:38","action":"change-status","newStatus":"draft","terms":[],"taxonomy":"","extraData":[]},"publishpress_future_workflow_manual_trigger":{"enabledWorkflows":[]},"_links":{"self":[{"href":"https:\/\/pedagogie.ac-lille.fr\/chinois\/wp-json\/wp\/v2\/pages\/447","targetHints":{"allow":["GET"]}}],"collection":[{"href":"https:\/\/pedagogie.ac-lille.fr\/chinois\/wp-json\/wp\/v2\/pages"}],"about":[{"href":"https:\/\/pedagogie.ac-lille.fr\/chinois\/wp-json\/wp\/v2\/types\/page"}],"author":[{"embeddable":true,"href":"https:\/\/pedagogie.ac-lille.fr\/chinois\/wp-json\/wp\/v2\/users\/44"}],"replies":[{"embeddable":true,"href":"https:\/\/pedagogie.ac-lille.fr\/chinois\/wp-json\/wp\/v2\/comments?post=447"}],"version-history":[{"count":26,"href":"https:\/\/pedagogie.ac-lille.fr\/chinois\/wp-json\/wp\/v2\/pages\/447\/revisions"}],"predecessor-version":[{"id":6080,"href":"https:\/\/pedagogie.ac-lille.fr\/chinois\/wp-json\/wp\/v2\/pages\/447\/revisions\/6080"}],"up":[{"embeddable":true,"href":"https:\/\/pedagogie.ac-lille.fr\/chinois\/wp-json\/wp\/v2\/pages\/60"}],"wp:attachment":[{"href":"https:\/\/pedagogie.ac-lille.fr\/chinois\/wp-json\/wp\/v2\/media?parent=447"}],"curies":[{"name":"wp","href":"https:\/\/api.w.org\/{rel}","templated":true}]}}