{"id":449,"date":"2021-04-13T16:33:21","date_gmt":"2021-04-13T14:33:21","guid":{"rendered":"https:\/\/pedagogie.ac-lille.fr\/chinois\/?page_id=449"},"modified":"2023-08-22T11:29:52","modified_gmt":"2023-08-22T09:29:52","slug":"ressources-pedagogiques","status":"publish","type":"page","link":"https:\/\/pedagogie.ac-lille.fr\/chinois\/enseigner-se-former\/ressources-pedagogiques\/","title":{"rendered":"Ressources p\u00e9dagogiques"},"content":{"rendered":"\n<div class=\"wp-block-media-text alignwide is-stacked-on-mobile\" style=\"grid-template-columns:25% auto\"><figure class=\"wp-block-media-text__media\"><img loading=\"lazy\" decoding=\"async\" width=\"680\" height=\"385\" src=\"https:\/\/pedagogie.ac-lille.fr\/chinois\/wp-content\/uploads\/sites\/39\/2022\/03\/logo-Conseil_de_l_Europe_680x385.jpg\" alt=\"\" class=\"wp-image-3815 size-full\" srcset=\"https:\/\/pedagogie.ac-lille.fr\/chinois\/wp-content\/uploads\/sites\/39\/2022\/03\/logo-Conseil_de_l_Europe_680x385.jpg 680w, https:\/\/pedagogie.ac-lille.fr\/chinois\/wp-content\/uploads\/sites\/39\/2022\/03\/logo-Conseil_de_l_Europe_680x385-300x170.jpg 300w\" sizes=\"auto, (max-width: 680px) 100vw, 680px\" \/><\/figure><div class=\"wp-block-media-text__content\">\n<p class=\"has-medium-font-size\"><strong>Le Centre Europ\u00e9en pour les langues vivantes du Conseil de l\u2019Europe<\/strong> est une institution unique en son genre dont la mission est d&rsquo;encourager l&rsquo;excellence et l&rsquo;innovation dans l&rsquo;enseignement des langues et d&rsquo;aider les Europ\u00e9ens \u00e0 apprendre les langues de mani\u00e8re plus efficace. <\/p>\n\n\n\n<p><a rel=\"noreferrer noopener\" href=\"https:\/\/www.ecml.at\/Home\/tabid\/59\/language\/fr-FR\/Default.aspx\" target=\"_blank\">&gt; Consulter le site du CELV<\/a><\/p>\n<\/div><\/div>\n\n\n\n<div class=\"wp-block-media-text alignwide is-stacked-on-mobile\" style=\"grid-template-columns:25% auto\"><figure class=\"wp-block-media-text__media\"><img loading=\"lazy\" decoding=\"async\" width=\"429\" height=\"261\" src=\"https:\/\/pedagogie.ac-lille.fr\/chinois\/wp-content\/uploads\/sites\/39\/2022\/03\/logo-IFE.png\" alt=\"\" class=\"wp-image-3818 size-full\" srcset=\"https:\/\/pedagogie.ac-lille.fr\/chinois\/wp-content\/uploads\/sites\/39\/2022\/03\/logo-IFE.png 429w, https:\/\/pedagogie.ac-lille.fr\/chinois\/wp-content\/uploads\/sites\/39\/2022\/03\/logo-IFE-300x183.png 300w\" sizes=\"auto, (max-width: 429px) 100vw, 429px\" \/><\/figure><div class=\"wp-block-media-text__content\">\n<p class=\"has-medium-font-size\"><strong>L\u2019Institut fran\u00e7ais de l\u2019\u00c9ducation<\/strong> prend le relais de l\u2019Institut national de recherche p\u00e9dagogique dont il assure toutes les missions et toutes les obligations, \u00e0 l\u2019exception de la mission mus\u00e9ographique.<\/p>\n\n\n\n<p><a rel=\"noreferrer noopener\" href=\"http:\/\/ife.ens-lyon.fr\/ife\/institut\/presentation\" target=\"_blank\">&gt;<\/a><a rel=\"noreferrer noopener\" href=\"http:\/\/ife.ens-lyon.fr\/ife\/institut\/presentation\" target=\"_blank\"> <\/a><a rel=\"noreferrer noopener\" href=\"http:\/\/ife.ens-lyon.fr\/ife\/institut\/presentation\" target=\"_blank\">C<\/a><a rel=\"noreferrer noopener\" href=\"http:\/\/ife.ens-lyon.fr\/ife\/institut\/presentation\" target=\"_blank\">onsulter le site de l&rsquo;IFE<\/a><\/p>\n<\/div><\/div>\n\n\n\n<div class=\"wp-block-media-text alignwide is-stacked-on-mobile\" style=\"grid-template-columns:25% auto\"><figure class=\"wp-block-media-text__media\"><img loading=\"lazy\" decoding=\"async\" width=\"499\" height=\"122\" src=\"https:\/\/pedagogie.ac-lille.fr\/chinois\/wp-content\/uploads\/sites\/39\/2022\/03\/Logo-Eduscol.jpg\" alt=\"\" class=\"wp-image-3826 size-full\" srcset=\"https:\/\/pedagogie.ac-lille.fr\/chinois\/wp-content\/uploads\/sites\/39\/2022\/03\/Logo-Eduscol.jpg 499w, https:\/\/pedagogie.ac-lille.fr\/chinois\/wp-content\/uploads\/sites\/39\/2022\/03\/Logo-Eduscol-300x73.jpg 300w\" sizes=\"auto, (max-width: 499px) 100vw, 499px\" \/><\/figure><div class=\"wp-block-media-text__content\">\n<p class=\"has-medium-font-size\"><strong>Le site d&rsquo;Eduscol<\/strong> propose de voir des s\u00e9ances et les retours d&rsquo;exp\u00e9rience des enseignants.<\/p>\n\n\n\n<p><a rel=\"noreferrer noopener\" href=\"https:\/\/eduscol.education.fr\/90\/j-enseigne-au-cycle-4\" target=\"_blank\">&gt;<\/a><a rel=\"noreferrer noopener\" href=\"https:\/\/eduscol.education.fr\/90\/j-enseigne-au-cycle-4\" target=\"_blank\"> <\/a><a rel=\"noreferrer noopener\" href=\"https:\/\/eduscol.education.fr\/90\/j-enseigne-au-cycle-4\" target=\"_blank\"> <\/a><a rel=\"noreferrer noopener\" href=\"https:\/\/eduscol.education.fr\/90\/j-enseigne-au-cycle-4\" target=\"_blank\">C<\/a><a rel=\"noreferrer noopener\" href=\"https:\/\/eduscol.education.fr\/90\/j-enseigne-au-cycle-4\" target=\"_blank\">onsulter sur le site d&rsquo;Eduscol<\/a><\/p>\n<\/div><\/div>\n\n\n\n<p><\/p>\n\n\n\n<hr class=\"wp-block-separator has-alpha-channel-opacity\" \/>\n","protected":false},"excerpt":{"rendered":"<p>Le Centre Europ\u00e9en pour les langues vivantes du Conseil de l\u2019Europe est une institution unique en son genre dont la mission est d&rsquo;encourager l&rsquo;excellence et l&rsquo;innovation dans l&rsquo;enseignement des langues et d&rsquo;aider les Europ\u00e9ens \u00e0 apprendre les langues de mani\u00e8re plus efficace. &gt; Consulter le site du CELV L\u2019Institut fran\u00e7ais de l\u2019\u00c9ducation prend le relais [&hellip;]<\/p>\n","protected":false},"author":44,"featured_media":3815,"parent":60,"menu_order":0,"comment_status":"closed","ping_status":"closed","template":"","meta":{"footnotes":""},"class_list":["post-449","page","type-page","status-publish","has-post-thumbnail","czr-hentry"],"publishpress_future_action":{"enabled":false,"date":"2026-04-21 14:06:30","action":"change-status","newStatus":"draft","terms":[],"taxonomy":"","extraData":[]},"publishpress_future_workflow_manual_trigger":{"enabledWorkflows":[]},"_links":{"self":[{"href":"https:\/\/pedagogie.ac-lille.fr\/chinois\/wp-json\/wp\/v2\/pages\/449","targetHints":{"allow":["GET"]}}],"collection":[{"href":"https:\/\/pedagogie.ac-lille.fr\/chinois\/wp-json\/wp\/v2\/pages"}],"about":[{"href":"https:\/\/pedagogie.ac-lille.fr\/chinois\/wp-json\/wp\/v2\/types\/page"}],"author":[{"embeddable":true,"href":"https:\/\/pedagogie.ac-lille.fr\/chinois\/wp-json\/wp\/v2\/users\/44"}],"replies":[{"embeddable":true,"href":"https:\/\/pedagogie.ac-lille.fr\/chinois\/wp-json\/wp\/v2\/comments?post=449"}],"version-history":[{"count":59,"href":"https:\/\/pedagogie.ac-lille.fr\/chinois\/wp-json\/wp\/v2\/pages\/449\/revisions"}],"predecessor-version":[{"id":5536,"href":"https:\/\/pedagogie.ac-lille.fr\/chinois\/wp-json\/wp\/v2\/pages\/449\/revisions\/5536"}],"up":[{"embeddable":true,"href":"https:\/\/pedagogie.ac-lille.fr\/chinois\/wp-json\/wp\/v2\/pages\/60"}],"wp:featuredmedia":[{"embeddable":true,"href":"https:\/\/pedagogie.ac-lille.fr\/chinois\/wp-json\/wp\/v2\/media\/3815"}],"wp:attachment":[{"href":"https:\/\/pedagogie.ac-lille.fr\/chinois\/wp-json\/wp\/v2\/media?parent=449"}],"curies":[{"name":"wp","href":"https:\/\/api.w.org\/{rel}","templated":true}]}}