{"id":5982,"date":"2024-03-18T10:53:45","date_gmt":"2024-03-18T09:53:45","guid":{"rendered":"https:\/\/pedagogie.ac-lille.fr\/chinois\/?page_id=5982"},"modified":"2024-03-18T11:11:50","modified_gmt":"2024-03-18T10:11:50","slug":"lettres","status":"publish","type":"page","link":"https:\/\/pedagogie.ac-lille.fr\/chinois\/productions-deleves\/lettres\/","title":{"rendered":"Lettres"},"content":{"rendered":"\n<div class=\"wp-block-query is-layout-flow wp-block-query-is-layout-flow\"><ul class=\"columns-3 wp-block-post-template is-layout-grid wp-container-core-post-template-is-layout-6d3fbd8f wp-block-post-template-is-layout-grid\"><li class=\"wp-block-post post-5974 post type-post status-publish format-standard has-post-thumbnail category-actualites category-la-vie-dans-les-etablissements category-lettres category-productions-eleves czr-hentry\">\n<h2 class=\"wp-block-post-title has-medium-font-size\"><a href=\"https:\/\/pedagogie.ac-lille.fr\/chinois\/echange-entre-lecole-de-ille-a-rennes-et-leur-ecole-partenaire-de-jinan\/\" target=\"_self\" >Echange entre l\u2019\u00e9cole de Ille \u00e0 Rennes et leur \u00e9cole partenaire de Jinan<\/a><\/h2>\n\n<figure style=\"aspect-ratio:auto;\" class=\"wp-block-post-featured-image\"><img loading=\"lazy\" decoding=\"async\" width=\"1309\" height=\"732\" src=\"https:\/\/pedagogie.ac-lille.fr\/chinois\/wp-content\/uploads\/sites\/39\/2024\/03\/2024-02-20-AC-RENNE-Ecole-IIIe-\u4e09\u5e74\u7ea7\u5b66\u751f\u7684\u4fe1.png\" class=\"attachment-post-thumbnail size-post-thumbnail no-lazy wp-post-image\" alt=\"\" style=\"width:100%;height:100%;object-fit:cover;\" srcset=\"https:\/\/pedagogie.ac-lille.fr\/chinois\/wp-content\/uploads\/sites\/39\/2024\/03\/2024-02-20-AC-RENNE-Ecole-IIIe-\u4e09\u5e74\u7ea7\u5b66\u751f\u7684\u4fe1.png 1309w, https:\/\/pedagogie.ac-lille.fr\/chinois\/wp-content\/uploads\/sites\/39\/2024\/03\/2024-02-20-AC-RENNE-Ecole-IIIe-\u4e09\u5e74\u7ea7\u5b66\u751f\u7684\u4fe1-300x168.png 300w, https:\/\/pedagogie.ac-lille.fr\/chinois\/wp-content\/uploads\/sites\/39\/2024\/03\/2024-02-20-AC-RENNE-Ecole-IIIe-\u4e09\u5e74\u7ea7\u5b66\u751f\u7684\u4fe1-1024x573.png 1024w, https:\/\/pedagogie.ac-lille.fr\/chinois\/wp-content\/uploads\/sites\/39\/2024\/03\/2024-02-20-AC-RENNE-Ecole-IIIe-\u4e09\u5e74\u7ea7\u5b66\u751f\u7684\u4fe1-768x429.png 768w\" sizes=\"auto, (max-width: 1309px) 100vw, 1309px\" \/><\/figure>\n\n<div class=\"wp-block-post-date\"><time datetime=\"2024-02-20T10:39:00+01:00\">20 f\u00e9vrier 2024<\/time><\/div>\n<\/li><\/ul>\n\n\n\n<\/div>\n","protected":false},"excerpt":{"rendered":"","protected":false},"author":44,"featured_media":5980,"parent":1056,"menu_order":0,"comment_status":"closed","ping_status":"closed","template":"","meta":{"footnotes":""},"class_list":["post-5982","page","type-page","status-publish","has-post-thumbnail","czr-hentry"],"publishpress_future_action":{"enabled":false,"date":"2026-04-13 00:18:57","action":"change-status","newStatus":"draft","terms":[],"taxonomy":"","extraData":[]},"publishpress_future_workflow_manual_trigger":{"enabledWorkflows":[]},"_links":{"self":[{"href":"https:\/\/pedagogie.ac-lille.fr\/chinois\/wp-json\/wp\/v2\/pages\/5982","targetHints":{"allow":["GET"]}}],"collection":[{"href":"https:\/\/pedagogie.ac-lille.fr\/chinois\/wp-json\/wp\/v2\/pages"}],"about":[{"href":"https:\/\/pedagogie.ac-lille.fr\/chinois\/wp-json\/wp\/v2\/types\/page"}],"author":[{"embeddable":true,"href":"https:\/\/pedagogie.ac-lille.fr\/chinois\/wp-json\/wp\/v2\/users\/44"}],"replies":[{"embeddable":true,"href":"https:\/\/pedagogie.ac-lille.fr\/chinois\/wp-json\/wp\/v2\/comments?post=5982"}],"version-history":[{"count":6,"href":"https:\/\/pedagogie.ac-lille.fr\/chinois\/wp-json\/wp\/v2\/pages\/5982\/revisions"}],"predecessor-version":[{"id":5991,"href":"https:\/\/pedagogie.ac-lille.fr\/chinois\/wp-json\/wp\/v2\/pages\/5982\/revisions\/5991"}],"up":[{"embeddable":true,"href":"https:\/\/pedagogie.ac-lille.fr\/chinois\/wp-json\/wp\/v2\/pages\/1056"}],"wp:featuredmedia":[{"embeddable":true,"href":"https:\/\/pedagogie.ac-lille.fr\/chinois\/wp-json\/wp\/v2\/media\/5980"}],"wp:attachment":[{"href":"https:\/\/pedagogie.ac-lille.fr\/chinois\/wp-json\/wp\/v2\/media?parent=5982"}],"curies":[{"name":"wp","href":"https:\/\/api.w.org\/{rel}","templated":true}]}}