{"id":672,"date":"2021-04-15T15:40:24","date_gmt":"2021-04-15T13:40:24","guid":{"rendered":"https:\/\/pedagogie.ac-lille.fr\/chinois\/?page_id=672"},"modified":"2025-09-25T09:17:15","modified_gmt":"2025-09-25T07:17:15","slug":"annales-du-capes","status":"publish","type":"page","link":"https:\/\/pedagogie.ac-lille.fr\/chinois\/concours\/annales\/annales-du-capes\/","title":{"rendered":"Annales du CAPES de chinois"},"content":{"rendered":"\n<figure id=\"CAPES_EXTERNE\" class=\"wp-block-table is-style-stripes\"><table><thead><tr><th class=\"has-text-align-left\" data-align=\"left\"><strong>CAPES EXTERNE<\/strong> \/ <a href=\"#CAPES_INTERNE\">(consulter le CAPES interne)<\/a><\/th><\/tr><\/thead><tbody><tr><td class=\"has-text-align-left\" data-align=\"left\"><strong>Session 2025 <\/strong>&#8211; CAPES externe <br>&gt; <a href=\"https:\/\/pedagogie.ac-lille.fr\/chinois\/wp-content\/uploads\/sites\/39\/2024\/10\/capes-externe-section-langues-vivantes-chinois-2024-sujet-de-la-premiere-epreuve-ecrite.pdf\" target=\"_blank\" rel=\"noreferrer noopener\">Sujet de l&rsquo;\u00e9preuve \u00e9crite <\/a><a href=\"https:\/\/www.devenirenseignant.gouv.fr\/media\/16168\/download\" target=\"_blank\" rel=\"noreferrer noopener\">disciplinaire<\/a><br>&gt; <a href=\"https:\/\/www.devenirenseignant.gouv.fr\/media\/16171\/download\" target=\"_blank\" rel=\"noreferrer noopener\">Sujet de l\u2019\u00e9preuve \u00e9crite disciplinaire appliqu\u00e9e<\/a><br>&gt; <a href=\"https:\/\/www.devenirenseignant.gouv.fr\/media\/17653\/download\" target=\"_blank\" rel=\"noreferrer noopener\">Rapport du jury<\/a><\/td><\/tr><tr><td class=\"has-text-align-left\" data-align=\"left\"><strong>Session 202<\/strong>4 &#8211; CAPES externe <br>&gt; <a href=\"https:\/\/pedagogie.ac-lille.fr\/chinois\/wp-content\/uploads\/sites\/39\/2024\/10\/capes-externe-section-langues-vivantes-chinois-2024-sujet-de-la-premiere-epreuve-ecrite.pdf\" target=\"_blank\" rel=\"noreferrer noopener\">Sujet de l&rsquo;\u00e9preuve \u00e9crite disciplinaire<\/a><br>&gt; <a href=\"https:\/\/pedagogie.ac-lille.fr\/chinois\/wp-content\/uploads\/sites\/39\/2024\/10\/capes-externe-section-langues-vivantes-chinois-2024-sujet-de-la-deuxieme-epreuve-ecrite.pdf\" target=\"_blank\" rel=\"noreferrer noopener\">Sujet de l\u2019\u00e9preuve \u00e9crite disciplinaire appliqu\u00e9e<\/a><br>&gt; <a href=\"https:\/\/pedagogie.ac-lille.fr\/chinois\/wp-content\/uploads\/sites\/39\/2024\/10\/2024-07-12-RJ-CAPES-interne-CAER-CHINOIS.pdf\" target=\"_blank\" rel=\"noreferrer noopener\">Rapport du jury<\/a><\/td><\/tr><tr><td class=\"has-text-align-left\" data-align=\"left\"><strong>Session 2023<\/strong> &#8211; CAPES externe <br>&gt; <a rel=\"noreferrer noopener\" href=\"https:\/\/pedagogie.ac-lille.fr\/chinois\/wp-content\/uploads\/sites\/39\/2023\/08\/capes-externe-section-langues-vivantes-chinois-2023-sujet-composition.pdf\" target=\"_blank\">Sujet de la composition en chinois et traduction<\/a><br>&gt; <a rel=\"noreferrer noopener\" href=\"https:\/\/pedagogie.ac-lille.fr\/chinois\/wp-content\/uploads\/sites\/39\/2023\/08\/capes-externe-section-langues-vivantes-chinois-2023-sujet-analyse-construction-sequence.pdf\" target=\"_blank\">Sujet de l\u2019\u00e9preuve \u00e9crite disciplinaire appliqu\u00e9e<\/a><\/td><\/tr><tr><td class=\"has-text-align-left\" data-align=\"left\"> <strong>Session 2022<\/strong> &#8211; CAPES externe <br>&gt; <a rel=\"noreferrer noopener\" href=\"https:\/\/pedagogie.ac-lille.fr\/chinois\/wp-content\/uploads\/sites\/39\/2021\/11\/2022-sujet0_capes_externe_lve_chinois_epreuve-ecrite-disciplinaire.pdf\" target=\"_blank\">Exemple de sujet pour l\u2019\u00e9preuve \u00e9crite disciplinaire<\/a><br>&gt; <a rel=\"noreferrer noopener\" href=\"https:\/\/pedagogie.ac-lille.fr\/chinois\/wp-content\/uploads\/sites\/39\/2021\/11\/2022-sujet0_capes_externe_lve_chinois_Epreuve-Ecrite-Disciplinaire-Appliquee.pdf\" target=\"_blank\">Exemple de sujet pour l\u2019\u00e9preuve \u00e9crite disciplinaire appliqu\u00e9e<\/a><br>&gt; <a href=\"https:\/\/media.devenirenseignant.gouv.fr\/file\/capes_externe\/50\/8\/rj-2022-capes-externe-lve-chinois_1428508.pdf\" target=\"_blank\" rel=\"noreferrer noopener\">Rapport du jury<\/a><\/td><\/tr><tr><td class=\"has-text-align-left\" data-align=\"left\"><strong>Session 2021<\/strong> &#8211; CAPES externe<br>&gt; <a rel=\"noreferrer noopener\" href=\"https:\/\/media.devenirenseignant.gouv.fr\/file\/capes_externe\/71\/2\/s2021_capes_externe_lve_chinois_1_1394712.pdf\" target=\"_blank\" data-type=\"URL\" data-id=\"https:\/\/media.devenirenseignant.gouv.fr\/file\/capes_externe\/71\/2\/s2021_capes_externe_lve_chinois_1_1394712.pdf\">Sujet de la composition en chinois<\/a><br>&gt; <a rel=\"noreferrer noopener\" href=\"https:\/\/media.devenirenseignant.gouv.fr\/file\/capes_externe\/71\/4\/s2021_capes_externe_lve_chinois_2_1394714.pdf\" target=\"_blank\" data-type=\"URL\" data-id=\"https:\/\/media.devenirenseignant.gouv.fr\/file\/capes_externe\/71\/4\/s2021_capes_externe_lve_chinois_2_1394714.pdf\">Sujet de la traduction<\/a><br>&gt; <a rel=\"noreferrer noopener\" href=\"https:\/\/media.devenirenseignant.gouv.fr\/file\/capes_externe\/20\/1\/rj-2021-capes-externe-lve-chinois_1420201.pdf\" target=\"_blank\">Rapport du jury<\/a><\/td><\/tr><tr><td class=\"has-text-align-left\" data-align=\"left\"><strong>Session 2020<\/strong> &#8211; CAPES externe public et CAFEP-CAPES externe priv\u00e9<br>&gt; <a rel=\"noreferrer noopener\" href=\"https:\/\/media.devenirenseignant.gouv.fr\/file\/capes_externe\/07\/9\/s2020_capes_externe_lve_chinois_1_1306079.pdf\" target=\"_blank\" data-type=\"URL\" data-id=\"https:\/\/media.devenirenseignant.gouv.fr\/file\/capes_externe\/07\/9\/s2020_capes_externe_lve_chinois_1_1306079.pdf\">Sujet de la composition en chinois<\/a><br>&gt; <a rel=\"noreferrer noopener\" href=\"https:\/\/media.devenirenseignant.gouv.fr\/file\/capes_externe\/08\/1\/s2020_capes_externe_lve_chinois_2_1306081.pdf\" target=\"_blank\" data-type=\"URL\" data-id=\"https:\/\/media.devenirenseignant.gouv.fr\/file\/capes_externe\/08\/1\/s2020_capes_externe_lve_chinois_2_1306081.pdf\">Sujet de la traduction<\/a><br>&gt; <a rel=\"noreferrer noopener\" href=\"https:\/\/media.devenirenseignant.gouv.fr\/file\/externe\/81\/5\/rj-2020-CAPES-externe-lve-chinois_1360815.pdf\" target=\"_blank\" data-type=\"URL\" data-id=\"https:\/\/media.devenirenseignant.gouv.fr\/file\/externe\/81\/5\/rj-2020-CAPES-externe-lve-chinois_1360815.pdf\">Rapport du jury<\/a><\/td><\/tr><tr><td class=\"has-text-align-left\" data-align=\"left\"><strong>Session 2019<\/strong> &#8211; CAPES externe<br>&gt; <a rel=\"noreferrer noopener\" href=\"https:\/\/media.devenirenseignant.gouv.fr\/file\/capes_externe\/89\/5\/s2019_capes_externe_lve_chinois_1_1102895.pdf\" target=\"_blank\" data-type=\"URL\" data-id=\"https:\/\/media.devenirenseignant.gouv.fr\/file\/capes_externe\/89\/5\/s2019_capes_externe_lve_chinois_1_1102895.pdf\">Sujet de la composition en chinois<\/a><br>&gt; <a rel=\"noreferrer noopener\" href=\"https:\/\/media.devenirenseignant.gouv.fr\/file\/capes_externe\/89\/6\/s2019_capes_externe_lve_chinois_2_1102896.pdf\" target=\"_blank\" data-type=\"URL\" data-id=\"https:\/\/media.devenirenseignant.gouv.fr\/file\/capes_externe\/89\/6\/s2019_capes_externe_lve_chinois_2_1102896.pdf\">Sujet de la traduction<\/a><br>&gt; <a rel=\"noreferrer noopener\" href=\"https:\/\/media.devenirenseignant.gouv.fr\/file\/externe\/36\/5\/rj-2019-capes-externe-chinois_1188365.pdf\" target=\"_blank\" data-type=\"URL\" data-id=\"https:\/\/media.devenirenseignant.gouv.fr\/file\/externe\/36\/5\/rj-2019-capes-externe-chinois_1188365.pdf\">Rapport du jury<\/a><\/td><\/tr><tr><td class=\"has-text-align-left\" data-align=\"left\"><strong>Session 2018<\/strong> &#8211; CAPES externe<br>&gt; <a rel=\"noreferrer noopener\" href=\"https:\/\/media.devenirenseignant.gouv.fr\/file\/capes_externe\/89\/5\/s2019_capes_externe_lve_chinois_1_1102895.pdf\" target=\"_blank\">Sujet de la composition en chinois<\/a><br>&gt; <a rel=\"noreferrer noopener\" href=\"https:\/\/media.devenirenseignant.gouv.fr\/file\/capes_externe\/89\/6\/s2019_capes_externe_lve_chinois_2_1102896.pdf\" target=\"_blank\">Sujet de la traduction<\/a><br>&gt; <a rel=\"noreferrer noopener\" href=\"https:\/\/media.devenirenseignant.gouv.fr\/file\/externe\/36\/5\/rj-2019-capes-externe-chinois_1188365.pdf\" target=\"_blank\">Rapport du jury<\/a><\/td><\/tr><tr><td class=\"has-text-align-left\" data-align=\"left\"><strong>Session 2017<\/strong> &#8211; CAPES externe<br>&gt; <a rel=\"noreferrer noopener\" href=\"https:\/\/media.devenirenseignant.gouv.fr\/file\/capes_externe\/89\/5\/s2019_capes_externe_lve_chinois_1_1102895.pdf\" target=\"_blank\">Sujet de la composition en <\/a><a rel=\"noreferrer noopener\" href=\"https:\/\/media.devenirenseignant.gouv.fr\/file\/capes_externe\/54\/5\/s2017_capes_externe_lve_chinois_1_745545.pdf\" target=\"_blank\">chinois<\/a><br>&gt; <a rel=\"noreferrer noopener\" href=\"https:\/\/media.devenirenseignant.gouv.fr\/file\/capes_externe\/89\/6\/s2019_capes_externe_lve_chinois_2_1102896.pdf\" target=\"_blank\">Sujet de la <\/a><a rel=\"noreferrer noopener\" href=\"https:\/\/media.devenirenseignant.gouv.fr\/file\/capes_externe\/69\/8\/s2017_capes_externe_lve_chinois_2_745698.pdf\" data-type=\"URL\" data-id=\"https:\/\/media.devenirenseignant.gouv.fr\/file\/capes_externe\/69\/8\/s2017_capes_externe_lve_chinois_2_745698.pdf\" target=\"_blank\">traduction<\/a><br>&gt; <a rel=\"noreferrer noopener\" href=\"https:\/\/media.devenirenseignant.gouv.fr\/file\/ext\/45\/6\/rj-2017-capes-externe-chinois_868456.pdf\" data-type=\"URL\" data-id=\"https:\/\/media.devenirenseignant.gouv.fr\/file\/ext\/45\/6\/rj-2017-capes-externe-chinois_868456.pdf\" target=\"_blank\">Rapport du jury<\/a><\/td><\/tr><tr><td class=\"has-text-align-left\" data-align=\"left\"><strong>Session 2016<\/strong> &#8211; CAPES\/CAFEP externe <br>&gt; <a rel=\"noreferrer noopener\" href=\"http:\/\/cache.media.education.gouv.fr\/file\/capes_externe\/98\/1\/s2016_capes_externe_lve_chinois_1_558981.pdf\" data-type=\"URL\" data-id=\"http:\/\/cache.media.education.gouv.fr\/file\/capes_externe\/98\/1\/s2016_capes_externe_lve_chinois_1_558981.pdf\" target=\"_blank\">Sujet de la composition en chinois<\/a><br>&gt; <a rel=\"noreferrer noopener\" href=\"http:\/\/cache.media.education.gouv.fr\/file\/capes_externe\/56\/6\/s2016_capes_externe_lve_chinois_2_560566.pdf\" data-type=\"URL\" data-id=\"http:\/\/cache.media.education.gouv.fr\/file\/capes_externe\/56\/6\/s2016_capes_externe_lve_chinois_2_560566.pdf\" target=\"_blank\">Sujet de la traduction<\/a><br>&gt; <a rel=\"noreferrer noopener\" href=\"https:\/\/media.devenirenseignant.gouv.fr\/file\/externe\/48\/9\/rj-2016-capes-externe-chinois_655489.pdf\" data-type=\"URL\" data-id=\"https:\/\/media.devenirenseignant.gouv.fr\/file\/externe\/48\/9\/rj-2016-capes-externe-chinois_655489.pdf\" target=\"_blank\">Rapport du jury<\/a><\/td><\/tr><tr><td class=\"has-text-align-left\" data-align=\"left\"><strong>Session 2015<\/strong> &#8211; CAPES\/CAFEP externe<br>&gt; <a rel=\"noreferrer noopener\" href=\"https:\/\/pedagogie.ac-lille.fr\/chinois\/wp-content\/uploads\/sites\/39\/2021\/06\/2015_capes_externe_lve_chinois_EBE-CHI1.pdf\" target=\"_blank\">Sujet de la composition en chinois<\/a><br>&gt; <a rel=\"noreferrer noopener\" href=\"https:\/\/pedagogie.ac-lille.fr\/chinois\/wp-content\/uploads\/sites\/39\/2021\/06\/2015_capes_externe_lve_chinois_EBE-CHI2.pdf\" target=\"_blank\">Sujet de la traduction<\/a><br>&gt; <a rel=\"noreferrer noopener\" href=\"https:\/\/pedagogie.ac-lille.fr\/chinois\/wp-content\/uploads\/sites\/39\/2021\/06\/Rapport-jury-capes-ext-2015.pdf\" target=\"_blank\">Rapport du jury<\/a><\/td><\/tr><tr><td class=\"has-text-align-left\" data-align=\"left\"><strong>Session 2014<\/strong> &#8211; CAPES externe r\u00e9nov\u00e9<br>&gt; <a rel=\"noreferrer noopener\" href=\"https:\/\/pedagogie.ac-lille.fr\/chinois\/wp-content\/uploads\/sites\/39\/2021\/06\/2014_capes_ext_lve_chinois_EBE-CHI1.pdf\" target=\"_blank\">Sujet de la composition en chinois<\/a><br>&gt; <a rel=\"noreferrer noopener\" href=\"https:\/\/pedagogie.ac-lille.fr\/chinois\/wp-content\/uploads\/sites\/39\/2021\/06\/2014_capes_ext_lve_chinois_EBE-CHI2.pdf\" target=\"_blank\">Sujet de la traduction<\/a><br>&gt; Rapport du jury<\/td><\/tr><tr><td class=\"has-text-align-left\" data-align=\"left\"><strong>Session 2013<\/strong> &#8211; CAPES\/CAFEP externe<br>&gt; <a rel=\"noreferrer noopener\" href=\"https:\/\/pedagogie.ac-lille.fr\/chinois\/wp-content\/uploads\/sites\/39\/2021\/06\/2013_capes_ext_lve_chinois_EBE-CHI1.pdf\" target=\"_blank\">Sujet du commentaire dirig\u00e9 en chinois<\/a><br>&gt; <a rel=\"noreferrer noopener\" href=\"https:\/\/pedagogie.ac-lille.fr\/chinois\/wp-content\/uploads\/sites\/39\/2021\/06\/2013_capes_ext_lve_chinois_EBE-CHI2.pdf\" target=\"_blank\">Sujet de la traduction<\/a><br>&gt; <a rel=\"noreferrer noopener\" href=\"https:\/\/pedagogie.ac-lille.fr\/chinois\/wp-content\/uploads\/sites\/39\/2021\/06\/Rapport-jury-capes-ext-2013.pdf\" target=\"_blank\">Rapport du jury<\/a><\/td><\/tr><tr><td class=\"has-text-align-left\" data-align=\"left\"><strong>Session 2011<\/strong> &#8211; CAPES externe<br>&gt; <a rel=\"noreferrer noopener\" href=\"https:\/\/pedagogie.ac-lille.fr\/chinois\/wp-content\/uploads\/sites\/39\/2021\/06\/Rapport-jury-capes-ext-2011.pdf\" target=\"_blank\">Sujet et rapport du jury<\/a><\/td><\/tr><tr><td class=\"has-text-align-left\" data-align=\"left\"><strong>Session 2010<\/strong><br>&gt; Sujet et rapport du jury non disponible<\/td><\/tr><tr><td class=\"has-text-align-left\" data-align=\"left\"><strong>Session 2009<\/strong> &#8211; CAPES\/CAFEP externe<br>&gt; <a rel=\"noreferrer noopener\" href=\"https:\/\/pedagogie.ac-lille.fr\/chinois\/wp-content\/uploads\/sites\/39\/2021\/06\/Rapport-jury-capes-ext-2009.pdf\" target=\"_blank\">Sujet et rapport du jury<\/a><\/td><\/tr><tr><td class=\"has-text-align-left\" data-align=\"left\"><strong>Session 2008<\/strong> &#8211; CAPES externe<br>&gt;<a rel=\"noreferrer noopener\" href=\"https:\/\/pedagogie.ac-lille.fr\/chinois\/wp-content\/uploads\/sites\/39\/2021\/06\/Rapport-jury-capes-ext-2008.pdf\" target=\"_blank\">Sujet et rapport du jury<\/a><\/td><\/tr><tr><td class=\"has-text-align-left\" data-align=\"left\"><strong>Session 2007<\/strong> &#8211; CAPES externe<br>&gt; <a rel=\"noreferrer noopener\" href=\"https:\/\/pedagogie.ac-lille.fr\/chinois\/wp-content\/uploads\/sites\/39\/2021\/06\/Rapport-jury-capes-ext-2007.pdf\" target=\"_blank\">Sujet et rapport du jury<\/a><\/td><\/tr><tr><td class=\"has-text-align-left\" data-align=\"left\"><strong>Session 2006<\/strong> &#8211; CAPES externe<br>&gt; <a rel=\"noreferrer noopener\" href=\"https:\/\/pedagogie.ac-lille.fr\/chinois\/wp-content\/uploads\/sites\/39\/2021\/06\/Rapport-jury-capes-ext-2006.pdf\" target=\"_blank\">Sujet et rapport du jury<\/a><\/td><\/tr><tr><td class=\"has-text-align-left\" data-align=\"left\"><strong>Session 2005<\/strong> &#8211; CAPES externe<br>&gt; <a rel=\"noreferrer noopener\" href=\"https:\/\/pedagogie.ac-lille.fr\/chinois\/wp-content\/uploads\/sites\/39\/2021\/06\/Rapport-jury-capes-ext-2005.pdf\" target=\"_blank\">Sujet et rapport du jury<\/a><\/td><\/tr><tr><td class=\"has-text-align-left\" data-align=\"left\"><strong>Session 2004<\/strong> &#8211; CAPES externe<br>&gt; <a rel=\"noreferrer noopener\" href=\"https:\/\/pedagogie.ac-lille.fr\/chinois\/wp-content\/uploads\/sites\/39\/2021\/06\/Rapport-jury-capes-ext-2004.pdf\" target=\"_blank\">Sujet et rapport du jury<\/a><\/td><\/tr><\/tbody><\/table><\/figure>\n\n\n\n<figure id=\"CAPES_INTERNE\" class=\"wp-block-table is-style-stripes\"><table><thead><tr><th class=\"has-text-align-left\" data-align=\"left\">CAPES INTERNE <a href=\"#CAPES_EXTERNE\" data-type=\"internal\" data-id=\"#CAPES_EXTERNE\">(consulter le CAPES externe)<\/a><\/th><\/tr><\/thead><tbody><tr><td class=\"has-text-align-left\" data-align=\"left\"><strong>Session 2025<\/strong> &#8211; CAPES interne<br><a href=\"https:\/\/www.devenirenseignant.gouv.fr\/media\/17694\/download\" target=\"_blank\" rel=\"noreferrer noopener\">Rapport du jury<\/a><\/td><\/tr><tr><td class=\"has-text-align-left\" data-align=\"left\"><strong>Session 2024<\/strong> &#8211; CAPES interne<br><a href=\"https:\/\/pedagogie.ac-lille.fr\/chinois\/wp-content\/uploads\/sites\/39\/2023\/08\/capes-interne-section-langues-vivantes-chinois-2023-rapport-du-jury.pdf\" target=\"_blank\" rel=\"noreferrer noopener\">Rapport <\/a><a href=\"https:\/\/www.devenirenseignant.gouv.fr\/media\/14278\/download\" target=\"_blank\" rel=\"noreferrer noopener\">du jury<\/a><\/td><\/tr><tr><td class=\"has-text-align-left\" data-align=\"left\"><strong>Session 2023<\/strong> &#8211; CAPES interne<br><a href=\"https:\/\/pedagogie.ac-lille.fr\/chinois\/wp-content\/uploads\/sites\/39\/2023\/08\/capes-interne-section-langues-vivantes-chinois-2023-rapport-du-jury.pdf\" target=\"_blank\" rel=\"noreferrer noopener\">Rapport du jury<\/a><\/td><\/tr><tr><td class=\"has-text-align-left\" data-align=\"left\">Session 2022 &#8211; CAPES interne<br><a href=\"https:\/\/pedagogie.ac-lille.fr\/chinois\/wp-content\/uploads\/sites\/39\/2023\/08\/capes-interne-section-langues-vivantes-chinois-rapport-du-jury-2022.pdf\" target=\"_blank\" rel=\"noreferrer noopener\">Rapport du jury<\/a><\/td><\/tr><tr><td class=\"has-text-align-left\" data-align=\"left\"> <strong>Session 2021<\/strong> &#8211; CAPES interne<br><a href=\"https:\/\/media.devenirenseignant.gouv.fr\/file\/capes_interne\/82\/2\/rj-2021-capes-interne-lve-chinois_1418822.pdf\" data-type=\"URL\" target=\"_blank\" rel=\"noreferrer noopener\">Rapport du jury<\/a> <\/td><\/tr><tr><td class=\"has-text-align-left\" data-align=\"left\"><strong>Session 2020<\/strong> &#8211; CAPES interne<br><a rel=\"noreferrer noopener\" href=\"https:\/\/media.devenirenseignant.gouv.fr\/file\/interne\/45\/5\/rj-2020-CAPES-interne-lve-chinois_1359455.pdf\" target=\"_blank\" data-type=\"URL\" data-id=\"https:\/\/media.devenirenseignant.gouv.fr\/file\/interne\/45\/5\/rj-2020-CAPES-interne-lve-chinois_1359455.pdf\">Rapport du jury<\/a><\/td><\/tr><tr><td class=\"has-text-align-left\" data-align=\"left\"><strong>Session 2019<\/strong> &#8211; CAPES interne et CAER-CAPES<br><a rel=\"noreferrer noopener\" href=\"https:\/\/media.devenirenseignant.gouv.fr\/file\/interne\/38\/2\/rj-2019-capes-interne-lve-chinois_1188382.pdf\" target=\"_blank\" data-type=\"URL\" data-id=\"https:\/\/media.devenirenseignant.gouv.fr\/file\/interne\/38\/2\/rj-2019-capes-interne-lve-chinois_1188382.pdf\">Rapport du jury<\/a><\/td><\/tr><tr><td class=\"has-text-align-left\" data-align=\"left\"><strong>Session 2018<\/strong> &#8211; CAPES interne<br><a rel=\"noreferrer noopener\" href=\"https:\/\/media.devenirenseignant.gouv.fr\/file\/interne\/03\/5\/rj-2018-capes-interne-chinois_1022035.pdf\" target=\"_blank\" data-type=\"URL\" data-id=\"https:\/\/media.devenirenseignant.gouv.fr\/file\/interne\/03\/5\/rj-2018-capes-interne-chinois_1022035.pdf\">Rapport du jury<\/a><\/td><\/tr><tr><td class=\"has-text-align-left\" data-align=\"left\"><strong>Session 2016<\/strong> &#8211; CAPES interne<br><a rel=\"noreferrer noopener\" href=\"https:\/\/media.devenirenseignant.gouv.fr\/file\/interne\/13\/7\/RJ-2016-CAPES_INTERNE_CHINOIS_638137.pdf\" target=\"_blank\" data-type=\"URL\" data-id=\"https:\/\/media.devenirenseignant.gouv.fr\/file\/interne\/13\/7\/RJ-2016-CAPES_INTERNE_CHINOIS_638137.pdf\">Rapport du jury<\/a><\/td><\/tr><tr><td class=\"has-text-align-left\" data-align=\"left\"><strong>Session 2012<\/strong><br>Rapport du jury non disponible<\/td><\/tr><tr><td class=\"has-text-align-left\" data-align=\"left\"><strong>Session 2011<\/strong> <br>Rapport du jury non disponible<\/td><\/tr><tr><td class=\"has-text-align-left\" data-align=\"left\"><strong>Session 2010<\/strong><br>Rapport du jury non disponible<\/td><\/tr><tr><td class=\"has-text-align-left\" data-align=\"left\"><strong>Session 2009<\/strong><br>Rapport du jury non disponible<\/td><\/tr><\/tbody><tfoot><tr><td class=\"has-text-align-left\" data-align=\"left\">R\u00e9f\u00e9rences : devenirenseignant.fr<\/td><\/tr><\/tfoot><\/table><\/figure>\n\n\n\n<p><a href=\"#CAPES_EXTERNE\" data-type=\"internal\" data-id=\"#CAPES_EXTERNE\">Retour en haut<\/a><\/p>\n","protected":false},"excerpt":{"rendered":"<p>CAPES EXTERNE \/ (consulter le CAPES interne) Session 2025 &#8211; CAPES externe &gt; Sujet de l&rsquo;\u00e9preuve \u00e9crite disciplinaire&gt; Sujet de l\u2019\u00e9preuve \u00e9crite disciplinaire appliqu\u00e9e&gt; Rapport du jury Session 2024 &#8211; CAPES externe &gt; Sujet de l&rsquo;\u00e9preuve \u00e9crite disciplinaire&gt; Sujet de l\u2019\u00e9preuve \u00e9crite disciplinaire appliqu\u00e9e&gt; Rapport du jury Session 2023 &#8211; CAPES externe &gt; Sujet de [&hellip;]<\/p>\n","protected":false},"author":44,"featured_media":0,"parent":2497,"menu_order":0,"comment_status":"closed","ping_status":"closed","template":"","meta":{"footnotes":""},"class_list":["post-672","page","type-page","status-publish","czr-hentry"],"publishpress_future_action":{"enabled":false,"date":"2026-04-11 16:03:38","action":"change-status","newStatus":"draft","terms":[],"taxonomy":"","extraData":[]},"publishpress_future_workflow_manual_trigger":{"enabledWorkflows":[]},"_links":{"self":[{"href":"https:\/\/pedagogie.ac-lille.fr\/chinois\/wp-json\/wp\/v2\/pages\/672","targetHints":{"allow":["GET"]}}],"collection":[{"href":"https:\/\/pedagogie.ac-lille.fr\/chinois\/wp-json\/wp\/v2\/pages"}],"about":[{"href":"https:\/\/pedagogie.ac-lille.fr\/chinois\/wp-json\/wp\/v2\/types\/page"}],"author":[{"embeddable":true,"href":"https:\/\/pedagogie.ac-lille.fr\/chinois\/wp-json\/wp\/v2\/users\/44"}],"replies":[{"embeddable":true,"href":"https:\/\/pedagogie.ac-lille.fr\/chinois\/wp-json\/wp\/v2\/comments?post=672"}],"version-history":[{"count":129,"href":"https:\/\/pedagogie.ac-lille.fr\/chinois\/wp-json\/wp\/v2\/pages\/672\/revisions"}],"predecessor-version":[{"id":6700,"href":"https:\/\/pedagogie.ac-lille.fr\/chinois\/wp-json\/wp\/v2\/pages\/672\/revisions\/6700"}],"up":[{"embeddable":true,"href":"https:\/\/pedagogie.ac-lille.fr\/chinois\/wp-json\/wp\/v2\/pages\/2497"}],"wp:attachment":[{"href":"https:\/\/pedagogie.ac-lille.fr\/chinois\/wp-json\/wp\/v2\/media?parent=672"}],"curies":[{"name":"wp","href":"https:\/\/api.w.org\/{rel}","templated":true}]}}