{"id":674,"date":"2021-04-15T15:40:53","date_gmt":"2021-04-15T13:40:53","guid":{"rendered":"https:\/\/pedagogie.ac-lille.fr\/chinois\/?page_id=674"},"modified":"2025-04-18T17:58:34","modified_gmt":"2025-04-18T15:58:34","slug":"annales-de-lagregation","status":"publish","type":"page","link":"https:\/\/pedagogie.ac-lille.fr\/chinois\/concours\/annales\/annales-de-lagregation\/","title":{"rendered":"Annales de l&rsquo;agr\u00e9gation"},"content":{"rendered":"\n<figure id=\"AGREG_EXTERNE\" class=\"wp-block-table is-style-stripes\"><table><thead><tr><th class=\"has-text-align-left\" data-align=\"left\">AGREGATION EXTERNE  (consulter l&rsquo;agr\u00e9gation: <a href=\"#AGREG_INTERNE\" data-type=\"internal\" data-id=\"#AGREG_INTERNE\">INTERNE<\/a>)<\/th><\/tr><\/thead><tbody><tr><td class=\"has-text-align-left\" data-align=\"left\"><strong>Session 2024<\/strong>&nbsp;\u2013 Agr\u00e9gation externe<br>&gt; <a href=\"https:\/\/pedagogie.ac-lille.fr\/chinois\/wp-content\/uploads\/sites\/39\/2024\/10\/agregation-externe-chinois-2024-rapport-de-jury.pdf\" target=\"_blank\" rel=\"noreferrer noopener\">Rapport du jury<\/a><\/td><\/tr><tr><td class=\"has-text-align-left\" data-align=\"left\"><strong>Session 2023<\/strong>&nbsp;\u2013 Agr\u00e9gation externe<br>&gt; <a href=\"https:\/\/pedagogie.ac-lille.fr\/chinois\/wp-content\/uploads\/sites\/39\/2023\/09\/2023_agreg_externe_lve_chinois-sujet-1-dissertation-en-francais.pdf\" data-type=\"link\" data-id=\"https:\/\/pedagogie.ac-lille.fr\/chinois\/wp-content\/uploads\/sites\/39\/2023\/09\/2023_agreg_externe_lve_chinois-sujet-1ere-dissertation-4637.pdf\" target=\"_blank\" rel=\"noreferrer noopener\">Sujet 1 : dissertation<\/a><br>&gt; <a href=\"https:\/\/pedagogie.ac-lille.fr\/chinois\/wp-content\/uploads\/sites\/39\/2023\/09\/2023_agreg_externe_lve_chinois-sujet-2-commentaire-de-texte-en-chinois.pdf\" data-type=\"link\" data-id=\"https:\/\/pedagogie.ac-lille.fr\/chinois\/wp-content\/uploads\/sites\/39\/2023\/09\/2023_agreg_externe_lve_chinois-sujet-2-commentaire-de-texte-en-chinois.pdf\" target=\"_blank\" rel=\"noreferrer noopener\">Sujet 2 : commentaire de texte en chinois<\/a><br>&gt; <a href=\"https:\/\/pedagogie.ac-lille.fr\/chinois\/wp-content\/uploads\/sites\/39\/2023\/09\/2023_agreg_externe_lve_chinois-sujet-3-linguistique-en-francais.pdf\" data-type=\"link\" data-id=\"https:\/\/pedagogie.ac-lille.fr\/chinois\/wp-content\/uploads\/sites\/39\/2023\/09\/2023_agreg_externe_lve_chinois-sujet-3-linguistique-en-francais.pdf\" target=\"_blank\" rel=\"noreferrer noopener\">Sujet 3 : \u00e9preuve de linguistique en fran\u00e7ais<\/a><br>&gt; <a href=\"https:\/\/pedagogie.ac-lille.fr\/chinois\/wp-content\/uploads\/sites\/39\/2023\/09\/2023_agreg_externe_lve_chinois-sujet-4e-themeversion.pdf\" data-type=\"link\" data-id=\"https:\/\/pedagogie.ac-lille.fr\/chinois\/wp-content\/uploads\/sites\/39\/2023\/09\/2023_agreg_externe_lve_chinois-sujet-4e-themeversion.pdf\" target=\"_blank\" rel=\"noreferrer noopener\">Sujet 4 : th\u00e8me et version<\/a><br>&gt; <a href=\"https:\/\/pedagogie.ac-lille.fr\/chinois\/wp-content\/uploads\/sites\/39\/2023\/09\/2023_agreg_externe_lve_chinois-rapport-du-jury.pdf\" data-type=\"link\" data-id=\"https:\/\/pedagogie.ac-lille.fr\/chinois\/wp-content\/uploads\/sites\/39\/2023\/09\/2023_agreg_externe_lve_chinois-rapport-du-jury-10698.pdf\" target=\"_blank\" rel=\"noreferrer noopener\">Rapport du jury<\/a><\/td><\/tr><tr><td class=\"has-text-align-left\" data-align=\"left\"><strong>Session 2021<\/strong>&nbsp;\u2013 Agr\u00e9gation externe<br>&gt; <a rel=\"noreferrer noopener\" href=\"https:\/\/media.devenirenseignant.gouv.fr\/file\/agregation_externe\/82\/4\/s2021_agreg_externe_lve_chinois_1_1387824.pdf\" data-type=\"URL\" data-id=\"https:\/\/media.devenirenseignant.gouv.fr\/file\/agregation_externe\/82\/4\/s2021_agreg_externe_lve_chinois_1_1387824.pdf\" target=\"_blank\">Sujet de la dissertation en fran\u00e7ais<\/a><br>&gt; <a rel=\"noreferrer noopener\" href=\"https:\/\/media.devenirenseignant.gouv.fr\/file\/agregation_externe\/82\/6\/s2021_agreg_externe_lve_chinois_2_1387826.pdf\" data-type=\"URL\" target=\"_blank\">Sujet du commentaire de texte en chinois<\/a><br>&gt; <a rel=\"noreferrer noopener\" href=\"https:\/\/media.devenirenseignant.gouv.fr\/file\/agregation_externe\/82\/8\/s2021_agreg_externe_lve_chinois_3_1387828.pdf\" data-type=\"URL\" target=\"_blank\">Sujet de l&rsquo;\u00e9preuve de linguistique en fran\u00e7ais<\/a><br>&gt; <a rel=\"noreferrer noopener\" href=\"https:\/\/media.devenirenseignant.gouv.fr\/file\/agregation_externe\/83\/0\/s2021_agreg_externe_lve_chinois_4_1387830.pdf\" data-type=\"URL\" target=\"_blank\">Sujet de l&rsquo;\u00e9preuve de traduction (th\u00e8me et version)<\/a><br>&gt; <a rel=\"noreferrer noopener\" href=\"https:\/\/media.devenirenseignant.gouv.fr\/file\/agregation_externe\/84\/3\/rj-2021-agregation-externe-lve-chinois_1418843.pdf\" target=\"_blank\">Rapport du jury<\/a><\/td><\/tr><tr><td class=\"has-text-align-left\" data-align=\"left\"><strong>Session 2020<\/strong>&nbsp;\u2013 Agr\u00e9gation externe<br>&gt; <a rel=\"noreferrer noopener\" href=\"https:\/\/media.devenirenseignant.gouv.fr\/file\/capes_externe\/07\/9\/s2020_capes_externe_lve_chinois_1_1306079.pdf\" target=\"_blank\">Sujet de la dissertation en fran\u00e7ais<\/a><br>&gt; <a rel=\"noreferrer noopener\" href=\"https:\/\/media.devenirenseignant.gouv.fr\/file\/capes_externe\/08\/1\/s2020_capes_externe_lve_chinois_2_1306081.pdf\" target=\"_blank\">Sujet du commentaire de texte en chinois<\/a><br>&gt; <a rel=\"noreferrer noopener\" href=\"https:\/\/media.devenirenseignant.gouv.fr\/file\/agregation_externe\/35\/5\/s2020_agreg_externe_lve_chinois_3_1254355.pdf\" data-type=\"URL\" data-id=\"https:\/\/media.devenirenseignant.gouv.fr\/file\/agregation_externe\/35\/5\/s2020_agreg_externe_lve_chinois_3_1254355.pdf\" target=\"_blank\">Sujet de l&rsquo;\u00e9preuve de linguistique en fran\u00e7ais<\/a><br>&gt; <a rel=\"noreferrer noopener\" href=\"https:\/\/media.devenirenseignant.gouv.fr\/file\/agregation_externe\/35\/8\/s2020_agreg_externe_lve_chinois_4_1254358.pdf\" data-type=\"URL\" data-id=\"https:\/\/media.devenirenseignant.gouv.fr\/file\/agregation_externe\/35\/8\/s2020_agreg_externe_lve_chinois_4_1254358.pdf\" target=\"_blank\">Sujet de l&rsquo;\u00e9preuve de traduction (th\u00e8me et version)<\/a><br>&gt; <a rel=\"noreferrer noopener\" href=\"https:\/\/media.devenirenseignant.gouv.fr\/file\/externe\/98\/3\/rj-2020-agregation-externe-lve-chinois_1359983.pdf\" target=\"_blank\" data-type=\"URL\" data-id=\"https:\/\/media.devenirenseignant.gouv.fr\/file\/externe\/98\/3\/rj-2020-agregation-externe-lve-chinois_1359983.pdf\">Rapport du jury<\/a><\/td><\/tr><tr><td class=\"has-text-align-left\" data-align=\"left\"><strong>Session 2017<\/strong>&nbsp;\u2013 Agr\u00e9gation externe<br>&gt; <a rel=\"noreferrer noopener\" href=\"https:\/\/media.devenirenseignant.gouv.fr\/file\/agreg_externe\/54\/0\/s2017_agreg_externe_lve_chinois_1_730540.pdf\" data-type=\"URL\" data-id=\"https:\/\/media.devenirenseignant.gouv.fr\/file\/agreg_externe\/54\/0\/s2017_agreg_externe_lve_chinois_1_730540.pdf\" target=\"_blank\">Sujet de la dissertation en fran\u00e7ais<\/a><br>&gt; <a rel=\"noreferrer noopener\" href=\"https:\/\/media.devenirenseignant.gouv.fr\/file\/agreg_externe\/54\/1\/s2017_agreg_externe_lve_chinois_2_730541.pdf\" data-type=\"URL\" data-id=\"https:\/\/media.devenirenseignant.gouv.fr\/file\/agreg_externe\/54\/1\/s2017_agreg_externe_lve_chinois_2_730541.pdf\" target=\"_blank\">Sujet du commentaire de texte en chinois<\/a><br>&gt; <a rel=\"noreferrer noopener\" href=\"https:\/\/media.devenirenseignant.gouv.fr\/file\/agreg_externe\/54\/2\/s2017_agreg_externe_lve_chinois_3_730542.pdf\" data-type=\"URL\" data-id=\"https:\/\/media.devenirenseignant.gouv.fr\/file\/agreg_externe\/54\/2\/s2017_agreg_externe_lve_chinois_3_730542.pdf\" target=\"_blank\">Sujet de l&rsquo;\u00e9preuve de linguistique en fran\u00e7ais<\/a><br>&gt; <a rel=\"noreferrer noopener\" href=\"https:\/\/media.devenirenseignant.gouv.fr\/file\/agreg_externe\/54\/3\/s2017_agreg_externe_lve_chinois_4_730543.pdf\" data-type=\"URL\" data-id=\"https:\/\/media.devenirenseignant.gouv.fr\/file\/agreg_externe\/54\/3\/s2017_agreg_externe_lve_chinois_4_730543.pdf\" target=\"_blank\">Sujet de l&rsquo;\u00e9preuve de traduction (th\u00e8me et version)<\/a><br>&gt; Rapport du jury non disponible<\/td><\/tr><tr><td class=\"has-text-align-left\" data-align=\"left\"><strong>Session 2016<\/strong>&nbsp;\u2013 Agr\u00e9gation externe<br>&gt; <a rel=\"noreferrer noopener\" href=\"http:\/\/cache.media.education.gouv.fr\/file\/agregation_externe\/49\/3\/s2016_agreg_externe_lve_chinois_1_548493.pdf\" data-type=\"URL\" data-id=\"http:\/\/cache.media.education.gouv.fr\/file\/agregation_externe\/49\/3\/s2016_agreg_externe_lve_chinois_1_548493.pdf\" target=\"_blank\">Sujet de la dissertation en fran\u00e7ais<\/a><br>&gt; <a rel=\"noreferrer noopener\" href=\"http:\/\/cache.media.education.gouv.fr\/file\/agregation_externe\/49\/4\/s2016_agreg_externe_lve_chinois_2_548494.pdf\" data-type=\"URL\" data-id=\"http:\/\/cache.media.education.gouv.fr\/file\/agregation_externe\/49\/4\/s2016_agreg_externe_lve_chinois_2_548494.pdf\" target=\"_blank\">Sujet du commentaire de texte en chinois<\/a><br>&gt; <a rel=\"noreferrer noopener\" href=\"http:\/\/cache.media.education.gouv.fr\/file\/agregation_externe\/49\/5\/s2016_agreg_externe_lve_chinois_3_548495.pdf\" data-type=\"URL\" data-id=\"http:\/\/cache.media.education.gouv.fr\/file\/agregation_externe\/49\/5\/s2016_agreg_externe_lve_chinois_3_548495.pdf\" target=\"_blank\">Sujet de l&rsquo;\u00e9preuve de linguistique en fran\u00e7ais<\/a><br>&gt; <a rel=\"noreferrer noopener\" href=\"http:\/\/cache.media.education.gouv.fr\/file\/agregation_externe\/81\/0\/s2016_agreg_externe_lve_chinois_4_548810.pdf\" data-type=\"URL\" data-id=\"http:\/\/cache.media.education.gouv.fr\/file\/agregation_externe\/81\/0\/s2016_agreg_externe_lve_chinois_4_548810.pdf\" target=\"_blank\">Sujet de l&rsquo;\u00e9preuve de traduction (th\u00e8me et version)<\/a><br>&gt; <a rel=\"noreferrer noopener\" href=\"https:\/\/media.devenirenseignant.gouv.fr\/file\/externe\/15\/6\/rj-2016-agreg-externe-chinois_656156.pdf\" data-type=\"URL\" data-id=\"https:\/\/media.devenirenseignant.gouv.fr\/file\/externe\/15\/6\/rj-2016-agreg-externe-chinois_656156.pdf\" target=\"_blank\">Rapport du jury<\/a><\/td><\/tr><tr><td class=\"has-text-align-left\" data-align=\"left\"><strong>Session 2015<\/strong>&nbsp;\u2013 Agr\u00e9gation externe<br>&gt; Sujet de la dissertation en fran\u00e7ais<br>&gt; Sujet du commentaire de texte en chinois<br>&gt; Sujet de l&rsquo;\u00e9preuve de linguistique en fran\u00e7ais<br>&gt; Sujet de l&rsquo;\u00e9preuve de traduction (th\u00e8me et version)<br>&gt; Rapport du jury non disponible<\/td><\/tr><tr><td class=\"has-text-align-left\" data-align=\"left\"><strong>Session 2014<\/strong>&nbsp;\u2013 Agr\u00e9gation externe<br>&gt; Sujet de la dissertation en fran\u00e7ais<br>&gt; Sujet du commentaire de texte en chinois<br>&gt; Sujet de l&rsquo;\u00e9preuve de linguistique en fran\u00e7ais<br>&gt; Sujet de l&rsquo;\u00e9preuve de traduction (th\u00e8me et version)<br>&gt; Rapport du jury<\/td><\/tr><tr><td class=\"has-text-align-left\" data-align=\"left\"><strong>Session 2011<\/strong>&nbsp;\u2013 Agr\u00e9gation externe<br>&gt; Sujet de la dissertation en fran\u00e7ais<br>&gt; Sujet du commentaire de texte en chinois<br>&gt; Sujet de l&rsquo;\u00e9preuve de linguistique en fran\u00e7ais<br>&gt; Sujet de l&rsquo;\u00e9preuve de traduction (th\u00e8me et version)<br>&gt; Rapport du jury<\/td><\/tr><tr><td class=\"has-text-align-left\" data-align=\"left\"><strong>Session 2010<\/strong>&nbsp;\u2013 Agr\u00e9gation externe<br>&gt; <a href=\"https:\/\/pedagogie.ac-lille.fr\/chinois\/wp-content\/uploads\/sites\/39\/2023\/02\/2010_agreg_externe_rapport_jury-chinois.pdf\" target=\"_blank\" rel=\"noreferrer noopener\">Rapport de jury<\/a><\/td><\/tr><tr><td class=\"has-text-align-left\" data-align=\"left\"><strong>Session 2009<\/strong>&nbsp;\u2013 Agr\u00e9gation externe<br>&gt; Sujet de la dissertation en fran\u00e7ais<br>&gt; Sujet du commentaire de texte en chinois<br>&gt; Sujet de l&rsquo;\u00e9preuve de linguistique en fran\u00e7ais<br>&gt; Sujet de l&rsquo;\u00e9preuve de traduction (th\u00e8me et version)<br>&gt; Rapport du jury<\/td><\/tr><\/tbody><\/table><\/figure>\n\n\n\n<figure id=\"AGREG_INTERNE\" class=\"wp-block-table is-style-stripes\"><table><thead><tr><th class=\"has-text-align-left\" data-align=\"left\">AGREGATION INTERNE \/ (consulter l&rsquo;agr\u00e9gation : <a href=\"#AGREG_EXTERNE\" data-type=\"internal\" data-id=\"#AGREG_EXTERNE\">EXTERNE<\/a>)<\/th><\/tr><\/thead><tbody><tr><td class=\"has-text-align-left\" data-align=\"left\"><strong>Session 2024<\/strong>&nbsp;\u2013 Agr\u00e9gation interne<br>&gt; <a href=\"http:\/\/pedagogie.ac-lille.fr\/chinois\/wp-content\/uploads\/sites\/39\/2025\/04\/2024-agregation-interne-chinois-rapport-du-jury.pdf\" data-type=\"URL\" data-id=\"https:\/\/media.devenirenseignant.gouv.fr\/file\/int\/49\/6\/rj-2019-agregation-interne-lve-chinois_1198496.pdf\" target=\"_blank\" rel=\"noreferrer noopener\">Rapport du jury<\/a><\/td><\/tr><tr><td class=\"has-text-align-left\" data-align=\"left\"><strong>Session 2022<\/strong>\u00a0\u2013 Agr\u00e9gation interne<br>&gt; <a href=\"https:\/\/pedagogie.ac-lille.fr\/chinois\/wp-content\/uploads\/sites\/39\/2022\/02\/2022_agreg_interne_lve_chinois_1_1424210.pdf\" target=\"_blank\" rel=\"noreferrer noopener\">Sujet de composition en langue \u00e9trang\u00e8re<\/a><br>&gt; <a href=\"https:\/\/pedagogie.ac-lille.fr\/chinois\/wp-content\/uploads\/sites\/39\/2022\/02\/2022_agreg_interne_lve_chinois_2_1424212.pdf\" target=\"_blank\" rel=\"noreferrer noopener\">Sujet de traduction et explication de texte<\/a><br>&gt; <a href=\"http:\/\/pedagogie.ac-lille.fr\/chinois\/wp-content\/uploads\/sites\/39\/2025\/04\/2022-agregation-interne-chinois-rapport-du-jury.pdf\" data-type=\"URL\" data-id=\"https:\/\/media.devenirenseignant.gouv.fr\/file\/int\/49\/6\/rj-2019-agregation-interne-lve-chinois_1198496.pdf\" target=\"_blank\" rel=\"noreferrer noopener\">Rapport du jury<\/a><\/td><\/tr><tr><td class=\"has-text-align-left\" data-align=\"left\"><strong>Session 2019<\/strong>&nbsp;\u2013 Agr\u00e9gation interne<br>&gt; <a rel=\"noreferrer noopener\" href=\"https:\/\/media.devenirenseignant.gouv.fr\/file\/agregation_externe\/65\/9\/s2019_agreg_interne_lve_chinois_1_1067659.pdf\" target=\"_blank\" data-type=\"URL\" data-id=\"https:\/\/media.devenirenseignant.gouv.fr\/file\/agregation_externe\/65\/9\/s2019_agreg_interne_lve_chinois_1_1067659.pdf\">Sujet de la composition en chinois<\/a><br>&gt; <a rel=\"noreferrer noopener\" href=\"https:\/\/media.devenirenseignant.gouv.fr\/file\/agregation_externe\/66\/1\/s2019_agreg_interne_lve_chinois_2_1067661.pdf\" data-type=\"URL\" data-id=\"https:\/\/media.devenirenseignant.gouv.fr\/file\/agregation_externe\/66\/1\/s2019_agreg_interne_lve_chinois_2_1067661.pdf\" target=\"_blank\">Sujet de la traduction<\/a><br>&gt; <a rel=\"noreferrer noopener\" href=\"https:\/\/media.devenirenseignant.gouv.fr\/file\/int\/49\/6\/rj-2019-agregation-interne-lve-chinois_1198496.pdf\" data-type=\"URL\" data-id=\"https:\/\/media.devenirenseignant.gouv.fr\/file\/int\/49\/6\/rj-2019-agregation-interne-lve-chinois_1198496.pdf\" target=\"_blank\">Rapport du jury<\/a><\/td><\/tr><tr><td class=\"has-text-align-left\" data-align=\"left\"><strong>Session 2018<\/strong>&nbsp;\u2013 Agr\u00e9gation interne<br>&gt; <a rel=\"noreferrer noopener\" href=\"https:\/\/media.devenirenseignant.gouv.fr\/file\/agregation_interne\/15\/6\/s2018_agreg_interne_lve_chinois_1_887156.pdf\" data-type=\"URL\" data-id=\"https:\/\/media.devenirenseignant.gouv.fr\/file\/agregation_interne\/15\/6\/s2018_agreg_interne_lve_chinois_1_887156.pdf\" target=\"_blank\">Sujet de la composition en chinois<\/a><br>&gt; <a rel=\"noreferrer noopener\" href=\"https:\/\/media.devenirenseignant.gouv.fr\/file\/agregation_interne\/15\/8\/s2018_agreg_interne_lve_chinois_2_887158.pdf\" data-type=\"URL\" data-id=\"https:\/\/media.devenirenseignant.gouv.fr\/file\/agregation_interne\/15\/8\/s2018_agreg_interne_lve_chinois_2_887158.pdf\" target=\"_blank\">Sujet de la traduction<\/a><br>&gt; <a rel=\"noreferrer noopener\" href=\"https:\/\/media.devenirenseignant.gouv.fr\/file\/interne\/77\/0\/RJ-2018-agregation-interne-chinois_1010770.pdf\" data-type=\"URL\" data-id=\"https:\/\/media.devenirenseignant.gouv.fr\/file\/interne\/77\/0\/RJ-2018-agregation-interne-chinois_1010770.pdf\" target=\"_blank\">Rapport du jury<\/a><\/td><\/tr><tr><td class=\"has-text-align-left\" data-align=\"left\"><strong>Session 2017<\/strong>&nbsp;\u2013 Agr\u00e9gation interne<br>&gt; <a rel=\"noreferrer noopener\" href=\"https:\/\/media.devenirenseignant.gouv.fr\/file\/agreg_interne\/55\/0\/s2017_agreg_interne_lve_chinois_1_705550.pdf\" data-type=\"URL\" data-id=\"https:\/\/media.devenirenseignant.gouv.fr\/file\/agreg_interne\/55\/0\/s2017_agreg_interne_lve_chinois_1_705550.pdf\" target=\"_blank\">Sujet de la composition en chinois<\/a><br>&gt; <a rel=\"noreferrer noopener\" href=\"https:\/\/media.devenirenseignant.gouv.fr\/file\/agreg_interne\/55\/1\/s2017_agreg_interne_lve_chinois_2_705551.pdf\" data-type=\"URL\" data-id=\"https:\/\/media.devenirenseignant.gouv.fr\/file\/agreg_interne\/55\/1\/s2017_agreg_interne_lve_chinois_2_705551.pdf\" target=\"_blank\">Sujet de la traduction<\/a><br>&gt; <a rel=\"noreferrer noopener\" href=\"https:\/\/media.devenirenseignant.gouv.fr\/file\/int\/11\/3\/RJ_2017_Agreg_interne_Chinois.doc_837113.pdf\" data-type=\"URL\" data-id=\"https:\/\/media.devenirenseignant.gouv.fr\/file\/int\/11\/3\/RJ_2017_Agreg_interne_Chinois.doc_837113.pdf\" target=\"_blank\">Rapport du jury<\/a><\/td><\/tr><\/tbody><\/table><\/figure>\n\n\n\n<p><a href=\"#AGREG_EXTERNE\" data-type=\"internal\" data-id=\"#AGREG_EXTERNE\">Retour en haut<\/a><\/p>\n","protected":false},"excerpt":{"rendered":"<p>AGREGATION EXTERNE (consulter l&rsquo;agr\u00e9gation: INTERNE) Session 2024&nbsp;\u2013 Agr\u00e9gation externe&gt; Rapport du jury Session 2023&nbsp;\u2013 Agr\u00e9gation externe&gt; Sujet 1 : dissertation&gt; Sujet 2 : commentaire de texte en chinois&gt; Sujet 3 : \u00e9preuve de linguistique en fran\u00e7ais&gt; Sujet 4 : th\u00e8me et version&gt; Rapport du jury Session 2021&nbsp;\u2013 Agr\u00e9gation externe&gt; Sujet de la dissertation en fran\u00e7ais&gt; [&hellip;]<\/p>\n","protected":false},"author":44,"featured_media":0,"parent":2497,"menu_order":0,"comment_status":"closed","ping_status":"closed","template":"","meta":{"footnotes":""},"class_list":["post-674","page","type-page","status-publish","czr-hentry"],"publishpress_future_action":{"enabled":false,"date":"2026-04-11 16:03:50","action":"change-status","newStatus":"draft","terms":[],"taxonomy":"","extraData":[]},"publishpress_future_workflow_manual_trigger":{"enabledWorkflows":[]},"_links":{"self":[{"href":"https:\/\/pedagogie.ac-lille.fr\/chinois\/wp-json\/wp\/v2\/pages\/674","targetHints":{"allow":["GET"]}}],"collection":[{"href":"https:\/\/pedagogie.ac-lille.fr\/chinois\/wp-json\/wp\/v2\/pages"}],"about":[{"href":"https:\/\/pedagogie.ac-lille.fr\/chinois\/wp-json\/wp\/v2\/types\/page"}],"author":[{"embeddable":true,"href":"https:\/\/pedagogie.ac-lille.fr\/chinois\/wp-json\/wp\/v2\/users\/44"}],"replies":[{"embeddable":true,"href":"https:\/\/pedagogie.ac-lille.fr\/chinois\/wp-json\/wp\/v2\/comments?post=674"}],"version-history":[{"count":47,"href":"https:\/\/pedagogie.ac-lille.fr\/chinois\/wp-json\/wp\/v2\/pages\/674\/revisions"}],"predecessor-version":[{"id":6444,"href":"https:\/\/pedagogie.ac-lille.fr\/chinois\/wp-json\/wp\/v2\/pages\/674\/revisions\/6444"}],"up":[{"embeddable":true,"href":"https:\/\/pedagogie.ac-lille.fr\/chinois\/wp-json\/wp\/v2\/pages\/2497"}],"wp:attachment":[{"href":"https:\/\/pedagogie.ac-lille.fr\/chinois\/wp-json\/wp\/v2\/media?parent=674"}],"curies":[{"name":"wp","href":"https:\/\/api.w.org\/{rel}","templated":true}]}}