{"id":1103,"date":"2023-08-28T19:48:09","date_gmt":"2023-08-28T17:48:09","guid":{"rendered":"https:\/\/pedagogie.ac-lille.fr\/ecogestion\/?page_id=1103"},"modified":"2024-04-24T14:32:42","modified_gmt":"2024-04-24T12:32:42","slug":"video-du-pnf-gtla","status":"publish","type":"page","link":"https:\/\/pedagogie.ac-lille.fr\/ecogestion\/video-du-pnf-gtla\/","title":{"rendered":"PNF BTS GTLA"},"content":{"rendered":"\n<p class=\"has-medium-font-size\"><strong>Documents<\/strong><\/p>\n\n\n\n<div class=\"wp-block-columns is-layout-flex wp-container-core-columns-is-layout-28f84493 wp-block-columns-is-layout-flex\">\n<div class=\"wp-block-column has-light-green-cyan-background-color has-background is-layout-flow wp-block-column-is-layout-flow\">\n<p class=\"has-text-align-center\"><strong><a href=\"https:\/\/nuage02.apps.education.fr\/index.php\/s\/aEKZTFZfjDypcbS\">BTS GTLA Bloc 1<\/a><\/strong><\/p>\n<\/div>\n\n\n\n<div class=\"wp-block-column has-luminous-vivid-orange-background-color has-background is-layout-flow wp-block-column-is-layout-flow\">\n<p class=\"has-text-align-center\"><strong><a href=\"https:\/\/nuage02.apps.education.fr\/index.php\/s\/YTik9tbPAoqgQxr\">BTS GTLA Bloc 2<\/a><\/strong><\/p>\n<\/div>\n\n\n\n<div class=\"wp-block-column has-cyan-bluish-gray-background-color has-background is-layout-flow wp-block-column-is-layout-flow\">\n<p class=\"has-text-align-center\"><strong><a href=\"https:\/\/nuage02.apps.education.fr\/index.php\/s\/G7T5KWDkyGMwAwf\">BTS GTLA Bloc 3<\/a><\/strong><\/p>\n<\/div>\n<\/div>\n\n\n\n<div class=\"wp-block-columns is-layout-flex wp-container-core-columns-is-layout-28f84493 wp-block-columns-is-layout-flex\">\n<div class=\"wp-block-column has-light-green-cyan-background-color has-background is-layout-flow wp-block-column-is-layout-flow\">\n<p class=\"has-text-align-center\"><strong><a href=\"https:\/\/nuage02.apps.education.fr\/index.php\/s\/XwECEJPe3njLRFs\">BTS GTLA Bloc 4<\/a><\/strong><\/p>\n<\/div>\n\n\n\n<div class=\"wp-block-column has-luminous-vivid-orange-background-color has-background is-layout-flow wp-block-column-is-layout-flow\">\n<p class=\"has-text-align-center\"><strong><a href=\"https:\/\/nuage02.apps.education.fr\/index.php\/s\/xRjnBJaX5nKjt66\">BTS GTLA Bloc 8 CEJM appl<\/a><\/strong><\/p>\n<\/div>\n\n\n\n<div class=\"wp-block-column has-cyan-bluish-gray-background-color has-background is-layout-flow wp-block-column-is-layout-flow\">\n<p class=\"has-text-align-center\"><strong><a href=\"https:\/\/nuage02.apps.education.fr\/index.php\/s\/Bj7XWtFkmTBgYmE\">BTS GTLA Tableau synth\u00e8se <\/a><\/strong><\/p>\n<\/div>\n<\/div>\n\n\n\n<p class=\"has-medium-font-size\"><strong>Vid\u00e9o <\/strong><\/p>\n\n\n\n<div class=\"wp-block-columns is-layout-flex wp-container-core-columns-is-layout-28f84493 wp-block-columns-is-layout-flex\">\n<div class=\"wp-block-column has-light-green-cyan-background-color has-background is-layout-flow wp-block-column-is-layout-flow\">\n<p class=\"has-text-align-center\"><strong><a href=\"https:\/\/tube-sciences-technologies.apps.education.fr\/videos\/embed\/0df662d0-5580-470c-a34f-4af4f7324111\" target=\"_blank\" rel=\"noreferrer noopener\">Ouverture et pr\u00e9sentation <\/a><\/strong><\/p>\n<\/div>\n\n\n\n<div class=\"wp-block-column has-luminous-vivid-orange-background-color has-background is-layout-flow wp-block-column-is-layout-flow\">\n<p class=\"has-text-align-center\"><a href=\"https:\/\/tube-sciences-technologies.apps.education.fr\/videos\/embed\/88410ba4-15c5-4ac4-acd1-7bee17f1c958\"><strong>Bloc <\/strong>1<\/a><\/p>\n<\/div>\n\n\n\n<div class=\"wp-block-column has-cyan-bluish-gray-background-color has-background is-layout-flow wp-block-column-is-layout-flow\">\n<p class=\"has-text-align-center\"><a href=\"https:\/\/tube-sciences-technologies.apps.education.fr\/videos\/embed\/86c67292-93c0-4260-a92f-6ea1b705caaa\"><strong>Bloc <\/strong>2<\/a><\/p>\n<\/div>\n<\/div>\n\n\n\n<div class=\"wp-block-columns is-layout-flex wp-container-core-columns-is-layout-28f84493 wp-block-columns-is-layout-flex\">\n<div class=\"wp-block-column has-light-green-cyan-background-color has-background is-layout-flow wp-block-column-is-layout-flow\">\n<p class=\"has-text-align-center\"><a href=\"https:\/\/tube-sciences-technologies.apps.education.fr\/videos\/embed\/330453c5-fa4d-4c73-9479-674818e3ca2f\"><strong>Bloc <\/strong>3<\/a><\/p>\n<\/div>\n\n\n\n<div class=\"wp-block-column has-luminous-vivid-orange-background-color has-background is-layout-flow wp-block-column-is-layout-flow\">\n<p class=\"has-text-align-center\"><a href=\"https:\/\/tube-sciences-technologies.apps.education.fr\/videos\/embed\/4ff09102-4684-4347-a882-94d779a58bf3\"><strong>Bloc <\/strong>4<\/a><\/p>\n<\/div>\n\n\n\n<div class=\"wp-block-column has-cyan-bluish-gray-background-color has-background is-layout-flow wp-block-column-is-layout-flow\">\n<p class=\"has-text-align-center\"><strong><a href=\"https:\/\/tube-sciences-technologies.apps.education.fr\/videos\/embed\/3b825fd2-da9f-4b7c-b750-17988a52b6f0\">Module compl\u00e9mentaire<\/a><\/strong><\/p>\n<\/div>\n<\/div>\n\n\n\n<p class=\"has-text-align-center has-light-green-cyan-background-color has-background\"><a href=\"https:\/\/tube-sciences-technologies.apps.education.fr\/videos\/embed\/94b015f6-506b-4ae1-a827-f9bfe6c201e0\"><strong>\u00a0Bloc 8 &#8211; CEJM et CEJM appliqu\u00e9e<\/strong><\/a><\/p>\n","protected":false},"excerpt":{"rendered":"<p>Documents BTS GTLA Bloc 1 BTS GTLA Bloc 2 BTS GTLA Bloc 3 BTS GTLA Bloc 4 BTS GTLA Bloc 8 CEJM appl BTS GTLA Tableau synth\u00e8se Vid\u00e9o Ouverture et pr\u00e9sentation Bloc 1 Bloc 2 Bloc 3 Bloc 4 Module compl\u00e9mentaire \u00a0Bloc 8 &#8211; CEJM et CEJM appliqu\u00e9e<\/p>\n","protected":false},"author":134,"featured_media":0,"parent":0,"menu_order":0,"comment_status":"closed","ping_status":"closed","template":"","meta":{"_acf_changed":false,"ngg_post_thumbnail":0,"footnotes":""},"class_list":["post-1103","page","type-page","status-publish","czr-hentry"],"featured_image_src":null,"acf":[],"publishpress_future_action":{"enabled":false,"date":"2026-04-14 09:18:57","action":"change-status","newStatus":"draft","terms":[],"taxonomy":"","extraData":[]},"publishpress_future_workflow_manual_trigger":{"enabledWorkflows":[]},"_links":{"self":[{"href":"https:\/\/pedagogie.ac-lille.fr\/ecogestion\/wp-json\/wp\/v2\/pages\/1103","targetHints":{"allow":["GET"]}}],"collection":[{"href":"https:\/\/pedagogie.ac-lille.fr\/ecogestion\/wp-json\/wp\/v2\/pages"}],"about":[{"href":"https:\/\/pedagogie.ac-lille.fr\/ecogestion\/wp-json\/wp\/v2\/types\/page"}],"author":[{"embeddable":true,"href":"https:\/\/pedagogie.ac-lille.fr\/ecogestion\/wp-json\/wp\/v2\/users\/134"}],"replies":[{"embeddable":true,"href":"https:\/\/pedagogie.ac-lille.fr\/ecogestion\/wp-json\/wp\/v2\/comments?post=1103"}],"version-history":[{"count":32,"href":"https:\/\/pedagogie.ac-lille.fr\/ecogestion\/wp-json\/wp\/v2\/pages\/1103\/revisions"}],"predecessor-version":[{"id":2398,"href":"https:\/\/pedagogie.ac-lille.fr\/ecogestion\/wp-json\/wp\/v2\/pages\/1103\/revisions\/2398"}],"wp:attachment":[{"href":"https:\/\/pedagogie.ac-lille.fr\/ecogestion\/wp-json\/wp\/v2\/media?parent=1103"}],"curies":[{"name":"wp","href":"https:\/\/api.w.org\/{rel}","templated":true}]}}