{"id":1106,"date":"2023-08-28T19:48:09","date_gmt":"2023-08-28T17:48:09","guid":{"rendered":"https:\/\/pedagogie.ac-lille.fr\/ecogestion\/?page_id=1106"},"modified":"2024-09-03T11:50:52","modified_gmt":"2024-09-03T09:50:52","slug":"sujets-dexamen","status":"publish","type":"page","link":"https:\/\/pedagogie.ac-lille.fr\/ecogestion\/sujets-dexamen\/","title":{"rendered":"Sujets d\u2019examen BTS GTLA"},"content":{"rendered":"\n<h2 class=\"wp-block-heading has-text-align-center has-black-color has-text-color has-link-color wp-elements-43b4324412bf6f20431000023a3b664d\"><strong>Session 2021<\/strong><\/h2>\n\n\n\n<p class=\"has-medium-font-size\" style=\"font-style:italic;font-weight:100\">Les sujets sont en acc\u00e8s libre mais l&rsquo;acc\u00e8s aux corrig\u00e9s est r\u00e9serv\u00e9 aux professeurs poss\u00e9dant une adresse acad\u00e9mique et apr\u00e8s approbation du compte par les webmestres du site acad\u00e9mique.<\/p>\n\n\n\n<p>Remarque importante ! Si vous rencontrez un message de type \u00ab\u00a0votre connexion n&rsquo;est pas priv\u00e9e&#8230;\u00a0\u00bb poursuivez n\u00e9anmoins le t\u00e9l\u00e9chargement<\/p>\n\n\n\n<figure id=\"2021_E51_GTLA\" class=\"wp-block-table is-style-stripes has-medium-font-size\"><table class=\"has-black-color has-cyan-bluish-gray-background-color has-text-color has-background has-link-color\"><thead><tr><th class=\"has-text-align-center\" data-align=\"center\">Titre <\/th><th class=\"has-text-align-center\" data-align=\"center\">sujets<\/th><th class=\"has-text-align-center\" data-align=\"center\">corrig\u00e9s<\/th><\/tr><\/thead><tbody><tr><td class=\"has-text-align-center\" data-align=\"center\">E51<\/td><td class=\"has-text-align-center\" data-align=\"center\"><a href=\"https:\/\/pedagogie.ac-lille.fr\/ecogestion\/wp-content\/uploads\/sites\/53\/2024\/04\/BTS_GTLA_2021_E51_CAD_SHIPPING_Sujet.pdf\"><img decoding=\"async\" class=\"wp-image-2437\" style=\"width: 80px\" src=\"https:\/\/pedagogie.ac-lille.fr\/ecogestion\/wp-content\/uploads\/sites\/53\/2024\/05\/pdf-2127829_1280.png\" alt=\"\"><\/a><\/td><td class=\"has-text-align-center\" data-align=\"center\"><a href=\"https:\/\/pedagogie.ac-lille.fr\/ecogestion\/corriges-epreuves-bts\/#2021_E51_GTLA\" target=\"_blank\" rel=\"noreferrer noopener\"><img decoding=\"async\" class=\"wp-image-2437\" style=\"width: 80px\" src=\"https:\/\/pedagogie.ac-lille.fr\/ecogestion\/wp-content\/uploads\/sites\/53\/2024\/05\/pdf-2127829_1280.png\" alt=\"\"><\/a><\/td><\/tr><tr><td class=\"has-text-align-center\" data-align=\"center\">E52<\/td><td class=\"has-text-align-center\" data-align=\"center\"><a href=\"https:\/\/pedagogie.ac-lille.fr\/ecogestion\/wp-content\/uploads\/sites\/53\/2024\/04\/BTS_GTLA_2021_E52_CHERDAS_Sujet.pdf\"><img loading=\"lazy\" decoding=\"async\" width=\"80\" height=\"80\" class=\"wp-image-2437\" style=\"width: 80px\" src=\"https:\/\/pedagogie.ac-lille.fr\/ecogestion\/wp-content\/uploads\/sites\/53\/2024\/05\/pdf-2127829_1280-e1715169306267.png\" alt=\"\"><\/a><\/td><td class=\"has-text-align-center\" data-align=\"center\"><a href=\"https:\/\/pedagogie.ac-lille.fr\/ecogestion\/corriges-epreuves-bts#CAS_CHERDAS\"><img loading=\"lazy\" decoding=\"async\" width=\"80\" height=\"80\" class=\"wp-image-2437\" style=\"width: 80px\" src=\"https:\/\/pedagogie.ac-lille.fr\/ecogestion\/wp-content\/uploads\/sites\/53\/2024\/05\/pdf-2127829_1280-e1715169306267.png\" alt=\"\"><\/a><\/td><\/tr><\/tbody><\/table><\/figure>\n\n\n\n<h2 class=\"wp-block-heading has-text-align-center has-black-color has-text-color has-link-color wp-elements-73a91744c4a11f91ba47fad7935ccb6b\"><strong>Session 2022<\/strong><\/h2>\n\n\n\n<p class=\"has-medium-font-size\" style=\"font-style:italic;font-weight:100\">Les sujets sont en acc\u00e8s libre mais l&rsquo;acc\u00e8s aux corrig\u00e9s est r\u00e9serv\u00e9 aux professeurs poss\u00e9dant une adresse acad\u00e9mique et apr\u00e8s approbation du compte par les webmestres du site acad\u00e9mique.<\/p>\n\n\n\n<p>Remarque importante ! Si vous rencontrez un message de type \u00ab\u00a0votre connexion n&rsquo;est pas priv\u00e9e&#8230;\u00a0\u00bb poursuivez n\u00e9anmoins le t\u00e9l\u00e9chargement<\/p>\n\n\n\n<figure class=\"wp-block-table is-style-stripes has-medium-font-size\"><table class=\"has-black-color has-cyan-bluish-gray-background-color has-text-color has-background has-link-color\"><thead><tr><th class=\"has-text-align-center\" data-align=\"center\">Titre <\/th><th class=\"has-text-align-center\" data-align=\"center\">sujets<\/th><th class=\"has-text-align-center\" data-align=\"center\">corrig\u00e9s<\/th><\/tr><\/thead><tbody><tr><td class=\"has-text-align-center\" data-align=\"center\">E51<\/td><td class=\"has-text-align-center\" data-align=\"center\"><a href=\"https:\/\/pedagogie.ac-lille.fr\/ecogestion\/wp-content\/uploads\/sites\/53\/2024\/04\/BTS_GTLA_2022_E51_CAD_SHIPPING_Sujet_ULYSSE_CHAUMEL.pdf\"><img decoding=\"async\" class=\"wp-image-2437\" style=\"width: 80px\" src=\"https:\/\/pedagogie.ac-lille.fr\/ecogestion\/wp-content\/uploads\/sites\/53\/2024\/05\/pdf-2127829_1280.png\" alt=\"\"><\/a><\/td><td class=\"has-text-align-center\" data-align=\"center\"><img decoding=\"async\" class=\"wp-image-2437\" style=\"width: 80px\" src=\"https:\/\/pedagogie.ac-lille.fr\/ecogestion\/wp-content\/uploads\/sites\/53\/2024\/05\/pdf-2127829_1280.png\" alt=\"\"><\/td><\/tr><tr><td class=\"has-text-align-center\" data-align=\"center\">E52<\/td><td class=\"has-text-align-center\" data-align=\"center\"><a href=\"https:\/\/pedagogie.ac-lille.fr\/ecogestion\/wp-content\/uploads\/sites\/53\/2024\/04\/BTS_GTLA_2022_E52_CAD_SHIPPING_Sujet_OVERMAR.pdf\"><img loading=\"lazy\" decoding=\"async\" width=\"80\" height=\"80\" class=\"wp-image-2437\" style=\"width: 80px\" src=\"https:\/\/pedagogie.ac-lille.fr\/ecogestion\/wp-content\/uploads\/sites\/53\/2024\/05\/pdf-2127829_1280-e1715169306267.png\" alt=\"\"><\/a><\/td><td class=\"has-text-align-center\" data-align=\"center\"><a href=\"https:\/\/pedagogie.ac-lille.fr\/ecogestion\/corriges-epreuves-bts#CAS_NTIX\"><img loading=\"lazy\" decoding=\"async\" width=\"80\" height=\"80\" class=\"wp-image-2437\" style=\"width: 80px\" src=\"https:\/\/pedagogie.ac-lille.fr\/ecogestion\/wp-content\/uploads\/sites\/53\/2024\/05\/pdf-2127829_1280-e1715169306267.png\" alt=\"\"><\/a><\/td><\/tr><\/tbody><\/table><\/figure>\n\n\n\n<h2 class=\"wp-block-heading has-text-align-center has-black-color has-text-color has-link-color wp-elements-c0ee10bec899e95d9019590c1761c61f\"><strong>Session 2023<\/strong><\/h2>\n\n\n\n<p class=\"has-medium-font-size\" style=\"font-style:italic;font-weight:100\">Les sujets sont en acc\u00e8s libre mais l&rsquo;acc\u00e8s aux corrig\u00e9s est r\u00e9serv\u00e9 aux professeurs poss\u00e9dant une adresse acad\u00e9mique et apr\u00e8s approbation du compte par les webmestres du site acad\u00e9mique.<\/p>\n\n\n\n<p>Remarque importante ! Si vous rencontrez un message de type \u00ab\u00a0votre connexion n&rsquo;est pas priv\u00e9e&#8230;\u00a0\u00bb poursuivez n\u00e9anmoins le t\u00e9l\u00e9chargement<\/p>\n\n\n\n<figure class=\"wp-block-table is-style-stripes has-medium-font-size\"><table class=\"has-black-color has-cyan-bluish-gray-background-color has-text-color has-background has-link-color\"><thead><tr><th class=\"has-text-align-center\" data-align=\"center\">Titre <\/th><th class=\"has-text-align-center\" data-align=\"center\">sujets<\/th><th class=\"has-text-align-center\" data-align=\"center\">corrig\u00e9s<\/th><\/tr><\/thead><tbody><tr><td class=\"has-text-align-center\" data-align=\"center\">E51<\/td><td class=\"has-text-align-center\" data-align=\"center\"><a href=\"https:\/\/pedagogie.ac-lille.fr\/ecogestion\/wp-content\/uploads\/sites\/53\/2024\/04\/BTS_GTLA_2023_E51_Sujet_BFGC_version_pdf.pdf\"><img decoding=\"async\" class=\"wp-image-2437\" style=\"width: 80px\" src=\"https:\/\/pedagogie.ac-lille.fr\/ecogestion\/wp-content\/uploads\/sites\/53\/2024\/05\/pdf-2127829_1280.png\" alt=\"\"><\/a><\/td><td class=\"has-text-align-center\" data-align=\"center\"><img decoding=\"async\" class=\"wp-image-2437\" style=\"width: 80px\" src=\"https:\/\/pedagogie.ac-lille.fr\/ecogestion\/wp-content\/uploads\/sites\/53\/2024\/05\/pdf-2127829_1280.png\" alt=\"\"><\/td><\/tr><tr><td class=\"has-text-align-center\" data-align=\"center\">E52<\/td><td class=\"has-text-align-center\" data-align=\"center\"><a href=\"https:\/\/pedagogie.ac-lille.fr\/ecogestion\/wp-content\/uploads\/sites\/53\/2024\/04\/BTS_GTLA_2023_E52_Sujet_BONNIER_version_pdf.pdf\"><img loading=\"lazy\" decoding=\"async\" width=\"80\" height=\"80\" class=\"wp-image-2437\" style=\"width: 80px\" src=\"https:\/\/pedagogie.ac-lille.fr\/ecogestion\/wp-content\/uploads\/sites\/53\/2024\/05\/pdf-2127829_1280-e1715169306267.png\" alt=\"\"><\/a><\/td><td class=\"has-text-align-center\" data-align=\"center\"><a href=\"https:\/\/pedagogie.ac-lille.fr\/ecogestion\/corriges-epreuves-bts#CAS\u00b0BONNER\"><img loading=\"lazy\" decoding=\"async\" width=\"80\" height=\"80\" class=\"wp-image-2437\" style=\"width: 80px\" src=\"https:\/\/pedagogie.ac-lille.fr\/ecogestion\/wp-content\/uploads\/sites\/53\/2024\/05\/pdf-2127829_1280-e1715169306267.png\" alt=\"\"><\/a><\/td><\/tr><\/tbody><\/table><\/figure>\n","protected":false},"excerpt":{"rendered":"<p>Session 2021 Les sujets sont en acc\u00e8s libre mais l&rsquo;acc\u00e8s aux corrig\u00e9s est r\u00e9serv\u00e9 aux professeurs poss\u00e9dant une adresse acad\u00e9mique et apr\u00e8s approbation du compte par les webmestres du site acad\u00e9mique. Remarque importante ! Si vous rencontrez un message de type \u00ab\u00a0votre connexion n&rsquo;est pas priv\u00e9e&#8230;\u00a0\u00bb poursuivez n\u00e9anmoins le t\u00e9l\u00e9chargement Titre sujets corrig\u00e9s E51 E52 [&hellip;]<\/p>\n","protected":false},"author":134,"featured_media":0,"parent":0,"menu_order":0,"comment_status":"closed","ping_status":"closed","template":"","meta":{"_acf_changed":false,"ngg_post_thumbnail":0,"footnotes":""},"class_list":["post-1106","page","type-page","status-publish","czr-hentry"],"featured_image_src":null,"acf":[],"publishpress_future_action":{"enabled":false,"date":"2026-04-14 09:17:48","action":"change-status","newStatus":"draft","terms":[],"taxonomy":"","extraData":[]},"publishpress_future_workflow_manual_trigger":{"enabledWorkflows":[]},"_links":{"self":[{"href":"https:\/\/pedagogie.ac-lille.fr\/ecogestion\/wp-json\/wp\/v2\/pages\/1106","targetHints":{"allow":["GET"]}}],"collection":[{"href":"https:\/\/pedagogie.ac-lille.fr\/ecogestion\/wp-json\/wp\/v2\/pages"}],"about":[{"href":"https:\/\/pedagogie.ac-lille.fr\/ecogestion\/wp-json\/wp\/v2\/types\/page"}],"author":[{"embeddable":true,"href":"https:\/\/pedagogie.ac-lille.fr\/ecogestion\/wp-json\/wp\/v2\/users\/134"}],"replies":[{"embeddable":true,"href":"https:\/\/pedagogie.ac-lille.fr\/ecogestion\/wp-json\/wp\/v2\/comments?post=1106"}],"version-history":[{"count":37,"href":"https:\/\/pedagogie.ac-lille.fr\/ecogestion\/wp-json\/wp\/v2\/pages\/1106\/revisions"}],"predecessor-version":[{"id":3073,"href":"https:\/\/pedagogie.ac-lille.fr\/ecogestion\/wp-json\/wp\/v2\/pages\/1106\/revisions\/3073"}],"wp:attachment":[{"href":"https:\/\/pedagogie.ac-lille.fr\/ecogestion\/wp-json\/wp\/v2\/media?parent=1106"}],"curies":[{"name":"wp","href":"https:\/\/api.w.org\/{rel}","templated":true}]}}