{"id":1140,"date":"2023-08-28T23:31:20","date_gmt":"2023-08-28T21:31:20","guid":{"rendered":"https:\/\/pedagogie.ac-lille.fr\/ecogestion\/?page_id=1140"},"modified":"2025-08-11T17:09:53","modified_gmt":"2025-08-11T15:09:53","slug":"sujets-dexamen-bts-ass","status":"publish","type":"page","link":"https:\/\/pedagogie.ac-lille.fr\/ecogestion\/sujets-dexamen-bts-ass\/","title":{"rendered":"Sujets d&rsquo;examen BTS Assurance"},"content":{"rendered":"\n<p class=\"has-medium-font-size\" style=\"font-style:italic;font-weight:100\">Les sujets sont en acc\u00e8s libre mais l&rsquo;acc\u00e8s aux corrig\u00e9s est r\u00e9serv\u00e9 aux professeurs poss\u00e9dant une adresse acad\u00e9mique et apr\u00e8s approbation du compte par les webmestres du site acad\u00e9mique. <\/p>\n\n\n\n<p>Remarque importante ! Si vous rencontrez un message de type \u00ab\u00a0votre connexion n&rsquo;est pas priv\u00e9e&#8230;\u00a0\u00bb poursuivez n\u00e9anmoins le t\u00e9l\u00e9chargement.<\/p>\n\n\n<div class=\"wp-block-ub-table-of-contents-block ub_table-of-contents\" id=\"ub_table-of-contents-d1c08645-befa-4cb7-8d6e-7ac4f397b443\" data-linktodivider=\"false\" data-showtext=\"show\" data-hidetext=\"hide\" data-scrolltype=\"auto\" data-enablesmoothscroll=\"false\" data-initiallyhideonmobile=\"false\" data-initiallyshow=\"true\"><div class=\"ub_table-of-contents-header-container\" style=\"\">\n\t\t\t<div class=\"ub_table-of-contents-header\" style=\"text-align: left; \">\n\t\t\t\t<div class=\"ub_table-of-contents-title\">SOMMAIRE :<\/div>\n\t\t\t\t\n\t\t\t<\/div>\n\t\t<\/div><div class=\"ub_table-of-contents-extra-container\" style=\"\">\n\t\t\t<div class=\"ub_table-of-contents-container ub_table-of-contents-1-column \">\n\t\t\t\t<ul style=\"\"><li style=\"\"><a href=\"https:\/\/pedagogie.ac-lille.fr\/ecogestion\/sujets-dexamen-bts-ass\/#0-ann%C3%A9e-2025\" style=\"\">Ann\u00e9e 2025<\/a><\/li><li style=\"\"><a href=\"https:\/\/pedagogie.ac-lille.fr\/ecogestion\/sujets-dexamen-bts-ass\/#1-ann%C3%A9e-2024\" style=\"\">Ann\u00e9e 2024<\/a><\/li><li style=\"\"><a href=\"https:\/\/pedagogie.ac-lille.fr\/ecogestion\/sujets-dexamen-bts-ass\/#2-ann%C3%A9e-2023\" style=\"\">Ann\u00e9e 2023<\/a><\/li><li style=\"\"><a href=\"https:\/\/pedagogie.ac-lille.fr\/ecogestion\/sujets-dexamen-bts-ass\/#3-ann%C3%A9e-2022\" style=\"\">Ann\u00e9e 2022<\/a><\/li><li style=\"\"><a href=\"https:\/\/pedagogie.ac-lille.fr\/ecogestion\/sujets-dexamen-bts-ass\/#4-ann%C3%A9e-2021\" style=\"\">Ann\u00e9e 2021<\/a><\/li><\/ul>\n\t\t\t<\/div>\n\t\t<\/div><\/div>\n\n\n<h2 class=\"wp-block-heading has-text-align-center\" id=\"0-ann%C3%A9e-2025\">Ann\u00e9e 2025<\/h2>\n\n\n\n<figure class=\"wp-block-table is-style-stripes has-medium-font-size\"><table class=\"has-black-color has-white-background-color has-text-color has-background has-link-color\"><thead><tr><th>Titre<\/th><th class=\"has-text-align-center\" data-align=\"center\">Sujet<\/th><th class=\"has-text-align-center\" data-align=\"center\">Corrig\u00e9<\/th><\/tr><\/thead><tbody><tr><td>E 3 \u2013 D\u00e9veloppement commercial et gestion des contrats<br>CAS BERGOT<\/td><td class=\"has-text-align-center\" data-align=\"center\"><a href=\"https:\/\/ecogestion-medias.discipline.ac-lille.fr\/BTS\/ASSURANCE\/sujets%20et%20corrig%C3%A9s_\/2025\/25ASSU31_v1.pdf\" target=\"_blank\" rel=\"noreferrer noopener\"><img loading=\"lazy\" decoding=\"async\" width=\"80\" height=\"80\" class=\"wp-image-2437\" style=\"width: 80px\" src=\"https:\/\/pedagogie.ac-lille.fr\/ecogestion\/wp-content\/uploads\/sites\/53\/2024\/05\/pdf-2127829_1280-e1715169306267.png\" alt=\"\"><\/a><\/td><td class=\"has-text-align-center\" data-align=\"center\"><a href=\"https:\/\/pedagogie.ac-lille.fr\/ecogestion\/corriges-epreuves-bts#ASSU25\"><img loading=\"lazy\" decoding=\"async\" width=\"80\" height=\"80\" class=\"wp-image-2437\" style=\"width: 80px\" src=\"https:\/\/pedagogie.ac-lille.fr\/ecogestion\/wp-content\/uploads\/sites\/53\/2024\/05\/pdf-2127829_1280-e1715169306267.png\" alt=\"\"><\/a><\/td><\/tr><tr><td>E4 Gestion des sinistres et des prestations<br>CAS GERMAIN<\/td><td class=\"has-text-align-center\" data-align=\"center\"><a href=\"https:\/\/ecogestion-medias.discipline.ac-lille.fr\/BTS\/ASSURANCE\/sujets%20et%20corrig%C3%A9s_\/2025\/25ASSU41_v1.pdf\" target=\"_blank\" rel=\"noreferrer noopener\"><img loading=\"lazy\" decoding=\"async\" width=\"80\" height=\"80\" class=\"wp-image-2437\" style=\"width: 80px\" src=\"https:\/\/pedagogie.ac-lille.fr\/ecogestion\/wp-content\/uploads\/sites\/53\/2024\/05\/pdf-2127829_1280-e1715169306267.png\" alt=\"\"><\/a><\/td><td class=\"has-text-align-center\" data-align=\"center\"><a href=\"https:\/\/pedagogie.ac-lille.fr\/ecogestion\/corriges-epreuves-bts#ASSU25\" target=\"_blank\" rel=\"noreferrer noopener\"><img loading=\"lazy\" decoding=\"async\" width=\"80\" height=\"80\" class=\"wp-image-2437\" style=\"width: 80px\" src=\"https:\/\/pedagogie.ac-lille.fr\/ecogestion\/wp-content\/uploads\/sites\/53\/2024\/05\/pdf-2127829_1280-e1715169306267.png\" alt=\"\"><\/a><\/td><\/tr><tr><td>E5 \u2013 Communication digitale, <br>utilisation du syst\u00e8me<br>d\u2019information et des outils num\u00e9riques<\/td><td class=\"has-text-align-center\" data-align=\"center\"><a href=\"https:\/\/ecogestion-medias.discipline.ac-lille.fr\/BTS\/ASSURANCE\/sujets%20et%20corrig%C3%A9s_\/2025\/25ASSU05_v1.pdf\" target=\"_blank\" rel=\"noreferrer noopener\"><img loading=\"lazy\" decoding=\"async\" width=\"80\" height=\"80\" class=\"wp-image-2437\" style=\"width: 80px\" src=\"https:\/\/pedagogie.ac-lille.fr\/ecogestion\/wp-content\/uploads\/sites\/53\/2024\/05\/pdf-2127829_1280-e1715169306267.png\" alt=\"\"><\/a><\/td><td class=\"has-text-align-center\" data-align=\"center\"><a href=\"https:\/\/pedagogie.ac-lille.fr\/ecogestion\/corriges-epreuves-bts#ASSU25\"><img loading=\"lazy\" decoding=\"async\" width=\"80\" height=\"80\" class=\"wp-image-2437\" style=\"width: 80px\" src=\"https:\/\/pedagogie.ac-lille.fr\/ecogestion\/wp-content\/uploads\/sites\/53\/2024\/05\/pdf-2127829_1280-e1715169306267.png\" alt=\"\"><\/a><\/td><\/tr><tr><td>CEJM<\/td><td class=\"has-text-align-center\" data-align=\"center\"><a href=\"https:\/\/ecogestion-medias.discipline.ac-lille.fr\/BTS\/CEJM\/25CEJM_sujet_v1.pdf\" target=\"_blank\" rel=\"noreferrer noopener\"><img loading=\"lazy\" decoding=\"async\" width=\"80\" height=\"80\" class=\"wp-image-2437\" style=\"width: 80px\" src=\"https:\/\/pedagogie.ac-lille.fr\/ecogestion\/wp-content\/uploads\/sites\/53\/2024\/05\/pdf-2127829_1280-e1715169306267.png\" alt=\"\"><\/a><\/td><td class=\"has-text-align-center\" data-align=\"center\"><\/td><\/tr><\/tbody><\/table><\/figure>\n\n\n\n<h2 class=\"wp-block-heading has-text-align-center has-black-color has-text-color has-link-color wp-elements-60088485d847b91f6f351ffe91bedc01\" id=\"1-ann%C3%A9e-2024\">Ann\u00e9e 2024<\/h2>\n\n\n\n<figure class=\"wp-block-table is-style-stripes has-medium-font-size\"><table class=\"has-black-color has-white-background-color has-text-color has-background has-link-color\"><thead><tr><th>Titre<\/th><th class=\"has-text-align-center\" data-align=\"center\">Sujet<\/th><th class=\"has-text-align-center\" data-align=\"center\">Corrig\u00e9<\/th><\/tr><\/thead><tbody><tr><td>E 3 \u2013 D\u00e9veloppement commercial et gestion des contrats<br>CAS VIVASSUR<\/td><td class=\"has-text-align-center\" data-align=\"center\"><a href=\"https:\/\/pedagogie.ac-lille.fr\/ecogestion\/wp-content\/uploads\/sites\/53\/2024\/09\/E31-sujet-2024.pdf\"><img loading=\"lazy\" decoding=\"async\" width=\"80\" height=\"80\" class=\"wp-image-2437\" style=\"width: 80px\" src=\"https:\/\/pedagogie.ac-lille.fr\/ecogestion\/wp-content\/uploads\/sites\/53\/2024\/05\/pdf-2127829_1280-e1715169306267.png\" alt=\"\"><\/a><\/td><td class=\"has-text-align-center\" data-align=\"center\"><a href=\"https:\/\/pedagogie.ac-lille.fr\/ecogestion\/corriges-epreuves-bts#CAS VIVASSUR\"><img loading=\"lazy\" decoding=\"async\" width=\"80\" height=\"80\" class=\"wp-image-2437\" style=\"width: 80px\" src=\"https:\/\/pedagogie.ac-lille.fr\/ecogestion\/wp-content\/uploads\/sites\/53\/2024\/05\/pdf-2127829_1280-e1715169306267.png\" alt=\"\"><\/a><\/td><\/tr><tr><td>E4 Gestion des sinistres et des prestations<br>CAS POMMIER<\/td><td class=\"has-text-align-center\" data-align=\"center\"><a href=\"https:\/\/pedagogie.ac-lille.fr\/ecogestion\/wp-content\/uploads\/sites\/53\/2024\/09\/E-41-sujet-2024.pdf\"><img loading=\"lazy\" decoding=\"async\" width=\"80\" height=\"80\" class=\"wp-image-2437\" style=\"width: 80px\" src=\"https:\/\/pedagogie.ac-lille.fr\/ecogestion\/wp-content\/uploads\/sites\/53\/2024\/05\/pdf-2127829_1280-e1715169306267.png\" alt=\"\"><\/a><\/td><td class=\"has-text-align-center\" data-align=\"center\"><a href=\"https:\/\/pedagogie.ac-lille.fr\/ecogestion\/corriges-epreuves-bts#CAS POMMIER\"><img loading=\"lazy\" decoding=\"async\" width=\"80\" height=\"80\" class=\"wp-image-2437\" style=\"width: 80px\" src=\"https:\/\/pedagogie.ac-lille.fr\/ecogestion\/wp-content\/uploads\/sites\/53\/2024\/05\/pdf-2127829_1280-e1715169306267.png\" alt=\"\"><\/a><\/td><\/tr><tr><td>E5 \u2013 Communication digitale, <br>utilisation du syst\u00e8me<br>d\u2019information et des outils num\u00e9riques<\/td><td class=\"has-text-align-center\" data-align=\"center\"><a href=\"https:\/\/pedagogie.ac-lille.fr\/ecogestion\/wp-content\/uploads\/sites\/53\/2024\/09\/E5-sujet-2024.pdf\"><img loading=\"lazy\" decoding=\"async\" width=\"80\" height=\"80\" class=\"wp-image-2437\" style=\"width: 80px\" src=\"https:\/\/pedagogie.ac-lille.fr\/ecogestion\/wp-content\/uploads\/sites\/53\/2024\/05\/pdf-2127829_1280-e1715169306267.png\" alt=\"\"><\/a><\/td><td class=\"has-text-align-center\" data-align=\"center\"><a href=\"https:\/\/pedagogie.ac-lille.fr\/ecogestion\/corriges-epreuves-bts#E524\"><img loading=\"lazy\" decoding=\"async\" width=\"80\" height=\"80\" class=\"wp-image-2437\" style=\"width: 80px\" src=\"https:\/\/pedagogie.ac-lille.fr\/ecogestion\/wp-content\/uploads\/sites\/53\/2024\/05\/pdf-2127829_1280-e1715169306267.png\" alt=\"\"><\/a><\/td><\/tr><\/tbody><\/table><\/figure>\n\n\n\n<h2 class=\"wp-block-heading has-text-align-center has-black-color has-text-color has-link-color wp-elements-34c14ee39a3067e070522f467af77d0b\" id=\"2-ann%C3%A9e-2023\">Ann\u00e9e 2023<\/h2>\n\n\n\n<figure class=\"wp-block-table is-style-stripes has-medium-font-size\"><table class=\"has-black-color has-white-background-color has-text-color has-background has-link-color\"><thead><tr><th>Titre<\/th><th class=\"has-text-align-center\" data-align=\"center\">Sujet<\/th><th class=\"has-text-align-center\" data-align=\"center\">Corrig\u00e9<\/th><\/tr><\/thead><tbody><tr><td>E 3 \u2013 D\u00e9veloppement commercial et gestion des contrats<br>CAS ASSUR\u201975<\/td><td class=\"has-text-align-center\" data-align=\"center\"><a href=\"https:\/\/www.crcf-edu.fr\/wp-content\/uploads\/BTS_AS_E31_2023.pdf\"><img loading=\"lazy\" decoding=\"async\" width=\"80\" height=\"80\" class=\"wp-image-2437\" style=\"width: 80px\" src=\"https:\/\/pedagogie.ac-lille.fr\/ecogestion\/wp-content\/uploads\/sites\/53\/2024\/05\/pdf-2127829_1280-e1715169306267.png\" alt=\"\"><\/a><\/td><td class=\"has-text-align-center\" data-align=\"center\"><a href=\"https:\/\/pedagogie.ac-lille.fr\/ecogestion\/corriges-epreuves-bts#CAS ASSUR75\"><img loading=\"lazy\" decoding=\"async\" width=\"80\" height=\"80\" class=\"wp-image-2437\" style=\"width: 80px\" src=\"https:\/\/pedagogie.ac-lille.fr\/ecogestion\/wp-content\/uploads\/sites\/53\/2024\/05\/pdf-2127829_1280-e1715169306267.png\" alt=\"\"><\/a><\/td><\/tr><tr><td>E4 Gestion des sinistres et des prestations<br>CAS ASSURIX<\/td><td class=\"has-text-align-center\" data-align=\"center\"><a href=\"https:\/\/www.crcf-edu.fr\/wp-content\/uploads\/BTS_AS_E41_2023.pdf\"><img loading=\"lazy\" decoding=\"async\" width=\"80\" height=\"80\" class=\"wp-image-2437\" style=\"width: 80px\" src=\"https:\/\/pedagogie.ac-lille.fr\/ecogestion\/wp-content\/uploads\/sites\/53\/2024\/05\/pdf-2127829_1280-e1715169306267.png\" alt=\"\"><\/a><\/td><td class=\"has-text-align-center\" data-align=\"center\"><a href=\"https:\/\/pedagogie.ac-lille.fr\/ecogestion\/corriges-epreuves-bts#CAS ASSURIX\"><img loading=\"lazy\" decoding=\"async\" width=\"80\" height=\"80\" class=\"wp-image-2437\" style=\"width: 80px\" src=\"https:\/\/pedagogie.ac-lille.fr\/ecogestion\/wp-content\/uploads\/sites\/53\/2024\/05\/pdf-2127829_1280-e1715169306267.png\" alt=\"\"><\/a><\/td><\/tr><tr><td>E5 \u2013 Communication digitale, <br>utilisation du syst\u00e8me<br>d\u2019information et des outils num\u00e9riques<\/td><td class=\"has-text-align-center\" data-align=\"center\"><a href=\"https:\/\/www.crcf-edu.fr\/wp-content\/uploads\/BTS_AS_E5_2023.pdf\"><img loading=\"lazy\" decoding=\"async\" width=\"80\" height=\"80\" class=\"wp-image-2437\" style=\"width: 80px\" src=\"https:\/\/pedagogie.ac-lille.fr\/ecogestion\/wp-content\/uploads\/sites\/53\/2024\/05\/pdf-2127829_1280-e1715169306267.png\" alt=\"\"><\/a><\/td><td class=\"has-text-align-center\" data-align=\"center\"><a href=\"https:\/\/pedagogie.ac-lille.fr\/ecogestion\/corriges-epreuves-bts#E523\"><img loading=\"lazy\" decoding=\"async\" width=\"80\" height=\"80\" class=\"wp-image-2437\" style=\"width: 80px\" src=\"https:\/\/pedagogie.ac-lille.fr\/ecogestion\/wp-content\/uploads\/sites\/53\/2024\/05\/pdf-2127829_1280-e1715169306267.png\" alt=\"\"><\/a><\/td><\/tr><\/tbody><\/table><\/figure>\n\n\n\n<h2 class=\"wp-block-heading has-text-align-center has-black-color has-text-color has-link-color wp-elements-bdcc4dac9b375a1e4e7888d9b6aacebd\" id=\"3-ann%C3%A9e-2022\">Ann\u00e9e 2022<\/h2>\n\n\n\n<figure class=\"wp-block-table is-style-stripes has-medium-font-size\"><table class=\"has-black-color has-white-background-color has-text-color has-background has-link-color\"><thead><tr><th class=\"has-text-align-center\" data-align=\"center\">Titre<\/th><th class=\"has-text-align-center\" data-align=\"center\">Sujet<\/th><th class=\"has-text-align-center\" data-align=\"center\">Corrig\u00e9<\/th><\/tr><\/thead><tbody><tr><td class=\"has-text-align-center\" data-align=\"center\">E 3 \u2013 D\u00e9veloppement commercial et gestion des contrats<br>CAS SARASSUR<\/td><td class=\"has-text-align-center\" data-align=\"center\"><a href=\"https:\/\/www.crcf-edu.fr\/wp-content\/uploads\/BTS_AS_E31_2022-2.pdf\"><img loading=\"lazy\" decoding=\"async\" width=\"80\" height=\"80\" class=\"wp-image-2437\" style=\"width: 80px\" src=\"https:\/\/pedagogie.ac-lille.fr\/ecogestion\/wp-content\/uploads\/sites\/53\/2024\/05\/pdf-2127829_1280-e1715169306267.png\" alt=\"\"><\/a><\/td><td class=\"has-text-align-center\" data-align=\"center\"><a href=\"https:\/\/pedagogie.ac-lille.fr\/ecogestion\/corriges-epreuves-bts#CAS SARASSUR\"><img loading=\"lazy\" decoding=\"async\" width=\"80\" height=\"80\" class=\"wp-image-2437\" style=\"width: 80px\" src=\"https:\/\/pedagogie.ac-lille.fr\/ecogestion\/wp-content\/uploads\/sites\/53\/2024\/05\/pdf-2127829_1280-e1715169306267.png\" alt=\"\"><\/a><\/td><\/tr><tr><td class=\"has-text-align-center\" data-align=\"center\">E4 Gestion des sinistres et des prestations<br>CAS ASSURLAND<\/td><td class=\"has-text-align-center\" data-align=\"center\"><a href=\"https:\/\/www.crcf-edu.fr\/wp-content\/uploads\/BTS_AS_E41_2022-1.pdf\"><img loading=\"lazy\" decoding=\"async\" width=\"80\" height=\"80\" class=\"wp-image-2437\" style=\"width: 80px\" src=\"https:\/\/pedagogie.ac-lille.fr\/ecogestion\/wp-content\/uploads\/sites\/53\/2024\/05\/pdf-2127829_1280-e1715169306267.png\" alt=\"\"><\/a><\/td><td class=\"has-text-align-center\" data-align=\"center\"><a href=\"https:\/\/pedagogie.ac-lille.fr\/ecogestion\/corriges-epreuves-bts#CAS ASSURLAD\"><img loading=\"lazy\" decoding=\"async\" width=\"80\" height=\"80\" class=\"wp-image-2437\" style=\"width: 80px\" src=\"https:\/\/pedagogie.ac-lille.fr\/ecogestion\/wp-content\/uploads\/sites\/53\/2024\/05\/pdf-2127829_1280-e1715169306267.png\" alt=\"\"><\/a><\/td><\/tr><tr><td class=\"has-text-align-center\" data-align=\"center\">E5 \u2013 Communication digitale, <br>utilisation du syst\u00e8me<br>d\u2019information et des outils num\u00e9riques<\/td><td class=\"has-text-align-center\" data-align=\"center\"><a href=\"https:\/\/www.crcf-edu.fr\/wp-content\/uploads\/BTS_AS_E5_2022-1.pdf\"><img loading=\"lazy\" decoding=\"async\" width=\"80\" height=\"80\" class=\"wp-image-2437\" style=\"width: 80px\" src=\"https:\/\/pedagogie.ac-lille.fr\/ecogestion\/wp-content\/uploads\/sites\/53\/2024\/05\/pdf-2127829_1280-e1715169306267.png\" alt=\"\"><\/a><\/td><td class=\"has-text-align-center\" data-align=\"center\"><a href=\"https:\/\/pedagogie.ac-lille.fr\/ecogestion\/corriges-epreuves-bts#E522\"><img loading=\"lazy\" decoding=\"async\" width=\"80\" height=\"80\" class=\"wp-image-2437\" style=\"width: 80px\" src=\"https:\/\/pedagogie.ac-lille.fr\/ecogestion\/wp-content\/uploads\/sites\/53\/2024\/05\/pdf-2127829_1280-e1715169306267.png\" alt=\"\"><\/a><\/td><\/tr><\/tbody><\/table><\/figure>\n\n\n\n<h2 class=\"wp-block-heading has-text-align-center has-black-color has-text-color has-link-color wp-elements-119d680c01126a2fb184915f1d391bda\" id=\"4-ann%C3%A9e-2021\">Ann\u00e9e 2021<\/h2>\n\n\n\n<figure class=\"wp-block-table is-style-stripes has-medium-font-size\"><table class=\"has-black-color has-white-background-color has-text-color has-background has-link-color\"><thead><tr><th class=\"has-text-align-center\" data-align=\"center\">Titre<\/th><th class=\"has-text-align-center\" data-align=\"center\">Sujet<\/th><th class=\"has-text-align-center\" data-align=\"center\">Corrig\u00e9<\/th><\/tr><\/thead><tbody><tr><td class=\"has-text-align-center\" data-align=\"center\">E 3 \u2013 D\u00e9veloppement commercial et gestion des contrats<br>CAS BE FINANCE<\/td><td class=\"has-text-align-center\" data-align=\"center\"><a href=\"http:\/\/www.crcf-edu.fr\/wp-content\/uploads\/BTS_AS_E31_2021.pdf\"><img loading=\"lazy\" decoding=\"async\" width=\"80\" height=\"80\" class=\"wp-image-2437\" style=\"width: 80px\" src=\"https:\/\/pedagogie.ac-lille.fr\/ecogestion\/wp-content\/uploads\/sites\/53\/2024\/05\/pdf-2127829_1280-e1715169306267.png\" alt=\"\"><\/a><\/td><td class=\"has-text-align-center\" data-align=\"center\"><a href=\"https:\/\/pedagogie.ac-lille.fr\/ecogestion\/corriges-epreuves-bts#CAS BE FINANCE\" target=\"_blank\" rel=\"noreferrer noopener\"><img loading=\"lazy\" decoding=\"async\" width=\"80\" height=\"80\" class=\"wp-image-2437\" style=\"width: 80px\" src=\"https:\/\/pedagogie.ac-lille.fr\/ecogestion\/wp-content\/uploads\/sites\/53\/2024\/05\/pdf-2127829_1280-e1715169306267.png\" alt=\"\"><\/a><\/td><\/tr><tr><td class=\"has-text-align-center\" data-align=\"center\">E4 Gestion des sinistres et des prestations <br>CAS SUDASSUR<\/td><td class=\"has-text-align-center\" data-align=\"center\"><a href=\"http:\/\/www.crcf-edu.fr\/wp-content\/uploads\/BTS_AS_E41_2021.pdf\"><img loading=\"lazy\" decoding=\"async\" width=\"80\" height=\"80\" class=\"wp-image-2437\" style=\"width: 80px\" src=\"https:\/\/pedagogie.ac-lille.fr\/ecogestion\/wp-content\/uploads\/sites\/53\/2024\/05\/pdf-2127829_1280-e1715169306267.png\" alt=\"\"><\/a><\/td><td class=\"has-text-align-center\" data-align=\"center\"><img loading=\"lazy\" decoding=\"async\" width=\"80\" height=\"80\" class=\"wp-image-2437\" style=\"width: 80px\" src=\"https:\/\/pedagogie.ac-lille.fr\/ecogestion\/wp-content\/uploads\/sites\/53\/2024\/05\/pdf-2127829_1280-e1715169306267.png\" alt=\"\"><\/td><\/tr><tr><td class=\"has-text-align-center\" data-align=\"center\">E5 \u2013 Communication digitale, <br>utilisation du syst\u00e8me<br>d\u2019information et des outils num\u00e9riques<\/td><td class=\"has-text-align-center\" data-align=\"center\"><a href=\"https:\/\/www.crcf-edu.fr\/wp-content\/uploads\/BTS_AS_E5_2021.pdf\"><img loading=\"lazy\" decoding=\"async\" width=\"80\" height=\"80\" class=\"wp-image-2437\" style=\"width: 80px\" src=\"https:\/\/pedagogie.ac-lille.fr\/ecogestion\/wp-content\/uploads\/sites\/53\/2024\/05\/pdf-2127829_1280-e1715169306267.png\" alt=\"\"><\/a><\/td><td class=\"has-text-align-center\" data-align=\"center\"><a href=\"https:\/\/pedagogie.ac-lille.fr\/ecogestion\/corriges-epreuves-bts#E521\"><img loading=\"lazy\" decoding=\"async\" width=\"80\" height=\"80\" class=\"wp-image-2437\" style=\"width: 80px\" src=\"https:\/\/pedagogie.ac-lille.fr\/ecogestion\/wp-content\/uploads\/sites\/53\/2024\/05\/pdf-2127829_1280-e1715169306267.png\" alt=\"\"><\/a><\/td><\/tr><\/tbody><\/table><\/figure>\n","protected":false},"excerpt":{"rendered":"<p>Les sujets sont en acc\u00e8s libre mais l&rsquo;acc\u00e8s aux corrig\u00e9s est r\u00e9serv\u00e9 aux professeurs poss\u00e9dant une adresse acad\u00e9mique et apr\u00e8s approbation du compte par les webmestres du site acad\u00e9mique. Remarque importante ! Si vous rencontrez un message de type \u00ab\u00a0votre connexion n&rsquo;est pas priv\u00e9e&#8230;\u00a0\u00bb poursuivez n\u00e9anmoins le t\u00e9l\u00e9chargement. Ann\u00e9e 2025 Titre Sujet Corrig\u00e9 E 3 [&hellip;]<\/p>\n","protected":false},"author":134,"featured_media":0,"parent":0,"menu_order":0,"comment_status":"closed","ping_status":"closed","template":"","meta":{"_acf_changed":false,"ngg_post_thumbnail":0,"footnotes":""},"class_list":["post-1140","page","type-page","status-publish","czr-hentry"],"featured_image_src":null,"acf":[],"publishpress_future_action":{"enabled":false,"date":"2026-04-14 14:36:21","action":"change-status","newStatus":"draft","terms":[],"taxonomy":"","extraData":[]},"publishpress_future_workflow_manual_trigger":{"enabledWorkflows":[]},"_links":{"self":[{"href":"https:\/\/pedagogie.ac-lille.fr\/ecogestion\/wp-json\/wp\/v2\/pages\/1140","targetHints":{"allow":["GET"]}}],"collection":[{"href":"https:\/\/pedagogie.ac-lille.fr\/ecogestion\/wp-json\/wp\/v2\/pages"}],"about":[{"href":"https:\/\/pedagogie.ac-lille.fr\/ecogestion\/wp-json\/wp\/v2\/types\/page"}],"author":[{"embeddable":true,"href":"https:\/\/pedagogie.ac-lille.fr\/ecogestion\/wp-json\/wp\/v2\/users\/134"}],"replies":[{"embeddable":true,"href":"https:\/\/pedagogie.ac-lille.fr\/ecogestion\/wp-json\/wp\/v2\/comments?post=1140"}],"version-history":[{"count":39,"href":"https:\/\/pedagogie.ac-lille.fr\/ecogestion\/wp-json\/wp\/v2\/pages\/1140\/revisions"}],"predecessor-version":[{"id":3764,"href":"https:\/\/pedagogie.ac-lille.fr\/ecogestion\/wp-json\/wp\/v2\/pages\/1140\/revisions\/3764"}],"wp:attachment":[{"href":"https:\/\/pedagogie.ac-lille.fr\/ecogestion\/wp-json\/wp\/v2\/media?parent=1140"}],"curies":[{"name":"wp","href":"https:\/\/api.w.org\/{rel}","templated":true}]}}