{"id":1143,"date":"2023-08-28T23:31:20","date_gmt":"2023-08-28T21:31:20","guid":{"rendered":"https:\/\/pedagogie.ac-lille.fr\/ecogestion\/?page_id=1143"},"modified":"2025-08-12T16:01:07","modified_gmt":"2025-08-12T14:01:07","slug":"sujets-dexamen-bts-cg","status":"publish","type":"page","link":"https:\/\/pedagogie.ac-lille.fr\/ecogestion\/sujets-dexamen-bts-cg\/","title":{"rendered":"Sujets d&rsquo;examen BTS CG"},"content":{"rendered":"\n<h3 class=\"wp-block-heading has-text-color has-background has-link-color wp-elements-d5010becf36a68603d7d505a6550588e\" style=\"color:#096397;background-color:#abb7c247\">Site acad\u00e9mique de r\u00e9f\u00e9rence pour ce BTS : <a href=\"https:\/\/www.crcf-edu.fr\/\" data-type=\"link\" data-id=\"https:\/\/www.crcf-edu.fr\/\">CRCF<\/a><\/h3>\n\n\n\n<p class=\"has-medium-font-size\" style=\"font-style:italic;font-weight:100\">Les sujets sont en acc\u00e8s libre mais l&rsquo;acc\u00e8s aux corrig\u00e9s est r\u00e9serv\u00e9 aux professeurs poss\u00e9dant <strong>une adresse acad\u00e9mique<\/strong> et apr\u00e8s approbation du compte par les webmestres du site acad\u00e9mique. <a href=\"https:\/\/webmail.ac-lille.fr\/wws\/\/subscribe\/site.ecogestion?previous_action=editfile\" target=\"_blank\" rel=\"noreferrer noopener\">Cliquez ici pour vous abonner <\/a><\/p>\n\n\n\n<p>Remarque importante ! Si vous rencontrez un message de type \u00ab\u00a0votre connexion n&rsquo;est pas priv\u00e9e&#8230;\u00a0\u00bb poursuivez n\u00e9anmoins le t\u00e9l\u00e9chargement<\/p>\n\n\n\n<h2 class=\"wp-block-heading has-text-align-center has-black-color has-text-color has-link-color wp-elements-bd35d7d4997bf227b6fb128f5816dec6\"><strong>Session 202<\/strong>5<\/h2>\n\n\n\n<figure class=\"wp-block-table is-style-stripes has-medium-font-size\"><table class=\"has-black-color has-cyan-bluish-gray-background-color has-text-color has-background has-link-color\"><thead><tr><th class=\"has-text-align-center\" data-align=\"center\">Titre <\/th><th class=\"has-text-align-center\" data-align=\"center\">sujets<\/th><th class=\"has-text-align-center\" data-align=\"center\">corrig\u00e9s<\/th><\/tr><\/thead><tbody><tr><td class=\"has-text-align-center\" data-align=\"center\">ETUDE DE CAS<br>BEE HAPPY<\/td><td class=\"has-text-align-center\" data-align=\"center\"><img decoding=\"async\" class=\"wp-image-2437\" style=\"width: 80px\" src=\"https:\/\/pedagogie.ac-lille.fr\/ecogestion\/wp-content\/uploads\/sites\/53\/2024\/05\/pdf-2127829_1280.png\" alt=\"\"><\/td><td class=\"has-text-align-center\" data-align=\"center\"><a href=\"https:\/\/pedagogie.ac-lille.fr\/ecogestion\/corriges-epreuves-bts#3-bts-cg\" target=\"_blank\" rel=\"noreferrer noopener\"><img decoding=\"async\" class=\"wp-image-2437\" style=\"width: 80px\" src=\"https:\/\/pedagogie.ac-lille.fr\/ecogestion\/wp-content\/uploads\/sites\/53\/2024\/05\/pdf-2127829_1280.png\" alt=\"\"><\/a><\/td><\/tr><tr><td class=\"has-text-align-center\" data-align=\"center\">MATHEMATIQUES <br>APPLIQUEES<\/td><td class=\"has-text-align-center\" data-align=\"center\"><a href=\"https:\/\/ecogestion-medias.discipline.ac-lille.fr\/BTS\/CG\/sujets%20et%20corrig%C3%A9s_\/25CGMAT_sujet.pdf\" target=\"_blank\" rel=\"noreferrer noopener\"><img decoding=\"async\" class=\"wp-image-2437\" style=\"width: 80px\" src=\"https:\/\/pedagogie.ac-lille.fr\/ecogestion\/wp-content\/uploads\/sites\/53\/2024\/05\/pdf-2127829_1280.png\" alt=\"\"><\/a><\/td><td class=\"has-text-align-center\" data-align=\"center\"><a href=\"https:\/\/pedagogie.ac-lille.fr\/ecogestion\/corriges-epreuves-bts#3-bts-cg\" target=\"_blank\" rel=\"noreferrer noopener\"><img decoding=\"async\" class=\"wp-image-2437\" style=\"width: 80px\" src=\"https:\/\/pedagogie.ac-lille.fr\/ecogestion\/wp-content\/uploads\/sites\/53\/2024\/05\/pdf-2127829_1280.png\" alt=\"\"><\/a><\/td><\/tr><tr><td class=\"has-text-align-center\" data-align=\"center\">CEJM<\/td><td class=\"has-text-align-center\" data-align=\"center\"><a href=\"https:\/\/ecogestion-medias.discipline.ac-lille.fr\/BTS\/CEJM\/25CEJM_sujet_v1.pdf\" target=\"_blank\" rel=\"noreferrer noopener\"><img decoding=\"async\" class=\"wp-image-2437\" style=\"width: 80px\" src=\"https:\/\/pedagogie.ac-lille.fr\/ecogestion\/wp-content\/uploads\/sites\/53\/2024\/05\/pdf-2127829_1280.png\" alt=\"\"><\/a><\/td><td class=\"has-text-align-center\" data-align=\"center\"><img decoding=\"async\" class=\"wp-image-2437\" style=\"width: 80px\" src=\"https:\/\/pedagogie.ac-lille.fr\/ecogestion\/wp-content\/uploads\/sites\/53\/2024\/05\/pdf-2127829_1280.png\" alt=\"\"><\/td><\/tr><\/tbody><\/table><\/figure>\n\n\n\n<h2 class=\"wp-block-heading has-text-align-center has-black-color has-text-color has-link-color wp-elements-2c27c2b9dd355de541fcf5bd16a269b7\"><strong>Session 202<\/strong>4<\/h2>\n\n\n\n<figure class=\"wp-block-table is-style-stripes has-medium-font-size\"><table class=\"has-black-color has-cyan-bluish-gray-background-color has-text-color has-background has-link-color\"><thead><tr><th class=\"has-text-align-center\" data-align=\"center\">Titre <\/th><th class=\"has-text-align-center\" data-align=\"center\">sujets<\/th><th class=\"has-text-align-center\" data-align=\"center\">corrig\u00e9s<\/th><\/tr><\/thead><tbody><tr><td class=\"has-text-align-center\" data-align=\"center\">CAS <\/td><td class=\"has-text-align-center\" data-align=\"center\"><img decoding=\"async\" class=\"wp-image-2437\" style=\"width: 80px\" src=\"https:\/\/pedagogie.ac-lille.fr\/ecogestion\/wp-content\/uploads\/sites\/53\/2024\/05\/pdf-2127829_1280.png\" alt=\"\"><\/td><td class=\"has-text-align-center\" data-align=\"center\"><img decoding=\"async\" class=\"wp-image-2437\" style=\"width: 80px\" src=\"https:\/\/pedagogie.ac-lille.fr\/ecogestion\/wp-content\/uploads\/sites\/53\/2024\/05\/pdf-2127829_1280.png\" alt=\"\"><\/td><\/tr><tr><td class=\"has-text-align-center\" data-align=\"center\">CAS <\/td><td class=\"has-text-align-center\" data-align=\"center\"><img decoding=\"async\" class=\"wp-image-2437\" style=\"width: 80px\" src=\"https:\/\/pedagogie.ac-lille.fr\/ecogestion\/wp-content\/uploads\/sites\/53\/2024\/05\/pdf-2127829_1280.png\" alt=\"\"><\/td><td class=\"has-text-align-center\" data-align=\"center\"><img decoding=\"async\" class=\"wp-image-2437\" style=\"width: 80px\" src=\"https:\/\/pedagogie.ac-lille.fr\/ecogestion\/wp-content\/uploads\/sites\/53\/2024\/05\/pdf-2127829_1280.png\" alt=\"\"><\/td><\/tr><\/tbody><\/table><\/figure>\n\n\n\n<h2 class=\"wp-block-heading has-text-align-center has-black-color has-text-color has-link-color wp-elements-303fd503959c8e1e5a2e063da6f5e8a7\"><strong>Session 202<\/strong>3<\/h2>\n\n\n\n<figure class=\"wp-block-table is-style-stripes has-medium-font-size\"><table class=\"has-black-color has-cyan-bluish-gray-background-color has-text-color has-background has-link-color\"><thead><tr><th class=\"has-text-align-center\" data-align=\"center\">Titre <\/th><th class=\"has-text-align-center\" data-align=\"center\">sujets<\/th><th class=\"has-text-align-center\" data-align=\"center\">corrig\u00e9s<\/th><\/tr><\/thead><tbody><tr><td class=\"has-text-align-center\" data-align=\"center\">CAS SEMAB<\/td><td class=\"has-text-align-center\" data-align=\"center\"><a href=\"https:\/\/pedagogie.ac-lille.fr\/ecogestion\/wp-content\/uploads\/sites\/53\/2024\/04\/Sujet-SEMAB-E41-2023-1.pdf\"><img decoding=\"async\" class=\"wp-image-2437\" style=\"width: 80px\" src=\"https:\/\/pedagogie.ac-lille.fr\/ecogestion\/wp-content\/uploads\/sites\/53\/2024\/05\/pdf-2127829_1280.png\" alt=\"\"><\/a><\/td><td class=\"has-text-align-center\" data-align=\"center\"><a href=\"https:\/\/pedagogie.ac-lille.fr\/ecogestion\/corriges-epreuves-bts#CAS SEMAB\"><img decoding=\"async\" class=\"wp-image-2437\" style=\"width: 80px\" src=\"https:\/\/pedagogie.ac-lille.fr\/ecogestion\/wp-content\/uploads\/sites\/53\/2024\/05\/pdf-2127829_1280.png\" alt=\"\"><\/a><\/td><\/tr><tr><td class=\"has-text-align-center\" data-align=\"center\">CAS FLORENCE DELIAS<\/td><td class=\"has-text-align-center\" data-align=\"center\"><a href=\"https:\/\/pedagogie.ac-lille.fr\/ecogestion\/wp-content\/uploads\/sites\/53\/2024\/09\/23CG41ETCNC.pdf\"><img decoding=\"async\" class=\"wp-image-2437\" style=\"width: 80px\" src=\"https:\/\/pedagogie.ac-lille.fr\/ecogestion\/wp-content\/uploads\/sites\/53\/2024\/05\/pdf-2127829_1280.png\" alt=\"\"><\/a><\/td><td class=\"has-text-align-center\" data-align=\"center\"><a href=\"https:\/\/pedagogie.ac-lille.fr\/ecogestion\/corriges-epreuves-bts#CAS FLORECE\"><img decoding=\"async\" class=\"wp-image-2437\" style=\"width: 80px\" src=\"https:\/\/pedagogie.ac-lille.fr\/ecogestion\/wp-content\/uploads\/sites\/53\/2024\/05\/pdf-2127829_1280.png\" alt=\"\"><\/a><\/td><\/tr><\/tbody><\/table><\/figure>\n\n\n\n<h2 class=\"wp-block-heading has-text-align-center has-black-color has-text-color has-link-color wp-elements-31a7063f03ab717dd451dd85a30e7735\"><strong>Session 202<\/strong>2<\/h2>\n\n\n\n<figure class=\"wp-block-table is-style-stripes has-medium-font-size\"><table class=\"has-black-color has-cyan-bluish-gray-background-color has-text-color has-background has-link-color\"><thead><tr><th class=\"has-text-align-center\" data-align=\"center\">Titre <\/th><th class=\"has-text-align-center\" data-align=\"center\">sujets<\/th><th class=\"has-text-align-center\" data-align=\"center\">corrig\u00e9s<\/th><\/tr><\/thead><tbody><tr><td class=\"has-text-align-center\" data-align=\"center\">CAS SAS BELLEFOIS<\/td><td class=\"has-text-align-center\" data-align=\"center\"><a href=\"https:\/\/pedagogie.ac-lille.fr\/ecogestion\/wp-content\/uploads\/sites\/53\/2024\/04\/2022CG-E41Metro-BELLEFOIS-Sujet-copie.pdf\"><img decoding=\"async\" class=\"wp-image-2437\" style=\"width: 80px\" src=\"https:\/\/pedagogie.ac-lille.fr\/ecogestion\/wp-content\/uploads\/sites\/53\/2024\/05\/pdf-2127829_1280.png\" alt=\"\"><\/a><\/td><td class=\"has-text-align-center\" data-align=\"center\"><a href=\"https:\/\/pedagogie.ac-lille.fr\/ecogestion\/corriges-epreuves-bts#CAS BELLEFOIS\"><img decoding=\"async\" class=\"wp-image-2437\" style=\"width: 80px\" src=\"https:\/\/pedagogie.ac-lille.fr\/ecogestion\/wp-content\/uploads\/sites\/53\/2024\/05\/pdf-2127829_1280.png\" alt=\"\"><\/a><\/td><\/tr><tr><td class=\"has-text-align-center\" data-align=\"center\"><br>CAS SAS LAMBALLE<\/td><td class=\"has-text-align-center\" data-align=\"center\"><a href=\"https:\/\/pedagogie.ac-lille.fr\/ecogestion\/wp-content\/uploads\/sites\/53\/2024\/09\/BTS-22CGE41NC1sujet.pdf\"><img decoding=\"async\" class=\"wp-image-2437\" style=\"width: 80px\" src=\"https:\/\/pedagogie.ac-lille.fr\/ecogestion\/wp-content\/uploads\/sites\/53\/2024\/05\/pdf-2127829_1280.png\" alt=\"\"><\/a><\/td><td class=\"has-text-align-center\" data-align=\"center\"><a href=\"https:\/\/pedagogie.ac-lille.fr\/ecogestion\/corriges-epreuves-bts#CAS LAMBALLE\"><img decoding=\"async\" class=\"wp-image-2437\" style=\"width: 80px\" src=\"https:\/\/pedagogie.ac-lille.fr\/ecogestion\/wp-content\/uploads\/sites\/53\/2024\/05\/pdf-2127829_1280.png\" alt=\"\"><\/a><\/td><\/tr><\/tbody><\/table><\/figure>\n\n\n\n<h2 class=\"wp-block-heading has-text-align-center has-black-color has-text-color has-link-color wp-elements-43b4324412bf6f20431000023a3b664d\"><strong>Session 2021<\/strong><\/h2>\n\n\n\n<figure class=\"wp-block-table is-style-stripes has-medium-font-size\"><table class=\"has-black-color has-cyan-bluish-gray-background-color has-text-color has-background has-link-color\"><thead><tr><th class=\"has-text-align-center\" data-align=\"center\">Titre <\/th><th class=\"has-text-align-center\" data-align=\"center\">sujets<\/th><th class=\"has-text-align-center\" data-align=\"center\">corrig\u00e9s<\/th><\/tr><\/thead><tbody><tr><td class=\"has-text-align-center\" data-align=\"center\">CAS LSS<\/td><td class=\"has-text-align-center\" data-align=\"center\"><a href=\"https:\/\/pedagogie.ac-lille.fr\/ecogestion\/wp-content\/uploads\/sites\/53\/2024\/09\/2021CG-E41NC-LSS-Sujet.pdf\"><img decoding=\"async\" class=\"wp-image-2437\" style=\"width: 80px\" src=\"https:\/\/pedagogie.ac-lille.fr\/ecogestion\/wp-content\/uploads\/sites\/53\/2024\/05\/pdf-2127829_1280.png\" alt=\"\"><\/a><\/td><td class=\"has-text-align-center\" data-align=\"center\"><a href=\"https:\/\/pedagogie.ac-lille.fr\/ecogestion\/corriges-epreuves-bts\/#CAS LSS\"><img decoding=\"async\" class=\"wp-image-2437\" style=\"width: 80px\" src=\"https:\/\/pedagogie.ac-lille.fr\/ecogestion\/wp-content\/uploads\/sites\/53\/2024\/05\/pdf-2127829_1280.png\" alt=\"\"><\/a><\/td><\/tr><tr><td class=\"has-text-align-center\" data-align=\"center\"><br>CAS LE TR\u00c9SOR<\/td><td class=\"has-text-align-center\" data-align=\"center\"><a href=\"https:\/\/pedagogie.ac-lille.fr\/ecogestion\/wp-content\/uploads\/sites\/53\/2024\/09\/2021CG-E41Metro-Tresor_G-Sujet.pdf\"><img decoding=\"async\" class=\"wp-image-2437\" style=\"width: 80px\" src=\"https:\/\/pedagogie.ac-lille.fr\/ecogestion\/wp-content\/uploads\/sites\/53\/2024\/05\/pdf-2127829_1280.png\" alt=\"\"><\/a><\/td><td class=\"has-text-align-center\" data-align=\"center\"><a href=\"https:\/\/pedagogie.ac-lille.fr\/ecogestion\/corriges-epreuves-bts#CAS LE TR\u00c9SOR\"><img decoding=\"async\" class=\"wp-image-2437\" style=\"width: 80px\" src=\"https:\/\/pedagogie.ac-lille.fr\/ecogestion\/wp-content\/uploads\/sites\/53\/2024\/05\/pdf-2127829_1280.png\" alt=\"\"><\/a><\/td><\/tr><\/tbody><\/table><\/figure>\n\n\n\n<h2 class=\"wp-block-heading has-text-align-center has-black-color has-text-color has-link-color wp-elements-63263d83e496428c9d9ee34f83e9f91a\"><strong>Session 202<\/strong>0<\/h2>\n\n\n\n<figure class=\"wp-block-table is-style-stripes has-medium-font-size\"><table class=\"has-black-color has-cyan-bluish-gray-background-color has-text-color has-background has-link-color\"><thead><tr><th class=\"has-text-align-center\" data-align=\"center\">Titre <\/th><th class=\"has-text-align-center\" data-align=\"center\">sujets<\/th><th class=\"has-text-align-center\" data-align=\"center\">corrig\u00e9s<\/th><\/tr><\/thead><tbody><tr><td class=\"has-text-align-center\" data-align=\"center\">CAS  FIDEC<\/td><td class=\"has-text-align-center\" data-align=\"center\"><a href=\"http:\/\/pedagogie.ac-lille.fr\/ecogestion\/wp-content\/uploads\/sites\/53\/2024\/10\/Btscg-2020-sujet-e41-cas-fidec.pdf\"><img decoding=\"async\" class=\"wp-image-2437\" style=\"width: 80px\" src=\"https:\/\/pedagogie.ac-lille.fr\/ecogestion\/wp-content\/uploads\/sites\/53\/2024\/05\/pdf-2127829_1280.png\" alt=\"\"><\/a><\/td><td class=\"has-text-align-center\" data-align=\"center\"><a href=\"https:\/\/pedagogie.ac-lille.fr\/ecogestion\/corriges-epreuves-bts\/#CAS FODEC\"><img decoding=\"async\" class=\"wp-image-2437\" style=\"width: 80px\" src=\"https:\/\/pedagogie.ac-lille.fr\/ecogestion\/wp-content\/uploads\/sites\/53\/2024\/05\/pdf-2127829_1280.png\" alt=\"\"><\/a><\/td><\/tr><tr><td class=\"has-text-align-center\" data-align=\"center\"><br>CAS  D\u00c9CAP&rsquo;TOUT<\/td><td class=\"has-text-align-center\" data-align=\"center\"><a href=\"https:\/\/pedagogie.ac-lille.fr\/ecogestion\/wp-content\/uploads\/sites\/53\/2024\/09\/2020CG-E41NC-DECAP_TOUT-sujet.pdf\"><img decoding=\"async\" class=\"wp-image-2437\" style=\"width: 80px\" src=\"https:\/\/pedagogie.ac-lille.fr\/ecogestion\/wp-content\/uploads\/sites\/53\/2024\/05\/pdf-2127829_1280.png\" alt=\"\"><\/a><\/td><td class=\"has-text-align-center\" data-align=\"center\"><a href=\"https:\/\/pedagogie.ac-lille.fr\/ecogestion\/corriges-epreuves-bts\/#CAS D\u00c9CAPTOUT\"><img decoding=\"async\" class=\"wp-image-2437\" style=\"width: 80px\" src=\"https:\/\/pedagogie.ac-lille.fr\/ecogestion\/wp-content\/uploads\/sites\/53\/2024\/05\/pdf-2127829_1280.png\" alt=\"\"><\/a><\/td><\/tr><\/tbody><\/table><\/figure>\n","protected":false},"excerpt":{"rendered":"<p>Site acad\u00e9mique de r\u00e9f\u00e9rence pour ce BTS : CRCF Remarque importante ! Si vous rencontrez un message de type \u00ab\u00a0votre connexion n&rsquo;est pas priv\u00e9e&#8230;\u00a0\u00bb poursuivez n\u00e9anmoins le t\u00e9l\u00e9chargement Session 2025 Titre sujets corrig\u00e9s ETUDE DE CASBEE HAPPY MATHEMATIQUES APPLIQUEES CEJM Session 2024 Titre sujets corrig\u00e9s CAS CAS Session 2023 Titre sujets corrig\u00e9s CAS SEMAB CAS [&hellip;]<\/p>\n","protected":false},"author":134,"featured_media":0,"parent":0,"menu_order":0,"comment_status":"closed","ping_status":"closed","template":"","meta":{"_acf_changed":false,"ngg_post_thumbnail":0,"footnotes":""},"class_list":["post-1143","page","type-page","status-publish","czr-hentry"],"featured_image_src":null,"acf":[],"publishpress_future_action":{"enabled":false,"date":"2026-04-16 15:04:46","action":"change-status","newStatus":"draft","terms":[],"taxonomy":"","extraData":[]},"publishpress_future_workflow_manual_trigger":{"enabledWorkflows":[]},"_links":{"self":[{"href":"https:\/\/pedagogie.ac-lille.fr\/ecogestion\/wp-json\/wp\/v2\/pages\/1143","targetHints":{"allow":["GET"]}}],"collection":[{"href":"https:\/\/pedagogie.ac-lille.fr\/ecogestion\/wp-json\/wp\/v2\/pages"}],"about":[{"href":"https:\/\/pedagogie.ac-lille.fr\/ecogestion\/wp-json\/wp\/v2\/types\/page"}],"author":[{"embeddable":true,"href":"https:\/\/pedagogie.ac-lille.fr\/ecogestion\/wp-json\/wp\/v2\/users\/134"}],"replies":[{"embeddable":true,"href":"https:\/\/pedagogie.ac-lille.fr\/ecogestion\/wp-json\/wp\/v2\/comments?post=1143"}],"version-history":[{"count":38,"href":"https:\/\/pedagogie.ac-lille.fr\/ecogestion\/wp-json\/wp\/v2\/pages\/1143\/revisions"}],"predecessor-version":[{"id":3784,"href":"https:\/\/pedagogie.ac-lille.fr\/ecogestion\/wp-json\/wp\/v2\/pages\/1143\/revisions\/3784"}],"wp:attachment":[{"href":"https:\/\/pedagogie.ac-lille.fr\/ecogestion\/wp-json\/wp\/v2\/media?parent=1143"}],"curies":[{"name":"wp","href":"https:\/\/api.w.org\/{rel}","templated":true}]}}