{"id":1155,"date":"2023-08-28T23:31:20","date_gmt":"2023-08-28T21:31:20","guid":{"rendered":"https:\/\/pedagogie.ac-lille.fr\/ecogestion\/?page_id=1155"},"modified":"2025-08-12T16:28:48","modified_gmt":"2025-08-12T14:28:48","slug":"sujets-dexamen-bts-mco","status":"publish","type":"page","link":"https:\/\/pedagogie.ac-lille.fr\/ecogestion\/sujets-dexamen-bts-mco\/","title":{"rendered":"Sujets d&rsquo;examen BTS MCO"},"content":{"rendered":"\n<p class=\"has-medium-font-size\" style=\"font-style:italic;font-weight:100\">Les sujets sont en acc\u00e8s libre mais l&rsquo;acc\u00e8s aux corrig\u00e9s est r\u00e9serv\u00e9 aux professeurs poss\u00e9dant une adresse acad\u00e9mique et apr\u00e8s approbation du compte par les webmestres du site acad\u00e9mique.<\/p>\n\n\n\n<p>Remarque importante ! Si vous rencontrez un message de type \u00ab\u00a0votre connexion n&rsquo;est pas priv\u00e9e&#8230;\u00a0\u00bb poursuivez n\u00e9anmoins le t\u00e9l\u00e9chargement<\/p>\n\n\n\n<h2 class=\"wp-block-heading has-text-align-center has-black-color has-text-color has-link-color wp-elements-bd35d7d4997bf227b6fb128f5816dec6\"><strong>Session 202<\/strong>5<\/h2>\n\n\n\n<figure id=\"6-bts-mco\" class=\"wp-block-table is-style-stripes has-medium-font-size\"><table class=\"has-black-color has-cyan-bluish-gray-background-color has-text-color has-background has-link-color\"><thead><tr><th class=\"has-text-align-center\" data-align=\"center\">Titre <\/th><th class=\"has-text-align-center\" data-align=\"center\">sujets<\/th><th class=\"has-text-align-center\" data-align=\"center\">corrig\u00e9s<\/th><\/tr><\/thead><tbody><tr><td class=\"has-text-align-center\" data-align=\"center\"> U7_ CAS EQUI&rsquo;DAM<\/td><td class=\"has-text-align-center\" data-align=\"center\"><a href=\"https:\/\/ecogestion-medias.discipline.ac-lille.fr\/BTS\/MCO\/25MCOGO7-1_SUJET_v1.pdf\" target=\"_blank\" rel=\"noreferrer noopener\"><img decoding=\"async\" class=\"wp-image-2437\" style=\"width: 80px\" src=\"https:\/\/pedagogie.ac-lille.fr\/ecogestion\/wp-content\/uploads\/sites\/53\/2024\/05\/pdf-2127829_1280.png\" alt=\"\"><\/a><\/td><td class=\"has-text-align-center\" data-align=\"center\"><a href=\"https:\/\/pedagogie.ac-lille.fr\/ecogestion\/corriges-epreuves-bts#6-bts-mco\" target=\"_blank\" rel=\"noreferrer noopener\"><img decoding=\"async\" class=\"wp-image-2437\" style=\"width: 80px\" src=\"https:\/\/pedagogie.ac-lille.fr\/ecogestion\/wp-content\/uploads\/sites\/53\/2024\/05\/pdf-2127829_1280.png\" alt=\"\"><\/a><\/td><\/tr><tr><td class=\"has-text-align-center\" data-align=\"center\">U8_CAS LECLERC_AVERMES<\/td><td class=\"has-text-align-center\" data-align=\"center\"><a href=\"https:\/\/ecogestion-medias.discipline.ac-lille.fr\/BTS\/MCO\/25MCOMEC-1_SUJET_v1.pdf\" target=\"_blank\" rel=\"noreferrer noopener\"><img loading=\"lazy\" decoding=\"async\" width=\"80\" height=\"80\" class=\"wp-image-2437\" style=\"width: 80px\" src=\"https:\/\/pedagogie.ac-lille.fr\/ecogestion\/wp-content\/uploads\/sites\/53\/2024\/05\/pdf-2127829_1280-e1715169306267.png\" alt=\"\"><\/a><\/td><td class=\"has-text-align-center\" data-align=\"center\"><a href=\"https:\/\/pedagogie.ac-lille.fr\/ecogestion\/corriges-epreuves-bts#6-bts-mco\" target=\"_blank\" rel=\"noreferrer noopener\"><img loading=\"lazy\" decoding=\"async\" width=\"80\" height=\"80\" class=\"wp-image-2437\" style=\"width: 80px\" src=\"https:\/\/pedagogie.ac-lille.fr\/ecogestion\/wp-content\/uploads\/sites\/53\/2024\/05\/pdf-2127829_1280-e1715169306267.png\" alt=\"\"><\/a><\/td><\/tr><tr><td class=\"has-text-align-center\" data-align=\"center\">CEJM<\/td><td class=\"has-text-align-center\" data-align=\"center\"><a href=\"https:\/\/ecogestion-medias.discipline.ac-lille.fr\/BTS\/CEJM\/25CEJM_sujet_v1.pdf\" target=\"_blank\" rel=\"noreferrer noopener\"><img loading=\"lazy\" decoding=\"async\" width=\"80\" height=\"80\" class=\"wp-image-2437\" style=\"width: 80px\" src=\"https:\/\/pedagogie.ac-lille.fr\/ecogestion\/wp-content\/uploads\/sites\/53\/2024\/05\/pdf-2127829_1280-e1715169306267.png\" alt=\"\"><\/a><\/td><td class=\"has-text-align-center\" data-align=\"center\"><\/td><\/tr><\/tbody><\/table><\/figure>\n\n\n\n<h2 class=\"wp-block-heading has-text-align-center has-black-color has-text-color has-link-color wp-elements-43b4324412bf6f20431000023a3b664d\"><strong>Session 2021<\/strong><\/h2>\n\n\n\n<figure id=\"cor_E6_2021\" class=\"wp-block-table is-style-stripes has-medium-font-size\"><table class=\"has-black-color has-cyan-bluish-gray-background-color has-text-color has-background has-link-color\"><thead><tr><th class=\"has-text-align-center\" data-align=\"center\">Titre <\/th><th class=\"has-text-align-center\" data-align=\"center\">sujets<\/th><th class=\"has-text-align-center\" data-align=\"center\">corrig\u00e9s<\/th><\/tr><\/thead><tbody><tr><td class=\"has-text-align-center\" data-align=\"center\">CAS GAMM VERT<\/td><td class=\"has-text-align-center\" data-align=\"center\"><a href=\"https:\/\/pedagogie.ac-lille.fr\/ecogestion\/wp-content\/uploads\/sites\/53\/2024\/04\/BTS_MCO_U5-GO_2021_NC_SUJET_GammVert.pdf\"><img decoding=\"async\" class=\"wp-image-2437\" style=\"width: 80px\" src=\"https:\/\/pedagogie.ac-lille.fr\/ecogestion\/wp-content\/uploads\/sites\/53\/2024\/05\/pdf-2127829_1280.png\" alt=\"\"><\/a><\/td><td class=\"has-text-align-center\" data-align=\"center\"><a href=\"https:\/\/pedagogie.ac-lille.fr\/ecogestion\/corriges-epreuves-bts#CAS\u00b0GAMME\"><img decoding=\"async\" class=\"wp-image-2437\" style=\"width: 80px\" src=\"https:\/\/pedagogie.ac-lille.fr\/ecogestion\/wp-content\/uploads\/sites\/53\/2024\/05\/pdf-2127829_1280.png\" alt=\"\"><\/a><\/td><\/tr><tr><td class=\"has-text-align-center\" data-align=\"center\">CAS CARREFOUR<\/td><td class=\"has-text-align-center\" data-align=\"center\"><a href=\"https:\/\/pedagogie.ac-lille.fr\/ecogestion\/wp-content\/uploads\/sites\/53\/2024\/04\/BTS_MCO_E6-MEC_Contexte_national_d_entreprise_Carrefour_2021.pdf\"><img loading=\"lazy\" decoding=\"async\" width=\"80\" height=\"80\" class=\"wp-image-2437\" style=\"width: 80px\" src=\"https:\/\/pedagogie.ac-lille.fr\/ecogestion\/wp-content\/uploads\/sites\/53\/2024\/05\/pdf-2127829_1280-e1715169306267.png\" alt=\"\"><\/a><\/td><td class=\"has-text-align-center\" data-align=\"center\"><img loading=\"lazy\" decoding=\"async\" width=\"80\" height=\"80\" class=\"wp-image-2437\" style=\"width: 80px\" src=\"https:\/\/pedagogie.ac-lille.fr\/ecogestion\/wp-content\/uploads\/sites\/53\/2024\/05\/pdf-2127829_1280-e1715169306267.png\" alt=\"\"><\/td><\/tr><\/tbody><\/table><\/figure>\n\n\n\n<h2 class=\"wp-block-heading has-text-align-center has-black-color has-text-color has-link-color wp-elements-73a91744c4a11f91ba47fad7935ccb6b\"><strong>Session 2022<\/strong><\/h2>\n\n\n\n<p class=\"has-medium-font-size\" style=\"font-style:italic;font-weight:100\">Les sujets sont en acc\u00e8s libre mais l&rsquo;acc\u00e8s aux corrig\u00e9s est r\u00e9serv\u00e9 aux professeurs poss\u00e9dant une adresse acad\u00e9mique et apr\u00e8s approbation du compte par les webmestres du site acad\u00e9mique.<\/p>\n\n\n\n<p>Remarque importante ! Si vous rencontrez un message de type \u00ab\u00a0votre connexion n&rsquo;est pas priv\u00e9e&#8230;\u00a0\u00bb poursuivez n\u00e9anmoins le t\u00e9l\u00e9chargement<\/p>\n\n\n\n<figure class=\"wp-block-table is-style-stripes has-medium-font-size\"><table class=\"has-black-color has-cyan-bluish-gray-background-color has-text-color has-background has-link-color\"><thead><tr><th class=\"has-text-align-center\" data-align=\"center\">Titre <\/th><th class=\"has-text-align-center\" data-align=\"center\">sujets<\/th><th class=\"has-text-align-center\" data-align=\"center\">corrig\u00e9s<\/th><\/tr><\/thead><tbody><tr><td class=\"has-text-align-center\" data-align=\"center\">CAS &#8211; LE CAS LIBRAIRIE BANSE<\/td><td class=\"has-text-align-center\" data-align=\"center\"><a href=\"https:\/\/pedagogie.ac-lille.fr\/ecogestion\/wp-content\/uploads\/sites\/53\/2024\/09\/BTS_MCO_GO_2022_SUJET_Librairie_Banse.pdf\"><img decoding=\"async\" class=\"wp-image-2437\" style=\"width: 80px\" src=\"https:\/\/pedagogie.ac-lille.fr\/ecogestion\/wp-content\/uploads\/sites\/53\/2024\/05\/pdf-2127829_1280.png\" alt=\"\"><\/a><\/td><td class=\"has-text-align-center\" data-align=\"center\"><a href=\"https:\/\/pedagogie.ac-lille.fr\/ecogestion\/corriges-epreuves-bts#CAS_LIBRAIRIE\"><img decoding=\"async\" class=\"wp-image-2437\" style=\"width: 80px\" src=\"https:\/\/pedagogie.ac-lille.fr\/ecogestion\/wp-content\/uploads\/sites\/53\/2024\/05\/pdf-2127829_1280.png\" alt=\"\"><\/a><\/td><\/tr><tr><td class=\"has-text-align-center\" data-align=\"center\">CAS  G\u00c9MO<\/td><td class=\"has-text-align-center\" data-align=\"center\"><a href=\"https:\/\/pedagogie.ac-lille.fr\/ecogestion\/wp-content\/uploads\/sites\/53\/2024\/04\/BTS_MCO-E6-Sujet_GEMO_Problematise.pdf\"><img loading=\"lazy\" decoding=\"async\" width=\"80\" height=\"80\" class=\"wp-image-2437\" style=\"width: 80px\" src=\"https:\/\/pedagogie.ac-lille.fr\/ecogestion\/wp-content\/uploads\/sites\/53\/2024\/05\/pdf-2127829_1280-e1715169306267.png\" alt=\"\"><\/a><\/td><td class=\"has-text-align-center\" data-align=\"center\"><img loading=\"lazy\" decoding=\"async\" width=\"80\" height=\"80\" class=\"wp-image-2437\" style=\"width: 80px\" src=\"https:\/\/pedagogie.ac-lille.fr\/ecogestion\/wp-content\/uploads\/sites\/53\/2024\/05\/pdf-2127829_1280-e1715169306267.png\" alt=\"\"><\/td><\/tr><\/tbody><\/table><\/figure>\n\n\n\n<h2 class=\"wp-block-heading has-text-align-center has-black-color has-text-color has-link-color wp-elements-c0ee10bec899e95d9019590c1761c61f\"><strong>Session 2023<\/strong><\/h2>\n\n\n\n<p class=\"has-medium-font-size\" style=\"font-style:italic;font-weight:100\">Les sujets sont en acc\u00e8s libre mais l&rsquo;acc\u00e8s aux corrig\u00e9s est r\u00e9serv\u00e9 aux professeurs poss\u00e9dant une adresse acad\u00e9mique et apr\u00e8s approbation du compte par les webmestres du site acad\u00e9mique.<\/p>\n\n\n\n<p>Remarque importante ! Si vous rencontrez un message de type \u00ab\u00a0votre connexion n&rsquo;est pas priv\u00e9e&#8230;\u00a0\u00bb poursuivez n\u00e9anmoins le t\u00e9l\u00e9chargement<\/p>\n\n\n\n<figure class=\"wp-block-table is-style-stripes has-medium-font-size\"><table class=\"has-black-color has-cyan-bluish-gray-background-color has-text-color has-background has-link-color\"><thead><tr><th class=\"has-text-align-center\" data-align=\"center\">Titre <\/th><th class=\"has-text-align-center\" data-align=\"center\">sujets<\/th><th class=\"has-text-align-center\" data-align=\"center\">corrig\u00e9s<\/th><\/tr><\/thead><tbody><tr><td class=\"has-text-align-center\" data-align=\"center\">CAS MOUGEL BIO<\/td><td class=\"has-text-align-center\" data-align=\"center\"><a href=\"https:\/\/pedagogie.ac-lille.fr\/ecogestion\/wp-content\/uploads\/sites\/53\/2024\/04\/BTS_MCO_U5-GO_2023_SUJET_Mougel_Bio_version_pdf.pdf\"><img decoding=\"async\" class=\"wp-image-2437\" style=\"width: 80px\" src=\"https:\/\/pedagogie.ac-lille.fr\/ecogestion\/wp-content\/uploads\/sites\/53\/2024\/05\/pdf-2127829_1280.png\" alt=\"\"><\/a><\/td><td class=\"has-text-align-center\" data-align=\"center\"><a href=\"https:\/\/pedagogie.ac-lille.fr\/ecogestion\/corriges-epreuves-bts#CAS_MOUGEL\"><img decoding=\"async\" class=\"wp-image-2437\" style=\"width: 80px\" src=\"https:\/\/pedagogie.ac-lille.fr\/ecogestion\/wp-content\/uploads\/sites\/53\/2024\/05\/pdf-2127829_1280.png\" alt=\"\"><\/a><\/td><\/tr><tr><td class=\"has-text-align-center\" data-align=\"center\">CAS FNAC<\/td><td class=\"has-text-align-center\" data-align=\"center\"><a href=\"https:\/\/pedagogie.ac-lille.fr\/ecogestion\/wp-content\/uploads\/sites\/53\/2024\/04\/BTS_MCO_E6-2023_Sujet_FNAC_DARTY_Problematise_version_pdf.pdf\"><img loading=\"lazy\" decoding=\"async\" width=\"80\" height=\"80\" class=\"wp-image-2437\" style=\"width: 80px\" src=\"https:\/\/pedagogie.ac-lille.fr\/ecogestion\/wp-content\/uploads\/sites\/53\/2024\/05\/pdf-2127829_1280-e1715169306267.png\" alt=\"\"><\/a><\/td><td class=\"has-text-align-center\" data-align=\"center\"><img loading=\"lazy\" decoding=\"async\" width=\"80\" height=\"80\" class=\"wp-image-2437\" style=\"width: 80px\" src=\"https:\/\/pedagogie.ac-lille.fr\/ecogestion\/wp-content\/uploads\/sites\/53\/2024\/05\/pdf-2127829_1280-e1715169306267.png\" alt=\"\"><\/td><\/tr><\/tbody><\/table><\/figure>\n\n\n\n<p><\/p>\n","protected":false},"excerpt":{"rendered":"<p>Les sujets sont en acc\u00e8s libre mais l&rsquo;acc\u00e8s aux corrig\u00e9s est r\u00e9serv\u00e9 aux professeurs poss\u00e9dant une adresse acad\u00e9mique et apr\u00e8s approbation du compte par les webmestres du site acad\u00e9mique. Remarque importante ! Si vous rencontrez un message de type \u00ab\u00a0votre connexion n&rsquo;est pas priv\u00e9e&#8230;\u00a0\u00bb poursuivez n\u00e9anmoins le t\u00e9l\u00e9chargement Session 2025 Titre sujets corrig\u00e9s U7_ CAS [&hellip;]<\/p>\n","protected":false},"author":134,"featured_media":0,"parent":0,"menu_order":0,"comment_status":"closed","ping_status":"closed","template":"","meta":{"_acf_changed":false,"ngg_post_thumbnail":0,"footnotes":""},"class_list":["post-1155","page","type-page","status-publish","czr-hentry"],"featured_image_src":null,"acf":[],"publishpress_future_action":{"enabled":false,"date":"2026-04-14 09:18:05","action":"change-status","newStatus":"draft","terms":[],"taxonomy":"","extraData":[]},"publishpress_future_workflow_manual_trigger":{"enabledWorkflows":[]},"_links":{"self":[{"href":"https:\/\/pedagogie.ac-lille.fr\/ecogestion\/wp-json\/wp\/v2\/pages\/1155","targetHints":{"allow":["GET"]}}],"collection":[{"href":"https:\/\/pedagogie.ac-lille.fr\/ecogestion\/wp-json\/wp\/v2\/pages"}],"about":[{"href":"https:\/\/pedagogie.ac-lille.fr\/ecogestion\/wp-json\/wp\/v2\/types\/page"}],"author":[{"embeddable":true,"href":"https:\/\/pedagogie.ac-lille.fr\/ecogestion\/wp-json\/wp\/v2\/users\/134"}],"replies":[{"embeddable":true,"href":"https:\/\/pedagogie.ac-lille.fr\/ecogestion\/wp-json\/wp\/v2\/comments?post=1155"}],"version-history":[{"count":34,"href":"https:\/\/pedagogie.ac-lille.fr\/ecogestion\/wp-json\/wp\/v2\/pages\/1155\/revisions"}],"predecessor-version":[{"id":3794,"href":"https:\/\/pedagogie.ac-lille.fr\/ecogestion\/wp-json\/wp\/v2\/pages\/1155\/revisions\/3794"}],"wp:attachment":[{"href":"https:\/\/pedagogie.ac-lille.fr\/ecogestion\/wp-json\/wp\/v2\/media?parent=1155"}],"curies":[{"name":"wp","href":"https:\/\/api.w.org\/{rel}","templated":true}]}}