{"id":1505,"date":"2023-10-02T12:17:08","date_gmt":"2023-10-02T10:17:08","guid":{"rendered":"https:\/\/pedagogie.ac-lille.fr\/ecogestion\/?page_id=1505"},"modified":"2023-10-02T12:18:15","modified_gmt":"2023-10-02T10:18:15","slug":"decouvrir-apprendre-reviser-grace-a-une-application-interactive","status":"publish","type":"page","link":"https:\/\/pedagogie.ac-lille.fr\/ecogestion\/ressources-pedagogiques\/decouvrir-apprendre-reviser-grace-a-une-application-interactive\/","title":{"rendered":"D\u00e9couvrir\/Apprendre\/R\u00e9viser gr\u00e2ce \u00e0 une application interactive"},"content":{"rendered":"\n<p>Cliquez sur l&rsquo;image pour acc\u00e9der au jeu : <\/p>\n\n\n<div class=\"wp-block-image\">\n<figure class=\"aligncenter size-large is-resized\"><a href=\"https:\/\/view.genial.ly\/5d4e99745cc73c0f4a9f9b02\"><img loading=\"lazy\" decoding=\"async\" src=\"https:\/\/pedagogie.ac-lille.fr\/ecogestion\/wp-content\/uploads\/sites\/53\/2023\/06\/Capture-decran-2023-07-19-150700-1024x591.jpg\" alt=\"\" class=\"wp-image-738\" style=\"width:768px;height:443px\" width=\"768\" height=\"443\" srcset=\"https:\/\/pedagogie.ac-lille.fr\/ecogestion\/wp-content\/uploads\/sites\/53\/2023\/06\/Capture-decran-2023-07-19-150700-1024x591.jpg 1024w, https:\/\/pedagogie.ac-lille.fr\/ecogestion\/wp-content\/uploads\/sites\/53\/2023\/06\/Capture-decran-2023-07-19-150700-300x173.jpg 300w, https:\/\/pedagogie.ac-lille.fr\/ecogestion\/wp-content\/uploads\/sites\/53\/2023\/06\/Capture-decran-2023-07-19-150700-768x444.jpg 768w, https:\/\/pedagogie.ac-lille.fr\/ecogestion\/wp-content\/uploads\/sites\/53\/2023\/06\/Capture-decran-2023-07-19-150700.jpg 1103w\" sizes=\"auto, (max-width: 768px) 100vw, 768px\" \/><\/a><\/figure>\n<\/div>\n\n\n<p><\/p>\n\n\n\n<h2 class=\"wp-block-heading has-text-align-center\"><strong>Objectifs p\u00e9dagogiques\u00a0<\/strong><\/h2>\n\n\n\n<p class=\"has-medium-font-size\" style=\"font-style:italic;font-weight:500\">D\u00e9couverte de notions de SDGN en \u00e9quipe au travers d&rsquo;un jeu de piste.<\/p>\n\n\n\n<p class=\"has-medium-font-size\" style=\"font-style:italic;font-weight:500\">Ce chapitre est le premier du programme de SDGN dans la progression d\u00e9cid\u00e9e par l\u2019enseignant.<\/p>\n\n\n\n<p class=\"has-medium-font-size\" style=\"font-style:italic;font-weight:500\">Cette pr\u00e9sentation se veut \u00e0 la fois une entr\u00e9e en mati\u00e8re originale dans une nouvelle discipline, les sciences de gestion, mais \u00e9galement un moment de collaboration et une activit\u00e9 permettant aux \u00e9l\u00e8ves de mieux se connaitre en d\u00e9but d\u2019ann\u00e9e.<\/p>\n\n\n\n<p class=\"has-medium-font-size\" style=\"font-style:italic;font-weight:500\">Ce chapitre a pour objectif de faire d\u00e9couvrir aux \u00e9l\u00e8ves les 3 types d\u2019organisation au travers de 3 exemples&nbsp;: 1 entreprise, 1 association et 1 organisation publique. Chaque \u00e9quipe d\u00e9couvre au fur et \u00e0 mesure du jeu les diff\u00e9rentes caract\u00e9ristiques de l\u2019organisation et dispose de ressources interactives, disponibles au fur et \u00e0 mesure de l\u2019avancement dans le jeu de piste, afin de caract\u00e9riser l\u2019organisation. Des questions sont pos\u00e9es au travers d\u2019un quiz afin d\u2019ancrer les notions. Au-del\u00e0 de la connaissance, cette s\u00e9quence permet au groupe de mieux ses connaitre en collaborant autour d\u2019une s\u00e9ance ludique et de s\u2019entrainer \u00e0 l\u2019oral.<\/p>\n","protected":false},"excerpt":{"rendered":"<p>Cliquez sur l&rsquo;image pour acc\u00e9der au jeu : Objectifs p\u00e9dagogiques\u00a0 D\u00e9couverte de notions de SDGN en \u00e9quipe au travers d&rsquo;un jeu de piste. Ce chapitre est le premier du programme de SDGN dans la progression d\u00e9cid\u00e9e par l\u2019enseignant. Cette pr\u00e9sentation se veut \u00e0 la fois une entr\u00e9e en mati\u00e8re originale dans une nouvelle discipline, les [&hellip;]<\/p>\n","protected":false},"author":120,"featured_media":738,"parent":800,"menu_order":2,"comment_status":"closed","ping_status":"closed","template":"","meta":{"_acf_changed":false,"ngg_post_thumbnail":0,"footnotes":""},"class_list":["post-1505","page","type-page","status-publish","has-post-thumbnail","czr-hentry"],"featured_image_src":"https:\/\/pedagogie.ac-lille.fr\/ecogestion\/wp-content\/uploads\/sites\/53\/2023\/06\/Capture-decran-2023-07-19-150700.jpg","acf":[],"publishpress_future_action":{"enabled":false,"date":"2026-04-14 18:14:57","action":"change-status","newStatus":"draft","terms":[],"taxonomy":"","extraData":[]},"publishpress_future_workflow_manual_trigger":{"enabledWorkflows":[]},"_links":{"self":[{"href":"https:\/\/pedagogie.ac-lille.fr\/ecogestion\/wp-json\/wp\/v2\/pages\/1505","targetHints":{"allow":["GET"]}}],"collection":[{"href":"https:\/\/pedagogie.ac-lille.fr\/ecogestion\/wp-json\/wp\/v2\/pages"}],"about":[{"href":"https:\/\/pedagogie.ac-lille.fr\/ecogestion\/wp-json\/wp\/v2\/types\/page"}],"author":[{"embeddable":true,"href":"https:\/\/pedagogie.ac-lille.fr\/ecogestion\/wp-json\/wp\/v2\/users\/120"}],"replies":[{"embeddable":true,"href":"https:\/\/pedagogie.ac-lille.fr\/ecogestion\/wp-json\/wp\/v2\/comments?post=1505"}],"version-history":[{"count":1,"href":"https:\/\/pedagogie.ac-lille.fr\/ecogestion\/wp-json\/wp\/v2\/pages\/1505\/revisions"}],"predecessor-version":[{"id":1506,"href":"https:\/\/pedagogie.ac-lille.fr\/ecogestion\/wp-json\/wp\/v2\/pages\/1505\/revisions\/1506"}],"up":[{"embeddable":true,"href":"https:\/\/pedagogie.ac-lille.fr\/ecogestion\/wp-json\/wp\/v2\/pages\/800"}],"wp:featuredmedia":[{"embeddable":true,"href":"https:\/\/pedagogie.ac-lille.fr\/ecogestion\/wp-json\/wp\/v2\/media\/738"}],"wp:attachment":[{"href":"https:\/\/pedagogie.ac-lille.fr\/ecogestion\/wp-json\/wp\/v2\/media?parent=1505"}],"curies":[{"name":"wp","href":"https:\/\/api.w.org\/{rel}","templated":true}]}}