{"id":1509,"date":"2023-10-02T12:41:51","date_gmt":"2023-10-02T10:41:51","guid":{"rendered":"https:\/\/pedagogie.ac-lille.fr\/ecogestion\/?page_id=1509"},"modified":"2024-08-27T14:23:11","modified_gmt":"2024-08-27T12:23:11","slug":"animation-pedagogique-du-tournoi-de-gestion-de-la-region-academique-hauts-de-france-apprendre-avec-un-jeu-serieux-de-simulation-de-gestion","status":"publish","type":"page","link":"https:\/\/pedagogie.ac-lille.fr\/ecogestion\/ressources-pedagogiques\/animation-pedagogique-du-tournoi-de-gestion-de-la-region-academique-hauts-de-france-apprendre-avec-un-jeu-serieux-de-simulation-de-gestion\/","title":{"rendered":"Animation p\u00e9dagogique du tournoi de Gestion de la r\u00e9gion Acad\u00e9mique Hauts-de-France : apprendre avec un jeu s\u00e9rieux de simulation de gestion"},"content":{"rendered":"\n<p>Cliquez sur l&rsquo;image pour acc\u00e9der au Padlet<\/p>\n\n\n\n<figure class=\"wp-block-image size-large\"><a href=\"https:\/\/padlet.com\/NathalieBocquet\/tournoi-de-gestion-2022-2023-xqc1337jkc9jpmv2\"><img decoding=\"async\" src=\"https:\/\/pedagogie.ac-lille.fr\/ecogestion\/wp-content\/uploads\/sites\/53\/2023\/06\/Capture-decran-2023-07-19-150750-1024x467.jpg\" alt=\"\" class=\"wp-image-737\" \/><\/a><\/figure>\n\n\n\n<div class=\"wp-block-group has-medium-font-size\" style=\"font-style:italic;font-weight:400\"><div class=\"wp-block-group__inner-container is-layout-constrained wp-block-group-is-layout-constrained\">\n<p>Participation au tournoi de gestion acad\u00e9mique de la r\u00e9gion Acad\u00e9mique Hauts-de-France et production de ressources (mises \u00e0 la disposition de tous les professeurs participant au tournoi)<\/p>\n\n\n\n<p>Le tournoi de gestion a \u00e9t\u00e9 mis en place en d\u00e9cembre par deux inspecteurs acad\u00e9miques d\u2019\u00e9conomie-gestion de Lille et d\u2019Amiens. Il est financ\u00e9 par l\u2019Ordre des Experts Comptables.<\/p>\n\n\n\n<p>Il permet aux professeurs de gestion en classe de Premi\u00e8re STMG d\u2019inscrire gratuitement leurs \u00e9l\u00e8ves dans un tournoi de gestion leur permettant de simuler la gestion d\u2019une entreprise.<\/p>\n\n\n\n<p><strong>Objectifs du jeu<\/strong>&nbsp;:<\/p>\n\n\n\n<ul class=\"wp-block-list\">\n<li>G\u00e9rer son entreprise, dans les dimensions de l\u2019activit\u00e9 d\u2019exploitation, c\u2019est-\u00e0-dire fixer ses objectifs de ventes, de production, g\u00e9rer les approvisionnements, etc.<\/li>\n\n\n\n<li>\u00c9valuer l\u2019impact de ses d\u00e9cisions sur le r\u00e9sultat, la tr\u00e9sorerie<\/li>\n<\/ul>\n\n\n\n<p><strong>Apports p\u00e9dagogiques<\/strong>&nbsp;:<\/p>\n\n\n\n<p>De nombreuses notions du programme de SDGN sont travaill\u00e9es&nbsp;:<\/p>\n\n\n\n<ul class=\"wp-block-list\">\n<li>Valeur per\u00e7ue<\/li>\n\n\n\n<li>Prix, co\u00fbts, marges<\/li>\n\n\n\n<li>Performance commerciale, financi\u00e8re,<\/li>\n\n\n\n<li>Pr\u00e9visions de l\u2019activit\u00e9, prospective en mati\u00e8re d\u2019activit\u00e9, budgets, etc.<\/li>\n<\/ul>\n<\/div><\/div>\n","protected":false},"excerpt":{"rendered":"<p>Cliquez sur l&rsquo;image pour acc\u00e9der au Padlet Participation au tournoi de gestion acad\u00e9mique de la r\u00e9gion Acad\u00e9mique Hauts-de-France et production de ressources (mises \u00e0 la disposition de tous les professeurs participant au tournoi) Le tournoi de gestion a \u00e9t\u00e9 mis en place en d\u00e9cembre par deux inspecteurs acad\u00e9miques d\u2019\u00e9conomie-gestion de Lille et d\u2019Amiens. Il est [&hellip;]<\/p>\n","protected":false},"author":120,"featured_media":0,"parent":800,"menu_order":2,"comment_status":"closed","ping_status":"closed","template":"","meta":{"_acf_changed":false,"ngg_post_thumbnail":0,"footnotes":""},"class_list":["post-1509","page","type-page","status-publish","czr-hentry"],"featured_image_src":null,"acf":[],"publishpress_future_action":{"enabled":false,"date":"2026-04-14 13:07:17","action":"change-status","newStatus":"draft","terms":[],"taxonomy":"","extraData":[]},"publishpress_future_workflow_manual_trigger":{"enabledWorkflows":[]},"_links":{"self":[{"href":"https:\/\/pedagogie.ac-lille.fr\/ecogestion\/wp-json\/wp\/v2\/pages\/1509","targetHints":{"allow":["GET"]}}],"collection":[{"href":"https:\/\/pedagogie.ac-lille.fr\/ecogestion\/wp-json\/wp\/v2\/pages"}],"about":[{"href":"https:\/\/pedagogie.ac-lille.fr\/ecogestion\/wp-json\/wp\/v2\/types\/page"}],"author":[{"embeddable":true,"href":"https:\/\/pedagogie.ac-lille.fr\/ecogestion\/wp-json\/wp\/v2\/users\/120"}],"replies":[{"embeddable":true,"href":"https:\/\/pedagogie.ac-lille.fr\/ecogestion\/wp-json\/wp\/v2\/comments?post=1509"}],"version-history":[{"count":2,"href":"https:\/\/pedagogie.ac-lille.fr\/ecogestion\/wp-json\/wp\/v2\/pages\/1509\/revisions"}],"predecessor-version":[{"id":1511,"href":"https:\/\/pedagogie.ac-lille.fr\/ecogestion\/wp-json\/wp\/v2\/pages\/1509\/revisions\/1511"}],"up":[{"embeddable":true,"href":"https:\/\/pedagogie.ac-lille.fr\/ecogestion\/wp-json\/wp\/v2\/pages\/800"}],"wp:attachment":[{"href":"https:\/\/pedagogie.ac-lille.fr\/ecogestion\/wp-json\/wp\/v2\/media?parent=1509"}],"curies":[{"name":"wp","href":"https:\/\/api.w.org\/{rel}","templated":true}]}}