{"id":1997,"date":"2024-02-29T18:39:14","date_gmt":"2024-02-29T17:39:14","guid":{"rendered":"https:\/\/pedagogie.ac-lille.fr\/ecogestion\/?page_id=1997"},"modified":"2024-09-04T09:59:42","modified_gmt":"2024-09-04T07:59:42","slug":"classe-preparatoire-ect","status":"publish","type":"page","link":"https:\/\/pedagogie.ac-lille.fr\/ecogestion\/classe-preparatoire-ect\/","title":{"rendered":"Classe Pr\u00e9paratoire ECT"},"content":{"rendered":"<div style=\"gap: 20px;padding-top: var(--wp--preset--spacing--20); padding-left: var(--wp--preset--spacing--20); padding-right: var(--wp--preset--spacing--20); padding-bottom: var(--wp--preset--spacing--20); \" class=\"align-button-right ub-buttons orientation-button-column ub-flex-wrap wp-block-ub-button\" id=\"ub-button-cddeadc7-46fd-40ce-b21d-656dfedde957\"><div class=\"ub-button-container\">\n\t\t\t<a href=\"https:\/\/www.gastonberger.fr\/formations\/classes-preparatoires\/classe-prepa-economique-commerciale-option-technologique\/\" target=\"_blank\" rel=\"noopener noreferrer\" class=\"ub-button-block-main   ub-button-flex\" role=\"button\" style=\"--ub-button-background-color: #5a1799; --ub-button-color: #ffffff; --ub-button-border: none; --ub-button-hover-background-color: #313131; --ub-button-hover-color: #ffffff; --ub-button-hover-border: none; padding-top: 10px; padding-right: 10px; padding-bottom: 10px; padding-left: 10px; border-top-left-radius: 100px;; border-top-right-radius: 100px;; border-bottom-left-radius: 100px;; border-bottom-right-radius: 100px;; \">\n\t\t\t\t<div class=\"ub-button-content-holder\" style=\"flex-direction: row\">\n\t\t\t\t\t<span class=\"ub-button-icon-holder\">\n\t\t\t\t<svg xmlns=\"http:\/\/www.w3.org\/2000\/svg\" height=\"30\" width=\"30\" viewbox=\"0 0 640 512\">\n\t\t\t\t\t<path fill=\"currentColor\" d=\"M562.8 267.7c56.5-56.5 56.5-148 0-204.5c-50-50-128.8-56.5-186.3-15.4l-1.6 1.1c-14.4 10.3-17.7 30.3-7.4 44.6s30.3 17.7 44.6 7.4l1.6-1.1c32.1-22.9 76-19.3 103.8 8.6c31.5 31.5 31.5 82.5 0 114L405.3 334.8c-31.5 31.5-82.5 31.5-114 0c-27.9-27.9-31.5-71.8-8.6-103.8l1.1-1.6c10.3-14.4 6.9-34.4-7.4-44.6s-34.4-6.9-44.6 7.4l-1.1 1.6C189.5 251.2 196 330 246 380c56.5 56.5 148 56.5 204.5 0L562.8 267.7zM43.2 244.3c-56.5 56.5-56.5 148 0 204.5c50 50 128.8 56.5 186.3 15.4l1.6-1.1c14.4-10.3 17.7-30.3 7.4-44.6s-30.3-17.7-44.6-7.4l-1.6 1.1c-32.1 22.9-76 19.3-103.8-8.6C57 372 57 321 88.5 289.5L200.7 177.2c31.5-31.5 82.5-31.5 114 0c27.9 27.9 31.5 71.8 8.6 103.9l-1.1 1.6c-10.3 14.4-6.9 34.4 7.4 44.6s34.4 6.9 44.6-7.4l1.1-1.6C416.5 260.8 410 182 360 132c-56.5-56.5-148-56.5-204.5 0L43.2 244.3z\">\n\t\t\t\t<\/path><\/svg>\n\t\t\t<\/span><span class=\"ub-button-block-btn\">Lien vers le site de la Pr\u00e9pa ECT <br>Acad\u00e9mie de Lille<\/span>\n\t\t\t\t<\/div>\n\t\t\t<\/a>\n\t\t<\/div><\/div>\n\n\n<div class=\"wp-block-group has-text-color has-link-color wp-elements-e1cbac728e0e1fa779b979e48b72c461\" style=\"color:#096397\"><div class=\"wp-block-group__inner-container is-layout-constrained wp-block-group-is-layout-constrained\"><div class=\"wp-block-image\">\n<figure class=\"alignright size-full is-resized\"><img loading=\"lazy\" decoding=\"async\" width=\"1024\" height=\"1024\" src=\"https:\/\/pedagogie.ac-lille.fr\/ecogestion\/wp-content\/uploads\/sites\/53\/2024\/04\/classe-prepa-ECT-1.png\" alt=\"\" class=\"wp-image-2095\" style=\"width:148px;height:auto\" srcset=\"https:\/\/pedagogie.ac-lille.fr\/ecogestion\/wp-content\/uploads\/sites\/53\/2024\/04\/classe-prepa-ECT-1.png 1024w, https:\/\/pedagogie.ac-lille.fr\/ecogestion\/wp-content\/uploads\/sites\/53\/2024\/04\/classe-prepa-ECT-1-300x300.png 300w, https:\/\/pedagogie.ac-lille.fr\/ecogestion\/wp-content\/uploads\/sites\/53\/2024\/04\/classe-prepa-ECT-1-150x150.png 150w, https:\/\/pedagogie.ac-lille.fr\/ecogestion\/wp-content\/uploads\/sites\/53\/2024\/04\/classe-prepa-ECT-1-768x768.png 768w, https:\/\/pedagogie.ac-lille.fr\/ecogestion\/wp-content\/uploads\/sites\/53\/2024\/04\/classe-prepa-ECT-1-510x510.png 510w\" sizes=\"auto, (max-width: 1024px) 100vw, 1024px\" \/><\/figure>\n<\/div>\n\n\n<p class=\"has-text-align-center has-large-font-size\" style=\"font-style:italic;font-weight:500\"><strong>Une pr\u00e9pa ECT, pour qui ?<\/strong><\/p>\n\n\n\n<p class=\"has-black-color has-text-color has-link-color has-medium-font-size wp-elements-995618c2099e02f9e0a71c37ab5542ec\" style=\"font-style:italic;font-weight:500\">La classe pr\u00e9paratoire ECT pr\u00e9pare aux concours d&rsquo;entr\u00e9e des Grandes \u00c9coles de commerce et de management.<\/p>\n\n\n\n<p class=\"has-black-color has-text-color has-link-color has-medium-font-size wp-elements-f7879e5277a88c005c2f2de06d27c626\" style=\"font-style:italic;font-weight:500\">Elle s\u2019adresse \u00e0 des \u00e9tudiants titulaires d&rsquo;un <strong>Bac Technologique<\/strong>&nbsp; <strong>motiv\u00e9s<\/strong>, <strong>d\u00e9termin\u00e9s<\/strong> \u00e0 r\u00e9ussir, <strong>curieux<\/strong>, ayant le <strong>go\u00fbt des \u00e9tudes<\/strong> et de l\u2019<strong>entraide<\/strong>.<\/p>\n\n\n\n<p class=\"has-black-color has-text-color has-link-color has-medium-font-size wp-elements-b88e5202cc1e6922bd04dbe32b3fad25\" style=\"font-style:italic;font-weight:500\">Les candidatures se font via <strong>Parcoursup, en s\u00e9lectionnant la formation CPGE ECT.<\/strong><\/p>\n\n\n\n<p class=\"has-black-color has-text-color has-link-color has-medium-font-size wp-elements-e2d82bb45181c058835f463997ac6223\" style=\"font-style:italic;font-weight:500\">Aucun pr\u00e9requis n&rsquo;est n\u00e9cessaire quant \u00e0 la sp\u00e9cialit\u00e9 suivie en Terminale (Gestion &#8211; Finance , Ressources Humaines et Communication, Mercatique, Syst\u00e8mes d&rsquo;Information de Gestion).<\/p>\n\n\n<div class=\"wp-block-ub-divider ub_divider ub-divider-orientation-horizontal\" id=\"ub_divider_a51b1a0b-9d22-40a1-b2ce-bd8244fd5ae4\"><div class=\"ub_divider_wrapper\" style=\"position: relative; margin-bottom: 2px; width: 100%; height: 2px; \" data-divider-alignment=\"center\"><div class=\"ub_divider_line\" style=\"border-top: 2px solid #ccc; margin-top: 2px; \"><\/div><\/div><\/div><\/div><\/div>\n\n\n\n<p><\/p>\n\n\n\n<p class=\"has-text-align-center has-text-color has-link-color has-large-font-size wp-elements-cabc4acf1d2a6f8636c1ad5617de95f2\" style=\"color:#096397\"><strong><em>Une pr\u00e9pa ECT, pour quoi faire ?<\/em><\/strong><\/p>\n\n\n\n<p class=\"has-medium-font-size\" style=\"font-style:italic;font-weight:500\">Les Grandes Ecoles de commerce et de management d\u00e9livrent un <strong>dipl\u00f4me reconnu par l&rsquo;Etat <\/strong>(niveau Master 2 &#8211; Bac +5) ; elles pr\u00e9parent en trois ans, apr\u00e8s le concours d&rsquo;entr\u00e9e, \u00e0 des <strong>carri\u00e8res de haut niveau<\/strong> avec des postes de cadres dans les domaines de la <strong>gestion<\/strong>, de la <strong>comptabilit\u00e9<\/strong>, du <strong>commerce<\/strong>, de la <strong>finance<\/strong>, du <strong>marketing<\/strong>, de la <strong>vente<\/strong>, de la <strong>logistique<\/strong>, de l&rsquo;<strong>humanitaire<\/strong>, de l&rsquo;<strong>action culturelle<\/strong>, etc &#8230;<\/p>\n\n\n\n<p class=\"has-medium-font-size\" style=\"font-style:italic;font-weight:500\">Les <strong>grandes \u00e9coles de commerce<\/strong> d\u00e9bouchent sur des m\u00e9tiers vari\u00e9s, en France ou \u00e0 l\u2019international. Le salaire annuel moyen des dipl\u00f4m\u00e9s en 2021 : 36 209 \u20ac brut (hors-primes).<\/p>\n\n\n\n<p><\/p>\n\n\n<div class=\"wp-block-ub-divider ub_divider ub-divider-orientation-horizontal\" id=\"ub_divider_c7e2e0c9-7aa9-4860-ab7d-54c20cca6cda\"><div class=\"ub_divider_wrapper\" style=\"position: relative; margin-bottom: 2px; width: 100%; height: 2px; \" data-divider-alignment=\"center\"><div class=\"ub_divider_line\" style=\"border-top: 2px solid #ccc; margin-top: 2px; \"><\/div><\/div><\/div>\n\n\n<h2 class=\"wp-block-heading has-text-align-center has-text-color has-link-color has-large-font-size wp-elements-f6ee65d859e78448dc1e2156958f6bda\" style=\"color:#096397;font-style:italic;font-weight:600\">Ecoles de commerce<\/h2>\n\n\n\n<figure style=\"font-style:italic;font-weight:600\" class=\"wp-block-table has-medium-font-size\"><table class=\"has-fixed-layout\"><tbody><tr><td>HEC&nbsp; (Paris)<br>ESSEC (Paris)<br>ESCP Europe (Paris)<br>EDHEC (Lille)<br>EM Lyon<\/td><td>SKEMA (Lille)<br>GEM (Grenoble)<br>AUDENCIA (Nantes)<br>NEOMA (Reims &#8211; Rouen)<br>TBS (Toulouse)<\/td><td>KEDGE (Bordeaux \u2013 Marseille)<br>MBS (Montpellier)<br>ICN (Nancy)<br>Rennes BS<br>Strasbourg EM<\/td><\/tr><\/tbody><\/table><\/figure>\n\n\n<div style=\"gap: 20px;padding-top: var(--wp--preset--spacing--20); padding-left: var(--wp--preset--spacing--20); padding-right: var(--wp--preset--spacing--20); padding-bottom: var(--wp--preset--spacing--20); \" class=\"align-button-right ub-buttons orientation-button-column ub-flex-wrap wp-block-ub-button\" id=\"ub-button-1fc0251d-1378-4f97-92e3-e8ed0d6d08ca\"><div class=\"ub-button-container\">\n\t\t\t<a href=\"https:\/\/www.gastonberger.fr\/formations\/classes-preparatoires\/classe-prepa-economique-commerciale-option-technologique\/\" target=\"_blank\" rel=\"noopener noreferrer\" class=\"ub-button-block-main   ub-button-flex\" role=\"button\" style=\"--ub-button-background-color: #5a1799; --ub-button-color: #ffffff; --ub-button-border: none; --ub-button-hover-background-color: #313131; --ub-button-hover-color: #ffffff; --ub-button-hover-border: none; padding-top: 10px; padding-right: 10px; padding-bottom: 10px; padding-left: 10px; border-top-left-radius: 100px;; border-top-right-radius: 100px;; border-bottom-left-radius: 100px;; border-bottom-right-radius: 100px;; \">\n\t\t\t\t<div class=\"ub-button-content-holder\" style=\"flex-direction: row\">\n\t\t\t\t\t<span class=\"ub-button-icon-holder\">\n\t\t\t\t<svg xmlns=\"http:\/\/www.w3.org\/2000\/svg\" height=\"30\" width=\"30\" viewbox=\"0 0 640 512\">\n\t\t\t\t\t<path fill=\"currentColor\" d=\"M562.8 267.7c56.5-56.5 56.5-148 0-204.5c-50-50-128.8-56.5-186.3-15.4l-1.6 1.1c-14.4 10.3-17.7 30.3-7.4 44.6s30.3 17.7 44.6 7.4l1.6-1.1c32.1-22.9 76-19.3 103.8 8.6c31.5 31.5 31.5 82.5 0 114L405.3 334.8c-31.5 31.5-82.5 31.5-114 0c-27.9-27.9-31.5-71.8-8.6-103.8l1.1-1.6c10.3-14.4 6.9-34.4-7.4-44.6s-34.4-6.9-44.6 7.4l-1.1 1.6C189.5 251.2 196 330 246 380c56.5 56.5 148 56.5 204.5 0L562.8 267.7zM43.2 244.3c-56.5 56.5-56.5 148 0 204.5c50 50 128.8 56.5 186.3 15.4l1.6-1.1c14.4-10.3 17.7-30.3 7.4-44.6s-30.3-17.7-44.6-7.4l-1.6 1.1c-32.1 22.9-76 19.3-103.8-8.6C57 372 57 321 88.5 289.5L200.7 177.2c31.5-31.5 82.5-31.5 114 0c27.9 27.9 31.5 71.8 8.6 103.9l-1.1 1.6c-10.3 14.4-6.9 34.4 7.4 44.6s34.4 6.9 44.6-7.4l1.1-1.6C416.5 260.8 410 182 360 132c-56.5-56.5-148-56.5-204.5 0L43.2 244.3z\">\n\t\t\t\t<\/path><\/svg>\n\t\t\t<\/span><span class=\"ub-button-block-btn\">Lien vers le site de la Pr\u00e9pa ECT <br>Acad\u00e9mie de Lille<\/span>\n\t\t\t\t<\/div>\n\t\t\t<\/a>\n\t\t<\/div><\/div>","protected":false},"excerpt":{"rendered":"<p>Une pr\u00e9pa ECT, pour qui ? La classe pr\u00e9paratoire ECT pr\u00e9pare aux concours d&rsquo;entr\u00e9e des Grandes \u00c9coles de commerce et de management. Elle s\u2019adresse \u00e0 des \u00e9tudiants titulaires d&rsquo;un Bac Technologique&nbsp; motiv\u00e9s, d\u00e9termin\u00e9s \u00e0 r\u00e9ussir, curieux, ayant le go\u00fbt des \u00e9tudes et de l\u2019entraide. Les candidatures se font via Parcoursup, en s\u00e9lectionnant la formation CPGE [&hellip;]<\/p>\n","protected":false},"author":120,"featured_media":0,"parent":0,"menu_order":0,"comment_status":"closed","ping_status":"closed","template":"","meta":{"_acf_changed":false,"ngg_post_thumbnail":0,"footnotes":""},"class_list":["post-1997","page","type-page","status-publish","czr-hentry"],"featured_image_src":null,"acf":[],"publishpress_future_action":{"enabled":false,"date":"2026-04-14 09:17:40","action":"change-status","newStatus":"draft","terms":[],"taxonomy":"","extraData":[]},"publishpress_future_workflow_manual_trigger":{"enabledWorkflows":[]},"_links":{"self":[{"href":"https:\/\/pedagogie.ac-lille.fr\/ecogestion\/wp-json\/wp\/v2\/pages\/1997","targetHints":{"allow":["GET"]}}],"collection":[{"href":"https:\/\/pedagogie.ac-lille.fr\/ecogestion\/wp-json\/wp\/v2\/pages"}],"about":[{"href":"https:\/\/pedagogie.ac-lille.fr\/ecogestion\/wp-json\/wp\/v2\/types\/page"}],"author":[{"embeddable":true,"href":"https:\/\/pedagogie.ac-lille.fr\/ecogestion\/wp-json\/wp\/v2\/users\/120"}],"replies":[{"embeddable":true,"href":"https:\/\/pedagogie.ac-lille.fr\/ecogestion\/wp-json\/wp\/v2\/comments?post=1997"}],"version-history":[{"count":16,"href":"https:\/\/pedagogie.ac-lille.fr\/ecogestion\/wp-json\/wp\/v2\/pages\/1997\/revisions"}],"predecessor-version":[{"id":3099,"href":"https:\/\/pedagogie.ac-lille.fr\/ecogestion\/wp-json\/wp\/v2\/pages\/1997\/revisions\/3099"}],"wp:attachment":[{"href":"https:\/\/pedagogie.ac-lille.fr\/ecogestion\/wp-json\/wp\/v2\/media?parent=1997"}],"curies":[{"name":"wp","href":"https:\/\/api.w.org\/{rel}","templated":true}]}}