{"id":2,"date":"2021-01-04T09:29:20","date_gmt":"2021-01-04T08:29:20","guid":{"rendered":"http:\/\/pedagogie.ac-lille.fr\/ecogestion\/?page_id=2"},"modified":"2024-09-05T11:09:11","modified_gmt":"2024-09-05T09:09:11","slug":"page-d-exemple","status":"publish","type":"page","link":"https:\/\/pedagogie.ac-lille.fr\/ecogestion\/page-d-exemple\/","title":{"rendered":"Pr\u00e9sentation de l&rsquo;Acad\u00e9mie"},"content":{"rendered":"<div class=\"wp-block-ub-divider ub_divider ub-divider-orientation-horizontal\" id=\"ub_divider_a28f40b9-7a68-4ed7-a791-1c3ce21d76a7\"><div class=\"ub_divider_wrapper\" style=\"position: relative; margin-bottom: 2px; width: 100%; height: 2px; \" data-divider-alignment=\"center\"><div class=\"ub_divider_line\" style=\"border-top: 2px solid #ccc; margin-top: 2px; \"><\/div><\/div><\/div>\n\n\n<h1 class=\"wp-block-heading has-text-color\" id=\"parent-fieldname-title\" style=\"color:#096397\">Pr\u00e9sentation de l&rsquo;\u00e9quipe des IA-IPR et de leurs missions<\/h1>\n\n\n\n<div class=\"wp-block-group has-black-color has-text-color has-medium-font-size\" style=\"font-style:italic;font-weight:500\"><div class=\"wp-block-group__inner-container is-layout-constrained wp-block-group-is-layout-constrained\">\n<p>Contacter les IA-IPR d&rsquo;\u00e9conomie et de gestion &#8211; ann\u00e9e scolaire 2024-2025<\/p>\n\n\n\n<figure class=\"wp-block-table is-style-stripes has-medium-font-size\" style=\"font-style:normal;font-weight:600\"><table class=\"has-black-color has-cyan-bluish-gray-background-color has-text-color has-background\"><tbody><tr><td class=\"has-text-align-center\" data-align=\"center\">Myriam MASERAK, IA-IPR :<\/td><td class=\"has-text-align-center\" data-align=\"center\">myriam.maserak@ac-lille.fr<\/td><\/tr><tr><td class=\"has-text-align-center\" data-align=\"center\">Pascale LEJEUNE :<\/td><td class=\"has-text-align-center\" data-align=\"center\">pascale.lejeune@ac-lille.fr<\/td><\/tr><tr><td class=\"has-text-align-center\" data-align=\"center\">Paul HELLWIG, IA IPR :<\/td><td class=\"has-text-align-center\" data-align=\"center\">paul.hellwig@ac-lille.fr<\/td><\/tr><tr><td class=\"has-text-align-center\" data-align=\"center\">Christophe BOURGEOIS, IA IPR :<\/td><td class=\"has-text-align-center\" data-align=\"center\">christophe.bourgeois@ac-lille.fr<\/td><\/tr><tr><td class=\"has-text-align-center\" data-align=\"center\">R\u00e9gine AIDEMOY, charg\u00e9e de mission<\/td><td class=\"has-text-align-center\" data-align=\"center\">regine.aidemoy@ac-lille.fr<\/td><\/tr><tr><td class=\"has-text-align-center\" data-align=\"center\">Pascal LAINE, charg\u00e9 de mission :<\/td><td class=\"has-text-align-center\" data-align=\"center\">pascal-ser.laine@ac-lille.fr<\/td><\/tr><\/tbody><\/table><\/figure>\n<\/div><\/div>\n\n\n<div class=\"wp-block-ub-divider ub_divider ub-divider-orientation-horizontal\" id=\"ub_divider_2e7b2dad-f132-44a3-abbe-ff7a615c0e5d\"><div class=\"ub_divider_wrapper\" style=\"position: relative; margin-bottom: 2px; width: 100%; height: 2px; \" data-divider-alignment=\"center\"><div class=\"ub_divider_line\" style=\"border-top: 2px solid #ccc; margin-top: 2px; \"><\/div><\/div><\/div>\n\n\n<h1 class=\"wp-block-heading alignwide has-text-align-center has-text-color has-link-color has-large-font-size wp-elements-4ab21ac2b365ac525a56cad031bdf56b\" style=\"color:#096397\">Suivi des \u00e9tablissements par bassin <br>(cliquez sur l&rsquo;image pour acc\u00e9der aux informations) :<\/h1>\n\n\n<style>\n       .errordiv { padding:10px; margin:10px; border: 1px solid #555555;color: #000000;background-color: #f8f8f8; width:500px; }#advanced_iframe {visibility:visible;opacity:1;vertical-align:top;}.ai-info-bottom-iframe { position: fixed; z-index: 10000; bottom:0; left: 0; margin: 0px; text-align: center; width: 100%; background-color: #ff9999; padding-left: 5px;padding-bottom: 5px; border-top: 1px solid #aaa } a.ai-bold {font-weight: bold;}#ai-layer-div-advanced_iframe p {height:100%;margin:0;padding:0}<\/style><script type=\"text\/javascript\">var ai_iframe_width_advanced_iframe = 0;var ai_iframe_height_advanced_iframe = 0;function aiReceiveMessageadvanced_iframe(event) {  aiProcessMessage(event,\"advanced_iframe\", \"true\",\"\",\"false\",\"false\");}if (window.addEventListener) {  window.addEventListener(\"message\", aiReceiveMessageadvanced_iframe);} else if (el.attachEvent)  {  el.attachEvent(\"message\", aiReceiveMessageadvanced_iframe);}var aiOnloadScrollTop=\"true\";var aiShowDebug=false;\n\t\tif (typeof aiReadyCallbacks === 'undefined') {\n\t\t\tvar aiReadyCallbacks = [];\n\t\t} else if (!(aiReadyCallbacks instanceof Array)) {\n\t\t\tvar aiReadyCallbacks = [];\n\t\t}    function aiShowIframeId(id_iframe) { jQuery(\"#\"+id_iframe).css(\"visibility\", \"visible\");    }    function aiResizeIframeHeight(height) { aiResizeIframeHeight(height,advanced_iframe); }    function aiResizeIframeHeightId(height,width,id) {aiResizeIframeHeightById(id,height);}<\/script><a href=\"https:\/\/umap.openstreetmap.fr\/fr\/map\/carte-academique-economie-gestion_958018#8\/50.519\/3.461\" target=\"_blank\" rel=\"noopener\">Contenu embarqu\u00e9 non autoris\u00e9<\/a><script type=\"text\/javascript\">var ifrm_advanced_iframe = document.getElementById(\"advanced_iframe\");var hiddenTabsDoneadvanced_iframe = false;\nfunction resizeCallbackadvanced_iframe() {}<\/script><script type=\"text\/javascript\"><\/script><p style=\"display:block !important; visibility:visible !important;margin: -18px 14px 0 0;padding-left: 3px;padding-top:3px;background: white; overflow: hidden; position: relative; line-height:15px;width: fit-content;\"><small style=\"display:block !important;visibility:visible !important\">powered by Advanced iFrame<\/small><\/p>\n\n\n<p>&nbsp;<\/p>\n\n\n\n<h1 class=\"wp-block-heading has-text-align-center has-text-color has-link-color wp-elements-adde788870c1697a9e20adbbcc87c4ca\" style=\"color:#096397\">Pilotage et pr\u00e9sidence des jurys de BTS acad\u00e9miques ou inter-acad\u00e9miques<\/h1>\n\n\n\n<div class=\"wp-block-group has-medium-font-size\"><div class=\"wp-block-group__inner-container is-layout-constrained wp-block-group-is-layout-constrained\">\n<p><strong>Myriam Maserak<\/strong>&nbsp;: MHR, collaborateur juriste notarial, tourisme, NDRC.<\/p>\n\n\n\n<p><strong>Christophe Bourgeois<\/strong>&nbsp;: Comptabilit\u00e9 et Gestion, SAM, Banque, Professions Immobili\u00e8res.<\/p>\n\n\n\n<p><strong>Paul Hellwig<\/strong>&nbsp;: SIO, GTLA, MCO, CCST, MOS.<\/p>\n\n\n\n<p><strong>Pascale Lejeune<\/strong>&nbsp;: Gestion de la PME, Communication, Assurance, Commerce International.<\/p>\n\n\n\n<ul class=\"wp-block-list\">\n<li><strong>Suivi DCG\/DSCG&nbsp;: Christophe Bourgeois<\/strong><\/li>\n\n\n\n<li><strong>Liaison STMG\/ CPGE : Pascale Lejeune<\/strong><\/li>\n<\/ul>\n\n\n\n<p><strong>Suivi des enseignements et des \u00e9preuves<\/strong><\/p>\n<\/div><\/div>\n\n\n\n<figure class=\"wp-block-table is-style-stripes has-medium-font-size\"><table class=\"has-black-color has-cyan-bluish-gray-background-color has-text-color has-background has-link-color\"><tbody><tr><td class=\"has-text-align-center\" data-align=\"center\"><strong>En BTS<\/strong><\/td><td class=\"has-text-align-center\" data-align=\"center\"><strong>Myriam Maserak<\/strong><\/td><td class=\"has-text-align-center\" data-align=\"center\"><strong>Christophe Bourgeois<\/strong><\/td><td class=\"has-text-align-center\" data-align=\"center\"><strong>Paul Hellwig<\/strong><\/td><td class=\"has-text-align-center\" data-align=\"center\"><strong>Pascale Lejeune<\/strong><\/td><\/tr><tr><td class=\"has-text-align-center\" data-align=\"center\">Economie et droit BTS<\/td><td class=\"has-text-align-center\" data-align=\"center\">&nbsp;<\/td><td class=\"has-text-align-center\" data-align=\"center\">&nbsp;<\/td><td class=\"has-text-align-center\" data-align=\"center\"><strong>X<\/strong><\/td><td class=\"has-text-align-center\" data-align=\"center\"><strong>X<\/strong><\/td><\/tr><tr><td class=\"has-text-align-center\" data-align=\"center\">Management BTS<\/td><td class=\"has-text-align-center\" data-align=\"center\">&nbsp;<\/td><td class=\"has-text-align-center\" data-align=\"center\"><strong>X<\/strong><\/td><td class=\"has-text-align-center\" data-align=\"center\">&nbsp;<\/td><td class=\"has-text-align-center\" data-align=\"center\">&nbsp;<\/td><\/tr><tr><td class=\"has-text-align-center\" data-align=\"center\">Economie-gestion BTS di\u00e9t\u00e9tique<\/td><td class=\"has-text-align-center\" data-align=\"center\">&nbsp;<\/td><td class=\"has-text-align-center\" data-align=\"center\">X<\/td><td class=\"has-text-align-center\" data-align=\"center\">&nbsp;<\/td><td class=\"has-text-align-center\" data-align=\"center\">&nbsp;<\/td><\/tr><tr><td class=\"has-text-align-center\" data-align=\"center\"><strong>CEJM BTS&nbsp;<sup>1<\/sup><\/strong><\/td><td class=\"has-text-align-center\" data-align=\"center\">&nbsp;<\/td><td class=\"has-text-align-center\" data-align=\"center\"><strong>X<\/strong><\/td><td class=\"has-text-align-center\" data-align=\"center\">&nbsp;<\/td><td class=\"has-text-align-center\" data-align=\"center\">&nbsp;<\/td><\/tr><tr><td class=\"has-text-align-center\" data-align=\"center\"><\/td><td class=\"has-text-align-center\" data-align=\"center\">&nbsp;<\/td><td class=\"has-text-align-center\" data-align=\"center\"><\/td><td class=\"has-text-align-center\" data-align=\"center\">&nbsp;<\/td><td class=\"has-text-align-center\" data-align=\"center\">&nbsp;<\/td><\/tr><\/tbody><\/table><\/figure>\n\n\n\n<div class=\"wp-block-group has-medium-font-size\"><div class=\"wp-block-group__inner-container is-layout-constrained wp-block-group-is-layout-constrained\">\n<p><\/p>\n\n\n\n<p>1 :&nbsp;<strong>CEJM&nbsp;<\/strong>: Christophe Bourgeois avec R\u00e9gine Aidemoy CMI<\/p>\n\n\n\n<figure class=\"wp-block-table is-style-stripes\"><table class=\"has-cyan-bluish-gray-background-color has-background\"><tbody><tr><td><strong>En STMG<\/strong><\/td><td class=\"has-text-align-center\" data-align=\"center\"><strong>Myriam Maserak<\/strong><\/td><td class=\"has-text-align-center\" data-align=\"center\"><strong>Christophe Bourgeois<\/strong><\/td><td class=\"has-text-align-center\" data-align=\"center\"><strong>Paul Hellwig<\/strong><\/td><td class=\"has-text-align-center\" data-align=\"center\"><strong>Pascale Lejeune<\/strong><\/td><\/tr><tr><td>MSDGN (Terminale)<\/td><td class=\"has-text-align-center\" data-align=\"center\">&nbsp;<\/td><td class=\"has-text-align-center\" data-align=\"center\">&nbsp;<\/td><td class=\"has-text-align-center\" data-align=\"center\">&nbsp;<\/td><td class=\"has-text-align-center\" data-align=\"center\"><strong>X<\/strong><\/td><\/tr><tr><td>Grand Oral<\/td><td class=\"has-text-align-center\" data-align=\"center\">(X)&nbsp;&nbsp;<\/td><td class=\"has-text-align-center\" data-align=\"center\">&nbsp;<\/td><td class=\"has-text-align-center\" data-align=\"center\">&nbsp;<\/td><td class=\"has-text-align-center\" data-align=\"center\"><strong>X<\/strong><\/td><\/tr><tr><td>Economie<\/td><td class=\"has-text-align-center\" data-align=\"center\"><\/td><td class=\"has-text-align-center\" data-align=\"center\">&nbsp;<\/td><td class=\"has-text-align-center\" data-align=\"center\">X<\/td><td class=\"has-text-align-center\" data-align=\"center\">&nbsp;<\/td><\/tr><tr><td>Droit<\/td><td class=\"has-text-align-center\" data-align=\"center\">&nbsp;<\/td><td class=\"has-text-align-center\" data-align=\"center\">&nbsp;<\/td><td class=\"has-text-align-center\" data-align=\"center\"><strong>X<\/strong><\/td><td class=\"has-text-align-center\" data-align=\"center\">&nbsp;<\/td><\/tr><tr><td>Management<\/td><td class=\"has-text-align-center\" data-align=\"center\">&nbsp;<\/td><td class=\"has-text-align-center\" data-align=\"center\">&nbsp;<\/td><td class=\"has-text-align-center\" data-align=\"center\">&nbsp;<\/td><td class=\"has-text-align-center\" data-align=\"center\"><strong>X<\/strong><\/td><\/tr><tr><td>Sciences de gestion et num\u00e9rique (Premi\u00e8re)<\/td><td class=\"has-text-align-center\" data-align=\"center\">&nbsp;<\/td><td class=\"has-text-align-center\" data-align=\"center\">&nbsp;<\/td><td class=\"has-text-align-center\" data-align=\"center\"><strong>X<\/strong><\/td><td class=\"has-text-align-center\" data-align=\"center\">&nbsp;<\/td><\/tr><tr><td>Management et gestion (Seconde)<\/td><td class=\"has-text-align-center\" data-align=\"center\">&nbsp;<\/td><td class=\"has-text-align-center\" data-align=\"center\">&nbsp;<\/td><td class=\"has-text-align-center\" data-align=\"center\"><strong>X<\/strong><\/td><td class=\"has-text-align-center\" data-align=\"center\">&nbsp;<\/td><\/tr><tr><td><strong>Suivi STHR<\/strong><\/td><td class=\"has-text-align-center\" data-align=\"center\"><\/td><td class=\"has-text-align-center\" data-align=\"center\"><\/td><td class=\"has-text-align-center\" data-align=\"center\"><\/td><td class=\"has-text-align-center\" data-align=\"center\"><\/td><\/tr><tr><td>Economie et gestion h\u00f4teli\u00e8re<\/td><td class=\"has-text-align-center\" data-align=\"center\"><strong>X<\/strong><\/td><td class=\"has-text-align-center\" data-align=\"center\">&nbsp;<\/td><td class=\"has-text-align-center\" data-align=\"center\">&nbsp;<\/td><td class=\"has-text-align-center\" data-align=\"center\">&nbsp;<\/td><\/tr><tr><td>GO STHR<\/td><td class=\"has-text-align-center\" data-align=\"center\"><strong>X<\/strong><\/td><td class=\"has-text-align-center\" data-align=\"center\">&nbsp;<\/td><td class=\"has-text-align-center\" data-align=\"center\">&nbsp;<\/td><td class=\"has-text-align-center\" data-align=\"center\">&nbsp;<\/td><\/tr><tr><td>Sciences et technologies des services<\/td><td class=\"has-text-align-center\" data-align=\"center\"><strong>X<\/strong><\/td><td class=\"has-text-align-center\" data-align=\"center\">&nbsp;<\/td><td class=\"has-text-align-center\" data-align=\"center\">&nbsp;<\/td><td class=\"has-text-align-center\" data-align=\"center\">&nbsp;<\/td><\/tr><tr><td>Sciences et technologies culinaires<\/td><td class=\"has-text-align-center\" data-align=\"center\"><strong>X<\/strong><\/td><td class=\"has-text-align-center\" data-align=\"center\">&nbsp;<\/td><td class=\"has-text-align-center\" data-align=\"center\">&nbsp;<\/td><td class=\"has-text-align-center\" data-align=\"center\">&nbsp;<\/td><\/tr><tr><td>ESAE<\/td><td class=\"has-text-align-center\" data-align=\"center\"><strong>X<\/strong><\/td><td class=\"has-text-align-center\" data-align=\"center\">&nbsp;<\/td><td class=\"has-text-align-center\" data-align=\"center\">&nbsp;<\/td><td class=\"has-text-align-center\" data-align=\"center\">&nbsp;<\/td><\/tr><tr><td>DNL<\/td><td class=\"has-text-align-center\" data-align=\"center\"><strong>X<\/strong><\/td><td class=\"has-text-align-center\" data-align=\"center\"><\/td><td class=\"has-text-align-center\" data-align=\"center\"><\/td><td class=\"has-text-align-center\" data-align=\"center\"><\/td><\/tr><\/tbody><\/table><\/figure>\n<\/div><\/div>\n\n\n\n<p class=\"has-medium-font-size\" style=\"font-style:normal;font-weight:800\">Rectorat de l&rsquo;acad\u00e9mie de Lille<\/p>\n\n\n\n<p class=\"has-medium-font-size\" style=\"font-style:normal;font-weight:800\">Inspection P\u00e9dagogique R\u00e9gionale d&rsquo;\u00c9conomie et Gestion<\/p>\n\n\n\n<p class=\"has-medium-font-size\" style=\"font-style:normal;font-weight:800\">144 rue de Bavay BP 709<br>59033 Lille cedex<br><br>59 033 &#8211; Lille Cedex<\/p>\n\n\n\n<p class=\"has-medium-font-size\" style=\"font-style:normal;font-weight:800\">Secr\u00e9tariat des IA-IPR : Madame Nathalie Saigot<\/p>\n\n\n\n<p class=\"has-medium-font-size\" style=\"font-style:normal;font-weight:800\">T\u00e9l\u00e9phone 03.20.15.60.57<br>Fax 03.20.15.60.70<br>Adresse \u00e9lectronique ce.ipr@ac-lille.fr<\/p>\n\n\n\n<div class=\"wp-block-columns is-layout-flex wp-container-core-columns-is-layout-28f84493 wp-block-columns-is-layout-flex\">\n<div class=\"wp-block-column is-layout-flow wp-block-column-is-layout-flow\"><\/div>\n\n\n\n<div class=\"wp-block-column is-layout-flow wp-block-column-is-layout-flow\"><\/div>\n<\/div>\n\n\n\n<div class=\"wp-block-columns is-layout-flex wp-container-core-columns-is-layout-28f84493 wp-block-columns-is-layout-flex\">\n<div class=\"wp-block-column is-layout-flow wp-block-column-is-layout-flow\">\n<div class=\"wp-block-columns is-layout-flex wp-container-core-columns-is-layout-28f84493 wp-block-columns-is-layout-flex\">\n<div class=\"wp-block-column is-layout-flow wp-block-column-is-layout-flow\"><\/div>\n\n\n\n<div class=\"wp-block-column is-layout-flow wp-block-column-is-layout-flow\"><\/div>\n<\/div>\n<\/div>\n<\/div>\n","protected":false},"excerpt":{"rendered":"<p>Pr\u00e9sentation de l&rsquo;\u00e9quipe des IA-IPR et de leurs missions Contacter les IA-IPR d&rsquo;\u00e9conomie et de gestion &#8211; ann\u00e9e scolaire 2024-2025 Myriam MASERAK, IA-IPR : myriam.maserak@ac-lille.fr Pascale LEJEUNE : pascale.lejeune@ac-lille.fr Paul HELLWIG, IA IPR : paul.hellwig@ac-lille.fr Christophe BOURGEOIS, IA IPR : christophe.bourgeois@ac-lille.fr R\u00e9gine AIDEMOY, charg\u00e9e de mission regine.aidemoy@ac-lille.fr Pascal LAINE, charg\u00e9 de mission : pascal-ser.laine@ac-lille.fr Suivi [&hellip;]<\/p>\n","protected":false},"author":28,"featured_media":0,"parent":0,"menu_order":0,"comment_status":"closed","ping_status":"open","template":"","meta":{"_acf_changed":false,"ngg_post_thumbnail":0,"footnotes":""},"class_list":["post-2","page","type-page","status-publish","czr-hentry"],"featured_image_src":null,"acf":[],"publishpress_future_action":{"enabled":false,"date":"2026-04-14 09:16:33","action":"change-status","newStatus":"draft","terms":[],"taxonomy":"","extraData":[]},"publishpress_future_workflow_manual_trigger":{"enabledWorkflows":[]},"_links":{"self":[{"href":"https:\/\/pedagogie.ac-lille.fr\/ecogestion\/wp-json\/wp\/v2\/pages\/2","targetHints":{"allow":["GET"]}}],"collection":[{"href":"https:\/\/pedagogie.ac-lille.fr\/ecogestion\/wp-json\/wp\/v2\/pages"}],"about":[{"href":"https:\/\/pedagogie.ac-lille.fr\/ecogestion\/wp-json\/wp\/v2\/types\/page"}],"author":[{"embeddable":true,"href":"https:\/\/pedagogie.ac-lille.fr\/ecogestion\/wp-json\/wp\/v2\/users\/28"}],"replies":[{"embeddable":true,"href":"https:\/\/pedagogie.ac-lille.fr\/ecogestion\/wp-json\/wp\/v2\/comments?post=2"}],"version-history":[{"count":40,"href":"https:\/\/pedagogie.ac-lille.fr\/ecogestion\/wp-json\/wp\/v2\/pages\/2\/revisions"}],"predecessor-version":[{"id":3109,"href":"https:\/\/pedagogie.ac-lille.fr\/ecogestion\/wp-json\/wp\/v2\/pages\/2\/revisions\/3109"}],"wp:attachment":[{"href":"https:\/\/pedagogie.ac-lille.fr\/ecogestion\/wp-json\/wp\/v2\/media?parent=2"}],"curies":[{"name":"wp","href":"https:\/\/api.w.org\/{rel}","templated":true}]}}